{"id":10027,"date":"2025-10-02T10:01:18","date_gmt":"2025-10-02T08:01:18","guid":{"rendered":"https:\/\/aidssh.al\/?page_id=10027"},"modified":"2026-01-27T13:51:46","modified_gmt":"2026-01-27T12:51:46","slug":"open-data","status":"publish","type":"page","link":"https:\/\/aidssh.al\/en\/autoriteti\/open-data\/","title":{"rendered":"Open Data"},"content":{"rendered":"<div data-elementor-type=\"wp-page\" data-elementor-id=\"10027\" class=\"elementor elementor-10027\" data-elementor-post-type=\"page\">\n\t\t\t\t<div class=\"elementor-element elementor-element-dd8fafb e-con-full e-flex e-con e-parent\" data-id=\"dd8fafb\" data-element_type=\"container\">\n\t\t\t\t<div class=\"elementor-element elementor-element-8facd8a elementor-widget elementor-widget-template\" data-id=\"8facd8a\" data-element_type=\"widget\" data-widget_type=\"template.default\">\n\t\t\t\t<div class=\"elementor-widget-container\">\n\t\t\t\t\t\t\t<div class=\"elementor-template\">\n\t\t\t\t\t<div data-elementor-type=\"container\" data-elementor-id=\"866\" class=\"elementor elementor-866\" data-elementor-post-type=\"elementor_library\">\n\t\t\t\t<div class=\"elementor-element elementor-element-58c6923c e-flex e-con-boxed e-con e-parent\" data-id=\"58c6923c\" data-element_type=\"container\" data-settings=\"{&quot;background_background&quot;:&quot;classic&quot;}\">\n\t\t\t\t\t<div class=\"e-con-inner\">\n\t\t\t\t<div class=\"elementor-element elementor-element-3356bc54 elementor-widget elementor-widget-heading\" data-id=\"3356bc54\" data-element_type=\"widget\" data-widget_type=\"heading.default\">\n\t\t\t\t<div class=\"elementor-widget-container\">\n\t\t\t\t\t<h1 class=\"elementor-heading-title elementor-size-default\">Open Data<\/h1>\t\t\t\t<\/div>\n\t\t\t\t<\/div>\n\t\t\t\t\t<\/div>\n\t\t\t\t<\/div>\n\t\t\t\t<\/div>\n\t\t\t\t<\/div>\n\t\t\t\t\t\t<\/div>\n\t\t\t\t<\/div>\n\t\t\t\t<\/div>\n\t\t<div class=\"elementor-element elementor-element-209f90f e-flex e-con-boxed e-con e-parent\" data-id=\"209f90f\" data-element_type=\"container\">\n\t\t\t\t\t<div class=\"e-con-inner\">\n\t\t\t\t<div class=\"elementor-element elementor-element-2961ed3 elementor-widget elementor-widget-heading\" data-id=\"2961ed3\" data-element_type=\"widget\" data-widget_type=\"heading.default\">\n\t\t\t\t<div class=\"elementor-widget-container\">\n\t\t\t\t\t<h6 class=\"elementor-heading-title elementor-size-default\">LIST OF OPEN DATA OF AIDSSH<\/h6>\t\t\t\t<\/div>\n\t\t\t\t<\/div>\n\t\t\t\t<div class=\"elementor-element elementor-element-026a1c0 elementor-widget__width-inherit elementor-widget elementor-widget-text-editor\" data-id=\"026a1c0\" data-element_type=\"widget\" data-widget_type=\"text-editor.default\">\n\t\t\t\t<div class=\"elementor-widget-container\">\n\t\t\t\t\t\t\t\t\t<ol start=\"1\" data-editing-info=\"{&quot;applyListStyleFromLevel&quot;:true}\" data-path-to-node=\"8\"><li data-ogsc=\"black\"><div role=\"presentation\" data-ogsc=\"\">Subjektet q\u00eb informohen (p\u00ebrfitojn\u00eb informacion)<\/div><\/li><li data-ogsc=\"black\"><div role=\"presentation\" data-ogsc=\"\"><a href=\"https:\/\/aidssh.al\/en\/autoriteti\/vendime\/\">Vendime informuese<\/a><\/div><\/li><li data-ogsc=\"black\"><div role=\"presentation\" data-ogsc=\"\"><a href=\"https:\/\/aidssh.al\/en\/autoriteti\/raport-vjetor\/\">Raportime vjetore<\/a><\/div><\/li><li data-ogsc=\"black\"><div role=\"presentation\" data-ogsc=\"\">Monitorimi<\/div><\/li><li data-ogsc=\"black\"><div role=\"presentation\" data-ogsc=\"\">Materiale Nd\u00ebrgjegj\u00ebsimi<\/div><\/li><li data-ogsc=\"black\"><div role=\"presentation\" data-ogsc=\"\"><a href=\"https:\/\/aidssh.al\/en\/newsletter\/\">Newsletter<\/a><\/div><\/li><li data-ogsc=\"black\"><div role=\"presentation\" data-ogsc=\"\"><a href=\"https:\/\/aidssh.al\/en\/studimi\/botime\/\">Publications<\/a><\/div><\/li><\/ol>\t\t\t\t\t\t\t\t<\/div>\n\t\t\t\t<\/div>\n\t\t\t\t\t<\/div>\n\t\t\t\t<\/div>\n\t\t\t\t<\/div>","protected":false},"excerpt":{"rendered":"<p>LISTA E T\u00cb DH\u00cbNAVE T\u00cb HAPURA T\u00cb AIDSSH Subjektet q\u00eb informohen (p\u00ebrfitojn\u00eb informacion) Vendime informuese Raportime vjetore Monitorimi Materiale Nd\u00ebrgjegj\u00ebsimi Newsletter Botime<\/p>","protected":false},"author":1,"featured_media":6073,"parent":13,"menu_order":0,"comment_status":"closed","ping_status":"closed","template":"","meta":{"_acf_changed":false,"footnotes":""},"class_list":["post-10027","page","type-page","status-publish","has-post-thumbnail","hentry"],"acf":[],"_links":{"self":[{"href":"https:\/\/aidssh.al\/en\/wp-json\/wp\/v2\/pages\/10027","targetHints":{"allow":["GET"]}}],"collection":[{"href":"https:\/\/aidssh.al\/en\/wp-json\/wp\/v2\/pages"}],"about":[{"href":"https:\/\/aidssh.al\/en\/wp-json\/wp\/v2\/types\/page"}],"author":[{"embeddable":true,"href":"https:\/\/aidssh.al\/en\/wp-json\/wp\/v2\/users\/1"}],"replies":[{"embeddable":true,"href":"https:\/\/aidssh.al\/en\/wp-json\/wp\/v2\/comments?post=10027"}],"version-history":[{"count":17,"href":"https:\/\/aidssh.al\/en\/wp-json\/wp\/v2\/pages\/10027\/revisions"}],"predecessor-version":[{"id":11810,"href":"https:\/\/aidssh.al\/en\/wp-json\/wp\/v2\/pages\/10027\/revisions\/11810"}],"up":[{"embeddable":true,"href":"https:\/\/aidssh.al\/en\/wp-json\/wp\/v2\/pages\/13"}],"wp:featuredmedia":[{"embeddable":true,"href":"https:\/\/aidssh.al\/en\/wp-json\/wp\/v2\/media\/6073"}],"wp:attachment":[{"href":"https:\/\/aidssh.al\/en\/wp-json\/wp\/v2\/media?parent=10027"}],"curies":[{"name":"wp","href":"https:\/\/api.w.org\/{rel}","templated":true}]}}