{"id":10440,"date":"2025-10-31T13:23:45","date_gmt":"2025-10-31T12:23:45","guid":{"rendered":"https:\/\/aidssh.al\/?page_id=10440"},"modified":"2025-10-31T13:27:09","modified_gmt":"2025-10-31T12:27:09","slug":"bordi-i-miqve-3","status":"publish","type":"page","link":"https:\/\/aidssh.al\/en\/autoriteti\/bashkepunime\/bordi-i-miqve-3\/","title":{"rendered":"DASHAMIR SHEHI"},"content":{"rendered":"<div data-elementor-type=\"wp-page\" data-elementor-id=\"10440\" class=\"elementor elementor-10440\" data-elementor-post-type=\"page\">\n\t\t\t\t<div class=\"elementor-element elementor-element-1c758a2 e-con-full e-flex e-con e-parent\" data-id=\"1c758a2\" data-element_type=\"container\">\n\t\t\t\t<div class=\"elementor-element elementor-element-a432b8d elementor-widget elementor-widget-template\" data-id=\"a432b8d\" data-element_type=\"widget\" data-widget_type=\"template.default\">\n\t\t\t\t<div class=\"elementor-widget-container\">\n\t\t\t\t\t\t\t<div class=\"elementor-template\">\n\t\t\t\t\t<div data-elementor-type=\"container\" data-elementor-id=\"866\" class=\"elementor elementor-866\" data-elementor-post-type=\"elementor_library\">\n\t\t\t\t<div class=\"elementor-element elementor-element-58c6923c e-flex e-con-boxed e-con e-parent\" data-id=\"58c6923c\" data-element_type=\"container\" data-settings=\"{&quot;background_background&quot;:&quot;classic&quot;}\">\n\t\t\t\t\t<div class=\"e-con-inner\">\n\t\t\t\t<div class=\"elementor-element elementor-element-3356bc54 elementor-widget elementor-widget-heading\" data-id=\"3356bc54\" data-element_type=\"widget\" data-widget_type=\"heading.default\">\n\t\t\t\t<div class=\"elementor-widget-container\">\n\t\t\t\t\t<h1 class=\"elementor-heading-title elementor-size-default\">DASHAMIR SHEHI<\/h1>\t\t\t\t<\/div>\n\t\t\t\t<\/div>\n\t\t\t\t\t<\/div>\n\t\t\t\t<\/div>\n\t\t\t\t<\/div>\n\t\t\t\t<\/div>\n\t\t\t\t\t\t<\/div>\n\t\t\t\t<\/div>\n\t\t\t\t<\/div>\n\t\t<div class=\"elementor-element elementor-element-eef0494 e-flex e-con-boxed e-con e-parent\" data-id=\"eef0494\" data-element_type=\"container\">\n\t\t\t\t\t<div class=\"e-con-inner\">\n\t\t<div class=\"elementor-element elementor-element-fe27cf7 e-con-full e-transform e-flex e-con e-child\" data-id=\"fe27cf7\" data-element_type=\"container\" data-settings=\"{&quot;_transform_translateY_effect_hover&quot;:{&quot;unit&quot;:&quot;px&quot;,&quot;size&quot;:-5,&quot;sizes&quot;:[]},&quot;_transform_translateX_effect_hover&quot;:{&quot;unit&quot;:&quot;px&quot;,&quot;size&quot;:&quot;&quot;,&quot;sizes&quot;:[]},&quot;_transform_translateX_effect_hover_laptop&quot;:{&quot;unit&quot;:&quot;px&quot;,&quot;size&quot;:&quot;&quot;,&quot;sizes&quot;:[]},&quot;_transform_translateX_effect_hover_tablet&quot;:{&quot;unit&quot;:&quot;px&quot;,&quot;size&quot;:&quot;&quot;,&quot;sizes&quot;:[]},&quot;_transform_translateX_effect_hover_mobile&quot;:{&quot;unit&quot;:&quot;px&quot;,&quot;size&quot;:&quot;&quot;,&quot;sizes&quot;:[]},&quot;_transform_translateY_effect_hover_laptop&quot;:{&quot;unit&quot;:&quot;px&quot;,&quot;size&quot;:&quot;&quot;,&quot;sizes&quot;:[]},&quot;_transform_translateY_effect_hover_tablet&quot;:{&quot;unit&quot;:&quot;px&quot;,&quot;size&quot;:&quot;&quot;,&quot;sizes&quot;:[]},&quot;_transform_translateY_effect_hover_mobile&quot;:{&quot;unit&quot;:&quot;px&quot;,&quot;size&quot;:&quot;&quot;,&quot;sizes&quot;:[]}}\">\n\t\t\t\t<div class=\"elementor-element elementor-element-0bfd41e elementor-widget elementor-widget-image\" data-id=\"0bfd41e\" data-element_type=\"widget\" data-widget_type=\"image.default\">\n\t\t\t\t<div class=\"elementor-widget-container\">\n\t\t\t\t\t\t\t\t\t\t\t\t\t\t\t\t<a href=\"https:\/\/aidssh.al\/en\/autoriteti\/bashkepunime\/dashamir-shehu\/?preview_id=10431&#038;preview_nonce=d36524a29c&#038;preview=true\" target=\"_blank\">\n\t\t\t\t\t\t\t<img fetchpriority=\"high\" decoding=\"async\" width=\"730\" height=\"365\" src=\"https:\/\/aidssh.al\/wp-content\/uploads\/2025\/10\/shehi-i.jpg\" class=\"attachment-full size-full wp-image-10324\" alt=\"\" srcset=\"https:\/\/aidssh.al\/wp-content\/uploads\/2025\/10\/shehi-i.jpg 730w, https:\/\/aidssh.al\/wp-content\/uploads\/2025\/10\/shehi-i-300x150.jpg 300w, https:\/\/aidssh.al\/wp-content\/uploads\/2025\/10\/shehi-i-18x9.jpg 18w\" sizes=\"(max-width: 730px) 100vw, 730px\" \/>\t\t\t\t\t\t\t\t<\/a>\n\t\t\t\t\t\t\t\t\t\t\t\t\t\t\t<\/div>\n\t\t\t\t<\/div>\n\t\t<div class=\"elementor-element elementor-element-f5e7800 e-con-full e-flex e-con e-child\" data-id=\"f5e7800\" data-element_type=\"container\" data-settings=\"{&quot;background_background&quot;:&quot;classic&quot;}\">\n\t\t\t\t<div class=\"elementor-element elementor-element-ba38848 elementor-widget elementor-widget-icon-box\" data-id=\"ba38848\" data-element_type=\"widget\" data-widget_type=\"icon-box.default\">\n\t\t\t\t<div class=\"elementor-widget-container\">\n\t\t\t\t\t\t\t<div class=\"elementor-icon-box-wrapper\">\n\n\t\t\t\n\t\t\t\t\t\t<div class=\"elementor-icon-box-content\">\n\n\t\t\t\t\t\t\t\t\t<p class=\"elementor-icon-box-title\">\n\t\t\t\t\t\t<a href=\"#\" >\n\t\t\t\t\t\t\tDASHAMIR SHEHU\t\t\t\t\t\t<\/a>\n\t\t\t\t\t<\/p>\n\t\t\t\t\n\t\t\t\t\n\t\t\t<\/div>\n\t\t\t\n\t\t<\/div>\n\t\t\t\t\t\t<\/div>\n\t\t\t\t<\/div>\n\t\t\t\t<\/div>\n\t\t\t\t<\/div>\n\t\t\t\t<div class=\"elementor-element elementor-element-8200998 elementor-widget elementor-widget-text-editor\" data-id=\"8200998\" data-element_type=\"widget\" data-widget_type=\"text-editor.default\">\n\t\t\t\t<div class=\"elementor-widget-container\">\n\t\t\t\t\t\t\t\t\t<p><b data-olk-copy-source=\"MessageBody\">Dashamir Shehi<\/b>\u00a0(lindur m\u00eb 28 tetor 1957 n\u00eb Tiran\u00eb) \u00ebsht\u00eb ekonomist dhe politikan shqiptar, kryetar i L\u00ebvizjes p\u00ebr Zhvillim Komb\u00ebtar (LZHK). Ka sh\u00ebrbyer si minist\u00ebr i Pun\u00ebs, P\u00ebrkrahjes Sociale dhe ish-t\u00eb P\u00ebrndjekurve Politik\u00eb, si dhe z\u00ebvend\u00ebskryeminist\u00ebr dhe minist\u00ebr i Nd\u00ebrtimit dhe Turizmit. Gjat\u00eb karrier\u00ebs s\u00eb tij politike, Shehi ka mb\u00ebshtetur avancimin e t\u00eb drejtave t\u00eb njeriut n\u00eb Shqip\u00ebri, duke u fokusuar ve\u00e7an\u00ebrisht n\u00eb mbrojtjen e ish-t\u00eb p\u00ebrndjekurve politik\u00eb dhe promovimin e qeverisjes transparente. Ai ka qen\u00eb iniciator i reformave sociale dhe politike q\u00eb synonin mbrojtjen e qytetar\u00ebve nga shkeljet dhe keqtrajtimet gjat\u00eb tranzicionit demokratik.<\/p>\t\t\t\t\t\t\t\t<\/div>\n\t\t\t\t<\/div>\n\t\t\t\t\t<\/div>\n\t\t\t\t<\/div>\n\t\t\t\t<\/div>","protected":false},"excerpt":{"rendered":"<p>DASHAMIR SHEHU Dashamir Shehi\u00a0(lindur m\u00eb 28 tetor 1957 n\u00eb Tiran\u00eb) \u00ebsht\u00eb ekonomist dhe politikan shqiptar, kryetar i L\u00ebvizjes p\u00ebr Zhvillim Komb\u00ebtar (LZHK). Ka sh\u00ebrbyer si minist\u00ebr i Pun\u00ebs, P\u00ebrkrahjes Sociale dhe ish-t\u00eb P\u00ebrndjekurve Politik\u00eb, si dhe z\u00ebvend\u00ebskryeminist\u00ebr dhe minist\u00ebr i Nd\u00ebrtimit dhe Turizmit. Gjat\u00eb karrier\u00ebs s\u00eb tij politike, Shehi ka mb\u00ebshtetur avancimin e t\u00eb drejtave [&hellip;]<\/p>","protected":false},"author":3,"featured_media":533,"parent":669,"menu_order":0,"comment_status":"closed","ping_status":"closed","template":"","meta":{"_acf_changed":false,"footnotes":""},"class_list":["post-10440","page","type-page","status-publish","has-post-thumbnail","hentry"],"acf":[],"_links":{"self":[{"href":"https:\/\/aidssh.al\/en\/wp-json\/wp\/v2\/pages\/10440","targetHints":{"allow":["GET"]}}],"collection":[{"href":"https:\/\/aidssh.al\/en\/wp-json\/wp\/v2\/pages"}],"about":[{"href":"https:\/\/aidssh.al\/en\/wp-json\/wp\/v2\/types\/page"}],"author":[{"embeddable":true,"href":"https:\/\/aidssh.al\/en\/wp-json\/wp\/v2\/users\/3"}],"replies":[{"embeddable":true,"href":"https:\/\/aidssh.al\/en\/wp-json\/wp\/v2\/comments?post=10440"}],"version-history":[{"count":4,"href":"https:\/\/aidssh.al\/en\/wp-json\/wp\/v2\/pages\/10440\/revisions"}],"predecessor-version":[{"id":10447,"href":"https:\/\/aidssh.al\/en\/wp-json\/wp\/v2\/pages\/10440\/revisions\/10447"}],"up":[{"embeddable":true,"href":"https:\/\/aidssh.al\/en\/wp-json\/wp\/v2\/pages\/669"}],"wp:featuredmedia":[{"embeddable":true,"href":"https:\/\/aidssh.al\/en\/wp-json\/wp\/v2\/media\/533"}],"wp:attachment":[{"href":"https:\/\/aidssh.al\/en\/wp-json\/wp\/v2\/media?parent=10440"}],"curies":[{"name":"wp","href":"https:\/\/api.w.org\/{rel}","templated":true}]}}