{"id":10448,"date":"2025-10-31T13:27:29","date_gmt":"2025-10-31T12:27:29","guid":{"rendered":"https:\/\/aidssh.al\/?page_id=10448"},"modified":"2025-10-31T13:30:26","modified_gmt":"2025-10-31T12:30:26","slug":"bordi-i-miqve-4","status":"publish","type":"page","link":"https:\/\/aidssh.al\/en\/autoriteti\/bashkepunime\/bordi-i-miqve-4\/","title":{"rendered":"Roland jahn"},"content":{"rendered":"<div data-elementor-type=\"wp-page\" data-elementor-id=\"10448\" class=\"elementor elementor-10448\" data-elementor-post-type=\"page\">\n\t\t\t\t<div class=\"elementor-element elementor-element-1c758a2 e-con-full e-flex e-con e-parent\" data-id=\"1c758a2\" data-element_type=\"container\">\n\t\t\t\t<div class=\"elementor-element elementor-element-a432b8d elementor-widget elementor-widget-template\" data-id=\"a432b8d\" data-element_type=\"widget\" data-widget_type=\"template.default\">\n\t\t\t\t<div class=\"elementor-widget-container\">\n\t\t\t\t\t\t\t<div class=\"elementor-template\">\n\t\t\t\t\t<div data-elementor-type=\"container\" data-elementor-id=\"866\" class=\"elementor elementor-866\" data-elementor-post-type=\"elementor_library\">\n\t\t\t\t<div class=\"elementor-element elementor-element-58c6923c e-flex e-con-boxed e-con e-parent\" data-id=\"58c6923c\" data-element_type=\"container\" data-settings=\"{&quot;background_background&quot;:&quot;classic&quot;}\">\n\t\t\t\t\t<div class=\"e-con-inner\">\n\t\t\t\t<div class=\"elementor-element elementor-element-3356bc54 elementor-widget elementor-widget-heading\" data-id=\"3356bc54\" data-element_type=\"widget\" data-widget_type=\"heading.default\">\n\t\t\t\t<div class=\"elementor-widget-container\">\n\t\t\t\t\t<h1 class=\"elementor-heading-title elementor-size-default\">Roland jahn<\/h1>\t\t\t\t<\/div>\n\t\t\t\t<\/div>\n\t\t\t\t\t<\/div>\n\t\t\t\t<\/div>\n\t\t\t\t<\/div>\n\t\t\t\t<\/div>\n\t\t\t\t\t\t<\/div>\n\t\t\t\t<\/div>\n\t\t\t\t<\/div>\n\t\t<div class=\"elementor-element elementor-element-eef0494 e-flex e-con-boxed e-con e-parent\" data-id=\"eef0494\" data-element_type=\"container\">\n\t\t\t\t\t<div class=\"e-con-inner\">\n\t\t<div class=\"elementor-element elementor-element-7caa6c4 e-con-full e-transform e-flex e-con e-child\" data-id=\"7caa6c4\" data-element_type=\"container\" data-settings=\"{&quot;_transform_translateY_effect_hover&quot;:{&quot;unit&quot;:&quot;px&quot;,&quot;size&quot;:-5,&quot;sizes&quot;:[]},&quot;_transform_translateX_effect_hover&quot;:{&quot;unit&quot;:&quot;px&quot;,&quot;size&quot;:&quot;&quot;,&quot;sizes&quot;:[]},&quot;_transform_translateX_effect_hover_laptop&quot;:{&quot;unit&quot;:&quot;px&quot;,&quot;size&quot;:&quot;&quot;,&quot;sizes&quot;:[]},&quot;_transform_translateX_effect_hover_tablet&quot;:{&quot;unit&quot;:&quot;px&quot;,&quot;size&quot;:&quot;&quot;,&quot;sizes&quot;:[]},&quot;_transform_translateX_effect_hover_mobile&quot;:{&quot;unit&quot;:&quot;px&quot;,&quot;size&quot;:&quot;&quot;,&quot;sizes&quot;:[]},&quot;_transform_translateY_effect_hover_laptop&quot;:{&quot;unit&quot;:&quot;px&quot;,&quot;size&quot;:&quot;&quot;,&quot;sizes&quot;:[]},&quot;_transform_translateY_effect_hover_tablet&quot;:{&quot;unit&quot;:&quot;px&quot;,&quot;size&quot;:&quot;&quot;,&quot;sizes&quot;:[]},&quot;_transform_translateY_effect_hover_mobile&quot;:{&quot;unit&quot;:&quot;px&quot;,&quot;size&quot;:&quot;&quot;,&quot;sizes&quot;:[]}}\">\n\t\t\t\t<div class=\"elementor-element elementor-element-01f072d elementor-widget elementor-widget-image\" data-id=\"01f072d\" data-element_type=\"widget\" data-widget_type=\"image.default\">\n\t\t\t\t<div class=\"elementor-widget-container\">\n\t\t\t\t\t\t\t\t\t\t\t\t\t\t\t\t<a href=\"https:\/\/aidssh.al\/en\/autoriteti\/bashkepunime\/bordi-i-miqve-2-2\/?preview_id=10368&#038;preview_nonce=566b9db804&#038;preview=true\" target=\"_blank\">\n\t\t\t\t\t\t\t<img fetchpriority=\"high\" decoding=\"async\" width=\"229\" height=\"228\" src=\"https:\/\/aidssh.al\/wp-content\/uploads\/2025\/07\/Mask-Group-7.png\" class=\"attachment-full size-full wp-image-5461\" alt=\"\" srcset=\"https:\/\/aidssh.al\/wp-content\/uploads\/2025\/07\/Mask-Group-7.png 229w, https:\/\/aidssh.al\/wp-content\/uploads\/2025\/07\/Mask-Group-7-150x150.png 150w, https:\/\/aidssh.al\/wp-content\/uploads\/2025\/07\/Mask-Group-7-12x12.png 12w\" sizes=\"(max-width: 229px) 100vw, 229px\" \/>\t\t\t\t\t\t\t\t<\/a>\n\t\t\t\t\t\t\t\t\t\t\t\t\t\t\t<\/div>\n\t\t\t\t<\/div>\n\t\t<div class=\"elementor-element elementor-element-4073b67 e-con-full e-flex e-con e-child\" data-id=\"4073b67\" data-element_type=\"container\" data-settings=\"{&quot;background_background&quot;:&quot;classic&quot;}\">\n\t\t\t\t<div class=\"elementor-element elementor-element-c441c10 elementor-widget elementor-widget-icon-box\" data-id=\"c441c10\" data-element_type=\"widget\" data-widget_type=\"icon-box.default\">\n\t\t\t\t<div class=\"elementor-widget-container\">\n\t\t\t\t\t\t\t<div class=\"elementor-icon-box-wrapper\">\n\n\t\t\t\n\t\t\t\t\t\t<div class=\"elementor-icon-box-content\">\n\n\t\t\t\t\t\t\t\t\t<p class=\"elementor-icon-box-title\">\n\t\t\t\t\t\t<a href=\"#\" >\n\t\t\t\t\t\t\tROLAD JAHN\t\t\t\t\t\t<\/a>\n\t\t\t\t\t<\/p>\n\t\t\t\t\n\t\t\t\t\n\t\t\t<\/div>\n\t\t\t\n\t\t<\/div>\n\t\t\t\t\t\t<\/div>\n\t\t\t\t<\/div>\n\t\t\t\t<\/div>\n\t\t\t\t<\/div>\n\t\t\t\t<div class=\"elementor-element elementor-element-8200998 elementor-widget elementor-widget-text-editor\" data-id=\"8200998\" data-element_type=\"widget\" data-widget_type=\"text-editor.default\">\n\t\t\t\t<div class=\"elementor-widget-container\">\n\t\t\t\t\t\t\t\t\t<ul><li>The Board of Friends consists of no fewer than 5 and no more than 13 members, Albanian or foreign citizens, with recognized contributions in historical and scientific research on issues related to dealing with the past, who support the Authority in fulfilling the functions assigned to it by law.<\/li><li>The Board of Friends is proposed by the members of the Authority, who elect from among the members of the Board the President and Vice President.<\/li><li>The Board advises the Authority in decision-making related to the functioning and organization of the institution, as well as in the involvement in projects that enhance the Authority's capacities.<\/li><li>The Board of Friends promotes the activities of the Authority and supports educational initiatives undertaken by the institution.<\/li><\/ul><p>Mr. Knut Fleckenstein, a German politician and the European Parliament's rapporteur for Albania, has accepted the invitation to join the Board of Friends of the Authority. Mr. Roland Jahn has also accepted the invitation to join the Board of Friends of the Authority.<\/p>\t\t\t\t\t\t\t\t<\/div>\n\t\t\t\t<\/div>\n\t\t\t\t\t<\/div>\n\t\t\t\t<\/div>\n\t\t\t\t<\/div>","protected":false},"excerpt":{"rendered":"<p>ROLAD JAHN Bordi i miqve p\u00ebrb\u00ebhet nga jo m\u00eb pak se 5 an\u00ebtar\u00eb dhe jo m\u00eb shum\u00eb se 13, shtetas shqiptar\u00eb ose t\u00eb huaj, me kontribut t\u00eb njohur \u00a0n\u00eb hulumtimin historik dhe shkencor n\u00eb \u00e7\u00ebshtje t\u00eb p\u00ebrballjes me t\u00eb shkuar\u00ebn, t\u00eb cil\u00ebt mb\u00ebshtesin Autoritetin n\u00eb p\u00ebrmbushjen e funksioneve \u00a0q\u00eb ligji i ngarkon. Bordi i miqve [&hellip;]<\/p>","protected":false},"author":3,"featured_media":533,"parent":669,"menu_order":0,"comment_status":"closed","ping_status":"closed","template":"","meta":{"_acf_changed":false,"footnotes":""},"class_list":["post-10448","page","type-page","status-publish","has-post-thumbnail","hentry"],"acf":[],"_links":{"self":[{"href":"https:\/\/aidssh.al\/en\/wp-json\/wp\/v2\/pages\/10448","targetHints":{"allow":["GET"]}}],"collection":[{"href":"https:\/\/aidssh.al\/en\/wp-json\/wp\/v2\/pages"}],"about":[{"href":"https:\/\/aidssh.al\/en\/wp-json\/wp\/v2\/types\/page"}],"author":[{"embeddable":true,"href":"https:\/\/aidssh.al\/en\/wp-json\/wp\/v2\/users\/3"}],"replies":[{"embeddable":true,"href":"https:\/\/aidssh.al\/en\/wp-json\/wp\/v2\/comments?post=10448"}],"version-history":[{"count":4,"href":"https:\/\/aidssh.al\/en\/wp-json\/wp\/v2\/pages\/10448\/revisions"}],"predecessor-version":[{"id":10455,"href":"https:\/\/aidssh.al\/en\/wp-json\/wp\/v2\/pages\/10448\/revisions\/10455"}],"up":[{"embeddable":true,"href":"https:\/\/aidssh.al\/en\/wp-json\/wp\/v2\/pages\/669"}],"wp:featuredmedia":[{"embeddable":true,"href":"https:\/\/aidssh.al\/en\/wp-json\/wp\/v2\/media\/533"}],"wp:attachment":[{"href":"https:\/\/aidssh.al\/en\/wp-json\/wp\/v2\/media?parent=10448"}],"curies":[{"name":"wp","href":"https:\/\/api.w.org\/{rel}","templated":true}]}}