{"id":10456,"date":"2025-10-31T13:31:14","date_gmt":"2025-10-31T12:31:14","guid":{"rendered":"https:\/\/aidssh.al\/?page_id=10456"},"modified":"2025-10-31T13:34:11","modified_gmt":"2025-10-31T12:34:11","slug":"bordi-i-miqve-5","status":"publish","type":"page","link":"https:\/\/aidssh.al\/en\/autoriteti\/bashkepunime\/bordi-i-miqve-5\/","title":{"rendered":"Vasilika Hysi"},"content":{"rendered":"<div data-elementor-type=\"wp-page\" data-elementor-id=\"10456\" class=\"elementor elementor-10456\" data-elementor-post-type=\"page\">\n\t\t\t\t<div class=\"elementor-element elementor-element-1c758a2 e-con-full e-flex e-con e-parent\" data-id=\"1c758a2\" data-element_type=\"container\">\n\t\t\t\t<div class=\"elementor-element elementor-element-a432b8d elementor-widget elementor-widget-template\" data-id=\"a432b8d\" data-element_type=\"widget\" data-widget_type=\"template.default\">\n\t\t\t\t<div class=\"elementor-widget-container\">\n\t\t\t\t\t\t\t<div class=\"elementor-template\">\n\t\t\t\t\t<div data-elementor-type=\"container\" data-elementor-id=\"866\" class=\"elementor elementor-866\" data-elementor-post-type=\"elementor_library\">\n\t\t\t\t<div class=\"elementor-element elementor-element-58c6923c e-flex e-con-boxed e-con e-parent\" data-id=\"58c6923c\" data-element_type=\"container\" data-settings=\"{&quot;background_background&quot;:&quot;classic&quot;}\">\n\t\t\t\t\t<div class=\"e-con-inner\">\n\t\t\t\t<div class=\"elementor-element elementor-element-3356bc54 elementor-widget elementor-widget-heading\" data-id=\"3356bc54\" data-element_type=\"widget\" data-widget_type=\"heading.default\">\n\t\t\t\t<div class=\"elementor-widget-container\">\n\t\t\t\t\t<h1 class=\"elementor-heading-title elementor-size-default\">Vasilika Hysi<\/h1>\t\t\t\t<\/div>\n\t\t\t\t<\/div>\n\t\t\t\t\t<\/div>\n\t\t\t\t<\/div>\n\t\t\t\t<\/div>\n\t\t\t\t<\/div>\n\t\t\t\t\t\t<\/div>\n\t\t\t\t<\/div>\n\t\t\t\t<\/div>\n\t\t<div class=\"elementor-element elementor-element-eef0494 e-flex e-con-boxed e-con e-parent\" data-id=\"eef0494\" data-element_type=\"container\">\n\t\t\t\t\t<div class=\"e-con-inner\">\n\t\t<div class=\"elementor-element elementor-element-a308557 e-con-full e-transform e-flex e-con e-child\" data-id=\"a308557\" data-element_type=\"container\" data-settings=\"{&quot;_transform_translateY_effect_hover&quot;:{&quot;unit&quot;:&quot;px&quot;,&quot;size&quot;:-5,&quot;sizes&quot;:[]},&quot;_transform_translateX_effect_hover&quot;:{&quot;unit&quot;:&quot;px&quot;,&quot;size&quot;:&quot;&quot;,&quot;sizes&quot;:[]},&quot;_transform_translateX_effect_hover_laptop&quot;:{&quot;unit&quot;:&quot;px&quot;,&quot;size&quot;:&quot;&quot;,&quot;sizes&quot;:[]},&quot;_transform_translateX_effect_hover_tablet&quot;:{&quot;unit&quot;:&quot;px&quot;,&quot;size&quot;:&quot;&quot;,&quot;sizes&quot;:[]},&quot;_transform_translateX_effect_hover_mobile&quot;:{&quot;unit&quot;:&quot;px&quot;,&quot;size&quot;:&quot;&quot;,&quot;sizes&quot;:[]},&quot;_transform_translateY_effect_hover_laptop&quot;:{&quot;unit&quot;:&quot;px&quot;,&quot;size&quot;:&quot;&quot;,&quot;sizes&quot;:[]},&quot;_transform_translateY_effect_hover_tablet&quot;:{&quot;unit&quot;:&quot;px&quot;,&quot;size&quot;:&quot;&quot;,&quot;sizes&quot;:[]},&quot;_transform_translateY_effect_hover_mobile&quot;:{&quot;unit&quot;:&quot;px&quot;,&quot;size&quot;:&quot;&quot;,&quot;sizes&quot;:[]}}\">\n\t\t\t\t<div class=\"elementor-element elementor-element-fa13ed7 elementor-widget elementor-widget-image\" data-id=\"fa13ed7\" data-element_type=\"widget\" data-widget_type=\"image.default\">\n\t\t\t\t<div class=\"elementor-widget-container\">\n\t\t\t\t\t\t\t\t\t\t\t\t\t\t\t\t<a href=\"https:\/\/aidssh.al\/en\/autoriteti\/bashkepunime\/vasilika-hysi\/?preview_id=10381&#038;preview_nonce=978c9c38b6&#038;preview=true\" target=\"_blank\">\n\t\t\t\t\t\t\t<img fetchpriority=\"high\" decoding=\"async\" width=\"1496\" height=\"1496\" src=\"https:\/\/aidssh.al\/wp-content\/uploads\/2025\/10\/Vasilika-Hysi.jpeg\" class=\"attachment-full size-full wp-image-10323\" alt=\"\" srcset=\"https:\/\/aidssh.al\/wp-content\/uploads\/2025\/10\/Vasilika-Hysi.jpeg 1496w, https:\/\/aidssh.al\/wp-content\/uploads\/2025\/10\/Vasilika-Hysi-300x300.jpeg 300w, https:\/\/aidssh.al\/wp-content\/uploads\/2025\/10\/Vasilika-Hysi-1024x1024.jpeg 1024w, https:\/\/aidssh.al\/wp-content\/uploads\/2025\/10\/Vasilika-Hysi-150x150.jpeg 150w, https:\/\/aidssh.al\/wp-content\/uploads\/2025\/10\/Vasilika-Hysi-768x768.jpeg 768w, https:\/\/aidssh.al\/wp-content\/uploads\/2025\/10\/Vasilika-Hysi-12x12.jpeg 12w\" sizes=\"(max-width: 1496px) 100vw, 1496px\" \/>\t\t\t\t\t\t\t\t<\/a>\n\t\t\t\t\t\t\t\t\t\t\t\t\t\t\t<\/div>\n\t\t\t\t<\/div>\n\t\t<div class=\"elementor-element elementor-element-f442155 e-con-full e-flex e-con e-child\" data-id=\"f442155\" data-element_type=\"container\" data-settings=\"{&quot;background_background&quot;:&quot;classic&quot;}\">\n\t\t\t\t<div class=\"elementor-element elementor-element-4174dc9 elementor-widget elementor-widget-icon-box\" data-id=\"4174dc9\" data-element_type=\"widget\" data-widget_type=\"icon-box.default\">\n\t\t\t\t<div class=\"elementor-widget-container\">\n\t\t\t\t\t\t\t<div class=\"elementor-icon-box-wrapper\">\n\n\t\t\t\n\t\t\t\t\t\t<div class=\"elementor-icon-box-content\">\n\n\t\t\t\t\t\t\t\t\t<p class=\"elementor-icon-box-title\">\n\t\t\t\t\t\t<a href=\"#\" >\n\t\t\t\t\t\t\tVASILIKA HYSI\t\t\t\t\t\t<\/a>\n\t\t\t\t\t<\/p>\n\t\t\t\t\n\t\t\t\t\n\t\t\t<\/div>\n\t\t\t\n\t\t<\/div>\n\t\t\t\t\t\t<\/div>\n\t\t\t\t<\/div>\n\t\t\t\t<\/div>\n\t\t\t\t<\/div>\n\t\t\t\t<div class=\"elementor-element elementor-element-8200998 elementor-widget elementor-widget-text-editor\" data-id=\"8200998\" data-element_type=\"widget\" data-widget_type=\"text-editor.default\">\n\t\t\t\t<div class=\"elementor-widget-container\">\n\t\t\t\t\t\t\t\t\t<div class=\"x_elementToProof\"><b data-olk-copy-source=\"MessageBody\">Vasilika Hysi<\/b>\u00a0(lindur m\u00eb 13 janar 1963, Tiran\u00eb) \u00ebsht\u00eb juriste, politikane dhe diplomate shqiptare. Aktualisht ajo sh\u00ebrben si\u00a0<b>P\u00ebrfaq\u00ebsuese e P\u00ebrhershme e Republik\u00ebs s\u00eb Shqip\u00ebris\u00eb pran\u00eb Zyr\u00ebs s\u00eb Kombeve t\u00eb Bashkuara dhe organizatave t\u00eb tjera nd\u00ebrkomb\u00ebtare n\u00eb Gjenev\u00eb<\/b>\u00a0(q\u00eb prej korrikut 2023).<\/div><div class=\"x_elementToProof\">Znj. Hysi ka nj\u00eb karrier\u00eb t\u00eb gjat\u00eb akademike dhe politike. Ajo ka p\u00ebrfunduar studimet n\u00eb\u00a0<b>Fakultetin e Shkencave Politiko-Juridike<\/b>\u00a0t\u00eb Universitetit t\u00eb Tiran\u00ebs (1985) dhe ka mbrojtur grad\u00ebn shkencore\u00a0<b>\u201cKandidat i shkencave n\u00eb drejt\u00ebsi\u201d<\/b>\u00a0(1992).<\/div><div class=\"x_elementToProof\">N\u00eb jet\u00ebn publike, ka sh\u00ebrbyer si\u00a0<b>deputete n\u00eb Kuvendin e Shqip\u00ebris\u00eb<\/b>\u00a0p\u00ebr tre mandate (2009\u20132021) dhe si\u00a0<b>N\u00ebnkryetare e Kuvendit<\/b>\u00a0(2017\u20132021). Gjat\u00eb veprimtaris\u00eb s\u00eb saj parlamentare \u00ebsht\u00eb angazhuar n\u00eb fushat e\u00a0<b>t\u00eb drejtave t\u00eb njeriut, reform\u00ebs n\u00eb drejt\u00ebsi dhe barazis\u00eb gjinore<\/b>.<\/div><div class=\"x_elementToProof\">N\u00eb detyr\u00ebn e saj aktuale diplomatike, znj. Hysi p\u00ebrfaq\u00ebson Shqip\u00ebrin\u00eb n\u00eb organizata nd\u00ebrkomb\u00ebtare si\u00a0<b>OBSh, UNHCR, OBT<\/b> dhe n\u00eb forume shum\u00ebpal\u00ebshe n\u00eb kuad\u00ebr t\u00eb sistemit t\u00eb OKB-s\u00eb n\u00eb Gjenev\u00eb.<\/div>\t\t\t\t\t\t\t\t<\/div>\n\t\t\t\t<\/div>\n\t\t\t\t\t<\/div>\n\t\t\t\t<\/div>\n\t\t\t\t<\/div>","protected":false},"excerpt":{"rendered":"<p>VASILIKA HYSI Vasilika Hysi\u00a0(lindur m\u00eb 13 janar 1963, Tiran\u00eb) \u00ebsht\u00eb juriste, politikane dhe diplomate shqiptare. Aktualisht ajo sh\u00ebrben si\u00a0P\u00ebrfaq\u00ebsuese e P\u00ebrhershme e Republik\u00ebs s\u00eb Shqip\u00ebris\u00eb pran\u00eb Zyr\u00ebs s\u00eb Kombeve t\u00eb Bashkuara dhe organizatave t\u00eb tjera nd\u00ebrkomb\u00ebtare n\u00eb Gjenev\u00eb\u00a0(q\u00eb prej korrikut 2023).Znj. Hysi ka nj\u00eb karrier\u00eb t\u00eb gjat\u00eb akademike dhe politike. Ajo ka p\u00ebrfunduar studimet n\u00eb\u00a0Fakultetin [&hellip;]<\/p>","protected":false},"author":3,"featured_media":533,"parent":669,"menu_order":0,"comment_status":"closed","ping_status":"closed","template":"","meta":{"_acf_changed":false,"footnotes":""},"class_list":["post-10456","page","type-page","status-publish","has-post-thumbnail","hentry"],"acf":[],"_links":{"self":[{"href":"https:\/\/aidssh.al\/en\/wp-json\/wp\/v2\/pages\/10456","targetHints":{"allow":["GET"]}}],"collection":[{"href":"https:\/\/aidssh.al\/en\/wp-json\/wp\/v2\/pages"}],"about":[{"href":"https:\/\/aidssh.al\/en\/wp-json\/wp\/v2\/types\/page"}],"author":[{"embeddable":true,"href":"https:\/\/aidssh.al\/en\/wp-json\/wp\/v2\/users\/3"}],"replies":[{"embeddable":true,"href":"https:\/\/aidssh.al\/en\/wp-json\/wp\/v2\/comments?post=10456"}],"version-history":[{"count":4,"href":"https:\/\/aidssh.al\/en\/wp-json\/wp\/v2\/pages\/10456\/revisions"}],"predecessor-version":[{"id":10463,"href":"https:\/\/aidssh.al\/en\/wp-json\/wp\/v2\/pages\/10456\/revisions\/10463"}],"up":[{"embeddable":true,"href":"https:\/\/aidssh.al\/en\/wp-json\/wp\/v2\/pages\/669"}],"wp:featuredmedia":[{"embeddable":true,"href":"https:\/\/aidssh.al\/en\/wp-json\/wp\/v2\/media\/533"}],"wp:attachment":[{"href":"https:\/\/aidssh.al\/en\/wp-json\/wp\/v2\/media?parent=10456"}],"curies":[{"name":"wp","href":"https:\/\/api.w.org\/{rel}","templated":true}]}}