{"id":10464,"date":"2025-10-31T13:34:24","date_gmt":"2025-10-31T12:34:24","guid":{"rendered":"https:\/\/aidssh.al\/?page_id=10464"},"modified":"2025-10-31T13:36:53","modified_gmt":"2025-10-31T12:36:53","slug":"bordi-i-miqve-6","status":"publish","type":"page","link":"https:\/\/aidssh.al\/en\/autoriteti\/bashkepunime\/bordi-i-miqve-6\/","title":{"rendered":"Simon Mirakaj"},"content":{"rendered":"<div data-elementor-type=\"wp-page\" data-elementor-id=\"10464\" class=\"elementor elementor-10464\" data-elementor-post-type=\"page\">\n\t\t\t\t<div class=\"elementor-element elementor-element-1c758a2 e-con-full e-flex e-con e-parent\" data-id=\"1c758a2\" data-element_type=\"container\">\n\t\t\t\t<div class=\"elementor-element elementor-element-a432b8d elementor-widget elementor-widget-template\" data-id=\"a432b8d\" data-element_type=\"widget\" data-widget_type=\"template.default\">\n\t\t\t\t<div class=\"elementor-widget-container\">\n\t\t\t\t\t\t\t<div class=\"elementor-template\">\n\t\t\t\t\t<div data-elementor-type=\"container\" data-elementor-id=\"866\" class=\"elementor elementor-866\" data-elementor-post-type=\"elementor_library\">\n\t\t\t\t<div class=\"elementor-element elementor-element-58c6923c e-flex e-con-boxed e-con e-parent\" data-id=\"58c6923c\" data-element_type=\"container\" data-settings=\"{&quot;background_background&quot;:&quot;classic&quot;}\">\n\t\t\t\t\t<div class=\"e-con-inner\">\n\t\t\t\t<div class=\"elementor-element elementor-element-3356bc54 elementor-widget elementor-widget-heading\" data-id=\"3356bc54\" data-element_type=\"widget\" data-widget_type=\"heading.default\">\n\t\t\t\t<div class=\"elementor-widget-container\">\n\t\t\t\t\t<h1 class=\"elementor-heading-title elementor-size-default\">Simon Mirakaj<\/h1>\t\t\t\t<\/div>\n\t\t\t\t<\/div>\n\t\t\t\t\t<\/div>\n\t\t\t\t<\/div>\n\t\t\t\t<\/div>\n\t\t\t\t<\/div>\n\t\t\t\t\t\t<\/div>\n\t\t\t\t<\/div>\n\t\t\t\t<\/div>\n\t\t<div class=\"elementor-element elementor-element-eef0494 e-flex e-con-boxed e-con e-parent\" data-id=\"eef0494\" data-element_type=\"container\">\n\t\t\t\t\t<div class=\"e-con-inner\">\n\t\t<div class=\"elementor-element elementor-element-6af3308 e-con-full e-transform e-flex e-con e-child\" data-id=\"6af3308\" data-element_type=\"container\" data-settings=\"{&quot;_transform_translateY_effect_hover&quot;:{&quot;unit&quot;:&quot;px&quot;,&quot;size&quot;:-5,&quot;sizes&quot;:[]},&quot;_transform_translateX_effect_hover&quot;:{&quot;unit&quot;:&quot;px&quot;,&quot;size&quot;:&quot;&quot;,&quot;sizes&quot;:[]},&quot;_transform_translateX_effect_hover_laptop&quot;:{&quot;unit&quot;:&quot;px&quot;,&quot;size&quot;:&quot;&quot;,&quot;sizes&quot;:[]},&quot;_transform_translateX_effect_hover_tablet&quot;:{&quot;unit&quot;:&quot;px&quot;,&quot;size&quot;:&quot;&quot;,&quot;sizes&quot;:[]},&quot;_transform_translateX_effect_hover_mobile&quot;:{&quot;unit&quot;:&quot;px&quot;,&quot;size&quot;:&quot;&quot;,&quot;sizes&quot;:[]},&quot;_transform_translateY_effect_hover_laptop&quot;:{&quot;unit&quot;:&quot;px&quot;,&quot;size&quot;:&quot;&quot;,&quot;sizes&quot;:[]},&quot;_transform_translateY_effect_hover_tablet&quot;:{&quot;unit&quot;:&quot;px&quot;,&quot;size&quot;:&quot;&quot;,&quot;sizes&quot;:[]},&quot;_transform_translateY_effect_hover_mobile&quot;:{&quot;unit&quot;:&quot;px&quot;,&quot;size&quot;:&quot;&quot;,&quot;sizes&quot;:[]}}\">\n\t\t\t\t<div class=\"elementor-element elementor-element-40afe77 elementor-widget elementor-widget-image\" data-id=\"40afe77\" data-element_type=\"widget\" data-widget_type=\"image.default\">\n\t\t\t\t<div class=\"elementor-widget-container\">\n\t\t\t\t\t\t\t\t\t\t\t\t\t\t\t\t<a href=\"https:\/\/aidssh.al\/en\/autoriteti\/bashkepunime\/simon-mirakaj\/?preview_id=10404&#038;preview_nonce=3a1e940cf6&#038;preview=true\" target=\"_blank\">\n\t\t\t\t\t\t\t<img fetchpriority=\"high\" decoding=\"async\" width=\"640\" height=\"470\" src=\"https:\/\/aidssh.al\/wp-content\/uploads\/2025\/10\/Simon-Mirakaj.png\" class=\"attachment-full size-full wp-image-10329\" alt=\"\" srcset=\"https:\/\/aidssh.al\/wp-content\/uploads\/2025\/10\/Simon-Mirakaj.png 640w, https:\/\/aidssh.al\/wp-content\/uploads\/2025\/10\/Simon-Mirakaj-300x220.png 300w, https:\/\/aidssh.al\/wp-content\/uploads\/2025\/10\/Simon-Mirakaj-16x12.png 16w\" sizes=\"(max-width: 640px) 100vw, 640px\" \/>\t\t\t\t\t\t\t\t<\/a>\n\t\t\t\t\t\t\t\t\t\t\t\t\t\t\t<\/div>\n\t\t\t\t<\/div>\n\t\t<div class=\"elementor-element elementor-element-8453c75 e-con-full e-flex e-con e-child\" data-id=\"8453c75\" data-element_type=\"container\" data-settings=\"{&quot;background_background&quot;:&quot;classic&quot;}\">\n\t\t\t\t<div class=\"elementor-element elementor-element-27de67c elementor-widget elementor-widget-icon-box\" data-id=\"27de67c\" data-element_type=\"widget\" data-widget_type=\"icon-box.default\">\n\t\t\t\t<div class=\"elementor-widget-container\">\n\t\t\t\t\t\t\t<div class=\"elementor-icon-box-wrapper\">\n\n\t\t\t\n\t\t\t\t\t\t<div class=\"elementor-icon-box-content\">\n\n\t\t\t\t\t\t\t\t\t<p class=\"elementor-icon-box-title\">\n\t\t\t\t\t\t<a href=\"#\" >\n\t\t\t\t\t\t\tSIMON MIRAKAJ\t\t\t\t\t\t<\/a>\n\t\t\t\t\t<\/p>\n\t\t\t\t\n\t\t\t\t\n\t\t\t<\/div>\n\t\t\t\n\t\t<\/div>\n\t\t\t\t\t\t<\/div>\n\t\t\t\t<\/div>\n\t\t\t\t<\/div>\n\t\t\t\t<\/div>\n\t\t\t\t<div class=\"elementor-element elementor-element-8200998 elementor-widget elementor-widget-text-editor\" data-id=\"8200998\" data-element_type=\"widget\" data-widget_type=\"text-editor.default\">\n\t\t\t\t<div class=\"elementor-widget-container\">\n\t\t\t\t\t\t\t\t\t<div class=\"x_elementToProof\" data-olk-copy-source=\"MessageBody\">Simon Mirakaj lindi m\u00eb 1 qershor 1944 n\u00eb Shkod\u00ebr, n\u00eb nj\u00eb familje t\u00eb prekur thell\u00eb nga p\u00ebrndjekjet e regjimit komunist. Babai i tij u arratis nga regjimi, nd\u00ebrsa pjes\u00ebtar\u00eb t\u00eb tjer\u00eb t\u00eb familjes u pushkatuan p\u00ebr rezistenc\u00ebn ndaj komunizmit. Vet\u00eb Simoni kaloi 44 vite n\u00eb internim, duke u rritur n\u00eb kushte t\u00eb v\u00ebshtira dhe duke p\u00ebrjetuar dhimbjet dhe humbjet e komunitetit t\u00eb tij. Familja e tij u zhvendos fillimisht n\u00eb kalan\u00eb e Beratit, m\u00eb pas n\u00eb kampin e Turanit dhe m\u00eb von\u00eb n\u00eb Tepelen\u00eb, ku Simoni jetoi deri n\u00eb mosh\u00ebn 8 vje\u00e7are. Gjat\u00eb k\u00ebtyre viteve t\u00eb internimit, ai p\u00ebrjetoi humbjen e shum\u00eb f\u00ebmij\u00ebve p\u00ebr shkak t\u00eb munges\u00ebs s\u00eb ushqimit dhe kushteve t\u00eb r\u00ebnda higjienike.<\/div><div class=\"x_elementToProof\">Pas lirimit t\u00eb familjes nga internimi n\u00eb vitin 1989, Simoni kreu studimet n\u00eb Universitetin e Tiran\u00ebs, n\u00eb Fakultetin Juridik, dhe m\u00eb pas p\u00ebrfundoi Akademin\u00eb e Rendit Publik. Ai sh\u00ebrbeu si inspektor i Arkivit t\u00eb Ministris\u00eb s\u00eb Brendshme me grad\u00ebn Major, dhe m\u00eb von\u00eb u em\u00ebrua Drejtor i P\u00ebrgjithsh\u00ebm i Institutit t\u00eb Ish t\u00eb P\u00ebrndjekurve Politik\u00eb, nga viti 2002 deri n\u00eb n\u00ebntor t\u00eb vitit 2013.<\/div><div class=\"x_elementToProof\">N\u00eb vitin 2016, Simoni u p\u00ebrzgjodh an\u00ebtar i Autoritetit p\u00ebr Hapjen e Dosjeve t\u00eb ish-Sigurimit t\u00eb Shtetit (AIDSSH), nj\u00eb rol q\u00eb e ka b\u00ebr\u00eb pjes\u00eb t\u00eb p\u00ebrkushtimit t\u00eb tij p\u00ebr transparenc\u00ebn dhe ruajtjen e kujtes\u00ebs historike. Ai \u00ebsht\u00eb angazhuar n\u00eb administrimin e mbi 32 milion faqe dokumentesh q\u00eb pasqyrojn\u00eb periudh\u00ebn 1944\u20131991 dhe historit\u00eb e personave t\u00eb p\u00ebrndjekur nga regjimi komunist.<\/div><div class=\"x_elementToProof\">Simoni Mirakaj ka qen\u00eb gjithashtu pjes\u00eb e debateve publike mbi historin\u00eb e kampeve t\u00eb internimit, duke sjell\u00eb p\u00ebrvoj\u00ebn e tij personale si nj\u00eb d\u00ebshmitar i atyre koh\u00ebve. Ai ka theksuar r\u00ebnd\u00ebsin\u00eb e njohjes s\u00eb t\u00eb kaluar\u00ebs p\u00ebr t\u00eb nd\u00ebrtuar nj\u00eb shoq\u00ebri t\u00eb drejt\u00eb dhe t\u00eb informuar.<\/div><div class=\"x_elementToProof\">P\u00ebr kontributin e tij n\u00eb ruajtjen e kujtes\u00ebs historike dhe p\u00ebr sh\u00ebrbimin e tij publik, Simon Mirakaj \u00ebsht\u00eb dekoruar me titullin\u00a0<b>\u201cKalor\u00ebs i Urdhrit t\u00eb Sk\u00ebnderbeut\u201d<\/b>\u00a0nga ish-Presidenti i Republik\u00ebs s\u00eb Shqip\u00ebris\u00eb, Bujar Nishani.<\/div>\t\t\t\t\t\t\t\t<\/div>\n\t\t\t\t<\/div>\n\t\t\t\t\t<\/div>\n\t\t\t\t<\/div>\n\t\t\t\t<\/div>","protected":false},"excerpt":{"rendered":"<p>SIMON MIRAKAJ Simon Mirakaj lindi m\u00eb 1 qershor 1944 n\u00eb Shkod\u00ebr, n\u00eb nj\u00eb familje t\u00eb prekur thell\u00eb nga p\u00ebrndjekjet e regjimit komunist. Babai i tij u arratis nga regjimi, nd\u00ebrsa pjes\u00ebtar\u00eb t\u00eb tjer\u00eb t\u00eb familjes u pushkatuan p\u00ebr rezistenc\u00ebn ndaj komunizmit. Vet\u00eb Simoni kaloi 44 vite n\u00eb internim, duke u rritur n\u00eb kushte t\u00eb v\u00ebshtira [&hellip;]<\/p>","protected":false},"author":3,"featured_media":533,"parent":669,"menu_order":0,"comment_status":"closed","ping_status":"closed","template":"","meta":{"_acf_changed":false,"footnotes":""},"class_list":["post-10464","page","type-page","status-publish","has-post-thumbnail","hentry"],"acf":[],"_links":{"self":[{"href":"https:\/\/aidssh.al\/en\/wp-json\/wp\/v2\/pages\/10464","targetHints":{"allow":["GET"]}}],"collection":[{"href":"https:\/\/aidssh.al\/en\/wp-json\/wp\/v2\/pages"}],"about":[{"href":"https:\/\/aidssh.al\/en\/wp-json\/wp\/v2\/types\/page"}],"author":[{"embeddable":true,"href":"https:\/\/aidssh.al\/en\/wp-json\/wp\/v2\/users\/3"}],"replies":[{"embeddable":true,"href":"https:\/\/aidssh.al\/en\/wp-json\/wp\/v2\/comments?post=10464"}],"version-history":[{"count":4,"href":"https:\/\/aidssh.al\/en\/wp-json\/wp\/v2\/pages\/10464\/revisions"}],"predecessor-version":[{"id":10471,"href":"https:\/\/aidssh.al\/en\/wp-json\/wp\/v2\/pages\/10464\/revisions\/10471"}],"up":[{"embeddable":true,"href":"https:\/\/aidssh.al\/en\/wp-json\/wp\/v2\/pages\/669"}],"wp:featuredmedia":[{"embeddable":true,"href":"https:\/\/aidssh.al\/en\/wp-json\/wp\/v2\/media\/533"}],"wp:attachment":[{"href":"https:\/\/aidssh.al\/en\/wp-json\/wp\/v2\/media?parent=10464"}],"curies":[{"name":"wp","href":"https:\/\/api.w.org\/{rel}","templated":true}]}}