{"id":10556,"date":"2025-11-03T16:04:16","date_gmt":"2025-11-03T15:04:16","guid":{"rendered":"https:\/\/aidssh.al\/?page_id=10556"},"modified":"2025-11-13T12:16:16","modified_gmt":"2025-11-13T11:16:16","slug":"marreveshje-bashkepunimi-te-zhdukur","status":"publish","type":"page","link":"https:\/\/aidssh.al\/en\/autoriteti\/bashkepunime\/marreveshje-bashkepunimi\/marreveshje-bashkepunimi-te-zhdukur\/","title":{"rendered":"Gjetja dhe rikuperimi i personave t\u00eb zhdukur"},"content":{"rendered":"<div data-elementor-type=\"wp-page\" data-elementor-id=\"10556\" class=\"elementor elementor-10556\" data-elementor-post-type=\"page\">\n\t\t\t\t<div class=\"elementor-element elementor-element-d38e3df e-con-full e-flex e-con e-parent\" data-id=\"d38e3df\" data-element_type=\"container\">\n\t\t\t\t<div class=\"elementor-element elementor-element-171106c elementor-widget elementor-widget-template\" data-id=\"171106c\" data-element_type=\"widget\" data-widget_type=\"template.default\">\n\t\t\t\t<div class=\"elementor-widget-container\">\n\t\t\t\t\t\t\t<div class=\"elementor-template\">\n\t\t\t\t\t<div data-elementor-type=\"container\" data-elementor-id=\"866\" class=\"elementor elementor-866\" data-elementor-post-type=\"elementor_library\">\n\t\t\t\t<div class=\"elementor-element elementor-element-58c6923c e-flex e-con-boxed e-con e-parent\" data-id=\"58c6923c\" data-element_type=\"container\" data-settings=\"{&quot;background_background&quot;:&quot;classic&quot;}\">\n\t\t\t\t\t<div class=\"e-con-inner\">\n\t\t\t\t<div class=\"elementor-element elementor-element-3356bc54 elementor-widget elementor-widget-heading\" data-id=\"3356bc54\" data-element_type=\"widget\" data-widget_type=\"heading.default\">\n\t\t\t\t<div class=\"elementor-widget-container\">\n\t\t\t\t\t<h1 class=\"elementor-heading-title elementor-size-default\">Gjetja dhe rikuperimi i personave t\u00eb zhdukur<\/h1>\t\t\t\t<\/div>\n\t\t\t\t<\/div>\n\t\t\t\t\t<\/div>\n\t\t\t\t<\/div>\n\t\t\t\t<\/div>\n\t\t\t\t<\/div>\n\t\t\t\t\t\t<\/div>\n\t\t\t\t<\/div>\n\t\t\t\t<\/div>\n\t\t<div class=\"elementor-element elementor-element-31f6d09 e-flex e-con-boxed e-con e-parent\" data-id=\"31f6d09\" data-element_type=\"container\">\n\t\t\t\t\t<div class=\"e-con-inner\">\n\t\t\t\t<div class=\"elementor-element elementor-element-21dac7c elementor-grid-2 elementor-grid-tablet-2 elementor-grid-mobile-1 elementor-widget elementor-widget-loop-grid\" data-id=\"21dac7c\" data-element_type=\"widget\" data-settings=\"{&quot;template_id&quot;:&quot;10700&quot;,&quot;columns&quot;:2,&quot;pagination_type&quot;:&quot;numbers&quot;,&quot;row_gap&quot;:{&quot;unit&quot;:&quot;px&quot;,&quot;size&quot;:20,&quot;sizes&quot;:[]},&quot;pagination_load_type&quot;:&quot;ajax&quot;,&quot;_skin&quot;:&quot;post&quot;,&quot;columns_tablet&quot;:&quot;2&quot;,&quot;columns_mobile&quot;:&quot;1&quot;,&quot;edit_handle_selector&quot;:&quot;[data-elementor-type=\\&quot;loop-item\\&quot;]&quot;,&quot;row_gap_laptop&quot;:{&quot;unit&quot;:&quot;px&quot;,&quot;size&quot;:&quot;&quot;,&quot;sizes&quot;:[]},&quot;row_gap_tablet&quot;:{&quot;unit&quot;:&quot;px&quot;,&quot;size&quot;:&quot;&quot;,&quot;sizes&quot;:[]},&quot;row_gap_mobile&quot;:{&quot;unit&quot;:&quot;px&quot;,&quot;size&quot;:&quot;&quot;,&quot;sizes&quot;:[]}}\" data-widget_type=\"loop-grid.post\">\n\t\t\t\t<div class=\"elementor-widget-container\">\n\t\t\t\t\t\t\t<div class=\"elementor-loop-container elementor-grid\" role=\"list\">\n\t\t<style id=\"loop-10700\">.elementor-10700 .elementor-element.elementor-element-6a45168{--display:flex;--flex-direction:column;--container-widget-width:100%;--container-widget-height:initial;--container-widget-flex-grow:0;--container-widget-align-self:initial;--flex-wrap-mobile:wrap;--gap:10px 10px;--row-gap:10px;--column-gap:10px;}.elementor-widget-post-info .elementor-icon-list-item{font-family:var( --e-global-typography-text-font-family ), Sans-serif;font-weight:var( --e-global-typography-text-font-weight );}.elementor-10700 .elementor-element.elementor-element-f2b4de6 .elementor-icon-list-icon{width:19px;}.elementor-10700 .elementor-element.elementor-element-f2b4de6 .elementor-icon-list-icon i{font-size:19px;}.elementor-10700 .elementor-element.elementor-element-f2b4de6 .elementor-icon-list-icon svg{--e-icon-list-icon-size:19px;}.elementor-10700 .elementor-element.elementor-element-f2b4de6 .elementor-icon-list-text, .elementor-10700 .elementor-element.elementor-element-f2b4de6 .elementor-icon-list-text a{color:var( --e-global-color-primary );}.elementor-10700 .elementor-element.elementor-element-f2b4de6 .elementor-icon-list-item{font-family:var( --e-global-typography-4b18451-font-family ), Sans-serif;font-size:var( --e-global-typography-4b18451-font-size );font-weight:var( --e-global-typography-4b18451-font-weight );line-height:var( --e-global-typography-4b18451-line-height );letter-spacing:var( --e-global-typography-4b18451-letter-spacing );}.elementor-10700 .elementor-element.elementor-element-b3830e7 .elementor-icon-list-icon{width:19px;}.elementor-10700 .elementor-element.elementor-element-b3830e7 .elementor-icon-list-icon i{font-size:19px;}.elementor-10700 .elementor-element.elementor-element-b3830e7 .elementor-icon-list-icon svg{--e-icon-list-icon-size:19px;}.elementor-10700 .elementor-element.elementor-element-b3830e7 .elementor-icon-list-text, .elementor-10700 .elementor-element.elementor-element-b3830e7 .elementor-icon-list-text a{color:var( --e-global-color-primary );}.elementor-10700 .elementor-element.elementor-element-b3830e7 .elementor-icon-list-item{font-family:var( --e-global-typography-4b18451-font-family ), Sans-serif;font-size:var( --e-global-typography-4b18451-font-size );font-weight:var( --e-global-typography-4b18451-font-weight );line-height:var( --e-global-typography-4b18451-line-height );letter-spacing:var( --e-global-typography-4b18451-letter-spacing );}.elementor-10700 .elementor-element.elementor-element-7c16f3d .elementor-icon-list-icon{width:19px;}.elementor-10700 .elementor-element.elementor-element-7c16f3d .elementor-icon-list-icon i{font-size:19px;}.elementor-10700 .elementor-element.elementor-element-7c16f3d .elementor-icon-list-icon svg{--e-icon-list-icon-size:19px;}.elementor-10700 .elementor-element.elementor-element-7c16f3d .elementor-icon-list-text, .elementor-10700 .elementor-element.elementor-element-7c16f3d .elementor-icon-list-text a{color:var( --e-global-color-primary );}.elementor-10700 .elementor-element.elementor-element-7c16f3d .elementor-icon-list-item{font-family:var( --e-global-typography-4b18451-font-family ), Sans-serif;font-size:var( --e-global-typography-4b18451-font-size );font-weight:var( --e-global-typography-4b18451-font-weight );line-height:var( --e-global-typography-4b18451-line-height );letter-spacing:var( --e-global-typography-4b18451-letter-spacing );}.elementor-widget-button .elementor-button{font-family:var( --e-global-typography-accent-font-family ), Sans-serif;font-weight:var( --e-global-typography-accent-font-weight );}.elementor-10700 .elementor-element.elementor-element-3675b69 .elementor-button{background-color:transparent;fill:#FFFFFF;color:#FFFFFF;background-image:linear-gradient(180deg, var( --e-global-color-primary ) 0%, var( --e-global-color-primary ) 100%);transition-duration:0s;}.elementor-10700 .elementor-element.elementor-element-3675b69 .elementor-button:hover, .elementor-10700 .elementor-element.elementor-element-3675b69 .elementor-button:focus{box-shadow:0px 0px 10px 0px rgba(0,0,0,0.5);}.elementor-widget-theme-post-title .elementor-heading-title{font-family:var( --e-global-typography-primary-font-family ), Sans-serif;font-weight:var( --e-global-typography-primary-font-weight );}.elementor-10700 .elementor-element.elementor-element-fd51c07{text-align:left;}.elementor-10700 .elementor-element.elementor-element-fd51c07 .elementor-heading-title{font-family:var( --e-global-typography-15b05e1-font-family ), Sans-serif;font-size:var( --e-global-typography-15b05e1-font-size );font-weight:var( --e-global-typography-15b05e1-font-weight );line-height:var( --e-global-typography-15b05e1-line-height );mix-blend-mode:darken;}@media(max-width:1366px){.elementor-10700 .elementor-element.elementor-element-f2b4de6 .elementor-icon-list-item{font-size:var( --e-global-typography-4b18451-font-size );line-height:var( --e-global-typography-4b18451-line-height );letter-spacing:var( --e-global-typography-4b18451-letter-spacing );}.elementor-10700 .elementor-element.elementor-element-b3830e7 .elementor-icon-list-item{font-size:var( --e-global-typography-4b18451-font-size );line-height:var( --e-global-typography-4b18451-line-height );letter-spacing:var( --e-global-typography-4b18451-letter-spacing );}.elementor-10700 .elementor-element.elementor-element-7c16f3d .elementor-icon-list-item{font-size:var( --e-global-typography-4b18451-font-size );line-height:var( --e-global-typography-4b18451-line-height );letter-spacing:var( --e-global-typography-4b18451-letter-spacing );}.elementor-10700 .elementor-element.elementor-element-fd51c07 .elementor-heading-title{font-size:var( --e-global-typography-15b05e1-font-size );line-height:var( --e-global-typography-15b05e1-line-height );}}@media(max-width:1024px){.elementor-10700 .elementor-element.elementor-element-f2b4de6 .elementor-icon-list-item{font-size:var( --e-global-typography-4b18451-font-size );line-height:var( --e-global-typography-4b18451-line-height );letter-spacing:var( --e-global-typography-4b18451-letter-spacing );}.elementor-10700 .elementor-element.elementor-element-b3830e7 .elementor-icon-list-item{font-size:var( --e-global-typography-4b18451-font-size );line-height:var( --e-global-typography-4b18451-line-height );letter-spacing:var( --e-global-typography-4b18451-letter-spacing );}.elementor-10700 .elementor-element.elementor-element-7c16f3d .elementor-icon-list-item{font-size:var( --e-global-typography-4b18451-font-size );line-height:var( --e-global-typography-4b18451-line-height );letter-spacing:var( --e-global-typography-4b18451-letter-spacing );}.elementor-10700 .elementor-element.elementor-element-fd51c07 .elementor-heading-title{font-size:var( --e-global-typography-15b05e1-font-size );line-height:var( --e-global-typography-15b05e1-line-height );}}@media(max-width:767px){.elementor-10700 .elementor-element.elementor-element-f2b4de6 .elementor-icon-list-item{font-size:var( --e-global-typography-4b18451-font-size );line-height:var( --e-global-typography-4b18451-line-height );letter-spacing:var( --e-global-typography-4b18451-letter-spacing );}.elementor-10700 .elementor-element.elementor-element-b3830e7 .elementor-icon-list-item{font-size:var( --e-global-typography-4b18451-font-size );line-height:var( --e-global-typography-4b18451-line-height );letter-spacing:var( --e-global-typography-4b18451-letter-spacing );}.elementor-10700 .elementor-element.elementor-element-7c16f3d .elementor-icon-list-item{font-size:var( --e-global-typography-4b18451-font-size );line-height:var( --e-global-typography-4b18451-line-height );letter-spacing:var( --e-global-typography-4b18451-letter-spacing );}.elementor-10700 .elementor-element.elementor-element-fd51c07 .elementor-heading-title{font-size:var( --e-global-typography-15b05e1-font-size );line-height:var( --e-global-typography-15b05e1-line-height );}}\/* Start custom CSS for container, class: .elementor-element-6a45168 *\/#marveshjebox{\n    border-left: 1px solid #1c809d;\n    border-bottom: 1px solid #1c809d;\n    border-right: 5px solid #1c809d;\n    border-top: 5px solid #1c809d;\n    \n}\n#marveshjebox:hover{\n    border-color: #f5821f;\n}\/* End custom CSS *\/<\/style>\t\t<div data-elementor-type=\"loop-item\" data-elementor-id=\"10700\" class=\"elementor elementor-10700 e-loop-item e-loop-item-10674 post-10674 post type-post status-publish format-standard hentry category-marreveshje-bashkepunimi category-marreveshje-bashkepunimi-te-zhdukur\" data-elementor-post-type=\"elementor_library\" data-custom-edit-handle=\"1\">\n\t\t\t<div class=\"elementor-element elementor-element-6a45168 e-flex e-con-boxed e-con e-parent\" data-id=\"6a45168\" data-element_type=\"container\" id=\"marveshjebox\">\n\t\t\t\t\t<div class=\"e-con-inner\">\n\t\t\t\t<div class=\"elementor-element elementor-element-f2b4de6 elementor-widget elementor-widget-post-info\" data-id=\"f2b4de6\" data-element_type=\"widget\" data-widget_type=\"post-info.default\">\n\t\t\t\t<div class=\"elementor-widget-container\">\n\t\t\t\t\t\t\t<ul class=\"elementor-inline-items elementor-icon-list-items elementor-post-info\">\n\t\t\t\t\t\t\t\t<li class=\"elementor-icon-list-item elementor-repeater-item-7b2cc70 elementor-inline-item\">\n\t\t\t\t\t\t\t\t\t\t\t\t\t<span class=\"elementor-icon-list-text elementor-post-info__item elementor-post-info__item--type-custom\">\n\t\t\t\t\t\t\t\t\t\tViti: 2024\t\t\t\t\t<\/span>\n\t\t\t\t\t\t\t\t<\/li>\n\t\t\t\t<\/ul>\n\t\t\t\t\t\t<\/div>\n\t\t\t\t<\/div>\n\t\t\t\t<div class=\"elementor-element elementor-element-7c16f3d elementor-widget elementor-widget-post-info\" data-id=\"7c16f3d\" data-element_type=\"widget\" data-widget_type=\"post-info.default\">\n\t\t\t\t<div class=\"elementor-widget-container\">\n\t\t\t\t\t\t\t<ul class=\"elementor-inline-items elementor-icon-list-items elementor-post-info\">\n\t\t\t\t\t\t\t\t<li class=\"elementor-icon-list-item elementor-repeater-item-7b2cc70 elementor-inline-item\">\n\t\t\t\t\t\t\t\t\t\t\t\t\t<span class=\"elementor-icon-list-text elementor-post-info__item elementor-post-info__item--type-custom\">\n\t\t\t\t\t\t\t\t\t\tStatusi: N\u00eb fuqi.\t\t\t\t\t<\/span>\n\t\t\t\t\t\t\t\t<\/li>\n\t\t\t\t<\/ul>\n\t\t\t\t\t\t<\/div>\n\t\t\t\t<\/div>\n\t\t\t\t<div class=\"elementor-element elementor-element-3675b69 elementor-align-left elementor-widget elementor-widget-button\" data-id=\"3675b69\" data-element_type=\"widget\" data-widget_type=\"button.default\">\n\t\t\t\t<div class=\"elementor-widget-container\">\n\t\t\t\t\t\t\t\t\t<div class=\"elementor-button-wrapper\">\n\t\t\t\t\t<a class=\"elementor-button elementor-button-link elementor-size-sm elementor-animation-grow\" href=\"https:\/\/aidssh.al\/wp-content\/uploads\/2025\/11\/Protokolli-Shqip.pdf\" target=\"_blank\">\n\t\t\t\t\t\t<span class=\"elementor-button-content-wrapper\">\n\t\t\t\t\t\t\t\t\t<span class=\"elementor-button-text\">Marr\u00ebveshja<\/span>\n\t\t\t\t\t<\/span>\n\t\t\t\t\t<\/a>\n\t\t\t\t<\/div>\n\t\t\t\t\t\t\t\t<\/div>\n\t\t\t\t<\/div>\n\t\t\t\t<div class=\"elementor-element elementor-element-fd51c07 elementor-widget elementor-widget-theme-post-title elementor-page-title elementor-widget-heading\" data-id=\"fd51c07\" data-element_type=\"widget\" data-widget_type=\"theme-post-title.default\">\n\t\t\t\t<div class=\"elementor-widget-container\">\n\t\t\t\t\t<p class=\"elementor-heading-title elementor-size-default\">Protokolli mbi marr\u00ebveshjet praktike Lidhur me koordinimin n\u00eb zbatimin e projektit&#8221; Mb\u00ebshtetja e drejt\u00ebsis\u00eb tranzicionale dhe trajtimi i s\u00eb shkuar\u00ebs n\u00eb Shqip\u00ebri&#8221; (&#8220;Protokolli&#8221;) mes AIDSSH-s\u00eb dhe ICMP-s\u00eb<\/p>\t\t\t\t<\/div>\n\t\t\t\t<\/div>\n\t\t\t\t\t<\/div>\n\t\t\t\t<\/div>\n\t\t\t\t<\/div>\n\t\t\t\t<\/div>\n\t\t\n\t\t\t\t\t\t<\/div>\n\t\t\t\t<\/div>\n\t\t\t\t\t<\/div>\n\t\t\t\t<\/div>\n\t\t\t\t<\/div>","protected":false},"excerpt":{"rendered":"","protected":false},"author":1,"featured_media":533,"parent":803,"menu_order":0,"comment_status":"closed","ping_status":"closed","template":"","meta":{"_acf_changed":false,"footnotes":""},"class_list":["post-10556","page","type-page","status-publish","has-post-thumbnail","hentry"],"acf":[],"_links":{"self":[{"href":"https:\/\/aidssh.al\/en\/wp-json\/wp\/v2\/pages\/10556","targetHints":{"allow":["GET"]}}],"collection":[{"href":"https:\/\/aidssh.al\/en\/wp-json\/wp\/v2\/pages"}],"about":[{"href":"https:\/\/aidssh.al\/en\/wp-json\/wp\/v2\/types\/page"}],"author":[{"embeddable":true,"href":"https:\/\/aidssh.al\/en\/wp-json\/wp\/v2\/users\/1"}],"replies":[{"embeddable":true,"href":"https:\/\/aidssh.al\/en\/wp-json\/wp\/v2\/comments?post=10556"}],"version-history":[{"count":9,"href":"https:\/\/aidssh.al\/en\/wp-json\/wp\/v2\/pages\/10556\/revisions"}],"predecessor-version":[{"id":10970,"href":"https:\/\/aidssh.al\/en\/wp-json\/wp\/v2\/pages\/10556\/revisions\/10970"}],"up":[{"embeddable":true,"href":"https:\/\/aidssh.al\/en\/wp-json\/wp\/v2\/pages\/803"}],"wp:featuredmedia":[{"embeddable":true,"href":"https:\/\/aidssh.al\/en\/wp-json\/wp\/v2\/media\/533"}],"wp:attachment":[{"href":"https:\/\/aidssh.al\/en\/wp-json\/wp\/v2\/media?parent=10556"}],"curies":[{"name":"wp","href":"https:\/\/api.w.org\/{rel}","templated":true}]}}