{"id":1094,"date":"2025-06-17T13:18:42","date_gmt":"2025-06-17T11:18:42","guid":{"rendered":"https:\/\/aidssh.instant.al\/?page_id=1094"},"modified":"2025-07-28T11:29:00","modified_gmt":"2025-07-28T09:29:00","slug":"albert-nikolla","status":"publish","type":"page","link":"https:\/\/aidssh.al\/en\/autoriteti\/anetaret\/albert-nikolla\/","title":{"rendered":"Albert Nikolla"},"content":{"rendered":"<div data-elementor-type=\"wp-page\" data-elementor-id=\"1094\" class=\"elementor elementor-1094\" data-elementor-post-type=\"page\">\n\t\t\t\t<div class=\"elementor-element elementor-element-1883d2d e-con-full e-flex e-con e-parent\" data-id=\"1883d2d\" data-element_type=\"container\">\n\t\t\t\t<div class=\"elementor-element elementor-element-47fa68a elementor-widget elementor-widget-template\" data-id=\"47fa68a\" data-element_type=\"widget\" data-widget_type=\"template.default\">\n\t\t\t\t<div class=\"elementor-widget-container\">\n\t\t\t\t\t\t\t<div class=\"elementor-template\">\n\t\t\t\t\t<div data-elementor-type=\"container\" data-elementor-id=\"866\" class=\"elementor elementor-866\" data-elementor-post-type=\"elementor_library\">\n\t\t\t\t<div class=\"elementor-element elementor-element-58c6923c e-flex e-con-boxed e-con e-parent\" data-id=\"58c6923c\" data-element_type=\"container\" data-settings=\"{&quot;background_background&quot;:&quot;classic&quot;}\">\n\t\t\t\t\t<div class=\"e-con-inner\">\n\t\t\t\t<div class=\"elementor-element elementor-element-3356bc54 elementor-widget elementor-widget-heading\" data-id=\"3356bc54\" data-element_type=\"widget\" data-widget_type=\"heading.default\">\n\t\t\t\t<div class=\"elementor-widget-container\">\n\t\t\t\t\t<h1 class=\"elementor-heading-title elementor-size-default\">Albert Nikolla<\/h1>\t\t\t\t<\/div>\n\t\t\t\t<\/div>\n\t\t\t\t\t<\/div>\n\t\t\t\t<\/div>\n\t\t\t\t<\/div>\n\t\t\t\t<\/div>\n\t\t\t\t\t\t<\/div>\n\t\t\t\t<\/div>\n\t\t\t\t<\/div>\n\t\t<div class=\"elementor-element elementor-element-9ec8220 e-flex e-con-boxed e-con e-parent\" data-id=\"9ec8220\" data-element_type=\"container\" id=\"kuti-marpad\">\n\t\t\t\t\t<div class=\"e-con-inner\">\n\t\t<div class=\"elementor-element elementor-element-3e90797 e-con-full e-flex e-con e-child\" data-id=\"3e90797\" data-element_type=\"container\">\n\t\t<div class=\"elementor-element elementor-element-79aa50f e-con-full e-flex e-con e-child\" data-id=\"79aa50f\" data-element_type=\"container\">\n\t\t\t\t<div class=\"elementor-element elementor-element-56bd3c6 elementor-widget-mobile__width-inherit elementor-widget elementor-widget-image\" data-id=\"56bd3c6\" data-element_type=\"widget\" data-widget_type=\"image.default\">\n\t\t\t\t<div class=\"elementor-widget-container\">\n\t\t\t\t\t\t\t\t\t\t\t\t<figure class=\"wp-caption\">\n\t\t\t\t\t\t\t\t\t\t\t<a href=\"#\" target=\"_blank\">\n\t\t\t\t\t\t\t<img fetchpriority=\"high\" decoding=\"async\" width=\"300\" height=\"300\" src=\"https:\/\/aidssh.al\/wp-content\/uploads\/2025\/06\/Foto-Albert-Nikolla-300x300-Copy.jpg\" class=\"attachment-full size-full wp-image-823\" alt=\"\" srcset=\"https:\/\/aidssh.al\/wp-content\/uploads\/2025\/06\/Foto-Albert-Nikolla-300x300-Copy.jpg 300w, https:\/\/aidssh.al\/wp-content\/uploads\/2025\/06\/Foto-Albert-Nikolla-300x300-Copy-150x150.jpg 150w, https:\/\/aidssh.al\/wp-content\/uploads\/2025\/06\/Foto-Albert-Nikolla-300x300-Copy-12x12.jpg 12w\" sizes=\"(max-width: 300px) 100vw, 300px\" \/>\t\t\t\t\t\t\t\t<\/a>\n\t\t\t\t\t\t\t\t\t\t\t<figcaption class=\"widget-image-caption wp-caption-text\"><a href=\"#\" download>Download CV<\/a><\/figcaption>\n\t\t\t\t\t\t\t\t\t\t<\/figure>\n\t\t\t\t\t\t\t\t\t<\/div>\n\t\t\t\t<\/div>\n\t\t\t\t<div class=\"elementor-element elementor-element-cbb7c12 elementor-widget__width-initial elementor-widget elementor-widget-heading\" data-id=\"cbb7c12\" data-element_type=\"widget\" data-widget_type=\"heading.default\">\n\t\t\t\t<div class=\"elementor-widget-container\">\n\t\t\t\t\t<h2 class=\"elementor-heading-title elementor-size-default\"><span style=\"color: #f5821f\">Albert Nikolla<\/span> <\/h2>\t\t\t\t<\/div>\n\t\t\t\t<\/div>\n\t\t\t\t<div class=\"elementor-element elementor-element-da5e6be elementor-widget elementor-widget-text-editor\" data-id=\"da5e6be\" data-element_type=\"widget\" data-widget_type=\"text-editor.default\">\n\t\t\t\t<div class=\"elementor-widget-container\">\n\t\t\t\t\t\t\t\t\t<div data-olk-copy-source=\"MessageBody\" class=\"translation-block\">Albert P. Nikolla has been a member of the Authority for Information on Former State Security Documents since June 2022. He has an in-depth background in the field of cultural anthropology and extensive experience in public administration and civil society.<br>His academic background combines philosophy, political ethics and anthropology, fields in which he has conducted research focused on the impact of totalitarian ideologies on Albanian society, on the figure of the \u201cnew man\u201d during the communist dictatorship and the challenges of the post-communist transition. He has completed his doctorate in cultural anthropology and has been a guest lecturer at Albanian and foreign universities, including the University of Florence and the \u201cAleksand\u00ebr Moisiu\u201d University in Durr\u00ebs.<br>In 2014 he earned the title of Associate Professor at the Academy of Albanological Studies. <br>Assoc. Prof. Albert Nikolla is the author of several scholarly publications and books, such as: \u201cThe New Albanian Man, Between Communist Morality and the Crisis of Transition\u201d (Onufri, 2012), \u201cAnthropology in MAPO\u201d (UET Press, 2018), and \u201cThe \u201968 Movement and Albanian Anticulture\u201d (forthcoming, 2023). He has also published articles on the persecution of scientists during the dictatorship, the impact of the Chinese Cultural Revolution in Albania, and the case of Musine Kokalari as a symbol of intellectual resistance.<br>In his role as a member of the Authority, Nikolla has actively participated in national and international conferences dedicated to historical memory, the access of researchers and journalists to the documents of the former State Security, and the importance of verifying the past through archival documentation. In these forums, he has brought an anthropological approach to the analysis of collective trauma and the construction of public memory in Albania.<br>Before joining the Authority, he held important positions in the state administration as Deputy Minister of Health and Social Protection, and served as Secretary for Media and Civil Society Relations in the Socialist Party. He has also been chairman of the Committee for Cultural Heritage and Tourism in the Tirana Municipal Council and for several years the director of Caritas Albania.<br>With an experience that combines academic knowledge, public commitment and commitment to historical justice, Albert P. Nikolla remains an important voice in the debate on memory and social identity in post-totalitarian Albania.<\/div>\t\t\t\t\t\t\t\t<\/div>\n\t\t\t\t<\/div>\n\t\t\t\t<\/div>\n\t\t<div class=\"elementor-element elementor-element-1ddd5c1 e-con-full e-flex e-con e-child\" data-id=\"1ddd5c1\" data-element_type=\"container\">\n\t\t\t\t<div class=\"elementor-element elementor-element-044d530 elementor-widget elementor-widget-heading\" data-id=\"044d530\" data-element_type=\"widget\" data-widget_type=\"heading.default\">\n\t\t\t\t<div class=\"elementor-widget-container\">\n\t\t\t\t\t<h2 class=\"elementor-heading-title elementor-size-default\">Member Posts<\/h2>\t\t\t\t<\/div>\n\t\t\t\t<\/div>\n\t\t\t\t<div class=\"elementor-element elementor-element-6996783 elementor-widget elementor-widget-text-editor\" data-id=\"6996783\" data-element_type=\"widget\" data-widget_type=\"text-editor.default\">\n\t\t\t\t<div class=\"elementor-widget-container\">\n\t\t\t\t\t\t\t\t\t<p>No posts<\/p>\t\t\t\t\t\t\t\t<\/div>\n\t\t\t\t<\/div>\n\t\t\t\t<div class=\"elementor-element elementor-element-62ed655 elementor-widget elementor-widget-heading\" data-id=\"62ed655\" data-element_type=\"widget\" data-widget_type=\"heading.default\">\n\t\t\t\t<div class=\"elementor-widget-container\">\n\t\t\t\t\t<h2 class=\"elementor-heading-title elementor-size-default\">Contact Member<\/h2>\t\t\t\t<\/div>\n\t\t\t\t<\/div>\n\t\t\t\t<div class=\"elementor-element elementor-element-f11ae3a elementor-button-align-center elementor-widget elementor-widget-form\" data-id=\"f11ae3a\" data-element_type=\"widget\" data-settings=\"{&quot;step_next_label&quot;:&quot;Next&quot;,&quot;step_previous_label&quot;:&quot;Previous&quot;,&quot;button_width&quot;:&quot;100&quot;,&quot;step_type&quot;:&quot;number_text&quot;,&quot;step_icon_shape&quot;:&quot;circle&quot;}\" data-widget_type=\"form.default\">\n\t\t\t\t<div class=\"elementor-widget-container\">\n\t\t\t\t\t\t\t<form class=\"elementor-form\" method=\"post\" name=\"Kontakt Albert Nikolla WEB\" aria-label=\"Kontakt Albert Nikolla WEB\" action=\"\">\n\t\t\t<input type=\"hidden\" name=\"post_id\" value=\"1094\"\/>\n\t\t\t<input type=\"hidden\" name=\"form_id\" value=\"f11ae3a\"\/>\n\t\t\t<input type=\"hidden\" name=\"referer_title\" value=\"Albert Nikolla - Autoriteti p\u00ebr Informimin mbi Dokumentet e Ish-Sigurimit t\u00eb Shtetit\" \/>\n\n\t\t\t\t\t\t\t<input type=\"hidden\" name=\"queried_id\" value=\"1094\"\/>\n\t\t\t\n\t\t\t<div class=\"elementor-form-fields-wrapper elementor-labels-above\">\n\t\t\t\t\t\t\t\t<div class=\"elementor-field-type-text elementor-field-group elementor-column elementor-field-group-name elementor-col-100\">\n\t\t\t\t\t\t\t\t\t\t\t\t<label for=\"form-field-name\" class=\"elementor-field-label\">\n\t\t\t\t\t\t\t\tName\t\t\t\t\t\t\t<\/label>\n\t\t\t\t\t\t\t\t\t\t\t\t\t\t<input size=\"1\" type=\"text\" name=\"form_fields[name]\" id=\"form-field-name\" class=\"elementor-field elementor-size-sm  elementor-field-textual\">\n\t\t\t\t\t\t\t\t\t\t\t<\/div>\n\t\t\t\t\t\t\t\t<div class=\"elementor-field-type-email elementor-field-group elementor-column elementor-field-group-email elementor-col-100 elementor-field-required elementor-mark-required\">\n\t\t\t\t\t\t\t\t\t\t\t\t<label for=\"form-field-email\" class=\"elementor-field-label\">\n\t\t\t\t\t\t\t\tEmail\t\t\t\t\t\t\t<\/label>\n\t\t\t\t\t\t\t\t\t\t\t\t\t\t<input size=\"1\" type=\"email\" name=\"form_fields[email]\" id=\"form-field-email\" class=\"elementor-field elementor-size-sm  elementor-field-textual\" required=\"required\">\n\t\t\t\t\t\t\t\t\t\t\t<\/div>\n\t\t\t\t\t\t\t\t<div class=\"elementor-field-type-textarea elementor-field-group elementor-column elementor-field-group-message elementor-col-100 elementor-field-required elementor-mark-required\">\n\t\t\t\t\t\t\t\t\t\t\t\t<label for=\"form-field-message\" class=\"elementor-field-label\">\n\t\t\t\t\t\t\t\tMessage\t\t\t\t\t\t\t<\/label>\n\t\t\t\t\t\t<textarea class=\"elementor-field-textual elementor-field  elementor-size-sm\" name=\"form_fields[message]\" id=\"form-field-message\" rows=\"3\" required=\"required\"><\/textarea>\t\t\t\t<\/div>\n\t\t\t\t\t\t\t\t<div class=\"elementor-field-group elementor-column elementor-field-type-submit elementor-col-100 e-form__buttons\">\n\t\t\t\t\t<button class=\"elementor-button elementor-size-sm\" type=\"submit\">\n\t\t\t\t\t\t<span class=\"elementor-button-content-wrapper\">\n\t\t\t\t\t\t\t\t\t\t\t\t\t\t\t\t\t\t\t\t\t\t<span class=\"elementor-button-text\">Send<\/span>\n\t\t\t\t\t\t\t\t\t\t\t\t\t<\/span>\n\t\t\t\t\t<\/button>\n\t\t\t\t<\/div>\n\t\t\t<\/div>\n\t\t<input type=\"hidden\" name=\"trp-form-language\" value=\"en\"\/><\/form>\n\t\t\t\t\t\t<\/div>\n\t\t\t\t<\/div>\n\t\t\t\t<\/div>\n\t\t\t\t<\/div>\n\t\t\t\t\t<\/div>\n\t\t\t\t<\/div>\n\t\t\t\t<\/div>","protected":false},"excerpt":{"rendered":"<p>Shkarko CV Albert Nikolla Albert P. Nikolla \u00ebsht\u00eb an\u00ebtar i Autoritetit p\u00ebr Informimin mbi Dokumentet e ish-Sigurimit t\u00eb Shtetit q\u00eb prej Qershorit t\u00eb vitit 2022 . Ai ka nj\u00eb formim t\u00eb thelluar n\u00eb fush\u00ebn e antropologjis\u00eb kulturore dhe p\u00ebrvoj\u00eb t\u00eb gjer\u00eb n\u00eb administrat\u00ebn publike dhe n\u00eb shoq\u00ebrin\u00eb civile.Formimi i tij akademik nd\u00ebrthur filozofin\u00eb, etik\u00ebn politike [&hellip;]<\/p>","protected":false},"author":1,"featured_media":6852,"parent":821,"menu_order":0,"comment_status":"closed","ping_status":"closed","template":"","meta":{"_acf_changed":false,"footnotes":""},"class_list":["post-1094","page","type-page","status-publish","has-post-thumbnail","hentry"],"acf":[],"_links":{"self":[{"href":"https:\/\/aidssh.al\/en\/wp-json\/wp\/v2\/pages\/1094","targetHints":{"allow":["GET"]}}],"collection":[{"href":"https:\/\/aidssh.al\/en\/wp-json\/wp\/v2\/pages"}],"about":[{"href":"https:\/\/aidssh.al\/en\/wp-json\/wp\/v2\/types\/page"}],"author":[{"embeddable":true,"href":"https:\/\/aidssh.al\/en\/wp-json\/wp\/v2\/users\/1"}],"replies":[{"embeddable":true,"href":"https:\/\/aidssh.al\/en\/wp-json\/wp\/v2\/comments?post=1094"}],"version-history":[{"count":0,"href":"https:\/\/aidssh.al\/en\/wp-json\/wp\/v2\/pages\/1094\/revisions"}],"up":[{"embeddable":true,"href":"https:\/\/aidssh.al\/en\/wp-json\/wp\/v2\/pages\/821"}],"wp:featuredmedia":[{"embeddable":true,"href":"https:\/\/aidssh.al\/en\/wp-json\/wp\/v2\/media\/6852"}],"wp:attachment":[{"href":"https:\/\/aidssh.al\/en\/wp-json\/wp\/v2\/media?parent=1094"}],"curies":[{"name":"wp","href":"https:\/\/api.w.org\/{rel}","templated":true}]}}