{"id":1106,"date":"2025-06-17T13:20:01","date_gmt":"2025-06-17T11:20:01","guid":{"rendered":"https:\/\/aidssh.instant.al\/?page_id=1106"},"modified":"2025-10-13T11:00:11","modified_gmt":"2025-10-13T09:00:11","slug":"altin-hoxha","status":"publish","type":"page","link":"https:\/\/aidssh.al\/en\/autoriteti\/anetaret\/altin-hoxha\/","title":{"rendered":", Altin Hoxha"},"content":{"rendered":"<div data-elementor-type=\"wp-page\" data-elementor-id=\"1106\" class=\"elementor elementor-1106\" data-elementor-post-type=\"page\">\n\t\t\t\t<div class=\"elementor-element elementor-element-1883d2d e-con-full e-flex e-con e-parent\" data-id=\"1883d2d\" data-element_type=\"container\">\n\t\t\t\t<div class=\"elementor-element elementor-element-47fa68a elementor-widget elementor-widget-template\" data-id=\"47fa68a\" data-element_type=\"widget\" data-widget_type=\"template.default\">\n\t\t\t\t<div class=\"elementor-widget-container\">\n\t\t\t\t\t\t\t<div class=\"elementor-template\">\n\t\t\t\t\t<div data-elementor-type=\"container\" data-elementor-id=\"866\" class=\"elementor elementor-866\" data-elementor-post-type=\"elementor_library\">\n\t\t\t\t<div class=\"elementor-element elementor-element-58c6923c e-flex e-con-boxed e-con e-parent\" data-id=\"58c6923c\" data-element_type=\"container\" data-settings=\"{&quot;background_background&quot;:&quot;classic&quot;}\">\n\t\t\t\t\t<div class=\"e-con-inner\">\n\t\t\t\t<div class=\"elementor-element elementor-element-3356bc54 elementor-widget elementor-widget-heading\" data-id=\"3356bc54\" data-element_type=\"widget\" data-widget_type=\"heading.default\">\n\t\t\t\t<div class=\"elementor-widget-container\">\n\t\t\t\t\t<h1 class=\"elementor-heading-title elementor-size-default\">, Altin Hoxha<\/h1>\t\t\t\t<\/div>\n\t\t\t\t<\/div>\n\t\t\t\t\t<\/div>\n\t\t\t\t<\/div>\n\t\t\t\t<\/div>\n\t\t\t\t<\/div>\n\t\t\t\t\t\t<\/div>\n\t\t\t\t<\/div>\n\t\t\t\t<\/div>\n\t\t<div class=\"elementor-element elementor-element-9ec8220 e-flex e-con-boxed e-con e-parent\" data-id=\"9ec8220\" data-element_type=\"container\" id=\"kuti-marpad\">\n\t\t\t\t\t<div class=\"e-con-inner\">\n\t\t<div class=\"elementor-element elementor-element-3e90797 e-con-full e-flex e-con e-child\" data-id=\"3e90797\" data-element_type=\"container\">\n\t\t<div class=\"elementor-element elementor-element-79aa50f e-con-full e-flex e-con e-child\" data-id=\"79aa50f\" data-element_type=\"container\">\n\t\t\t\t<div class=\"elementor-element elementor-element-56bd3c6 elementor-widget-mobile__width-inherit elementor-widget elementor-widget-image\" data-id=\"56bd3c6\" data-element_type=\"widget\" data-widget_type=\"image.default\">\n\t\t\t\t<div class=\"elementor-widget-container\">\n\t\t\t\t\t\t\t\t\t\t\t\t<figure class=\"wp-caption\">\n\t\t\t\t\t\t\t\t\t\t\t<a href=\"#\" target=\"_blank\">\n\t\t\t\t\t\t\t<img fetchpriority=\"high\" decoding=\"async\" width=\"1200\" height=\"800\" src=\"https:\/\/aidssh.al\/wp-content\/uploads\/2025\/07\/53270763_1182379458625587_1548766546967396352_o.jpg\" class=\"attachment-full size-full wp-image-8546\" alt=\"\" srcset=\"https:\/\/aidssh.al\/wp-content\/uploads\/2025\/07\/53270763_1182379458625587_1548766546967396352_o.jpg 1200w, https:\/\/aidssh.al\/wp-content\/uploads\/2025\/07\/53270763_1182379458625587_1548766546967396352_o-300x200.jpg 300w, https:\/\/aidssh.al\/wp-content\/uploads\/2025\/07\/53270763_1182379458625587_1548766546967396352_o-1024x683.jpg 1024w, https:\/\/aidssh.al\/wp-content\/uploads\/2025\/07\/53270763_1182379458625587_1548766546967396352_o-768x512.jpg 768w, https:\/\/aidssh.al\/wp-content\/uploads\/2025\/07\/53270763_1182379458625587_1548766546967396352_o-18x12.jpg 18w\" sizes=\"(max-width: 1200px) 100vw, 1200px\" \/>\t\t\t\t\t\t\t\t<\/a>\n\t\t\t\t\t\t\t\t\t\t\t<figcaption class=\"widget-image-caption wp-caption-text\"><a href=\"https:\/\/aidssh.al\/wp-content\/uploads\/2025\/07\/Altin-Hoxha-cv.docx\" download>Download CV<\/a><\/figcaption>\n\t\t\t\t\t\t\t\t\t\t<\/figure>\n\t\t\t\t\t\t\t\t\t<\/div>\n\t\t\t\t<\/div>\n\t\t\t\t<div class=\"elementor-element elementor-element-cbb7c12 elementor-widget__width-initial elementor-widget elementor-widget-heading\" data-id=\"cbb7c12\" data-element_type=\"widget\" data-widget_type=\"heading.default\">\n\t\t\t\t<div class=\"elementor-widget-container\">\n\t\t\t\t\t<h2 class=\"elementor-heading-title elementor-size-default\"><span style=\"color: #f5821f\">, Altin Hoxha<\/span><\/h2>\t\t\t\t<\/div>\n\t\t\t\t<\/div>\n\t\t\t\t<div class=\"elementor-element elementor-element-fa41df5 elementor-widget elementor-widget-text-editor\" data-id=\"fa41df5\" data-element_type=\"widget\" data-widget_type=\"text-editor.default\">\n\t\t\t\t<div class=\"elementor-widget-container\">\n\t\t\t\t\t\t\t\t\t<p class=\"translation-block\">Altin Hoxha is an elected member of the Authority for Information on Former State Security Documents (AIDSSH), serving in this position since 2016. He has been elected twice by the Albanian Parliament as part of the collegial body that leads the institution responsible for access, preservation and administration of former State Security documents, being a consistent voice in support of the right to know and historical transparency.<br>During the exercise of his mandate, Altin Hoxha has represented the Authority in a number of international forums and official meetings with European counterpart memory institutions, including participation in conferences and symposia in Poland, Italy, Brussels, Helsinki and other countries. The focus of his engagement has been the exchange of best practices for the administration of the archives of the secret services of the former communist regimes, as well as the strengthening of inter-institutional cooperation at the European level.<br>Prior to his engagement in AIDSSH, Altin Hoxha has built a long career in the field of national security, where he has held important leadership positions within the State Intelligence Service (SHISH). He has served, among others, as Director of the Security Directorate, Director of the Interception Directorate, and Head of Branch in the Central Apparatus. In these duties, he has dealt with the management of classified information, risk assessment and building analytical capacities of intelligence structures.<br>With a broad academic background, Altin Hoxha graduated in Petroleum Engineering at the Polytechnic University of Tirana and completed a Master in Security at UFO University. During his career, he has attended dozens of trainings at home and abroad, including advanced programs in data analysis, monitoring technology and archival administration, such as the training held in Berlin at the Federal Stasi Files Agency.<br>In addition to his professional training, he is also known for his passion for the sport of chess, where he has represented the Butrint team in international competitions.<br>Altin Hoxha remains an important contributor to the efforts to shed light on the communist past and protect historical memory in order to serve a democratic future.<\/p>\t\t\t\t\t\t\t\t<\/div>\n\t\t\t\t<\/div>\n\t\t\t\t<\/div>\n\t\t<div class=\"elementor-element elementor-element-1ddd5c1 e-con-full e-flex e-con e-child\" data-id=\"1ddd5c1\" data-element_type=\"container\">\n\t\t\t\t<div class=\"elementor-element elementor-element-8d4ef73 elementor-widget elementor-widget-heading\" data-id=\"8d4ef73\" data-element_type=\"widget\" data-widget_type=\"heading.default\">\n\t\t\t\t<div class=\"elementor-widget-container\">\n\t\t\t\t\t<h2 class=\"elementor-heading-title elementor-size-default\">Member posts<\/h2>\t\t\t\t<\/div>\n\t\t\t\t<\/div>\n\t\t\t\t<div class=\"elementor-element elementor-element-0ac798c elementor-grid-1 elementor-posts--thumbnail-none elementor-grid-tablet-2 elementor-grid-mobile-1 elementor-widget elementor-widget-posts\" data-id=\"0ac798c\" data-element_type=\"widget\" data-settings=\"{&quot;classic_columns&quot;:&quot;1&quot;,&quot;classic_row_gap&quot;:{&quot;unit&quot;:&quot;px&quot;,&quot;size&quot;:20,&quot;sizes&quot;:[]},&quot;classic_columns_tablet&quot;:&quot;2&quot;,&quot;classic_columns_mobile&quot;:&quot;1&quot;,&quot;classic_row_gap_laptop&quot;:{&quot;unit&quot;:&quot;px&quot;,&quot;size&quot;:&quot;&quot;,&quot;sizes&quot;:[]},&quot;classic_row_gap_tablet&quot;:{&quot;unit&quot;:&quot;px&quot;,&quot;size&quot;:&quot;&quot;,&quot;sizes&quot;:[]},&quot;classic_row_gap_mobile&quot;:{&quot;unit&quot;:&quot;px&quot;,&quot;size&quot;:&quot;&quot;,&quot;sizes&quot;:[]}}\" data-widget_type=\"posts.classic\">\n\t\t\t\t<div class=\"elementor-widget-container\">\n\t\t\t\t\t\t\t<div class=\"elementor-posts-container elementor-posts elementor-posts--skin-classic elementor-grid\" role=\"list\">\n\t\t\t\t<article class=\"elementor-post elementor-grid-item post-10867 post type-post status-publish format-standard has-post-thumbnail hentry category-postime-altin-hoxha category-lajme\" role=\"listitem\">\n\t\t\t\t<div class=\"elementor-post__text\">\n\t\t\t\t<p class=\"elementor-post__title\">\n\t\t\t<a href=\"https:\/\/aidssh.al\/en\/raportimi-ne-kuvend-mbi-veprimtarine-vjetore-te-autoritetit-per-informimin-mbi-dokumentet-e-ish-sigurimit-te-shtetit-per-vitin-2024\/\">\n\t\t\t\tRaportimi n\u00eb Kuvend mbi veprimtarin\u00eb vjetore t\u00eb Autoritetit p\u00ebr Informimin mbi Dokumentet e ish-Sigurimit t\u00eb Shtetit p\u00ebr vitin 2024.\t\t\t<\/a>\n\t\t<\/p>\n\t\t\t\t<div class=\"elementor-post__meta-data\">\n\t\t\t\t\t<span class=\"elementor-post-date\">\n\t\t\t06\/11\/2025\t\t<\/span>\n\t\t\t\t<\/div>\n\t\t\t\t<div class=\"elementor-post__excerpt\">\n\t\t\t<p>Raporton: An\u00ebtari i Autoritetit, z. Altin Hoxha N\u00eb em\u00ebr t\u00eb Autoritetit p\u00ebr Informimin mbi Dokumentet<\/p>\n\t\t<\/div>\n\t\t\t\t<\/div>\n\t\t\t\t<\/article>\n\t\t\t\t<article class=\"elementor-post elementor-grid-item post-10165 post type-post status-publish format-standard has-post-thumbnail hentry category-postime-altin-hoxha\" role=\"listitem\">\n\t\t\t\t<div class=\"elementor-post__text\">\n\t\t\t\t<p class=\"elementor-post__title\">\n\t\t\t<a href=\"https:\/\/aidssh.al\/en\/hetimi-administrativ-i-dosjes-camajt-vleresim-profesional-mbi-nje-figure-te-ndritur-te-kultures-shqiptare\/\">\n\t\t\t\tHetimi administrativ i dosjes Camajt: Vler\u00ebsim profesional mbi nj\u00eb figur\u00eb t\u00eb ndritur t\u00eb kultur\u00ebs shqiptare\t\t\t<\/a>\n\t\t<\/p>\n\t\t\t\t<div class=\"elementor-post__meta-data\">\n\t\t\t\t\t<span class=\"elementor-post-date\">\n\t\t\t09\/10\/2025\t\t<\/span>\n\t\t\t\t<\/div>\n\t\t\t\t<div class=\"elementor-post__excerpt\">\n\t\t\t<p>Fjala e z. Altin Hoxha&nbsp;mbajtur n\u00eb aktivitetin e Qendr\u00ebs s\u00eb Librit, me rastin e 100-vjetorit<\/p>\n\t\t<\/div>\n\t\t\t\t<\/div>\n\t\t\t\t<\/article>\n\t\t\t\t<article class=\"elementor-post elementor-grid-item post-11481 post type-post status-publish format-standard has-post-thumbnail hentry category-postime-altin-hoxha\" role=\"listitem\">\n\t\t\t\t<div class=\"elementor-post__text\">\n\t\t\t\t<p class=\"elementor-post__title\">\n\t\t\t<a href=\"https:\/\/aidssh.al\/en\/altin-hoxha-cfare-gjeta-ne-arkiv-mbi-survejimin-politik-te-daut-gumenin\/\">\n\t\t\t\tAltin Hoxha : \u00c7far\u00eb gjeta n\u00eb arkiv mbi survejimin politik t\u00eb Daut Gumenin*\t\t\t<\/a>\n\t\t<\/p>\n\t\t\t\t<div class=\"elementor-post__meta-data\">\n\t\t\t\t\t<span class=\"elementor-post-date\">\n\t\t\t06\/06\/2025\t\t<\/span>\n\t\t\t\t<\/div>\n\t\t\t\t<div class=\"elementor-post__excerpt\">\n\t\t\t<p>5 dhjetor, Athin\u00eb&#8211; Jam shum\u00eb i nderuar q\u00eb ndodhem n\u00eb k\u00ebt\u00eb aktivitet n\u00eb nderim t\u00eb<\/p>\n\t\t<\/div>\n\t\t\t\t<\/div>\n\t\t\t\t<\/article>\n\t\t\t\t<\/div>\n\t\t\n\t\t\t\t\t\t<\/div>\n\t\t\t\t<\/div>\n\t\t\t\t<div class=\"elementor-element elementor-element-55e752a elementor-widget elementor-widget-heading\" data-id=\"55e752a\" data-element_type=\"widget\" data-widget_type=\"heading.default\">\n\t\t\t\t<div class=\"elementor-widget-container\">\n\t\t\t\t\t<h2 class=\"elementor-heading-title elementor-size-default\">Contact the member<\/h2>\t\t\t\t<\/div>\n\t\t\t\t<\/div>\n\t\t\t\t<div class=\"elementor-element elementor-element-8e72aa7 elementor-button-align-center elementor-widget elementor-widget-form\" data-id=\"8e72aa7\" data-element_type=\"widget\" data-settings=\"{&quot;step_next_label&quot;:&quot;Next&quot;,&quot;step_previous_label&quot;:&quot;Previous&quot;,&quot;button_width&quot;:&quot;100&quot;,&quot;step_type&quot;:&quot;number_text&quot;,&quot;step_icon_shape&quot;:&quot;circle&quot;}\" data-widget_type=\"form.default\">\n\t\t\t\t<div class=\"elementor-widget-container\">\n\t\t\t\t\t\t\t<form class=\"elementor-form\" method=\"post\" name=\"Kontakt Altin Hoxha WEB\" aria-label=\"Kontakt Altin Hoxha WEB\" action=\"\">\n\t\t\t<input type=\"hidden\" name=\"post_id\" value=\"1106\"\/>\n\t\t\t<input type=\"hidden\" name=\"form_id\" value=\"8e72aa7\"\/>\n\t\t\t<input type=\"hidden\" name=\"referer_title\" value=\"Altin Hoxha - Autoriteti p\u00ebr Informimin mbi Dokumentet e Ish-Sigurimit t\u00eb Shtetit\" \/>\n\n\t\t\t\t\t\t\t<input type=\"hidden\" name=\"queried_id\" value=\"1106\"\/>\n\t\t\t\n\t\t\t<div class=\"elementor-form-fields-wrapper elementor-labels-above\">\n\t\t\t\t\t\t\t\t<div class=\"elementor-field-type-text elementor-field-group elementor-column elementor-field-group-name elementor-col-100\">\n\t\t\t\t\t\t\t\t\t\t\t\t<label for=\"form-field-name\" class=\"elementor-field-label\">\n\t\t\t\t\t\t\t\tName\t\t\t\t\t\t\t<\/label>\n\t\t\t\t\t\t\t\t\t\t\t\t\t\t<input size=\"1\" type=\"text\" name=\"form_fields[name]\" id=\"form-field-name\" class=\"elementor-field elementor-size-sm  elementor-field-textual\">\n\t\t\t\t\t\t\t\t\t\t\t<\/div>\n\t\t\t\t\t\t\t\t<div class=\"elementor-field-type-email elementor-field-group elementor-column elementor-field-group-email elementor-col-100 elementor-field-required elementor-mark-required\">\n\t\t\t\t\t\t\t\t\t\t\t\t<label for=\"form-field-email\" class=\"elementor-field-label\">\n\t\t\t\t\t\t\t\tEmail\t\t\t\t\t\t\t<\/label>\n\t\t\t\t\t\t\t\t\t\t\t\t\t\t<input size=\"1\" type=\"email\" name=\"form_fields[email]\" id=\"form-field-email\" class=\"elementor-field elementor-size-sm  elementor-field-textual\" required=\"required\">\n\t\t\t\t\t\t\t\t\t\t\t<\/div>\n\t\t\t\t\t\t\t\t<div class=\"elementor-field-type-textarea elementor-field-group elementor-column elementor-field-group-message elementor-col-100 elementor-field-required elementor-mark-required\">\n\t\t\t\t\t\t\t\t\t\t\t\t<label for=\"form-field-message\" class=\"elementor-field-label\">\n\t\t\t\t\t\t\t\tMessage\t\t\t\t\t\t\t<\/label>\n\t\t\t\t\t\t<textarea class=\"elementor-field-textual elementor-field  elementor-size-sm\" name=\"form_fields[message]\" id=\"form-field-message\" rows=\"3\" required=\"required\"><\/textarea>\t\t\t\t<\/div>\n\t\t\t\t\t\t\t\t<div class=\"elementor-field-group elementor-column elementor-field-type-submit elementor-col-100 e-form__buttons\">\n\t\t\t\t\t<button class=\"elementor-button elementor-size-sm\" type=\"submit\">\n\t\t\t\t\t\t<span class=\"elementor-button-content-wrapper\">\n\t\t\t\t\t\t\t\t\t\t\t\t\t\t\t\t\t\t\t\t\t\t<span class=\"elementor-button-text\">Send<\/span>\n\t\t\t\t\t\t\t\t\t\t\t\t\t<\/span>\n\t\t\t\t\t<\/button>\n\t\t\t\t<\/div>\n\t\t\t<\/div>\n\t\t<input type=\"hidden\" name=\"trp-form-language\" value=\"en\"\/><\/form>\n\t\t\t\t\t\t<\/div>\n\t\t\t\t<\/div>\n\t\t\t\t<\/div>\n\t\t\t\t<\/div>\n\t\t\t\t\t<\/div>\n\t\t\t\t<\/div>\n\t\t\t\t<\/div>","protected":false},"excerpt":{"rendered":"<p>Shkarko CV Altin Hoxha Altin Hoxha \u00ebsht\u00eb an\u00ebtar i zgjedhur i Autoritetit p\u00ebr Informimin mbi Dokumentet e ish-Sigurimit t\u00eb Shtetit (AIDSSH), duke sh\u00ebrbyer n\u00eb k\u00ebt\u00eb detyr\u00eb prej vitit 2016. Ai \u00ebsht\u00eb zgjedhur dy her\u00eb nga Kuvendi i Shqip\u00ebris\u00eb si pjes\u00eb e organit kolegjial q\u00eb drejton institucionin p\u00ebrgjegj\u00ebs p\u00ebr aksesin, ruajtjen dhe administrimin e dokumenteve t\u00eb [&hellip;]<\/p>","protected":false},"author":1,"featured_media":533,"parent":821,"menu_order":0,"comment_status":"closed","ping_status":"closed","template":"","meta":{"_acf_changed":false,"footnotes":""},"class_list":["post-1106","page","type-page","status-publish","has-post-thumbnail","hentry"],"acf":[],"_links":{"self":[{"href":"https:\/\/aidssh.al\/en\/wp-json\/wp\/v2\/pages\/1106","targetHints":{"allow":["GET"]}}],"collection":[{"href":"https:\/\/aidssh.al\/en\/wp-json\/wp\/v2\/pages"}],"about":[{"href":"https:\/\/aidssh.al\/en\/wp-json\/wp\/v2\/types\/page"}],"author":[{"embeddable":true,"href":"https:\/\/aidssh.al\/en\/wp-json\/wp\/v2\/users\/1"}],"replies":[{"embeddable":true,"href":"https:\/\/aidssh.al\/en\/wp-json\/wp\/v2\/comments?post=1106"}],"version-history":[{"count":0,"href":"https:\/\/aidssh.al\/en\/wp-json\/wp\/v2\/pages\/1106\/revisions"}],"up":[{"embeddable":true,"href":"https:\/\/aidssh.al\/en\/wp-json\/wp\/v2\/pages\/821"}],"wp:featuredmedia":[{"embeddable":true,"href":"https:\/\/aidssh.al\/en\/wp-json\/wp\/v2\/media\/533"}],"wp:attachment":[{"href":"https:\/\/aidssh.al\/en\/wp-json\/wp\/v2\/media?parent=1106"}],"curies":[{"name":"wp","href":"https:\/\/api.w.org\/{rel}","templated":true}]}}