{"id":1109,"date":"2025-06-17T13:20:21","date_gmt":"2025-06-17T11:20:21","guid":{"rendered":"https:\/\/aidssh.instant.al\/?page_id=1109"},"modified":"2025-12-11T16:42:21","modified_gmt":"2025-12-11T15:42:21","slug":"skender-vrioni","status":"publish","type":"page","link":"https:\/\/aidssh.al\/en\/autoriteti\/anetaret\/skender-vrioni\/","title":{"rendered":"Sk\u00ebnder Vrioni"},"content":{"rendered":"<div data-elementor-type=\"wp-page\" data-elementor-id=\"1109\" class=\"elementor elementor-1109\" data-elementor-post-type=\"page\">\n\t\t\t\t<div class=\"elementor-element elementor-element-1883d2d e-con-full e-flex e-con e-parent\" data-id=\"1883d2d\" data-element_type=\"container\">\n\t\t\t\t<div class=\"elementor-element elementor-element-47fa68a elementor-widget elementor-widget-template\" data-id=\"47fa68a\" data-element_type=\"widget\" data-widget_type=\"template.default\">\n\t\t\t\t<div class=\"elementor-widget-container\">\n\t\t\t\t\t\t\t<div class=\"elementor-template\">\n\t\t\t\t\t<div data-elementor-type=\"container\" data-elementor-id=\"866\" class=\"elementor elementor-866\" data-elementor-post-type=\"elementor_library\">\n\t\t\t\t<div class=\"elementor-element elementor-element-58c6923c e-flex e-con-boxed e-con e-parent\" data-id=\"58c6923c\" data-element_type=\"container\" data-settings=\"{&quot;background_background&quot;:&quot;classic&quot;}\">\n\t\t\t\t\t<div class=\"e-con-inner\">\n\t\t\t\t<div class=\"elementor-element elementor-element-3356bc54 elementor-widget elementor-widget-heading\" data-id=\"3356bc54\" data-element_type=\"widget\" data-widget_type=\"heading.default\">\n\t\t\t\t<div class=\"elementor-widget-container\">\n\t\t\t\t\t<h1 class=\"elementor-heading-title elementor-size-default\">Sk\u00ebnder Vrioni<\/h1>\t\t\t\t<\/div>\n\t\t\t\t<\/div>\n\t\t\t\t\t<\/div>\n\t\t\t\t<\/div>\n\t\t\t\t<\/div>\n\t\t\t\t<\/div>\n\t\t\t\t\t\t<\/div>\n\t\t\t\t<\/div>\n\t\t\t\t<\/div>\n\t\t<div class=\"elementor-element elementor-element-9ec8220 e-flex e-con-boxed e-con e-parent\" data-id=\"9ec8220\" data-element_type=\"container\" id=\"kuti-marpad\">\n\t\t\t\t\t<div class=\"e-con-inner\">\n\t\t<div class=\"elementor-element elementor-element-3e90797 e-con-full e-flex e-con e-child\" data-id=\"3e90797\" data-element_type=\"container\">\n\t\t<div class=\"elementor-element elementor-element-79aa50f e-con-full e-flex e-con e-child\" data-id=\"79aa50f\" data-element_type=\"container\">\n\t\t\t\t<div class=\"elementor-element elementor-element-56bd3c6 elementor-widget-mobile__width-inherit elementor-widget elementor-widget-image\" data-id=\"56bd3c6\" data-element_type=\"widget\" data-widget_type=\"image.default\">\n\t\t\t\t<div class=\"elementor-widget-container\">\n\t\t\t\t\t\t\t\t\t\t\t\t<figure class=\"wp-caption\">\n\t\t\t\t\t\t\t\t\t\t\t<a href=\"#\" target=\"_blank\">\n\t\t\t\t\t\t\t<img fetchpriority=\"high\" decoding=\"async\" width=\"534\" height=\"670\" src=\"https:\/\/aidssh.al\/wp-content\/uploads\/2025\/07\/488433744_975778961333220_8812255665269729191_n-e1753441267825.jpg\" class=\"attachment-full size-full wp-image-8574\" alt=\"\" srcset=\"https:\/\/aidssh.al\/wp-content\/uploads\/2025\/07\/488433744_975778961333220_8812255665269729191_n-e1753441267825.jpg 534w, https:\/\/aidssh.al\/wp-content\/uploads\/2025\/07\/488433744_975778961333220_8812255665269729191_n-e1753441267825-239x300.jpg 239w, https:\/\/aidssh.al\/wp-content\/uploads\/2025\/07\/488433744_975778961333220_8812255665269729191_n-e1753441267825-10x12.jpg 10w\" sizes=\"(max-width: 534px) 100vw, 534px\" \/>\t\t\t\t\t\t\t\t<\/a>\n\t\t\t\t\t\t\t\t\t\t\t<figcaption class=\"widget-image-caption wp-caption-text\"><a href=\"https:\/\/aidssh.al\/wp-content\/uploads\/2025\/07\/CV-Skender-Vrioni.doc\" download>Download CV<\/a><\/figcaption>\n\t\t\t\t\t\t\t\t\t\t<\/figure>\n\t\t\t\t\t\t\t\t\t<\/div>\n\t\t\t\t<\/div>\n\t\t\t\t<div class=\"elementor-element elementor-element-cbb7c12 elementor-widget__width-initial elementor-widget elementor-widget-heading\" data-id=\"cbb7c12\" data-element_type=\"widget\" data-widget_type=\"heading.default\">\n\t\t\t\t<div class=\"elementor-widget-container\">\n\t\t\t\t\t<h2 class=\"elementor-heading-title elementor-size-default\"><span style=\"color: #f5821f\">Sk\u00ebnder Vrioni<\/span><\/h2>\t\t\t\t<\/div>\n\t\t\t\t<\/div>\n\t\t\t\t<div class=\"elementor-element elementor-element-3e2f68b elementor-widget elementor-widget-text-editor\" data-id=\"3e2f68b\" data-element_type=\"widget\" data-widget_type=\"text-editor.default\">\n\t\t\t\t<div class=\"elementor-widget-container\">\n\t\t\t\t\t\t\t\t\t<div data-olk-copy-source=\"MessageBody\" class=\"translation-block\">Sk\u00ebnder Vrioni has been a member of the Authority for Information on Former State Security Documents since 2022. This is his first mandate as part of the collegial decision-making body of AIDSSH, while contributing to the building of the institution since its opening through the position of Secretary General of AIDSSH. With extensive experience in public administration and a profile engaged in the field of human rights, Mr. Vrioni has continuously contributed to efforts to shed light on the past and strengthen historical memory in Albanian society.<br>Sk\u00ebnder Vrioni comes from a well-known family in the city of Berat, which during the communist regime was labeled as \"enemy of the popular power\", facing numerous political punishments, including the seizure of property and the restriction of civil rights. Although he completed high school with maximum results, he was denied the right to pursue higher education for many years. Only after 1991, he managed to attend the Faculty of Law at the University of Tirana, subsequently following a stable path in the service of public institutions and justice.<br>At the Files Authority, Mr. Vrioni has represented the institution with dignity in international symposia and conferences on transitional justice, historical memory and the archives of the secret services of the former communist regimes. He has been a speaker and lecturer at some of these activities, where he has shared the Albanian experience in dealing with the past, as well as contributed with presentations on the use of former Sigurimi documents as a source of education for the younger generations. The topics of his discussions are related to the importance of archival documents in civic formation, the right to know, and the need for continuous reflection on the totalitarian past.<br>Sk\u00ebnder Vrioni has previously held several key positions at the Authority: as Secretary General (2018\u20132022), Director of Security and Information Technology, and responsible for sectors covering institutional requirements and civic education issues. He also has extensive experience in the Central Election Commission, where he served as Secretary General, Director of Human Resources, and institutional trainer on electoral issues.<br>He has made a special contribution to the design and implementation of civic and legal education programs, as well as in the organization of trainings and communication with civil society, including lectures on the topics of lustration and vetting of the past.<br>Mr. Vrioni graduated in Jurisprudence from the University of Tirana and has held the title of \u201cLawyer\u201d since 2001. He also completed a Master in Administrative Sciences at the \u201cUFO\u201d University, and has been trained by international institutions such as OSCE, IFES, ITAP and others. He speaks English and Italian at a communication level, and has good computer skills.<br>His dedication to justice, respect for the truth and continuous contribution to strengthening institutional transparency make Sk\u00ebnder Vrioni an important voice in the journey to build a society that recognizes and faces the past in order to move towards the future with integrity.<\/div>\t\t\t\t\t\t\t\t<\/div>\n\t\t\t\t<\/div>\n\t\t\t\t<\/div>\n\t\t<div class=\"elementor-element elementor-element-1ddd5c1 e-con-full e-flex e-con e-child\" data-id=\"1ddd5c1\" data-element_type=\"container\">\n\t\t\t\t<div class=\"elementor-element elementor-element-be436ee elementor-widget elementor-widget-heading\" data-id=\"be436ee\" data-element_type=\"widget\" data-widget_type=\"heading.default\">\n\t\t\t\t<div class=\"elementor-widget-container\">\n\t\t\t\t\t<h2 class=\"elementor-heading-title elementor-size-default\">Member Posts<\/h2>\t\t\t\t<\/div>\n\t\t\t\t<\/div>\n\t\t\t\t<div class=\"elementor-element elementor-element-df238e0 elementor-grid-1 elementor-posts--thumbnail-none elementor-grid-tablet-2 elementor-grid-mobile-1 elementor-widget elementor-widget-posts\" data-id=\"df238e0\" data-element_type=\"widget\" data-settings=\"{&quot;classic_columns&quot;:&quot;1&quot;,&quot;classic_row_gap&quot;:{&quot;unit&quot;:&quot;px&quot;,&quot;size&quot;:20,&quot;sizes&quot;:[]},&quot;classic_columns_tablet&quot;:&quot;2&quot;,&quot;classic_columns_mobile&quot;:&quot;1&quot;,&quot;classic_row_gap_laptop&quot;:{&quot;unit&quot;:&quot;px&quot;,&quot;size&quot;:&quot;&quot;,&quot;sizes&quot;:[]},&quot;classic_row_gap_tablet&quot;:{&quot;unit&quot;:&quot;px&quot;,&quot;size&quot;:&quot;&quot;,&quot;sizes&quot;:[]},&quot;classic_row_gap_mobile&quot;:{&quot;unit&quot;:&quot;px&quot;,&quot;size&quot;:&quot;&quot;,&quot;sizes&quot;:[]}}\" data-widget_type=\"posts.classic\">\n\t\t\t\t<div class=\"elementor-widget-container\">\n\t\t\t\t\t\t\t<div class=\"elementor-posts-container elementor-posts elementor-posts--skin-classic elementor-grid\" role=\"list\">\n\t\t\t\t<article class=\"elementor-post elementor-grid-item post-11495 post type-post status-publish format-standard has-post-thumbnail hentry category-postime-skender-vrioni\" role=\"listitem\">\n\t\t\t\t<div class=\"elementor-post__text\">\n\t\t\t\t<p class=\"elementor-post__title\">\n\t\t\t<a href=\"https:\/\/aidssh.al\/en\/skender-vrioni-interpretim-i-traumes-historike-permes-letersise-ne-ditari-i-nje-samarpunuesit\/\" >\n\t\t\t\tSk\u00ebnder Vrioni: Interpretim i traum\u00ebs historike p\u00ebrmes let\u00ebrsis\u00eb n\u00eb \u201cDitari i nj\u00eb Samarpunuesit\u201d\t\t\t<\/a>\n\t\t<\/p>\n\t\t\t\t<div class=\"elementor-post__meta-data\">\n\t\t\t\t\t<span class=\"elementor-post-date\">\n\t\t\t06\/12\/2025\t\t<\/span>\n\t\t\t\t<\/div>\n\t\t\t\t<div class=\"elementor-post__excerpt\">\n\t\t\t<p>Si na udh\u00ebheq vepra e Daut Gumenit drejt s\u00eb v\u00ebrtet\u00ebs historike dhe dimensionit njer\u00ebzor t\u00eb<\/p>\n\t\t<\/div>\n\t\t\t\t<\/div>\n\t\t\t\t<\/article>\n\t\t\t\t<\/div>\n\t\t\n\t\t\t\t\t\t<\/div>\n\t\t\t\t<\/div>\n\t\t\t\t<div class=\"elementor-element elementor-element-8c9620d elementor-widget elementor-widget-heading\" data-id=\"8c9620d\" data-element_type=\"widget\" data-widget_type=\"heading.default\">\n\t\t\t\t<div class=\"elementor-widget-container\">\n\t\t\t\t\t<h2 class=\"elementor-heading-title elementor-size-default\">Contact Member<\/h2>\t\t\t\t<\/div>\n\t\t\t\t<\/div>\n\t\t\t\t<div class=\"elementor-element elementor-element-16cb189 elementor-button-align-center elementor-widget elementor-widget-form\" data-id=\"16cb189\" data-element_type=\"widget\" data-settings=\"{&quot;step_next_label&quot;:&quot;Next&quot;,&quot;step_previous_label&quot;:&quot;Previous&quot;,&quot;button_width&quot;:&quot;100&quot;,&quot;step_type&quot;:&quot;number_text&quot;,&quot;step_icon_shape&quot;:&quot;circle&quot;}\" data-widget_type=\"form.default\">\n\t\t\t\t<div class=\"elementor-widget-container\">\n\t\t\t\t\t\t\t<form class=\"elementor-form\" method=\"post\" name=\"Kontakt Sk\u00ebnder Vrioni WEB\" aria-label=\"Kontakt Sk\u00ebnder Vrioni WEB\" action=\"\">\n\t\t\t<input type=\"hidden\" name=\"post_id\" value=\"1109\"\/>\n\t\t\t<input type=\"hidden\" name=\"form_id\" value=\"16cb189\"\/>\n\t\t\t<input type=\"hidden\" name=\"referer_title\" value=\"Sk\u00ebnder Vrioni - Autoriteti p\u00ebr Informimin mbi Dokumentet e Ish-Sigurimit t\u00eb Shtetit\" \/>\n\n\t\t\t\t\t\t\t<input type=\"hidden\" name=\"queried_id\" value=\"1109\"\/>\n\t\t\t\n\t\t\t<div class=\"elementor-form-fields-wrapper elementor-labels-above\">\n\t\t\t\t\t\t\t\t<div class=\"elementor-field-type-text elementor-field-group elementor-column elementor-field-group-name elementor-col-100\">\n\t\t\t\t\t\t\t\t\t\t\t\t<label for=\"form-field-name\" class=\"elementor-field-label\">\n\t\t\t\t\t\t\t\tName\t\t\t\t\t\t\t<\/label>\n\t\t\t\t\t\t\t\t\t\t\t\t\t\t<input size=\"1\" type=\"text\" name=\"form_fields[name]\" id=\"form-field-name\" class=\"elementor-field elementor-size-sm  elementor-field-textual\">\n\t\t\t\t\t\t\t\t\t\t\t<\/div>\n\t\t\t\t\t\t\t\t<div class=\"elementor-field-type-email elementor-field-group elementor-column elementor-field-group-email elementor-col-100 elementor-field-required elementor-mark-required\">\n\t\t\t\t\t\t\t\t\t\t\t\t<label for=\"form-field-email\" class=\"elementor-field-label\">\n\t\t\t\t\t\t\t\tEmail\t\t\t\t\t\t\t<\/label>\n\t\t\t\t\t\t\t\t\t\t\t\t\t\t<input size=\"1\" type=\"email\" name=\"form_fields[email]\" id=\"form-field-email\" class=\"elementor-field elementor-size-sm  elementor-field-textual\" required=\"required\">\n\t\t\t\t\t\t\t\t\t\t\t<\/div>\n\t\t\t\t\t\t\t\t<div class=\"elementor-field-type-textarea elementor-field-group elementor-column elementor-field-group-message elementor-col-100 elementor-field-required elementor-mark-required\">\n\t\t\t\t\t\t\t\t\t\t\t\t<label for=\"form-field-message\" class=\"elementor-field-label\">\n\t\t\t\t\t\t\t\tMessage\t\t\t\t\t\t\t<\/label>\n\t\t\t\t\t\t<textarea class=\"elementor-field-textual elementor-field  elementor-size-sm\" name=\"form_fields[message]\" id=\"form-field-message\" rows=\"3\" required=\"required\"><\/textarea>\t\t\t\t<\/div>\n\t\t\t\t\t\t\t\t<div class=\"elementor-field-group elementor-column elementor-field-type-submit elementor-col-100 e-form__buttons\">\n\t\t\t\t\t<button class=\"elementor-button elementor-size-sm\" type=\"submit\">\n\t\t\t\t\t\t<span class=\"elementor-button-content-wrapper\">\n\t\t\t\t\t\t\t\t\t\t\t\t\t\t\t\t\t\t\t\t\t\t<span class=\"elementor-button-text\">Send<\/span>\n\t\t\t\t\t\t\t\t\t\t\t\t\t<\/span>\n\t\t\t\t\t<\/button>\n\t\t\t\t<\/div>\n\t\t\t<\/div>\n\t\t<input type=\"hidden\" name=\"trp-form-language\" value=\"en\"\/><\/form>\n\t\t\t\t\t\t<\/div>\n\t\t\t\t<\/div>\n\t\t\t\t<\/div>\n\t\t\t\t<\/div>\n\t\t\t\t\t<\/div>\n\t\t\t\t<\/div>\n\t\t<div class=\"elementor-element elementor-element-abd6c6a e-flex e-con-boxed e-con e-parent\" data-id=\"abd6c6a\" data-element_type=\"container\">\n\t\t\t\t\t<div class=\"e-con-inner\">\n\t\t<div class=\"elementor-element elementor-element-2e7f2b8 e-con-full e-flex e-con e-child\" data-id=\"2e7f2b8\" data-element_type=\"container\">\n\t\t\t\t<\/div>\n\t\t<div class=\"elementor-element elementor-element-476a1cb e-con-full e-flex e-con e-child\" data-id=\"476a1cb\" data-element_type=\"container\">\n\t\t\t\t<\/div>\n\t\t\t\t\t<\/div>\n\t\t\t\t<\/div>\n\t\t\t\t<\/div>","protected":false},"excerpt":{"rendered":"<p>Shkarko CV Sk\u00ebnder Vrioni Sk\u00ebnder Vrioni \u00ebsht\u00eb an\u00ebtar i Autoritetit p\u00ebr Informimin mbi Dokumentet e ish-Sigurimit t\u00eb Shtetit q\u00eb prej vitit 2022. Ky \u00ebsht\u00eb mandatin e tij t\u00eb par\u00eb si pjes\u00eb e organit vendimmarr\u00ebs kolegjial t\u00eb AIDSSH nd\u00ebrkohe qe kontribun p\u00ebr nd\u00ebrtimin e institucionit q\u00eb ne hapje t\u00eb tij p\u00ebrmes detyr\u00ebs s\u00eb Sekretarit t\u00eb P\u00ebrgjithsh\u00ebm [&hellip;]<\/p>","protected":false},"author":1,"featured_media":533,"parent":821,"menu_order":0,"comment_status":"closed","ping_status":"closed","template":"","meta":{"_acf_changed":false,"footnotes":""},"class_list":["post-1109","page","type-page","status-publish","has-post-thumbnail","hentry"],"acf":[],"_links":{"self":[{"href":"https:\/\/aidssh.al\/en\/wp-json\/wp\/v2\/pages\/1109","targetHints":{"allow":["GET"]}}],"collection":[{"href":"https:\/\/aidssh.al\/en\/wp-json\/wp\/v2\/pages"}],"about":[{"href":"https:\/\/aidssh.al\/en\/wp-json\/wp\/v2\/types\/page"}],"author":[{"embeddable":true,"href":"https:\/\/aidssh.al\/en\/wp-json\/wp\/v2\/users\/1"}],"replies":[{"embeddable":true,"href":"https:\/\/aidssh.al\/en\/wp-json\/wp\/v2\/comments?post=1109"}],"version-history":[{"count":3,"href":"https:\/\/aidssh.al\/en\/wp-json\/wp\/v2\/pages\/1109\/revisions"}],"predecessor-version":[{"id":11504,"href":"https:\/\/aidssh.al\/en\/wp-json\/wp\/v2\/pages\/1109\/revisions\/11504"}],"up":[{"embeddable":true,"href":"https:\/\/aidssh.al\/en\/wp-json\/wp\/v2\/pages\/821"}],"wp:featuredmedia":[{"embeddable":true,"href":"https:\/\/aidssh.al\/en\/wp-json\/wp\/v2\/media\/533"}],"wp:attachment":[{"href":"https:\/\/aidssh.al\/en\/wp-json\/wp\/v2\/media?parent=1109"}],"curies":[{"name":"wp","href":"https:\/\/api.w.org\/{rel}","templated":true}]}}