{"id":11115,"date":"2025-11-17T16:26:35","date_gmt":"2025-11-17T15:26:35","guid":{"rendered":"https:\/\/aidssh.al\/?page_id=11115"},"modified":"2025-11-18T11:26:47","modified_gmt":"2025-11-18T10:26:47","slug":"klubi-i-librit","status":"publish","type":"page","link":"https:\/\/aidssh.al\/en\/klubi-i-librit\/","title":{"rendered":"Book Club"},"content":{"rendered":"<div data-elementor-type=\"wp-page\" data-elementor-id=\"11115\" class=\"elementor elementor-11115\" data-elementor-post-type=\"page\">\n\t\t\t\t<div class=\"elementor-element elementor-element-2d838f4 e-con-full e-flex e-con e-parent\" data-id=\"2d838f4\" data-element_type=\"container\">\n\t\t\t\t<div class=\"elementor-element elementor-element-ad1c93c elementor-widget elementor-widget-template\" data-id=\"ad1c93c\" data-element_type=\"widget\" data-widget_type=\"template.default\">\n\t\t\t\t<div class=\"elementor-widget-container\">\n\t\t\t\t\t\t\t<div class=\"elementor-template\">\n\t\t\t\t\t<div data-elementor-type=\"container\" data-elementor-id=\"866\" class=\"elementor elementor-866\" data-elementor-post-type=\"elementor_library\">\n\t\t\t\t<div class=\"elementor-element elementor-element-58c6923c e-flex e-con-boxed e-con e-parent\" data-id=\"58c6923c\" data-element_type=\"container\" data-settings=\"{&quot;background_background&quot;:&quot;classic&quot;}\">\n\t\t\t\t\t<div class=\"e-con-inner\">\n\t\t\t\t<div class=\"elementor-element elementor-element-3356bc54 elementor-widget elementor-widget-heading\" data-id=\"3356bc54\" data-element_type=\"widget\" data-widget_type=\"heading.default\">\n\t\t\t\t<div class=\"elementor-widget-container\">\n\t\t\t\t\t<h1 class=\"elementor-heading-title elementor-size-default\">Book Club<\/h1>\t\t\t\t<\/div>\n\t\t\t\t<\/div>\n\t\t\t\t\t<\/div>\n\t\t\t\t<\/div>\n\t\t\t\t<\/div>\n\t\t\t\t<\/div>\n\t\t\t\t\t\t<\/div>\n\t\t\t\t<\/div>\n\t\t\t\t<\/div>\n\t\t<div class=\"elementor-element elementor-element-f501305 e-flex e-con-boxed e-con e-parent\" data-id=\"f501305\" data-element_type=\"container\">\n\t\t\t\t\t<div class=\"e-con-inner\">\n\t\t\t\t<div class=\"elementor-element elementor-element-059463d elementor-grid-1 elementor-widget__width-initial elementor-grid-tablet-2 elementor-grid-mobile-1 elementor-widget elementor-widget-loop-grid\" data-id=\"059463d\" data-element_type=\"widget\" data-settings=\"{&quot;template_id&quot;:&quot;7473&quot;,&quot;pagination_type&quot;:&quot;numbers&quot;,&quot;pagination_load_type&quot;:&quot;ajax&quot;,&quot;columns&quot;:1,&quot;_skin&quot;:&quot;post&quot;,&quot;columns_tablet&quot;:&quot;2&quot;,&quot;columns_mobile&quot;:&quot;1&quot;,&quot;edit_handle_selector&quot;:&quot;[data-elementor-type=\\&quot;loop-item\\&quot;]&quot;,&quot;row_gap&quot;:{&quot;unit&quot;:&quot;px&quot;,&quot;size&quot;:&quot;&quot;,&quot;sizes&quot;:[]},&quot;row_gap_laptop&quot;:{&quot;unit&quot;:&quot;px&quot;,&quot;size&quot;:&quot;&quot;,&quot;sizes&quot;:[]},&quot;row_gap_tablet&quot;:{&quot;unit&quot;:&quot;px&quot;,&quot;size&quot;:&quot;&quot;,&quot;sizes&quot;:[]},&quot;row_gap_mobile&quot;:{&quot;unit&quot;:&quot;px&quot;,&quot;size&quot;:&quot;&quot;,&quot;sizes&quot;:[]}}\" data-widget_type=\"loop-grid.post\">\n\t\t\t\t<div class=\"elementor-widget-container\">\n\t\t\t\t\t\t\t<div class=\"elementor-loop-container elementor-grid\" role=\"list\">\n\t\t<style id=\"loop-7473\">.elementor-7473 .elementor-element.elementor-element-3290ffc{--display:flex;--gap:10px 10px;--row-gap:10px;--column-gap:10px;}.elementor-7473 .elementor-element.elementor-element-3290ffc.e-con:hover{--e-con-transform-translateY:-6px;}.elementor-widget-image .widget-image-caption{font-family:var( --e-global-typography-text-font-family ), Sans-serif;font-weight:var( --e-global-typography-text-font-weight );}.elementor-7473 .elementor-element.elementor-element-b52c2bd > .elementor-widget-container{padding:0px 0px 0px 0px;border-style:solid;border-width:1px 1px 1px 1px;border-radius:10px 10px 10px 10px;}.elementor-7473 .elementor-element.elementor-element-b52c2bd img{width:100%;border-radius:10px 10px 10px 10px;}.elementor-widget-heading .elementor-heading-title{font-family:var( --e-global-typography-primary-font-family ), Sans-serif;font-weight:var( --e-global-typography-primary-font-weight );}.elementor-7473 .elementor-element.elementor-element-7492b3e > .elementor-widget-container{padding:5px 0px 5px 10px;border-style:solid;border-width:0px 0px 0px 2px;border-color:var( --e-global-color-accent );}.elementor-7473 .elementor-element.elementor-element-7492b3e .elementor-heading-title{font-family:\"SabonLTStd - Bold\", Sans-serif;font-size:16px;font-weight:700;text-transform:uppercase;line-height:17px;letter-spacing:0.2px;}@media(max-width:1366px){.elementor-7473 .elementor-element.elementor-element-b52c2bd > .elementor-widget-container{padding:0px 50px 0px 50px;}.elementor-7473 .elementor-element.elementor-element-b52c2bd img{height:150px;}.elementor-7473 .elementor-element.elementor-element-7492b3e .elementor-heading-title{font-size:17px;line-height:18px;}}@media(max-width:1024px){.elementor-7473 .elementor-element.elementor-element-7492b3e .elementor-heading-title{font-size:15px;line-height:16px;}}@media(max-width:767px){.elementor-7473 .elementor-element.elementor-element-b52c2bd > .elementor-widget-container{padding:0px 0px 0px 0px;}.elementor-7473 .elementor-element.elementor-element-b52c2bd img{width:100%;height:186px;object-fit:cover;object-position:center center;}.elementor-7473 .elementor-element.elementor-element-7492b3e .elementor-heading-title{font-size:16px;line-height:18px;}}<\/style>\t\t<div data-elementor-type=\"loop-item\" data-elementor-id=\"7473\" class=\"elementor elementor-7473 e-loop-item e-loop-item-11194 post-11194 post type-post status-publish format-standard has-post-thumbnail hentry category-klubi-i-librit tag-aidssh tag-autoriteti-i-dosjeve tag-klubi-i-filmit tag-mesojme-nga-e-kaluara\" data-elementor-post-type=\"elementor_library\" data-custom-edit-handle=\"1\">\n\t\t\t<div class=\"elementor-element elementor-element-3290ffc e-con-full e-transform e-flex e-con e-child\" data-id=\"3290ffc\" data-element_type=\"container\" data-settings=\"{&quot;_transform_translateY_effect_hover&quot;:{&quot;unit&quot;:&quot;px&quot;,&quot;size&quot;:-6,&quot;sizes&quot;:[]},&quot;_transform_translateX_effect_hover&quot;:{&quot;unit&quot;:&quot;px&quot;,&quot;size&quot;:&quot;&quot;,&quot;sizes&quot;:[]},&quot;_transform_translateX_effect_hover_laptop&quot;:{&quot;unit&quot;:&quot;px&quot;,&quot;size&quot;:&quot;&quot;,&quot;sizes&quot;:[]},&quot;_transform_translateX_effect_hover_tablet&quot;:{&quot;unit&quot;:&quot;px&quot;,&quot;size&quot;:&quot;&quot;,&quot;sizes&quot;:[]},&quot;_transform_translateX_effect_hover_mobile&quot;:{&quot;unit&quot;:&quot;px&quot;,&quot;size&quot;:&quot;&quot;,&quot;sizes&quot;:[]},&quot;_transform_translateY_effect_hover_laptop&quot;:{&quot;unit&quot;:&quot;px&quot;,&quot;size&quot;:&quot;&quot;,&quot;sizes&quot;:[]},&quot;_transform_translateY_effect_hover_tablet&quot;:{&quot;unit&quot;:&quot;px&quot;,&quot;size&quot;:&quot;&quot;,&quot;sizes&quot;:[]},&quot;_transform_translateY_effect_hover_mobile&quot;:{&quot;unit&quot;:&quot;px&quot;,&quot;size&quot;:&quot;&quot;,&quot;sizes&quot;:[]}}\">\n\t\t\t\t<div class=\"elementor-element elementor-element-b52c2bd elementor-widget elementor-widget-image\" data-id=\"b52c2bd\" data-element_type=\"widget\" data-widget_type=\"image.default\">\n\t\t\t\t<div class=\"elementor-widget-container\">\n\t\t\t\t\t\t\t\t\t\t\t\t\t\t\t\t<a href=\"https:\/\/aidssh.al\/en\/veshtrim-mbi-jeten-dhe-veprimtarine-e-familjes-sejko-teme-sejko\/\">\n\t\t\t\t\t\t\t<img fetchpriority=\"high\" decoding=\"async\" width=\"1417\" height=\"1985\" src=\"https:\/\/aidssh.al\/wp-content\/uploads\/2025\/10\/poster-konispol-50X70-1.png\" class=\"attachment-full size-full wp-image-11156\" alt=\"\" srcset=\"https:\/\/aidssh.al\/wp-content\/uploads\/2025\/10\/poster-konispol-50X70-1.png 1417w, https:\/\/aidssh.al\/wp-content\/uploads\/2025\/10\/poster-konispol-50X70-1-214x300.png 214w, https:\/\/aidssh.al\/wp-content\/uploads\/2025\/10\/poster-konispol-50X70-1-731x1024.png 731w, https:\/\/aidssh.al\/wp-content\/uploads\/2025\/10\/poster-konispol-50X70-1-768x1076.png 768w, https:\/\/aidssh.al\/wp-content\/uploads\/2025\/10\/poster-konispol-50X70-1-1096x1536.png 1096w, https:\/\/aidssh.al\/wp-content\/uploads\/2025\/10\/poster-konispol-50X70-1-9x12.png 9w\" sizes=\"(max-width: 1417px) 100vw, 1417px\" \/>\t\t\t\t\t\t\t\t<\/a>\n\t\t\t\t\t\t\t\t\t\t\t\t\t\t\t<\/div>\n\t\t\t\t<\/div>\n\t\t\t\t<div class=\"elementor-element elementor-element-7492b3e elementor-widget elementor-widget-heading\" data-id=\"7492b3e\" data-element_type=\"widget\" data-widget_type=\"heading.default\">\n\t\t\t\t<div class=\"elementor-widget-container\">\n\t\t\t\t\t<p class=\"elementor-heading-title elementor-size-default\"><a href=\"https:\/\/aidssh.al\/en\/veshtrim-mbi-jeten-dhe-veprimtarine-e-familjes-sejko-teme-sejko\/\">V\u00cbSHTRIM MBI JET\u00cbN DHE VEPRIMTARIN\u00cb E FAMILJES SEJKO (TEME SEJKO)<\/a><\/p>\t\t\t\t<\/div>\n\t\t\t\t<\/div>\n\t\t\t\t<\/div>\n\t\t\t\t<\/div>\n\t\t\t\t<\/div>\n\t\t\n\t\t\t\t\t\t<\/div>\n\t\t\t\t<\/div>\n\t\t\t\t\t<\/div>\n\t\t\t\t<\/div>\n\t\t\t\t<\/div>","protected":false},"excerpt":{"rendered":"","protected":false},"author":1,"featured_media":11151,"parent":0,"menu_order":0,"comment_status":"closed","ping_status":"closed","template":"","meta":{"_acf_changed":false,"footnotes":""},"class_list":["post-11115","page","type-page","status-publish","has-post-thumbnail","hentry"],"acf":[],"_links":{"self":[{"href":"https:\/\/aidssh.al\/en\/wp-json\/wp\/v2\/pages\/11115","targetHints":{"allow":["GET"]}}],"collection":[{"href":"https:\/\/aidssh.al\/en\/wp-json\/wp\/v2\/pages"}],"about":[{"href":"https:\/\/aidssh.al\/en\/wp-json\/wp\/v2\/types\/page"}],"author":[{"embeddable":true,"href":"https:\/\/aidssh.al\/en\/wp-json\/wp\/v2\/users\/1"}],"replies":[{"embeddable":true,"href":"https:\/\/aidssh.al\/en\/wp-json\/wp\/v2\/comments?post=11115"}],"version-history":[{"count":6,"href":"https:\/\/aidssh.al\/en\/wp-json\/wp\/v2\/pages\/11115\/revisions"}],"predecessor-version":[{"id":11152,"href":"https:\/\/aidssh.al\/en\/wp-json\/wp\/v2\/pages\/11115\/revisions\/11152"}],"wp:featuredmedia":[{"embeddable":true,"href":"https:\/\/aidssh.al\/en\/wp-json\/wp\/v2\/media\/11151"}],"wp:attachment":[{"href":"https:\/\/aidssh.al\/en\/wp-json\/wp\/v2\/media?parent=11115"}],"curies":[{"name":"wp","href":"https:\/\/api.w.org\/{rel}","templated":true}]}}