{"id":11398,"date":"2025-12-02T13:24:34","date_gmt":"2025-12-02T12:24:34","guid":{"rendered":"https:\/\/aidssh.al\/?page_id=11398"},"modified":"2025-12-02T13:26:17","modified_gmt":"2025-12-02T12:26:17","slug":"thirrje-per-konferencen-nderdisiplinore-aspekte-te-perndjekjes-politike-te-ish-sigurimit-te-shtetit-shqiptar-1944-1991","status":"publish","type":"page","link":"https:\/\/aidssh.al\/en\/studimi\/konferenca\/thirrje-per-konferencen-nderdisiplinore-aspekte-te-perndjekjes-politike-te-ish-sigurimit-te-shtetit-shqiptar-1944-1991\/","title":{"rendered":"THIRRJE P\u00cbR KONFERENC\u00cbN ND\u00cbRDISIPLINORE -ASPEKTE T\u00cb P\u00cbRNDJEKJES POLITIKE T\u00cb ISH-SIGURIMIT T\u00cb SHTETIT SHQIPTAR (1944-1991)"},"content":{"rendered":"<div data-elementor-type=\"wp-page\" data-elementor-id=\"11398\" class=\"elementor elementor-11398\" data-elementor-post-type=\"page\">\n\t\t\t\t<div class=\"elementor-element elementor-element-43a9401 e-con-full e-flex e-con e-parent\" data-id=\"43a9401\" data-element_type=\"container\">\n\t\t\t\t<div class=\"elementor-element elementor-element-72b34be elementor-widget elementor-widget-template\" data-id=\"72b34be\" data-element_type=\"widget\" data-widget_type=\"template.default\">\n\t\t\t\t<div class=\"elementor-widget-container\">\n\t\t\t\t\t\t\t<div class=\"elementor-template\">\n\t\t\t\t\t<div data-elementor-type=\"container\" data-elementor-id=\"866\" class=\"elementor elementor-866\" data-elementor-post-type=\"elementor_library\">\n\t\t\t\t<div class=\"elementor-element elementor-element-58c6923c e-flex e-con-boxed e-con e-parent\" data-id=\"58c6923c\" data-element_type=\"container\" data-settings=\"{&quot;background_background&quot;:&quot;classic&quot;}\">\n\t\t\t\t\t<div class=\"e-con-inner\">\n\t\t\t\t<div class=\"elementor-element elementor-element-3356bc54 elementor-widget elementor-widget-heading\" data-id=\"3356bc54\" data-element_type=\"widget\" data-widget_type=\"heading.default\">\n\t\t\t\t<div class=\"elementor-widget-container\">\n\t\t\t\t\t<h1 class=\"elementor-heading-title elementor-size-default\">THIRRJE P\u00cbR KONFERENC\u00cbN ND\u00cbRDISIPLINORE -ASPEKTE T\u00cb P\u00cbRNDJEKJES POLITIKE T\u00cb ISH-SIGURIMIT T\u00cb SHTETIT SHQIPTAR (1944-1991)<\/h1>\t\t\t\t<\/div>\n\t\t\t\t<\/div>\n\t\t\t\t\t<\/div>\n\t\t\t\t<\/div>\n\t\t\t\t<\/div>\n\t\t\t\t<\/div>\n\t\t\t\t\t\t<\/div>\n\t\t\t\t<\/div>\n\t\t\t\t<\/div>\n\t\t<div class=\"elementor-element elementor-element-75b7ed4 e-flex e-con-boxed e-con e-parent\" data-id=\"75b7ed4\" data-element_type=\"container\">\n\t\t\t\t\t<div class=\"e-con-inner\">\n\t\t<div class=\"elementor-element elementor-element-f78698b e-con-full e-flex e-con e-child\" data-id=\"f78698b\" data-element_type=\"container\">\n\t\t\t\t<div class=\"elementor-element elementor-element-e34ebfc elementor-widget elementor-widget-text-editor\" data-id=\"e34ebfc\" data-element_type=\"widget\" data-widget_type=\"text-editor.default\">\n\t\t\t\t<div class=\"elementor-widget-container\">\n\t\t\t\t\t\t\t\t\t<p><strong><span lang=\"EN-US\">The Authority for Information on Former State Security Documents, in cooperation with the Ministry of Infrastructure and Energy<br>\n<\/span><\/strong><strong><span lang=\"EN-US\">and the Faculty of Geology and Mining<br>\n<\/span><\/strong><strong>&nbsp;<\/strong><strong>Organizes:<\/strong><\/p>\n<p><strong>The scientific symposium<br>\n<\/strong><strong>&nbsp;<\/strong><strong>\u201cExploration and Development of the Oil Sector<br>\n<\/strong><strong>under the Control of State Security\u201d<\/strong><\/p><p><strong><br><\/strong><\/p><p><strong><br><\/strong><\/p>\n<p align=\"center\"><strong><a href=\"https:\/\/aidssh.al\/en\/konferenca\/simpoziumi-eksplorimi-dhe-zhvillimi-i-sektorit-te-naftes-nen-kontrollin-e-sigurimit-te-shtetit\/\"><span id=\"\" lang=\"EN-US\"><b>Call for presentations<\/b><\/span><\/a><\/strong><\/p><p align=\"center\"><br><\/p>\n<p align=\"center\"><a href=\"https:\/\/aidssh.al\/en\/konferenca\/konteksti-historik-dhe-programi\/\"><strong><span lang=\"EN-US\">Historical context and program<\/span><\/strong><\/a><\/p><p align=\"center\"><br><\/p>\n<p><a href=\"https:\/\/aidssh.al\/en\/celet-fondi-arkivor-i-deges-se-sigurimit-te-naftes-aidssh-simpozium-mbi-heronjte-e-shkences-gjeologjike-viktima-te-regjimit\/\"><strong>Media announcement: The archival fund of the Oil Security branch is opened, AIDSSH symposium on the heroes of geological science, victims of the regime<\/strong><\/a><\/p><p><br><\/p>\n<p><strong><a href=\"https:\/\/aidssh.al\/en\/studimi\/konferenca\/fjala-e-kryetares-se-aidssh-se-dr-gentiana-sula\/\"><b>Speech by the Chairwoman of AIDSSH, Dr. Gentiana Sula&nbsp;<\/b><\/a><\/strong><\/p><p><br><\/p>\n<p><a href=\"https:\/\/aidssh.al\/en\/studimi\/konferenca\/galeri-simpoziumi-eksplorimi-dhe-zhvillimi-i-sektorit-te-naftes-nen-kontrollin-e-sigurimit-te-shtetit\/\"><strong>Photo gallery from the event<\/strong><\/a><\/p>\t\t\t\t\t\t\t\t<\/div>\n\t\t\t\t<\/div>\n\t\t\t\t<\/div>\n\t\t<div class=\"elementor-element elementor-element-bbbec27 e-con-full e-flex e-con e-child\" data-id=\"bbbec27\" data-element_type=\"container\">\n\t\t\t\t<div class=\"elementor-element elementor-element-e4b6f58 elementor-widget elementor-widget-image\" data-id=\"e4b6f58\" data-element_type=\"widget\" data-widget_type=\"image.default\">\n\t\t\t\t<div class=\"elementor-widget-container\">\n\t\t\t\t\t\t\t\t\t\t\t\t\t\t\t<img fetchpriority=\"high\" decoding=\"async\" width=\"800\" height=\"889\" src=\"https:\/\/aidssh.al\/wp-content\/uploads\/2025\/06\/imazh-aidssh-921x1024.jpg\" class=\"attachment-large size-large wp-image-2400\" alt=\"\" srcset=\"https:\/\/aidssh.al\/wp-content\/uploads\/2025\/06\/imazh-aidssh-921x1024.jpg 921w, https:\/\/aidssh.al\/wp-content\/uploads\/2025\/06\/imazh-aidssh-270x300.jpg 270w, https:\/\/aidssh.al\/wp-content\/uploads\/2025\/06\/imazh-aidssh-768x854.jpg 768w, https:\/\/aidssh.al\/wp-content\/uploads\/2025\/06\/imazh-aidssh-11x12.jpg 11w, https:\/\/aidssh.al\/wp-content\/uploads\/2025\/06\/imazh-aidssh.jpg 940w\" sizes=\"(max-width: 800px) 100vw, 800px\" \/>\t\t\t\t\t\t\t\t\t\t\t\t\t\t\t<\/div>\n\t\t\t\t<\/div>\n\t\t\t\t<\/div>\n\t\t\t\t\t<\/div>\n\t\t\t\t<\/div>\n\t\t\t\t<\/div>","protected":false},"excerpt":{"rendered":"<p>Autoriteti p\u00ebr informim mbi Dokumentet e ish-Sigurimit t\u00eb Shtetit, n\u00eb bashk\u00ebpunim me Ministrin\u00eb e Infrastruktur\u00ebs dhe Energjis\u00eb dhe Fakultetin e Gjeologjis\u00eb dhe Minierave &nbsp;Organizon: Simpoziumin shkencor &nbsp;\u201cEksplorimi dhe Zhvillimi i Sektorit t\u00eb Naft\u00ebs n\u00ebn Kontrollin e Sigurimit t\u00eb Shtetit\u201d Thirrje per prezantime Konteksti historik dhe programi Njoftim p\u00ebr media: \u00c7elet fondi arkivor i deg\u00ebs s\u00eb [&hellip;]<\/p>","protected":false},"author":3,"featured_media":533,"parent":717,"menu_order":0,"comment_status":"closed","ping_status":"closed","template":"","meta":{"_acf_changed":false,"footnotes":""},"class_list":["post-11398","page","type-page","status-publish","has-post-thumbnail","hentry"],"acf":[],"_links":{"self":[{"href":"https:\/\/aidssh.al\/en\/wp-json\/wp\/v2\/pages\/11398","targetHints":{"allow":["GET"]}}],"collection":[{"href":"https:\/\/aidssh.al\/en\/wp-json\/wp\/v2\/pages"}],"about":[{"href":"https:\/\/aidssh.al\/en\/wp-json\/wp\/v2\/types\/page"}],"author":[{"embeddable":true,"href":"https:\/\/aidssh.al\/en\/wp-json\/wp\/v2\/users\/3"}],"replies":[{"embeddable":true,"href":"https:\/\/aidssh.al\/en\/wp-json\/wp\/v2\/comments?post=11398"}],"version-history":[{"count":1,"href":"https:\/\/aidssh.al\/en\/wp-json\/wp\/v2\/pages\/11398\/revisions"}],"predecessor-version":[{"id":11403,"href":"https:\/\/aidssh.al\/en\/wp-json\/wp\/v2\/pages\/11398\/revisions\/11403"}],"up":[{"embeddable":true,"href":"https:\/\/aidssh.al\/en\/wp-json\/wp\/v2\/pages\/717"}],"wp:featuredmedia":[{"embeddable":true,"href":"https:\/\/aidssh.al\/en\/wp-json\/wp\/v2\/media\/533"}],"wp:attachment":[{"href":"https:\/\/aidssh.al\/en\/wp-json\/wp\/v2\/media?parent=11398"}],"curies":[{"name":"wp","href":"https:\/\/api.w.org\/{rel}","templated":true}]}}