{"id":1186,"date":"2025-06-17T16:24:19","date_gmt":"2025-06-17T14:24:19","guid":{"rendered":"https:\/\/aidssh.instant.al\/?page_id=1186"},"modified":"2025-07-04T11:37:10","modified_gmt":"2025-07-04T09:37:10","slug":"ekspozita-arkivore-2023","status":"publish","type":"page","link":"https:\/\/aidssh.al\/en\/arkivi\/ekspozita-arkivore\/ekspozita-arkivore-2023\/","title":{"rendered":"Archival Exhibition 2023"},"content":{"rendered":"<div data-elementor-type=\"wp-page\" data-elementor-id=\"1186\" class=\"elementor elementor-1186\" data-elementor-post-type=\"page\">\n\t\t\t\t<div class=\"elementor-element elementor-element-d7373b7 e-con-full e-flex e-con e-parent\" data-id=\"d7373b7\" data-element_type=\"container\">\n\t\t\t\t<div class=\"elementor-element elementor-element-c782bab elementor-widget elementor-widget-template\" data-id=\"c782bab\" data-element_type=\"widget\" data-widget_type=\"template.default\">\n\t\t\t\t<div class=\"elementor-widget-container\">\n\t\t\t\t\t\t\t<div class=\"elementor-template\">\n\t\t\t\t\t<div data-elementor-type=\"container\" data-elementor-id=\"866\" class=\"elementor elementor-866\" data-elementor-post-type=\"elementor_library\">\n\t\t\t\t<div class=\"elementor-element elementor-element-58c6923c e-flex e-con-boxed e-con e-parent\" data-id=\"58c6923c\" data-element_type=\"container\" data-settings=\"{&quot;background_background&quot;:&quot;classic&quot;}\">\n\t\t\t\t\t<div class=\"e-con-inner\">\n\t\t\t\t<div class=\"elementor-element elementor-element-3356bc54 elementor-widget elementor-widget-heading\" data-id=\"3356bc54\" data-element_type=\"widget\" data-widget_type=\"heading.default\">\n\t\t\t\t<div class=\"elementor-widget-container\">\n\t\t\t\t\t<h1 class=\"elementor-heading-title elementor-size-default\">Archival Exhibition 2023<\/h1>\t\t\t\t<\/div>\n\t\t\t\t<\/div>\n\t\t\t\t\t<\/div>\n\t\t\t\t<\/div>\n\t\t\t\t<\/div>\n\t\t\t\t<\/div>\n\t\t\t\t\t\t<\/div>\n\t\t\t\t<\/div>\n\t\t\t\t<\/div>\n\t\t<div class=\"elementor-element elementor-element-34a383a e-flex e-con-boxed e-con e-parent\" data-id=\"34a383a\" data-element_type=\"container\">\n\t\t\t\t\t<div class=\"e-con-inner\">\n\t\t\t\t<div class=\"elementor-element elementor-element-4f222a2 elementor-widget elementor-widget-heading\" data-id=\"4f222a2\" data-element_type=\"widget\" data-widget_type=\"heading.default\">\n\t\t\t\t<div class=\"elementor-widget-container\">\n\t\t\t\t\t<h2 class=\"elementor-heading-title elementor-size-default\">DOCUMENTARY EXHIBITION YEAR 2023<\/h2>\t\t\t\t<\/div>\n\t\t\t\t<\/div>\n\t\t\t\t<div class=\"elementor-element elementor-element-28bb21f elementor-widget elementor-widget-image\" data-id=\"28bb21f\" data-element_type=\"widget\" data-widget_type=\"image.default\">\n\t\t\t\t<div class=\"elementor-widget-container\">\n\t\t\t\t\t\t\t\t\t\t\t\t\t\t\t<img fetchpriority=\"high\" decoding=\"async\" width=\"1200\" height=\"1600\" src=\"https:\/\/aidssh.al\/wp-content\/uploads\/2025\/07\/foto.png\" class=\"attachment-full size-full wp-image-5470\" alt=\"\" srcset=\"https:\/\/aidssh.al\/wp-content\/uploads\/2025\/07\/foto.png 1200w, https:\/\/aidssh.al\/wp-content\/uploads\/2025\/07\/foto-225x300.png 225w, https:\/\/aidssh.al\/wp-content\/uploads\/2025\/07\/foto-768x1024.png 768w, https:\/\/aidssh.al\/wp-content\/uploads\/2025\/07\/foto-1152x1536.png 1152w, https:\/\/aidssh.al\/wp-content\/uploads\/2025\/07\/foto-9x12.png 9w\" sizes=\"(max-width: 1200px) 100vw, 1200px\" \/>\t\t\t\t\t\t\t\t\t\t\t\t\t\t\t<\/div>\n\t\t\t\t<\/div>\n\t\t\t\t<div class=\"elementor-element elementor-element-488e506 elementor-widget elementor-widget-heading\" data-id=\"488e506\" data-element_type=\"widget\" data-widget_type=\"heading.default\">\n\t\t\t\t<div class=\"elementor-widget-container\">\n\t\t\t\t\t<h3 class=\"elementor-heading-title elementor-size-default\">\u201cLearning about the Past \u2013 Open Educational Resources 1944-1991.\u201d Documentary exhibition, democratic movements through the eyes of the former State Security, held on February 20, 2023, Tirana. <\/h3>\t\t\t\t<\/div>\n\t\t\t\t<\/div>\n\t\t\t\t<div class=\"elementor-element elementor-element-0696840 elementor-widget elementor-widget-text-editor\" data-id=\"0696840\" data-element_type=\"widget\" data-widget_type=\"text-editor.default\">\n\t\t\t\t<div class=\"elementor-widget-container\">\n\t\t\t\t\t\t\t\t\t<p>AIDSSH, in cooperation with the Ministry of Education and Sports, the Albanian Telegraphic Agency, Albanian Radio and Television, and the Agency for Quality Assurance in Pre-University Education (ASCAP), organized an archival exhibition featuring documents from the former State Security on the democratic movements of 1990\u20131991, along with photos and videos. The event also presented the digital platform project \u201cLearning About the Past \u2013 Open Educational Resources, 1944\u20131991,\u201d an open-access platform for pre-university education professionals, parents, and students.<\/p>\t\t\t\t\t\t\t\t<\/div>\n\t\t\t\t<\/div>\n\t\t\t\t<div class=\"elementor-element elementor-element-2c6ad66 elementor-widget elementor-widget-heading\" data-id=\"2c6ad66\" data-element_type=\"widget\" data-widget_type=\"heading.default\">\n\t\t\t\t<div class=\"elementor-widget-container\">\n\t\t\t\t\t<h3 class=\"elementor-heading-title elementor-size-default\">Archival documents in the exhibition of August 23, 2023 \u2013 the European Day of Remembrance for Victims of Totalitarian Regimes.<\/h3>\t\t\t\t<\/div>\n\t\t\t\t<\/div>\n\t\t\t\t<div class=\"elementor-element elementor-element-e1c4a3d elementor-widget elementor-widget-text-editor\" data-id=\"e1c4a3d\" data-element_type=\"widget\" data-widget_type=\"text-editor.default\">\n\t\t\t\t<div class=\"elementor-widget-container\">\n\t\t\t\t\t\t\t\t\t<p><span id=\"\">Documentary exhibition held in commemoration of the European Day of Remembrance for Victims of Totalitarian Regimes.\nThe barbed wire camp of Tepelena stands as one of the darkest chapters of the dictatorship, where for several years, thousands of family members of regime opponents\u2014women, children, and the elderly\u2014were held in inhumane conditions, despite being innocent.\nDuring the event held on August 23, 2023, a documentary exhibition was presented featuring documents created by the former State Security, dating from 1949 to 1952. The presented typologies include:<br \/><\/span><span id=\"\">1.\u00a0<em>Fund No. 49, \u201cInvestigation\u201d Branch,<\/em>\u00a0Decisions of the Commission on Deportations and Confiscations concerning internments. A nominal list of those interned during the years 1949 \u2013 1952 from various districts such as Tepelen\u00eb, P\u00ebrmet, Gjirokast\u00ebr, Kor\u00e7\u00eb, Pogradec, Tirana, Lezh\u00eb, Kruj\u00eb, Peshkopi, Kuk\u00ebs, Tropoj\u00eb, Puk\u00eb, Shkod\u00ebr, etc.<br \/><em>2.\u00a0<\/em><em>Fund No. 142 \u201cOperational Communiqu\u00e9s,\u201d\u00a0<\/em>announcements and information on daily events in the Tepelena camp, as well as reports on the interned and the deceased in various camps.<br \/>3.\u00a0<em>Fund No. 4 \u201cFirst Directorate of State Security,\u201d \u00a0<\/em>information on the condition of the camps at the end of each month during the years 1950\u20131952, concerning the interned individuals in the Tepelena Camp, statistical summaries, and more. \u00a0<\/span><\/p>\t\t\t\t\t\t\t\t<\/div>\n\t\t\t\t<\/div>\n\t\t\t\t<div class=\"elementor-element elementor-element-a4fb64a elementor-widget elementor-widget-heading\" data-id=\"a4fb64a\" data-element_type=\"widget\" data-widget_type=\"heading.default\">\n\t\t\t\t<div class=\"elementor-widget-container\">\n\t\t\t\t\t<h3 class=\"elementor-heading-title elementor-size-default\">\u201cChosen,\u201d a commemorative exhibition on the 76th anniversary of the political execution of deputies and intellectuals on October 10, 1947.<\/h3>\t\t\t\t<\/div>\n\t\t\t\t<\/div>\n\t\t\t\t<div class=\"elementor-element elementor-element-9b2a2fa elementor-widget elementor-widget-text-editor\" data-id=\"9b2a2fa\" data-element_type=\"widget\" data-widget_type=\"text-editor.default\">\n\t\t\t\t<div class=\"elementor-widget-container\">\n\t\t\t\t\t\t\t\t\t<p>For the construction of the exhibition, judicial investigation files numbered 2224 and 1393 were reviewed, as well as the personal files of Kol\u00eb Kuqali, Selaudin Toto, Halit Gjolena, Isuf Hysenbegasi, and Hasan Re\u00e7i, which are held by the Authority for Information on the Files of the Former State Security, along with the files of the Monarchist, Social-Democratic, and Resistance groups sentenced one year before the deputies and intellectuals under review. The exhibition was held on...\u00a0<strong>October 12, 2023, Tirana.<\/strong>.<\/p>\t\t\t\t\t\t\t\t<\/div>\n\t\t\t\t<\/div>\n\t\t\t\t\t<\/div>\n\t\t\t\t<\/div>\n\t\t\t\t<\/div>","protected":false},"excerpt":{"rendered":"<p>EKSPOZITA DOKUMENTARE VITI 2023 \u201cT\u00eb m\u00ebsojm\u00eb mbi t\u00eb shkuar\u00ebn-burime arsimore t\u00eb hapura 1944-1991\u201d. Ekspozit\u00eb dokumentare, l\u00ebvizjet demokratike n\u00eb syrin e Ish-Sigurimit t\u00eb Shtetit mbajtur m\u00eb 20 shkurt 2023, Tiran\u00eb. AIDSSH n\u00eb bashk\u00ebpunim me Ministrin\u00eb e Arsimit dhe Sporteve, Agjencin\u00eb Telegrafike Shqiptare, Radio Televizionin Shqiptar si dhe Agjencin\u00eb e Sigurimit t\u00eb Cil\u00ebsis\u00eb s\u00eb Arsimit Parauniversitar (ASCAP), [&hellip;]<\/p>","protected":false},"author":1,"featured_media":533,"parent":678,"menu_order":0,"comment_status":"closed","ping_status":"closed","template":"","meta":{"_acf_changed":false,"footnotes":""},"class_list":["post-1186","page","type-page","status-publish","has-post-thumbnail","hentry"],"acf":[],"_links":{"self":[{"href":"https:\/\/aidssh.al\/en\/wp-json\/wp\/v2\/pages\/1186","targetHints":{"allow":["GET"]}}],"collection":[{"href":"https:\/\/aidssh.al\/en\/wp-json\/wp\/v2\/pages"}],"about":[{"href":"https:\/\/aidssh.al\/en\/wp-json\/wp\/v2\/types\/page"}],"author":[{"embeddable":true,"href":"https:\/\/aidssh.al\/en\/wp-json\/wp\/v2\/users\/1"}],"replies":[{"embeddable":true,"href":"https:\/\/aidssh.al\/en\/wp-json\/wp\/v2\/comments?post=1186"}],"version-history":[{"count":0,"href":"https:\/\/aidssh.al\/en\/wp-json\/wp\/v2\/pages\/1186\/revisions"}],"up":[{"embeddable":true,"href":"https:\/\/aidssh.al\/en\/wp-json\/wp\/v2\/pages\/678"}],"wp:featuredmedia":[{"embeddable":true,"href":"https:\/\/aidssh.al\/en\/wp-json\/wp\/v2\/media\/533"}],"wp:attachment":[{"href":"https:\/\/aidssh.al\/en\/wp-json\/wp\/v2\/media?parent=1186"}],"curies":[{"name":"wp","href":"https:\/\/api.w.org\/{rel}","templated":true}]}}