{"id":1196,"date":"2025-06-17T16:29:42","date_gmt":"2025-06-17T14:29:42","guid":{"rendered":"https:\/\/aidssh.instant.al\/?page_id=1196"},"modified":"2025-06-17T16:42:22","modified_gmt":"2025-06-17T14:42:22","slug":"ekspozita-arkivore-2018","status":"publish","type":"page","link":"https:\/\/aidssh.al\/en\/arkivi\/ekspozita-arkivore\/ekspozita-arkivore-2018\/","title":{"rendered":"Archival Exhibition 2018"},"content":{"rendered":"<div data-elementor-type=\"wp-page\" data-elementor-id=\"1196\" class=\"elementor elementor-1196\" data-elementor-post-type=\"page\">\n\t\t\t\t<div class=\"elementor-element elementor-element-d7373b7 e-con-full e-flex e-con e-parent\" data-id=\"d7373b7\" data-element_type=\"container\">\n\t\t\t\t<div class=\"elementor-element elementor-element-c782bab elementor-widget elementor-widget-template\" data-id=\"c782bab\" data-element_type=\"widget\" data-widget_type=\"template.default\">\n\t\t\t\t<div class=\"elementor-widget-container\">\n\t\t\t\t\t\t\t<div class=\"elementor-template\">\n\t\t\t\t\t<div data-elementor-type=\"container\" data-elementor-id=\"866\" class=\"elementor elementor-866\" data-elementor-post-type=\"elementor_library\">\n\t\t\t\t<div class=\"elementor-element elementor-element-58c6923c e-flex e-con-boxed e-con e-parent\" data-id=\"58c6923c\" data-element_type=\"container\" data-settings=\"{&quot;background_background&quot;:&quot;classic&quot;}\">\n\t\t\t\t\t<div class=\"e-con-inner\">\n\t\t\t\t<div class=\"elementor-element elementor-element-3356bc54 elementor-widget elementor-widget-heading\" data-id=\"3356bc54\" data-element_type=\"widget\" data-widget_type=\"heading.default\">\n\t\t\t\t<div class=\"elementor-widget-container\">\n\t\t\t\t\t<h1 class=\"elementor-heading-title elementor-size-default\">Archival Exhibition 2018<\/h1>\t\t\t\t<\/div>\n\t\t\t\t<\/div>\n\t\t\t\t\t<\/div>\n\t\t\t\t<\/div>\n\t\t\t\t<\/div>\n\t\t\t\t<\/div>\n\t\t\t\t\t\t<\/div>\n\t\t\t\t<\/div>\n\t\t\t\t<\/div>\n\t\t<div class=\"elementor-element elementor-element-34a383a e-flex e-con-boxed e-con e-parent\" data-id=\"34a383a\" data-element_type=\"container\">\n\t\t\t\t\t<div class=\"e-con-inner\">\n\t\t\t\t<div class=\"elementor-element elementor-element-4f222a2 elementor-widget elementor-widget-heading\" data-id=\"4f222a2\" data-element_type=\"widget\" data-widget_type=\"heading.default\">\n\t\t\t\t<div class=\"elementor-widget-container\">\n\t\t\t\t\t<h2 class=\"elementor-heading-title elementor-size-default\">DOCUMENTARY EXHIBITION YEAR 2018<\/h2>\t\t\t\t<\/div>\n\t\t\t\t<\/div>\n\t\t\t\t<div class=\"elementor-element elementor-element-0696840 elementor-widget elementor-widget-text-editor\" data-id=\"0696840\" data-element_type=\"widget\" data-widget_type=\"text-editor.default\">\n\t\t\t\t<div class=\"elementor-widget-container\">\n\t\t\t\t\t\t\t\t\t<ol style=\"font-weight: 400;\"><li class=\"translation-block\"><strong>\u201c45th Anniversary of the Spa\u00e7 Revolt\u201d<\/strong>, a documentary exhibition with files\/documents created by the former State Security regarding Unit 313, Spa\u00e7, held on May 17, 2018. The files were declassified and made public for the first time. During the event, citizens were informed and application forms for access to the files were filled out.<br><br><\/li><li class=\"translation-block\"><strong>Documentary exhibition with files\/documents created by the former State Security for the Konispol area, held on June 13, 2018<\/strong>. Forty files\u2014forms, investigative-judicial, and collaborator files\u2014were declassified and made public for the first time, concerning 46 identified victims. During the event held in Tirana, citizens were informed, and application forms for access to the files were completed.<br><br><\/li><li class=\"translation-block\"><strong>\u201cCommunist Persecution in the Konispol Area,\u201d in Konispol, on June 26, 2018<\/strong>. Forty declassified files\u2014forms, investigative-judicial, and collaborator files\u2014previously made public for the first time in Tirana, concerning 46 identified victims, were exhibited for the local community in the city\u2019s central square, in a special event organized in cooperation with the Municipality of Konispol. During the event, citizens were informed and filled out application forms for access to the files.<br><br><\/li><li class=\"translation-block\"><strong>Documentary exhibition with files\/documents created by the former State Security for the Tepelen\u00eb area, held on August 20, 2018<\/strong>, in Tirana, at the premises of AIDSSH, with the presence of researchers, media, and human rights organizations. During this event, 44 files were declassified and made public for the first time. The former State Security files addressed the Zhapokik\u00eb Uprising, the local clergy, the B\u00ebn\u00e7\u00eb camp, internees, escapees, those killed at the border, diversionist bands, and more.<br><br><\/li><li class=\"translation-block\"><strong>\u201cCommunist Persecution in the Tepelen\u00eb Area,\u201d on August 23 in Tepelen\u00eb<\/strong>. During this event, documents and files from the former State Security were exhibited, documenting the communist persecution of participants in the Zhapokik\u00eb Uprising, the local clergy, the B\u00ebn\u00e7\u00eb camp, internees, escapees, those killed at the border, diversionist bands, and more, with the participation of the local community.<br><br><\/li><li class=\"translation-block\"><strong>Exhibition in Tirana and Memaliaj of AIDSSH archival materials, held on October 5\u20136, 2018<\/strong>, on the anti-communist resistance of Zhapokik\u00eb, in cooperation with counterpart institutions, local authorities, and the local community. Citizens were informed during the event and application forms were completed.<br><br><\/li><li class=\"translation-block\">Exhibition \u201c<strong>On the Work of the Stasi in the GDR<\/strong>,\u201d organized by AIDSSH in cooperation with the German Authority of the Files and KAS, on October 22, 2018, as part of the \u201cDays of Remembrance.\u201d<br><br><\/li><li class=\"translation-block\">The exhibition \u201c<strong>Monitor, terrorize, persecute<\/strong>\u201d at the \u201cPetro Nini Luarasi\u201d high school, on December 7, 2018. A conversation with former prisoners of Burrel and the parallels between the two communist realities. A collaboration between AIDSSH and Inner Wheel Club Tirana, bringing to Tirana\u2019s high schools the exhibition on the activities of the STASI in East Germany, organized with the German Authority for the Opening of Files, BStU.<\/li><\/ol>\t\t\t\t\t\t\t\t<\/div>\n\t\t\t\t<\/div>\n\t\t\t\t\t<\/div>\n\t\t\t\t<\/div>\n\t\t\t\t<\/div>","protected":false},"excerpt":{"rendered":"<p>EKSPOZITA DOKUMENTARE VITI 2018 \u201c45 &#8211; vjetori i Revolt\u00ebs s\u00eb Spa\u00e7it\u201d, ekspozit\u00eb dokumentare me dosje\/dokumente t\u00eb krijuara nga ish-Sigurimi i Shtetit p\u00ebr Repartin 313, Spa\u00e7, m\u00eb 17 maj 2018. Dosjet u deklasifikuan dhe u b\u00ebn\u00eb publike p\u00ebr her\u00eb t\u00eb par\u00eb. Gjat\u00eb aktivitetit u b\u00eb informimi i qytetar\u00ebve si dhe u plot\u00ebsuan formular\u00eb aplikimi p\u00ebr njohje [&hellip;]<\/p>","protected":false},"author":1,"featured_media":533,"parent":678,"menu_order":0,"comment_status":"closed","ping_status":"closed","template":"","meta":{"_acf_changed":false,"footnotes":""},"class_list":["post-1196","page","type-page","status-publish","has-post-thumbnail","hentry"],"acf":[],"_links":{"self":[{"href":"https:\/\/aidssh.al\/en\/wp-json\/wp\/v2\/pages\/1196","targetHints":{"allow":["GET"]}}],"collection":[{"href":"https:\/\/aidssh.al\/en\/wp-json\/wp\/v2\/pages"}],"about":[{"href":"https:\/\/aidssh.al\/en\/wp-json\/wp\/v2\/types\/page"}],"author":[{"embeddable":true,"href":"https:\/\/aidssh.al\/en\/wp-json\/wp\/v2\/users\/1"}],"replies":[{"embeddable":true,"href":"https:\/\/aidssh.al\/en\/wp-json\/wp\/v2\/comments?post=1196"}],"version-history":[{"count":0,"href":"https:\/\/aidssh.al\/en\/wp-json\/wp\/v2\/pages\/1196\/revisions"}],"up":[{"embeddable":true,"href":"https:\/\/aidssh.al\/en\/wp-json\/wp\/v2\/pages\/678"}],"wp:featuredmedia":[{"embeddable":true,"href":"https:\/\/aidssh.al\/en\/wp-json\/wp\/v2\/media\/533"}],"wp:attachment":[{"href":"https:\/\/aidssh.al\/en\/wp-json\/wp\/v2\/media?parent=1196"}],"curies":[{"name":"wp","href":"https:\/\/api.w.org\/{rel}","templated":true}]}}