{"id":1197,"date":"2025-06-17T16:29:36","date_gmt":"2025-06-17T14:29:36","guid":{"rendered":"https:\/\/aidssh.instant.al\/?page_id=1197"},"modified":"2025-06-17T16:41:34","modified_gmt":"2025-06-17T14:41:34","slug":"ekspozita-arkivore-2019","status":"publish","type":"page","link":"https:\/\/aidssh.al\/en\/arkivi\/ekspozita-arkivore\/ekspozita-arkivore-2019\/","title":{"rendered":"Archival Exhibition 2019"},"content":{"rendered":"<div data-elementor-type=\"wp-page\" data-elementor-id=\"1197\" class=\"elementor elementor-1197\" data-elementor-post-type=\"page\">\n\t\t\t\t<div class=\"elementor-element elementor-element-d7373b7 e-con-full e-flex e-con e-parent\" data-id=\"d7373b7\" data-element_type=\"container\">\n\t\t\t\t<div class=\"elementor-element elementor-element-c782bab elementor-widget elementor-widget-template\" data-id=\"c782bab\" data-element_type=\"widget\" data-widget_type=\"template.default\">\n\t\t\t\t<div class=\"elementor-widget-container\">\n\t\t\t\t\t\t\t<div class=\"elementor-template\">\n\t\t\t\t\t<div data-elementor-type=\"container\" data-elementor-id=\"866\" class=\"elementor elementor-866\" data-elementor-post-type=\"elementor_library\">\n\t\t\t\t<div class=\"elementor-element elementor-element-58c6923c e-flex e-con-boxed e-con e-parent\" data-id=\"58c6923c\" data-element_type=\"container\" data-settings=\"{&quot;background_background&quot;:&quot;classic&quot;}\">\n\t\t\t\t\t<div class=\"e-con-inner\">\n\t\t\t\t<div class=\"elementor-element elementor-element-3356bc54 elementor-widget elementor-widget-heading\" data-id=\"3356bc54\" data-element_type=\"widget\" data-widget_type=\"heading.default\">\n\t\t\t\t<div class=\"elementor-widget-container\">\n\t\t\t\t\t<h1 class=\"elementor-heading-title elementor-size-default\">Archival Exhibition 2019<\/h1>\t\t\t\t<\/div>\n\t\t\t\t<\/div>\n\t\t\t\t\t<\/div>\n\t\t\t\t<\/div>\n\t\t\t\t<\/div>\n\t\t\t\t<\/div>\n\t\t\t\t\t\t<\/div>\n\t\t\t\t<\/div>\n\t\t\t\t<\/div>\n\t\t<div class=\"elementor-element elementor-element-34a383a e-flex e-con-boxed e-con e-parent\" data-id=\"34a383a\" data-element_type=\"container\">\n\t\t\t\t\t<div class=\"e-con-inner\">\n\t\t\t\t<div class=\"elementor-element elementor-element-4f222a2 elementor-widget elementor-widget-heading\" data-id=\"4f222a2\" data-element_type=\"widget\" data-widget_type=\"heading.default\">\n\t\t\t\t<div class=\"elementor-widget-container\">\n\t\t\t\t\t<h2 class=\"elementor-heading-title elementor-size-default\">DOCUMENTARY EXHIBITION YEAR 2019<\/h2>\t\t\t\t<\/div>\n\t\t\t\t<\/div>\n\t\t\t\t<div class=\"elementor-element elementor-element-0696840 elementor-widget elementor-widget-text-editor\" data-id=\"0696840\" data-element_type=\"widget\" data-widget_type=\"text-editor.default\">\n\t\t\t\t<div class=\"elementor-widget-container\">\n\t\t\t\t\t\t\t\t\t<ol><li class=\"translation-block\">Documentary exhibition. As part of the event titled \u201c<strong>Religious Dissent in Albania during the Years 1967\u20131990,\u201d held on May 30, 2019, in Tirana<\/strong>, with the participation of representatives from religious communities, AIDSSH exhibited archival documents on the persecution of Catholic, Orthodox, Muslim, and Bektashi clergy.<br><br><\/li><li class=\"translation-block\"><strong>\u201cThe Untold Stories of Lushnj\u00eb.\u201d A photographic and archival exhibition on the persecution by the State Security in the villages of the interned in Myzeqe, opened on August 18, 2019, in Lushnj\u00eb<\/strong>. AIDSSH, in cooperation with the Municipality of Lushnj\u00eb, the Institute for the Integration of the Persecuted, the Anti-Communist Association of Politically Persecuted, survivors, institutions, and active civil society, launched the commemorative week \u201cDignity in the Face of Totalitarianism, August 2019,\u201d organized in the framework of August 23, the European Day of Remembrance for Victims of Totalitarian Regimes, and August 30, the International Day of the Disappeared. The exhibition, with archival materials, presented dozens of State Security files on the persecution of the anti-communist factor in the Lushnj\u00eb area, many of them shown for the first time.<br><br><\/li><li class=\"translation-block\"><strong>\u201cCommunist Persecution in the Lushnj\u00eb Area\u201d<\/strong>, a photographic exhibition featuring the profiles of those interned in the villages of Lushnj\u00eb, and an exhibition with archival materials from AIDSSH held on<strong> August 19, 2019<\/strong>.<br><br><\/li><li class=\"translation-block\"><strong>\u201cCommunist Persecution in the Belsh Area\u201d<\/strong>, a documentary exhibition with archival materials from AIDSSH. <strong>Held on August 21, 2019<\/strong>, <strong>BELSH<\/strong>. In cooperation with the Municipality of Belsh, interest groups, and survivors of persecution, AIDSSH carried out the first phase of the Local Dialogue in Belsh, an area where internees were relocated from the Tepelen\u00eb camp and elsewhere, and also home to the women\u2019s prison, which included prisoners of conscience. The documentary exhibition with archival materials from the Belsh area and the women\u2019s prison was presented along the town\u2019s promenade.<br><br><\/li><li class=\"translation-block\">Documentary exhibition, as part of the \u201c<strong>Commemorative Days,\u201d held on August 23, 2019, in Tepelen\u00eb<\/strong>.<br><br><\/li><li class=\"translation-block\"><strong>\u201cThe Imperfect Past\u201d<\/strong> \u2013 an exhibition on the communist dictatorship. The exhibition, featuring profiles of those who disappeared under the dictatorship, was opened at the National Historical Museum on <strong>August 19, 2019<\/strong> as part of the International Day of Human Rights, organized by AIDSSH in cooperation with the Institute for the Integration of Former Politically Persecuted Persons and ICMP (International Commission on Missing Persons).<br><br><\/li><li class=\"translation-block\"><strong>Documentary exhibition with archival materials from the P\u00ebrmet area held on December 13, 2019, in P\u00ebrmet<\/strong>. AIDSSH, in cooperation with the Municipality of P\u00ebrmet and the Anti-Communist Association of Politically Persecuted Persons, organized the first Dialogue on Dictatorship meeting in the city of P\u00ebrmet. AIDSSH exhibited archival materials from the area, including processing registers, evidence books, processing files, investigative-judicial files, and management files from various parts of P\u00ebrmet.<br><br><\/li><\/ol>\t\t\t\t\t\t\t\t<\/div>\n\t\t\t\t<\/div>\n\t\t\t\t\t<\/div>\n\t\t\t\t<\/div>\n\t\t\t\t<\/div>","protected":false},"excerpt":{"rendered":"<p>EKSPOZITA DOKUMENTARE VITI 2019 Ekspozit\u00eb dokumentare. N\u00eb kuad\u00ebr t\u00eb aktivitetit me titull \u201cDisidenca fetare n\u00eb Shqip\u00ebri gjat\u00eb viteve 1967-1990\u201d,\u00a0 t\u00eb mbajtur m\u00eb 30 maj 2019 n\u00eb Tiran\u00eb, ku mor\u00ebn pjes\u00eb p\u00ebrfaq\u00ebsues t\u00eb komuniteteve religjioze, AIDSSH\u00a0ekspozoi dokumente arkivore t\u00eb p\u00ebrndjekjes s\u00eb klerit katolik, ortodoks, mysliman dhe bektashian. \u201cHistorit\u00eb e patreguara t\u00eb Lushnj\u00ebs\u201d. Ekspozit\u00eb fotografike dhe arkivore [&hellip;]<\/p>","protected":false},"author":1,"featured_media":533,"parent":678,"menu_order":0,"comment_status":"closed","ping_status":"closed","template":"","meta":{"_acf_changed":false,"footnotes":""},"class_list":["post-1197","page","type-page","status-publish","has-post-thumbnail","hentry"],"acf":[],"_links":{"self":[{"href":"https:\/\/aidssh.al\/en\/wp-json\/wp\/v2\/pages\/1197","targetHints":{"allow":["GET"]}}],"collection":[{"href":"https:\/\/aidssh.al\/en\/wp-json\/wp\/v2\/pages"}],"about":[{"href":"https:\/\/aidssh.al\/en\/wp-json\/wp\/v2\/types\/page"}],"author":[{"embeddable":true,"href":"https:\/\/aidssh.al\/en\/wp-json\/wp\/v2\/users\/1"}],"replies":[{"embeddable":true,"href":"https:\/\/aidssh.al\/en\/wp-json\/wp\/v2\/comments?post=1197"}],"version-history":[{"count":0,"href":"https:\/\/aidssh.al\/en\/wp-json\/wp\/v2\/pages\/1197\/revisions"}],"up":[{"embeddable":true,"href":"https:\/\/aidssh.al\/en\/wp-json\/wp\/v2\/pages\/678"}],"wp:featuredmedia":[{"embeddable":true,"href":"https:\/\/aidssh.al\/en\/wp-json\/wp\/v2\/media\/533"}],"wp:attachment":[{"href":"https:\/\/aidssh.al\/en\/wp-json\/wp\/v2\/media?parent=1197"}],"curies":[{"name":"wp","href":"https:\/\/api.w.org\/{rel}","templated":true}]}}