{"id":1198,"date":"2025-06-17T16:29:30","date_gmt":"2025-06-17T14:29:30","guid":{"rendered":"https:\/\/aidssh.instant.al\/?page_id=1198"},"modified":"2025-06-17T16:40:18","modified_gmt":"2025-06-17T14:40:18","slug":"ekspozita-arkivore-2020","status":"publish","type":"page","link":"https:\/\/aidssh.al\/en\/arkivi\/ekspozita-arkivore\/ekspozita-arkivore-2020\/","title":{"rendered":"Archival Exhibition 2020"},"content":{"rendered":"<div data-elementor-type=\"wp-page\" data-elementor-id=\"1198\" class=\"elementor elementor-1198\" data-elementor-post-type=\"page\">\n\t\t\t\t<div class=\"elementor-element elementor-element-d7373b7 e-con-full e-flex e-con e-parent\" data-id=\"d7373b7\" data-element_type=\"container\">\n\t\t\t\t<div class=\"elementor-element elementor-element-c782bab elementor-widget elementor-widget-template\" data-id=\"c782bab\" data-element_type=\"widget\" data-widget_type=\"template.default\">\n\t\t\t\t<div class=\"elementor-widget-container\">\n\t\t\t\t\t\t\t<div class=\"elementor-template\">\n\t\t\t\t\t<div data-elementor-type=\"container\" data-elementor-id=\"866\" class=\"elementor elementor-866\" data-elementor-post-type=\"elementor_library\">\n\t\t\t\t<div class=\"elementor-element elementor-element-58c6923c e-flex e-con-boxed e-con e-parent\" data-id=\"58c6923c\" data-element_type=\"container\" data-settings=\"{&quot;background_background&quot;:&quot;classic&quot;}\">\n\t\t\t\t\t<div class=\"e-con-inner\">\n\t\t\t\t<div class=\"elementor-element elementor-element-3356bc54 elementor-widget elementor-widget-heading\" data-id=\"3356bc54\" data-element_type=\"widget\" data-widget_type=\"heading.default\">\n\t\t\t\t<div class=\"elementor-widget-container\">\n\t\t\t\t\t<h1 class=\"elementor-heading-title elementor-size-default\">Archival Exhibition 2020<\/h1>\t\t\t\t<\/div>\n\t\t\t\t<\/div>\n\t\t\t\t\t<\/div>\n\t\t\t\t<\/div>\n\t\t\t\t<\/div>\n\t\t\t\t<\/div>\n\t\t\t\t\t\t<\/div>\n\t\t\t\t<\/div>\n\t\t\t\t<\/div>\n\t\t<div class=\"elementor-element elementor-element-34a383a e-flex e-con-boxed e-con e-parent\" data-id=\"34a383a\" data-element_type=\"container\">\n\t\t\t\t\t<div class=\"e-con-inner\">\n\t\t\t\t<div class=\"elementor-element elementor-element-4f222a2 elementor-widget elementor-widget-heading\" data-id=\"4f222a2\" data-element_type=\"widget\" data-widget_type=\"heading.default\">\n\t\t\t\t<div class=\"elementor-widget-container\">\n\t\t\t\t\t<h2 class=\"elementor-heading-title elementor-size-default\">DOCUMENTARY EXHIBITION YEAR 2020<\/h2>\t\t\t\t<\/div>\n\t\t\t\t<\/div>\n\t\t\t\t<div class=\"elementor-element elementor-element-0696840 elementor-widget elementor-widget-text-editor\" data-id=\"0696840\" data-element_type=\"widget\" data-widget_type=\"text-editor.default\">\n\t\t\t\t<div class=\"elementor-widget-container\">\n\t\t\t\t\t\t\t\t\t<ol style=\"font-weight: 400;\"><li class=\"translation-block\">Documentary exhibition as part of the 2020 Days of Remembrance, \u201c<strong>Chameria in the documents of the former State Security<\/strong>,\u201d featuring 20 files with a total of 4,139 pages.<br><br><\/li><li class=\"translation-block\">Documentary exhibition. In the framework of the scientific conference \u201c<strong>Albanian Political Emigration in the Years 1944\u20131990<\/strong>,\u201d in cooperation with the Ministry for Europe and Foreign Affairs and the National Historical Museum, AIDSSH presented on February 19, 2020, the exhibition on emigration from 1944 to 1990, featuring archival materials.<\/li><li class=\"translation-block\"><strong>Documentary exhibition as part of the roundtable event: \u201c95 Years of Martin Camaj \u2013 His Work and Persecution,\u201d held in remembrance of the European Day of Remembrance for Victims of Totalitarianism<\/strong>. During the event held on August 28, 2020, AIDSSH presented an expanded documentary exhibition with various types of State Security files from the period 1944\u20131955, including historical overviews, reports, platforms, operational records of the time, and files of over twenty intellectuals persecuted by the State Security in Albania and abroad. Also featured w<\/li><\/ol>\t\t\t\t\t\t\t\t<\/div>\n\t\t\t\t<\/div>\n\t\t\t\t\t<\/div>\n\t\t\t\t<\/div>\n\t\t\t\t<\/div>","protected":false},"excerpt":{"rendered":"<p>EKSPOZITA DOKUMENTARE VITI 2020 Ekspozita dokumentare n\u00eb kuad\u00ebr t\u00eb Dit\u00ebve t\u00eb Kujtes\u00ebs 2020, \u201c\u00c7am\u00ebria n\u00eb dokumentet e ish-Sigurimit t\u00eb Shtetit\u201d, ku jan\u00eb ekspozuar 20 dosje, me 4139 flet\u00eb. Ekspozit\u00eb dokumentare. N\u00eb kuad\u00ebr t\u00eb konferenc\u00ebs shkencore \u201cEmigracioni politik shqiptar n\u00eb vitet 1944-1990\u201d, n\u00eb bashk\u00ebpunim me Ministrin\u00eb e Europ\u00ebs dhe Pun\u00ebve t\u00eb Jashtme dhe Muzeun Historik Komb\u00ebtar, [&hellip;]<\/p>","protected":false},"author":1,"featured_media":533,"parent":678,"menu_order":0,"comment_status":"closed","ping_status":"closed","template":"","meta":{"_acf_changed":false,"footnotes":""},"class_list":["post-1198","page","type-page","status-publish","has-post-thumbnail","hentry"],"acf":[],"_links":{"self":[{"href":"https:\/\/aidssh.al\/en\/wp-json\/wp\/v2\/pages\/1198","targetHints":{"allow":["GET"]}}],"collection":[{"href":"https:\/\/aidssh.al\/en\/wp-json\/wp\/v2\/pages"}],"about":[{"href":"https:\/\/aidssh.al\/en\/wp-json\/wp\/v2\/types\/page"}],"author":[{"embeddable":true,"href":"https:\/\/aidssh.al\/en\/wp-json\/wp\/v2\/users\/1"}],"replies":[{"embeddable":true,"href":"https:\/\/aidssh.al\/en\/wp-json\/wp\/v2\/comments?post=1198"}],"version-history":[{"count":0,"href":"https:\/\/aidssh.al\/en\/wp-json\/wp\/v2\/pages\/1198\/revisions"}],"up":[{"embeddable":true,"href":"https:\/\/aidssh.al\/en\/wp-json\/wp\/v2\/pages\/678"}],"wp:featuredmedia":[{"embeddable":true,"href":"https:\/\/aidssh.al\/en\/wp-json\/wp\/v2\/media\/533"}],"wp:attachment":[{"href":"https:\/\/aidssh.al\/en\/wp-json\/wp\/v2\/media?parent=1198"}],"curies":[{"name":"wp","href":"https:\/\/api.w.org\/{rel}","templated":true}]}}