{"id":1199,"date":"2025-06-17T16:36:37","date_gmt":"2025-06-17T14:36:37","guid":{"rendered":"https:\/\/aidssh.instant.al\/?page_id=1199"},"modified":"2025-06-17T16:39:05","modified_gmt":"2025-06-17T14:39:05","slug":"ekspozita-arkivore-2021","status":"publish","type":"page","link":"https:\/\/aidssh.al\/en\/arkivi\/ekspozita-arkivore\/ekspozita-arkivore-2021\/","title":{"rendered":"Archival Exhibition 2021"},"content":{"rendered":"<div data-elementor-type=\"wp-page\" data-elementor-id=\"1199\" class=\"elementor elementor-1199\" data-elementor-post-type=\"page\">\n\t\t\t\t<div class=\"elementor-element elementor-element-d7373b7 e-con-full e-flex e-con e-parent\" data-id=\"d7373b7\" data-element_type=\"container\">\n\t\t\t\t<div class=\"elementor-element elementor-element-c782bab elementor-widget elementor-widget-template\" data-id=\"c782bab\" data-element_type=\"widget\" data-widget_type=\"template.default\">\n\t\t\t\t<div class=\"elementor-widget-container\">\n\t\t\t\t\t\t\t<div class=\"elementor-template\">\n\t\t\t\t\t<div data-elementor-type=\"container\" data-elementor-id=\"866\" class=\"elementor elementor-866\" data-elementor-post-type=\"elementor_library\">\n\t\t\t\t<div class=\"elementor-element elementor-element-58c6923c e-flex e-con-boxed e-con e-parent\" data-id=\"58c6923c\" data-element_type=\"container\" data-settings=\"{&quot;background_background&quot;:&quot;classic&quot;}\">\n\t\t\t\t\t<div class=\"e-con-inner\">\n\t\t\t\t<div class=\"elementor-element elementor-element-3356bc54 elementor-widget elementor-widget-heading\" data-id=\"3356bc54\" data-element_type=\"widget\" data-widget_type=\"heading.default\">\n\t\t\t\t<div class=\"elementor-widget-container\">\n\t\t\t\t\t<h1 class=\"elementor-heading-title elementor-size-default\">Archival Exhibition 2021<\/h1>\t\t\t\t<\/div>\n\t\t\t\t<\/div>\n\t\t\t\t\t<\/div>\n\t\t\t\t<\/div>\n\t\t\t\t<\/div>\n\t\t\t\t<\/div>\n\t\t\t\t\t\t<\/div>\n\t\t\t\t<\/div>\n\t\t\t\t<\/div>\n\t\t<div class=\"elementor-element elementor-element-34a383a e-flex e-con-boxed e-con e-parent\" data-id=\"34a383a\" data-element_type=\"container\">\n\t\t\t\t\t<div class=\"e-con-inner\">\n\t\t\t\t<div class=\"elementor-element elementor-element-4f222a2 elementor-widget elementor-widget-heading\" data-id=\"4f222a2\" data-element_type=\"widget\" data-widget_type=\"heading.default\">\n\t\t\t\t<div class=\"elementor-widget-container\">\n\t\t\t\t\t<h2 class=\"elementor-heading-title elementor-size-default\">DOCUMENTARY EXHIBITION YEAR 2021<\/h2>\t\t\t\t<\/div>\n\t\t\t\t<\/div>\n\t\t\t\t<div class=\"elementor-element elementor-element-9b2a2fa elementor-widget elementor-widget-text-editor\" data-id=\"9b2a2fa\" data-element_type=\"widget\" data-widget_type=\"text-editor.default\">\n\t\t\t\t<div class=\"elementor-widget-container\">\n\t\t\t\t\t\t\t\t\t<ol><li class=\"translation-block\">The exhibition <strong>\u201cThe Imperfect Past\u201d opened on May 27\u201328, 2021, in Shkod\u00ebr<\/strong>. AIDSSH presented to the citizens of Shkod\u00ebr profiles of the missing under communism, testimonies collected from family members of the missing as part of the project, and materials selected from research in the archives of the former State Security.<br><br><\/li><li class=\"translation-block\">The exhibition <strong>\u201cThe Imperfect Past\u201d opened in Saranda on July 8, 2021<\/strong>. In the premises of the Saranda Municipality, the exhibition was presented to the citizens of Saranda, featuring profiles of the missing under communism, testimonies collected from family members of the missing, and a guide for families of those disappeared during communism. The event was attended by family members of the missing from the coastal area, the border zone, and Saranda, as well as associations of the persecuted and remembrance groups, representatives of interest groups, civil society actors, and journalists.<br><br><\/li><li class=\"translation-block\"><strong>On August 23 and 24<\/strong>, on the European Day of Remembrance for the Victims of Totalitarianism, the AIDSSH team carried out an educational and commemorative visit, along with presentation meetings in the areas of Tepelen\u00eb and Gjirokast\u00ebr, as part of the ICMP-AIDSSH project. AIDSSH presented to the citizens of Tepelen\u00eb the exhibition \u201cThe Imperfect Past,\u201d featuring profiles of the missing under communism, testimonies collected from family members of the missing within the framework of the project, and materials selected from research in the archives of the former State Security.<br><br><\/li><li class=\"translation-block\">Exhibition on the disappeared under communism \u201c<strong>The Sigurimi in its own words\u201d held on August 30, 2021<\/strong>, AIDSSH presented historical data from 19 branches of the former State Security across the country. The exhibition was installed in the \u201cFadil Kokomani, Vangjel Lezho\u201d park near the Prime Minister\u2019s Office, named after two journalists whose remains are still missing.<\/li><li class=\"translation-block\">Documentary exhibition: \u201c<strong>Tirana through the eyes of the former State Security<\/strong>\u201d, was held at the Palace of Concerts (former Palace of Congresses) on November 18, 2021, a project by AIDSSH in cooperation with the \u201cTirana\u201d Association, the Institute of History, ASA, and the European University of Tirana, with the support of the Municipality of Tirana. The archival exhibition, featuring materials opened to the public for the first time, marked the opening of the Dialogue for Tirana activities, reflecting on the half-century during which the capital was surveilled, persecuted, and oppressed by the communist regime.<br><br><\/li><li class=\"translation-block\">\u201c<strong>Raising public awareness on transitional justice and reconciliation: the missing under communism<\/strong>\u201d. As part of the ICMP-AIDSSH Project, AIDSSH and ICMP worked through coordinators and institutional support from DMSHEQ, according to the bilateral agreement, to: Develop an exhibition using photographs and extracts from the files of the communist State Security. The exhibition is presented during community meetings throughout Albania.<\/li><\/ol>\t\t\t\t\t\t\t\t<\/div>\n\t\t\t\t<\/div>\n\t\t\t\t\t<\/div>\n\t\t\t\t<\/div>\n\t\t\t\t<\/div>","protected":false},"excerpt":{"rendered":"<p>EKSPOZITA DOKUMENTARE VITI 2021 Ekspozita\u00a0\u201cE shkuara e pakryer\u201d u hap m\u00eb 27-28 Maj 2021 n\u00eb Shkod\u00ebr. AIDSSH prezantoi p\u00ebr qytetar\u00ebt shkodran\u00eb me profile t\u00eb t\u00eb pagjeturve t\u00eb komunizmit, d\u00ebshmi t\u00eb mbledhura nga familjar\u00eb t\u00eb t\u00eb pagjeturve n\u00eb kuad\u00ebr t\u00eb projektit dhe materiale t\u00eb p\u00ebrzgjedhura nga hulumtimi n\u00eb historik\u00ebt e Ish-Sigurimit. Ekspozita\u00a0\u201cE shkuara e pakryer\u201d u [&hellip;]<\/p>","protected":false},"author":1,"featured_media":533,"parent":678,"menu_order":0,"comment_status":"closed","ping_status":"closed","template":"","meta":{"_acf_changed":false,"footnotes":""},"class_list":["post-1199","page","type-page","status-publish","has-post-thumbnail","hentry"],"acf":[],"_links":{"self":[{"href":"https:\/\/aidssh.al\/en\/wp-json\/wp\/v2\/pages\/1199","targetHints":{"allow":["GET"]}}],"collection":[{"href":"https:\/\/aidssh.al\/en\/wp-json\/wp\/v2\/pages"}],"about":[{"href":"https:\/\/aidssh.al\/en\/wp-json\/wp\/v2\/types\/page"}],"author":[{"embeddable":true,"href":"https:\/\/aidssh.al\/en\/wp-json\/wp\/v2\/users\/1"}],"replies":[{"embeddable":true,"href":"https:\/\/aidssh.al\/en\/wp-json\/wp\/v2\/comments?post=1199"}],"version-history":[{"count":0,"href":"https:\/\/aidssh.al\/en\/wp-json\/wp\/v2\/pages\/1199\/revisions"}],"up":[{"embeddable":true,"href":"https:\/\/aidssh.al\/en\/wp-json\/wp\/v2\/pages\/678"}],"wp:featuredmedia":[{"embeddable":true,"href":"https:\/\/aidssh.al\/en\/wp-json\/wp\/v2\/media\/533"}],"wp:attachment":[{"href":"https:\/\/aidssh.al\/en\/wp-json\/wp\/v2\/media?parent=1199"}],"curies":[{"name":"wp","href":"https:\/\/api.w.org\/{rel}","templated":true}]}}