{"id":1200,"date":"2025-06-17T16:29:20","date_gmt":"2025-06-17T14:29:20","guid":{"rendered":"https:\/\/aidssh.instant.al\/?page_id=1200"},"modified":"2025-06-17T16:33:04","modified_gmt":"2025-06-17T14:33:04","slug":"ekspozita-arkivore-2022","status":"publish","type":"page","link":"https:\/\/aidssh.al\/en\/arkivi\/ekspozita-arkivore\/ekspozita-arkivore-2022\/","title":{"rendered":"Archival exhibitions 2022"},"content":{"rendered":"<div data-elementor-type=\"wp-page\" data-elementor-id=\"1200\" class=\"elementor elementor-1200\" data-elementor-post-type=\"page\">\n\t\t\t\t<div class=\"elementor-element elementor-element-d7373b7 e-con-full e-flex e-con e-parent\" data-id=\"d7373b7\" data-element_type=\"container\">\n\t\t\t\t<div class=\"elementor-element elementor-element-c782bab elementor-widget elementor-widget-template\" data-id=\"c782bab\" data-element_type=\"widget\" data-widget_type=\"template.default\">\n\t\t\t\t<div class=\"elementor-widget-container\">\n\t\t\t\t\t\t\t<div class=\"elementor-template\">\n\t\t\t\t\t<div data-elementor-type=\"container\" data-elementor-id=\"866\" class=\"elementor elementor-866\" data-elementor-post-type=\"elementor_library\">\n\t\t\t\t<div class=\"elementor-element elementor-element-58c6923c e-flex e-con-boxed e-con e-parent\" data-id=\"58c6923c\" data-element_type=\"container\" data-settings=\"{&quot;background_background&quot;:&quot;classic&quot;}\">\n\t\t\t\t\t<div class=\"e-con-inner\">\n\t\t\t\t<div class=\"elementor-element elementor-element-3356bc54 elementor-widget elementor-widget-heading\" data-id=\"3356bc54\" data-element_type=\"widget\" data-widget_type=\"heading.default\">\n\t\t\t\t<div class=\"elementor-widget-container\">\n\t\t\t\t\t<h1 class=\"elementor-heading-title elementor-size-default\">Archival exhibitions 2022<\/h1>\t\t\t\t<\/div>\n\t\t\t\t<\/div>\n\t\t\t\t\t<\/div>\n\t\t\t\t<\/div>\n\t\t\t\t<\/div>\n\t\t\t\t<\/div>\n\t\t\t\t\t\t<\/div>\n\t\t\t\t<\/div>\n\t\t\t\t<\/div>\n\t\t<div class=\"elementor-element elementor-element-34a383a e-flex e-con-boxed e-con e-parent\" data-id=\"34a383a\" data-element_type=\"container\">\n\t\t\t\t\t<div class=\"e-con-inner\">\n\t\t\t\t<div class=\"elementor-element elementor-element-4f222a2 elementor-widget elementor-widget-heading\" data-id=\"4f222a2\" data-element_type=\"widget\" data-widget_type=\"heading.default\">\n\t\t\t\t<div class=\"elementor-widget-container\">\n\t\t\t\t\t<h2 class=\"elementor-heading-title elementor-size-default\">DOCUMENTARY EXHIBITION YEAR 2022<\/h2>\t\t\t\t<\/div>\n\t\t\t\t<\/div>\n\t\t\t\t<div class=\"elementor-element elementor-element-0696840 elementor-widget elementor-widget-text-editor\" data-id=\"0696840\" data-element_type=\"widget\" data-widget_type=\"text-editor.default\">\n\t\t\t\t<div class=\"elementor-widget-container\">\n\t\t\t\t\t\t\t\t\t<p class=\"translation-block\"><strong>1. Permanent informational exhibition at the former internment camp in Tepelen\u00eb, on February 14, 2022<\/strong>, organized by AIDSSH and the International Commission on Missing Persons, in cooperation with the Municipality of Tepelen\u00eb, at the conclusion of the ICMP-AIDSSH project \u201c<strong>Raising public awareness on transitional justice and reconciliation: The missing under communism<\/strong>,\u201d supported by the EU and the Swiss Embassy. It was prepared using research material from the Institute of History and archival data on the internees in the barbed-wire camp of Tepelen\u00eb. Also included were valuable sketches that photographically depict life in the camp, masterfully created by Lek Pervizi, who was interned in Tepelen\u00eb. The information was presented in Albanian and English for all camp visitors.<br><br><strong>2. Permanent informational exhibition on the former labor camp in Maliq held on February 17, 2022<\/strong>, organized by AIDSSH and the International Commission on Missing Persons, in cooperation with the Municipality and Municipal Council of Maliq, at the conclusion of the ICMP-AIDSSH project, \u201c<strong>Raising public awareness on transitional justice and reconciliation: The missing under communism<\/strong>,\u201d supported by the EU and the Swiss Embassy. The exhibition was prepared based on research of archival data on the convicted individuals in the Orman-Pojan and Vlo\u00e7isht labor camps.<\/p><p>\u00a0<\/p><p class=\"translation-block\">3. Virtual exhibition \u201c<strong>The Sigurimi in its own words<\/strong>\u201d. AIDSSH presented the book with testimonies about the missing and the virtual exhibition \u201cThe Sigurimi in its own words\u201d, in the new premises near the Sk\u00ebnderbej garrison, on February 24, 2022.<br><br><\/p><p class=\"translation-block\">4. Exhibition \u201c<strong>Remembrance Path \/ Udha e Kujtes\u00ebs\u201d held on May 26, 2022, in Lushnj\u00eb<\/strong>. The exhibition was organized within the framework of the project \u201cProfiles of the Past: The Struggle for Freedom and Democracy during Hoxha\u2019s Regime,\u201d carried out by the University of Tirana, La Sapienza University of Rome, Fondazione di Storia Onlus, the association \u201cZ\u00ebri Qytetar,\u201d and ISEM.<\/p>\t\t\t\t\t\t\t\t<\/div>\n\t\t\t\t<\/div>\n\t\t\t\t\t<\/div>\n\t\t\t\t<\/div>\n\t\t\t\t<\/div>","protected":false},"excerpt":{"rendered":"<p>EKSPOZITA DOKUMENTARE VITI 2022 1. Ekspozit\u00eb e p\u00ebrhershme informuese n\u00eb ish-kampin e internimit n\u00eb Tepelen\u00eb, m\u00eb 14 shkurt 2022, organizuar nga AIDSSH dhe Komisioni Nd\u00ebrkomb\u00ebtar p\u00ebr Personat e Zhdukur, n\u00eb bashk\u00ebpunim me Bashkin\u00eb e Tepelen\u00ebs, n\u00eb mbyllje t\u00eb projektit ICMP-AIDSSH \u201cRritja e nd\u00ebrgjegj\u00ebsimit t\u00eb publikut p\u00ebr drejt\u00ebsin\u00eb tranzitore dhe t\u00eb pajtimit: \u201cT\u00eb zhdukurit n\u00eb komuniz\u00ebm\u201d, [&hellip;]<\/p>","protected":false},"author":1,"featured_media":533,"parent":678,"menu_order":0,"comment_status":"closed","ping_status":"closed","template":"","meta":{"_acf_changed":false,"footnotes":""},"class_list":["post-1200","page","type-page","status-publish","has-post-thumbnail","hentry"],"acf":[],"_links":{"self":[{"href":"https:\/\/aidssh.al\/en\/wp-json\/wp\/v2\/pages\/1200","targetHints":{"allow":["GET"]}}],"collection":[{"href":"https:\/\/aidssh.al\/en\/wp-json\/wp\/v2\/pages"}],"about":[{"href":"https:\/\/aidssh.al\/en\/wp-json\/wp\/v2\/types\/page"}],"author":[{"embeddable":true,"href":"https:\/\/aidssh.al\/en\/wp-json\/wp\/v2\/users\/1"}],"replies":[{"embeddable":true,"href":"https:\/\/aidssh.al\/en\/wp-json\/wp\/v2\/comments?post=1200"}],"version-history":[{"count":0,"href":"https:\/\/aidssh.al\/en\/wp-json\/wp\/v2\/pages\/1200\/revisions"}],"up":[{"embeddable":true,"href":"https:\/\/aidssh.al\/en\/wp-json\/wp\/v2\/pages\/678"}],"wp:featuredmedia":[{"embeddable":true,"href":"https:\/\/aidssh.al\/en\/wp-json\/wp\/v2\/media\/533"}],"wp:attachment":[{"href":"https:\/\/aidssh.al\/en\/wp-json\/wp\/v2\/media?parent=1200"}],"curies":[{"name":"wp","href":"https:\/\/api.w.org\/{rel}","templated":true}]}}