{"id":1246,"date":"2025-06-18T10:13:19","date_gmt":"2025-06-18T08:13:19","guid":{"rendered":"https:\/\/aidssh.instant.al\/?page_id=1246"},"modified":"2026-02-13T15:19:27","modified_gmt":"2026-02-13T14:19:27","slug":"stop-korrupsionit","status":"publish","type":"page","link":"https:\/\/aidssh.al\/en\/stop-korrupsionit\/","title":{"rendered":"Stop korrupsionit"},"content":{"rendered":"<div data-elementor-type=\"wp-page\" data-elementor-id=\"1246\" class=\"elementor elementor-1246\" data-elementor-post-type=\"page\">\n\t\t\t\t<div class=\"elementor-element elementor-element-597006c e-flex e-con-boxed e-con e-parent\" data-id=\"597006c\" data-element_type=\"container\">\n\t\t\t\t\t<div class=\"e-con-inner\">\n\t\t<div class=\"elementor-element elementor-element-c7ef405 e-con-full e-flex e-con e-child\" data-id=\"c7ef405\" data-element_type=\"container\">\n\t\t<div class=\"elementor-element elementor-element-f531550 e-con-full e-flex e-con e-child\" data-id=\"f531550\" data-element_type=\"container\">\n\t\t\t\t<div class=\"elementor-element elementor-element-0793b86 elementor-widget elementor-widget-image\" data-id=\"0793b86\" data-element_type=\"widget\" data-widget_type=\"image.default\">\n\t\t\t\t<div class=\"elementor-widget-container\">\n\t\t\t\t\t\t\t\t\t\t\t\t\t\t\t<img fetchpriority=\"high\" decoding=\"async\" width=\"1500\" height=\"1600\" src=\"https:\/\/aidssh.al\/wp-content\/uploads\/2025\/07\/STOP-KORRUPSJONI.jpg\" class=\"attachment-full size-full wp-image-7485\" alt=\"\" srcset=\"https:\/\/aidssh.al\/wp-content\/uploads\/2025\/07\/STOP-KORRUPSJONI.jpg 1500w, https:\/\/aidssh.al\/wp-content\/uploads\/2025\/07\/STOP-KORRUPSJONI-281x300.jpg 281w, https:\/\/aidssh.al\/wp-content\/uploads\/2025\/07\/STOP-KORRUPSJONI-960x1024.jpg 960w, https:\/\/aidssh.al\/wp-content\/uploads\/2025\/07\/STOP-KORRUPSJONI-768x819.jpg 768w, https:\/\/aidssh.al\/wp-content\/uploads\/2025\/07\/STOP-KORRUPSJONI-1440x1536.jpg 1440w, https:\/\/aidssh.al\/wp-content\/uploads\/2025\/07\/STOP-KORRUPSJONI-11x12.jpg 11w\" sizes=\"(max-width: 1500px) 100vw, 1500px\" \/>\t\t\t\t\t\t\t\t\t\t\t\t\t\t\t<\/div>\n\t\t\t\t<\/div>\n\t\t\t\t<\/div>\n\t\t<div class=\"elementor-element elementor-element-f20f240 e-con-full e-flex e-con e-child\" data-id=\"f20f240\" data-element_type=\"container\" data-settings=\"{&quot;background_background&quot;:&quot;classic&quot;}\">\n\t\t\t\t<div class=\"elementor-element elementor-element-f0c8600 elementor-widget elementor-widget-text-editor\" data-id=\"f0c8600\" data-element_type=\"widget\" data-widget_type=\"text-editor.default\">\n\t\t\t\t<div class=\"elementor-widget-container\">\n\t\t\t\t\t\t\t\t\t<p>Ky formular sh\u00ebrben p\u00ebr t\u00eb raportuar raste t\u00eb dyshuara t\u00eb korrupsionit, ryshfetit apo mashtrimit, nga qytetar\u00ebt ose punonj\u00ebsit e Autoritetit. T\u00eb dh\u00ebnat e paraqitura trajtohen me konfidencialitet t\u00eb plot\u00eb dhe, n\u00ebse d\u00ebshirohet, raportimi mund t\u00eb b\u00ebhet edhe n\u00eb m\u00ebnyr\u00eb anonime. Q\u00ebllimi i k\u00ebtij formulari \u00ebsht\u00eb t\u00eb ofroj\u00eb nj\u00eb mekaniz\u00ebm t\u00eb sigurt, konfidencial dhe t\u00eb strukturuar p\u00ebr sinjalizimin e veprimeve t\u00eb dyshuara t\u00eb paligjshme, n\u00eb p\u00ebrputhje me ligjin nr. 60\/2016 \u201cP\u00ebr sinjalizimin dhe mbrojtjen e sinjalizuesve\u201d si dhe ligjin nr. 124\/2024 \u201cP\u00ebr mbrojtjen e t\u00eb dh\u00ebnave personale\u201d. Ju lutemi plot\u00ebsoni me kujdes fushat e m\u00ebposhtme dhe, n\u00ebse dispononi dokumente apo materiale mb\u00ebshtet\u00ebse, ngarkoni ato n\u00eb seksionin p\u00ebrkat\u00ebs.<\/p>\t\t\t\t\t\t\t\t<\/div>\n\t\t\t\t<\/div>\n\t\t\t\t<\/div>\n\t\t\t\t<\/div>\n\t\t\t\t<div class=\"elementor-element elementor-element-97c65e2 elementor-button-align-start elementor-widget elementor-widget-form\" data-id=\"97c65e2\" data-element_type=\"widget\" data-settings=\"{&quot;step_next_label&quot;:&quot;Next&quot;,&quot;step_previous_label&quot;:&quot;Previous&quot;,&quot;button_width&quot;:&quot;100&quot;,&quot;step_type&quot;:&quot;number_text&quot;,&quot;step_icon_shape&quot;:&quot;circle&quot;}\" data-widget_type=\"form.default\">\n\t\t\t\t<div class=\"elementor-widget-container\">\n\t\t\t\t\t<template id=\"cfef_logic_data_97c65e2\" class=\"cfef_logic_data_js\" data-form-id=\"97c65e2\">{&quot;field_8416dc2&quot;:{&quot;display_mode&quot;:&quot;show&quot;,&quot;fire_action&quot;:&quot;All&quot;,&quot;file_types&quot;:&quot;png&quot;,&quot;logic_data&quot;:[{&quot;cfef_logic_field_id&quot;:&quot;field_9863226&quot;,&quot;cfef_logic_field_is&quot;:&quot;==&quot;,&quot;cfef_logic_compare_value&quot;:&quot;Po&quot;,&quot;_id&quot;:&quot;0e09b79&quot;}]},&quot;field_8251e7c&quot;:{&quot;display_mode&quot;:&quot;show&quot;,&quot;fire_action&quot;:&quot;All&quot;,&quot;file_types&quot;:&quot;png&quot;,&quot;logic_data&quot;:[{&quot;cfef_logic_field_id&quot;:&quot;field_9863226&quot;,&quot;cfef_logic_field_is&quot;:&quot;==&quot;,&quot;cfef_logic_compare_value&quot;:&quot;Po&quot;,&quot;_id&quot;:&quot;be70f42&quot;}]},&quot;name&quot;:{&quot;display_mode&quot;:&quot;show&quot;,&quot;fire_action&quot;:&quot;All&quot;,&quot;file_types&quot;:&quot;png&quot;,&quot;logic_data&quot;:[{&quot;cfef_logic_field_id&quot;:&quot;field_9863226&quot;,&quot;cfef_logic_field_is&quot;:&quot;==&quot;,&quot;cfef_logic_compare_value&quot;:&quot;Jo&quot;,&quot;_id&quot;:&quot;7540678&quot;}]},&quot;field_4fa0a44&quot;:{&quot;display_mode&quot;:&quot;show&quot;,&quot;fire_action&quot;:&quot;All&quot;,&quot;file_types&quot;:&quot;png&quot;,&quot;logic_data&quot;:[{&quot;cfef_logic_field_id&quot;:&quot;field_9863226&quot;,&quot;cfef_logic_field_is&quot;:&quot;==&quot;,&quot;cfef_logic_compare_value&quot;:&quot;Jo&quot;,&quot;_id&quot;:&quot;7540678&quot;}]},&quot;field_d0f0385&quot;:{&quot;display_mode&quot;:&quot;show&quot;,&quot;fire_action&quot;:&quot;All&quot;,&quot;file_types&quot;:&quot;png&quot;,&quot;logic_data&quot;:[{&quot;cfef_logic_field_id&quot;:&quot;field_9863226&quot;,&quot;cfef_logic_field_is&quot;:&quot;==&quot;,&quot;cfef_logic_compare_value&quot;:&quot;Jo&quot;,&quot;_id&quot;:&quot;0e09b79&quot;}]},&quot;email&quot;:{&quot;display_mode&quot;:&quot;show&quot;,&quot;fire_action&quot;:&quot;All&quot;,&quot;file_types&quot;:&quot;png&quot;,&quot;logic_data&quot;:[{&quot;cfef_logic_field_id&quot;:&quot;field_9863226&quot;,&quot;cfef_logic_field_is&quot;:&quot;==&quot;,&quot;cfef_logic_compare_value&quot;:&quot;Jo&quot;,&quot;_id&quot;:&quot;bac2f83&quot;}]}}<\/template>\t\t<form class=\"elementor-form\" method=\"post\" name=\"Stop Korrupsionit\" aria-label=\"Stop Corruption\" action=\"\">\n\t\t\t<input type=\"hidden\" name=\"post_id\" value=\"1246\"\/>\n\t\t\t<input type=\"hidden\" name=\"form_id\" value=\"97c65e2\"\/>\n\t\t\t<input type=\"hidden\" name=\"referer_title\" value=\"Stop korrupsionit - Autoriteti p\u00ebr Informimin mbi Dokumentet e Ish-Sigurimit t\u00eb Shtetit\" \/>\n\n\t\t\t\t\t\t\t<input type=\"hidden\" name=\"queried_id\" value=\"1246\"\/>\n\t\t\t\n\t\t\t<div class=\"elementor-form-fields-wrapper elementor-labels-above\">\n\t\t\t\t\t\t\t\t<div class=\"elementor-field-type-radio elementor-field-group elementor-column elementor-field-group-field_9863226 elementor-col-100 elementor-field-required elementor-mark-required\">\n\t\t\t\t\t\t\t\t\t\t\t\t<label for=\"form-field-field_9863226\" class=\"elementor-field-label\">\n\t\t\t\t\t\t\t\tDo you want to be anonymous?\t\t\t\t\t\t\t<\/label>\n\t\t\t\t\t\t<div class=\"elementor-field-subgroup  elementor-subgroup-inline\"><span class=\"elementor-field-option\"><input type=\"radio\" value=\"Po\" id=\"form-field-field_9863226-0\" name=\"form_fields[field_9863226]\" required=\"required\"> <label for=\"form-field-field_9863226-0\">Yes<\/label><\/span><span class=\"elementor-field-option\"><input type=\"radio\" value=\"Jo\" id=\"form-field-field_9863226-1\" name=\"form_fields[field_9863226]\" required=\"required\"> <label for=\"form-field-field_9863226-1\">No<\/label><\/span><\/div>\t\t\t\t<\/div>\n\t\t\t\t\t\t\t\t<div class=\"elementor-field-type-text elementor-field-group elementor-column elementor-field-group-field_8416dc2 elementor-col-100 elementor-field-required elementor-mark-required\">\n\t\t\t\t\t\t\t\t\t\t\t\t<label for=\"form-field-field_8416dc2\" class=\"elementor-field-label\">\n\t\t\t\t\t\t\t\tReason\t\t\t\t\t\t\t<\/label>\n\t\t\t\t\t\t\t\t\t\t\t\t\t\t<input size=\"1\" type=\"text\" name=\"form_fields[field_8416dc2]\" id=\"form-field-field_8416dc2\" class=\"elementor-field elementor-size-sm  elementor-field-textual\" placeholder=\"Write the reason why you want to be anonymous.\" required=\"required\">\n\t\t\t\t\t\t\t\t\t\t\t<\/div>\n\t\t\t\t\t\t\t\t<div class=\"elementor-field-type-html elementor-field-group elementor-column elementor-field-group-field_8251e7c elementor-col-100\">\n\t\t\t\t\t<p style=\"color: #5f5f5f; font-size: 14px; padding-top: -20px;\">\n  Ref: Ligjit nr. 60\/2016 P\u00ebr sinjalizimin dhe mbrojtjen e sinjalizuesve, neni 7 \u201c,\npika 2 : <i>\"Sinjalizuesi mund t\u00eb zgjedh\u00eb t\u00eb mbetet anonim dhe sinjalizimi pranohet, n\u00ebse n\u00eb t\u00eb jan\u00eb shprehur qart\u00eb dhe jan\u00eb arsyetuar shkaqet e anonimatit dhe t\u00eb dh\u00ebnat e sinjalizuara sigurojn\u00eb nj\u00eb baz\u00eb t\u00eb mjaftueshme p\u00ebr t\u00eb hetuar administrativisht veprimin ose praktik\u00ebn e dyshuar t\u00eb korrupsionit\".\n<\/i><\/p>\n\t\t\t\t<\/div>\n\t\t\t\t\t\t\t\t<div class=\"elementor-field-type-text elementor-field-group elementor-column elementor-field-group-name elementor-col-50\">\n\t\t\t\t\t\t\t\t\t\t\t\t<label for=\"form-field-name\" class=\"elementor-field-label\">\n\t\t\t\t\t\t\t\tName\t\t\t\t\t\t\t<\/label>\n\t\t\t\t\t\t\t\t\t\t\t\t\t\t<input size=\"1\" type=\"text\" name=\"form_fields[name]\" id=\"form-field-name\" class=\"elementor-field elementor-size-sm  elementor-field-textual\" placeholder=\"Write the name\">\n\t\t\t\t\t\t\t\t\t\t\t<\/div>\n\t\t\t\t\t\t\t\t<div class=\"elementor-field-type-text elementor-field-group elementor-column elementor-field-group-field_4fa0a44 elementor-col-50\">\n\t\t\t\t\t\t\t\t\t\t\t\t<label for=\"form-field-field_4fa0a44\" class=\"elementor-field-label\">\n\t\t\t\t\t\t\t\tSurname\t\t\t\t\t\t\t<\/label>\n\t\t\t\t\t\t\t\t\t\t\t\t\t\t<input size=\"1\" type=\"text\" name=\"form_fields[field_4fa0a44]\" id=\"form-field-field_4fa0a44\" class=\"elementor-field elementor-size-sm  elementor-field-textual\" placeholder=\"Write the surname\">\n\t\t\t\t\t\t\t\t\t\t\t<\/div>\n\t\t\t\t\t\t\t\t<div class=\"elementor-field-type-tel elementor-field-group elementor-column elementor-field-group-field_d0f0385 elementor-col-50\">\n\t\t\t\t\t\t\t\t\t\t\t\t<label for=\"form-field-field_d0f0385\" class=\"elementor-field-label\">\n\t\t\t\t\t\t\t\tNo. phone\t\t\t\t\t\t\t<\/label>\n\t\t\t\t\t\t\t\t<input size=\"1\" type=\"tel\" name=\"form_fields[field_d0f0385]\" id=\"form-field-field_d0f0385\" class=\"elementor-field elementor-size-sm  elementor-field-textual\" placeholder=\"+355 612345678\" pattern=\"[0-9()#&amp;+*-=.]+\" title=\"Only numbers and phone characters (#, -, *, etc.) are accepted.\">\n\n\t\t\t\t\t\t<\/div>\n\t\t\t\t\t\t\t\t<div class=\"elementor-field-type-email elementor-field-group elementor-column elementor-field-group-email elementor-col-50 elementor-field-required elementor-mark-required\">\n\t\t\t\t\t\t\t\t\t\t\t\t<label for=\"form-field-email\" class=\"elementor-field-label\">\n\t\t\t\t\t\t\t\tEmail\t\t\t\t\t\t\t<\/label>\n\t\t\t\t\t\t\t\t\t\t\t\t\t\t<input size=\"1\" type=\"email\" name=\"form_fields[email]\" id=\"form-field-email\" class=\"elementor-field elementor-size-sm  elementor-field-textual\" placeholder=\"example@email.com\" required=\"required\">\n\t\t\t\t\t\t\t\t\t\t\t<\/div>\n\t\t\t\t\t\t\t\t<div class=\"elementor-field-type-checkbox elementor-field-group elementor-column elementor-field-group-field_5dca1d8 elementor-col-50\">\n\t\t\t\t\t\t\t\t\t\t\t\t<label for=\"form-field-field_5dca1d8\" class=\"elementor-field-label\">\n\t\t\t\t\t\t\t\tI am\t\t\t\t\t\t\t<\/label>\n\t\t\t\t\t\t<div class=\"elementor-field-subgroup  elementor-subgroup-inline\"><span class=\"elementor-field-option\"><input type=\"checkbox\" value=\"Punonj\u00ebs i institucionit\" id=\"form-field-field_5dca1d8-0\" name=\"form_fields[field_5dca1d8][]\"> <label for=\"form-field-field_5dca1d8-0\">Institution employee<\/label><\/span><span class=\"elementor-field-option\"><input type=\"checkbox\" value=\"Qytetar \" id=\"form-field-field_5dca1d8-1\" name=\"form_fields[field_5dca1d8][]\"> <label for=\"form-field-field_5dca1d8-1\">Qytetar <\/label><\/span><\/div>\t\t\t\t<\/div>\n\t\t\t\t\t\t\t\t<div class=\"elementor-field-type-textarea elementor-field-group elementor-column elementor-field-group-field_b4031e7 elementor-col-100 elementor-field-required elementor-mark-required\">\n\t\t\t\t\t\t\t\t\t\t\t\t<label for=\"form-field-field_b4031e7\" class=\"elementor-field-label\">\n\t\t\t\t\t\t\t\tDescribe the suspected corruption case:\t\t\t\t\t\t\t<\/label>\n\t\t\t\t\t\t<textarea class=\"elementor-field-textual elementor-field  elementor-size-sm\" name=\"form_fields[field_b4031e7]\" id=\"form-field-field_b4031e7\" rows=\"4\" placeholder=\"Write here...\" required=\"required\"><\/textarea>\t\t\t\t<\/div>\n\t\t\t\t\t\t\t\t<div class=\"elementor-field-type-textarea elementor-field-group elementor-column elementor-field-group-field_4898284 elementor-col-100\">\n\t\t\t\t\t\t\t\t\t\t\t\t<label for=\"form-field-field_4898284\" class=\"elementor-field-label\">\n\t\t\t\t\t\t\t\tReference to the Criminal Code (if possible):\t\t\t\t\t\t\t<\/label>\n\t\t\t\t\t\t<textarea class=\"elementor-field-textual elementor-field  elementor-size-sm\" name=\"form_fields[field_4898284]\" id=\"form-field-field_4898284\" rows=\"4\" placeholder=\"Write here...\"><\/textarea>\t\t\t\t<\/div>\n\t\t\t\t\t\t\t\t<div class=\"elementor-field-type-upload elementor-field-group elementor-column elementor-field-group-field_e7700bd elementor-col-100 elementor-field-required elementor-mark-required\">\n\t\t\t\t\t\t\t\t\t\t\t\t<label for=\"form-field-field_e7700bd\" class=\"elementor-field-label\">\n\t\t\t\t\t\t\t\tUpload evidence:\t\t\t\t\t\t\t<\/label>\n\t\t\t\t\t\t\t\t<input type=\"file\" name=\"form_fields[field_e7700bd][]\" id=\"form-field-field_e7700bd\" class=\"elementor-field elementor-size-sm  elementor-upload-field\" required=\"required\" multiple=\"multiple\">\n\n\t\t\t\t\t\t<\/div>\n\t\t\t\t\t\t\t\t<div class=\"elementor-field-type-acceptance elementor-field-group elementor-column elementor-field-group-field_1697976 elementor-col-100 elementor-field-required elementor-mark-required\">\n\t\t\t\t\t\t\t\t\t\t\t\t<label for=\"form-field-field_1697976\" class=\"elementor-field-label\">\n\t\t\t\t\t\t\t\tPrivacy Policy\t\t\t\t\t\t\t<\/label>\n\t\t\t\t\t\t\t\t<div class=\"elementor-field-subgroup\">\n\t\t\t<span class=\"elementor-field-option\">\n\t\t\t\t<input type=\"checkbox\" name=\"form_fields[field_1697976]\" id=\"form-field-field_1697976\" class=\"elementor-field elementor-size-sm  elementor-acceptance-field\" required=\"required\" checked=\"checked\">\n\t\t\t\t<label for=\"form-field-field_1697976\">\"I agree with the Privacy Policy.\" \n<a href=\"https:\/\/aidssh.al\/en\/politikat-e-privatesise\/\" style=\"color: #1c809d;\">Click here<\/a> to read them.<\/label>\t\t\t<\/span>\n\t\t<\/div>\n\t\t\t\t\t\t<\/div>\n\t\t\t\t\t\t\t\t<div class=\"elementor-field-type-recaptcha_v3 elementor-field-group elementor-column elementor-field-group-field_ae5a2d6 elementor-col-100 recaptcha_v3-bottomleft\">\n\t\t\t\t\t<div class=\"elementor-field\" id=\"form-field-field_ae5a2d6\"><div class=\"elementor-g-recaptcha\" data-sitekey=\"6Le9X2osAAAAAAycmh-2-2lRY_CZkYK7Nu-rlBGF\" data-type=\"v3\" data-action=\"Form\" data-badge=\"bottomleft\" data-size=\"invisible\"><\/div><\/div>\t\t\t\t<\/div>\n\t\t\t\t\t\t\t\t<div class=\"elementor-field-group elementor-column elementor-field-type-submit elementor-col-100 e-form__buttons\">\n\t\t\t\t\t<button class=\"elementor-button elementor-size-sm\" type=\"submit\">\n\t\t\t\t\t\t<span class=\"elementor-button-content-wrapper\">\n\t\t\t\t\t\t\t\t\t\t\t\t\t\t\t\t\t\t\t\t\t\t<span class=\"elementor-button-text\">D\u00ebrgo denoncim<\/span>\n\t\t\t\t\t\t\t\t\t\t\t\t\t<\/span>\n\t\t\t\t\t<\/button>\n\t\t\t\t<\/div>\n\t\t\t<\/div>\n\t\t<input type=\"hidden\" name=\"trp-form-language\" value=\"en\"\/><\/form>\n\t\t\t\t\t\t<\/div>\n\t\t\t\t<\/div>\n\t\t\t\t\t<\/div>\n\t\t\t\t<\/div>\n\t\t\t\t<\/div>","protected":false},"excerpt":{"rendered":"<p>Ky formular sh\u00ebrben p\u00ebr t\u00eb raportuar raste t\u00eb dyshuara t\u00eb korrupsionit, ryshfetit apo mashtrimit, nga qytetar\u00ebt ose punonj\u00ebsit e Autoritetit. T\u00eb dh\u00ebnat e paraqitura trajtohen me konfidencialitet t\u00eb plot\u00eb dhe, n\u00ebse d\u00ebshirohet, raportimi mund t\u00eb b\u00ebhet edhe n\u00eb m\u00ebnyr\u00eb anonime. Q\u00ebllimi i k\u00ebtij formulari \u00ebsht\u00eb t\u00eb ofroj\u00eb nj\u00eb mekaniz\u00ebm t\u00eb sigurt, konfidencial dhe t\u00eb strukturuar [&hellip;]<\/p>","protected":false},"author":1,"featured_media":533,"parent":0,"menu_order":0,"comment_status":"closed","ping_status":"closed","template":"","meta":{"_acf_changed":false,"footnotes":""},"class_list":["post-1246","page","type-page","status-publish","has-post-thumbnail","hentry"],"acf":[],"_links":{"self":[{"href":"https:\/\/aidssh.al\/en\/wp-json\/wp\/v2\/pages\/1246","targetHints":{"allow":["GET"]}}],"collection":[{"href":"https:\/\/aidssh.al\/en\/wp-json\/wp\/v2\/pages"}],"about":[{"href":"https:\/\/aidssh.al\/en\/wp-json\/wp\/v2\/types\/page"}],"author":[{"embeddable":true,"href":"https:\/\/aidssh.al\/en\/wp-json\/wp\/v2\/users\/1"}],"replies":[{"embeddable":true,"href":"https:\/\/aidssh.al\/en\/wp-json\/wp\/v2\/comments?post=1246"}],"version-history":[{"count":6,"href":"https:\/\/aidssh.al\/en\/wp-json\/wp\/v2\/pages\/1246\/revisions"}],"predecessor-version":[{"id":12054,"href":"https:\/\/aidssh.al\/en\/wp-json\/wp\/v2\/pages\/1246\/revisions\/12054"}],"wp:featuredmedia":[{"embeddable":true,"href":"https:\/\/aidssh.al\/en\/wp-json\/wp\/v2\/media\/533"}],"wp:attachment":[{"href":"https:\/\/aidssh.al\/en\/wp-json\/wp\/v2\/media?parent=1246"}],"curies":[{"name":"wp","href":"https:\/\/api.w.org\/{rel}","templated":true}]}}