{"id":12505,"date":"2026-03-30T14:54:15","date_gmt":"2026-03-30T12:54:15","guid":{"rendered":"https:\/\/aidssh.al\/?page_id=12505"},"modified":"2026-04-17T12:52:19","modified_gmt":"2026-04-17T10:52:19","slug":"qendra-e-kerkimit-online-per-te-zhdukurit","status":"publish","type":"page","link":"https:\/\/aidssh.al\/en\/te-zhdukurit\/qendra-e-kerkimit-online-per-te-zhdukurit\/","title":{"rendered":"Qendra e K\u00ebrkimit Online p\u00ebr t\u00eb Zhdukurit"},"content":{"rendered":"<div data-elementor-type=\"wp-page\" data-elementor-id=\"12505\" class=\"elementor elementor-12505\" data-elementor-post-type=\"page\">\n\t\t\t\t<div class=\"elementor-element elementor-element-8c384e5 e-con-full e-flex e-con e-parent\" data-id=\"8c384e5\" data-element_type=\"container\">\n\t\t\t\t<div class=\"elementor-element elementor-element-4e8c3d4 elementor-widget elementor-widget-template\" data-id=\"4e8c3d4\" data-element_type=\"widget\" data-widget_type=\"template.default\">\n\t\t\t\t<div class=\"elementor-widget-container\">\n\t\t\t\t\t\t\t<div class=\"elementor-template\">\n\t\t\t\t\t<div data-elementor-type=\"container\" data-elementor-id=\"866\" class=\"elementor elementor-866\" data-elementor-post-type=\"elementor_library\">\n\t\t\t\t<div class=\"elementor-element elementor-element-58c6923c e-flex e-con-boxed e-con e-parent\" data-id=\"58c6923c\" data-element_type=\"container\" data-settings=\"{&quot;background_background&quot;:&quot;classic&quot;}\">\n\t\t\t\t\t<div class=\"e-con-inner\">\n\t\t\t\t<div class=\"elementor-element elementor-element-3356bc54 elementor-widget elementor-widget-heading\" data-id=\"3356bc54\" data-element_type=\"widget\" data-widget_type=\"heading.default\">\n\t\t\t\t<div class=\"elementor-widget-container\">\n\t\t\t\t\t<h1 class=\"elementor-heading-title elementor-size-default\">Qendra e K\u00ebrkimit Online p\u00ebr t\u00eb Zhdukurit<\/h1>\t\t\t\t<\/div>\n\t\t\t\t<\/div>\n\t\t\t\t\t<\/div>\n\t\t\t\t<\/div>\n\t\t\t\t<\/div>\n\t\t\t\t<\/div>\n\t\t\t\t\t\t<\/div>\n\t\t\t\t<\/div>\n\t\t\t\t<\/div>\n\t\t<div class=\"elementor-element elementor-element-85df684 e-flex e-con-boxed e-con e-parent\" data-id=\"85df684\" data-element_type=\"container\">\n\t\t\t\t\t<div class=\"e-con-inner\">\n\t\t<div class=\"elementor-element elementor-element-78bf598 e-con-full e-flex e-con e-child\" data-id=\"78bf598\" data-element_type=\"container\">\n\t\t<div class=\"elementor-element elementor-element-5826454 e-con-full e-flex e-con e-child\" data-id=\"5826454\" data-element_type=\"container\">\n\t\t\t\t<div class=\"elementor-element elementor-element-5a80e52 elementor-widget elementor-widget-text-editor\" data-id=\"5a80e52\" data-element_type=\"widget\" data-widget_type=\"text-editor.default\">\n\t\t\t\t<div class=\"elementor-widget-container\">\n\t\t\t\t\t\t\t\t\t<div data-olk-copy-source=\"MessageBody\"><div data-ogsc=\"black\" data-olk-copy-source=\"MessageBody\">Autoriteti p\u00ebr Informimin mbi Dokumentet e ish Sigurimit t\u00eb Shtetit (AIDSSH) ka v\u00ebn\u00eb n\u00eb funksion nj\u00eb instrument t\u00eb ri p\u00ebr familjar\u00ebt e personave t\u00eb zhdukur gjat\u00eb regjimit komunist: platform\u00ebn online t\u00eb k\u00ebrkimit (Online Inquiry Center \u2013 OIC), t\u00eb zhvilluar n\u00eb bashk\u00ebpunim me Komisionin Nd\u00ebrkomb\u00ebtar p\u00ebr Personat e Zhdukur (ICMP).<\/div><div data-ogsc=\"black\">P\u00ebr her\u00eb t\u00eb par\u00eb, familjar\u00ebt mund t\u00eb raportojn\u00eb raste t\u00eb reja, t\u00eb k\u00ebrkojn\u00eb n\u00ebse nj\u00eb person rezulton n\u00eb sistem, t\u00eb d\u00ebrgojn\u00eb dokumente shtes\u00eb dhe t\u00eb sinjalizojn\u00eb vendndodhje t\u00eb mundshme t\u00eb varreve, t\u00eb gjitha k\u00ebto p\u00ebrmes nj\u00eb mjeti t\u00eb sigurt dhe leht\u00ebsisht t\u00eb p\u00ebrdoruesh\u00ebm.<\/div><div data-ogsc=\"black\">Kjo platform\u00eb \u00ebsht\u00eb pjes\u00eb e reformimit t\u00eb gjer\u00eb institucional q\u00eb AIDSSH ka nd\u00ebrmarr\u00eb gjat\u00eb viteve t\u00eb fundit, ku p\u00ebrfshihet edhe integrimi n\u00eb sistemin e avancuar t\u00eb menaxhimit t\u00eb t\u00eb dh\u00ebnave (iDMS).\u00a0<\/div><div data-ogsc=\"black\">Sistemi u finalizua n\u00eb mars 2026, pas p\u00ebrfundimit t\u00eb integrimit t\u00eb databaz\u00ebs komb\u00ebtare p\u00ebr personat e zhdukur, t\u00eb nd\u00ebrtuar mbi t\u00eb dh\u00ebnat e mbledhura nga vitet 2017\u20132025.<\/div><div data-ogsc=\"black\">Bashk\u00ebpunimi me ICMP, i mb\u00ebshtetur n\u00eb marr\u00ebveshjen e ratifikuar me ligjin nr. 83\/2018 dhe i formalizuar s\u00eb fundmi me Marr\u00ebveshjen e P\u00ebrdoruesit Fundor (EULA), ka forcuar sigurin\u00eb dhe standardizimin e informacionit mbi rastet e personave t\u00eb zhdukur.<\/div><div data-ogsc=\"black\">Ky zhvillim sh\u00ebnon nj\u00eb hap dometh\u00ebn\u00ebs p\u00ebr qasjen e familjar\u00ebve n\u00eb informacion dhe p\u00ebr p\u00ebrpjekjet institucionale drejt zbardhjes s\u00eb fatit t\u00eb personave t\u00eb zhdukur gjat\u00eb regjimit komunist n\u00eb Shqip\u00ebri.<\/div><\/div>\t\t\t\t\t\t\t\t<\/div>\n\t\t\t\t<\/div>\n\t\t\t\t<div class=\"elementor-element elementor-element-995b56e elementor-widget elementor-widget-heading\" data-id=\"995b56e\" data-element_type=\"widget\" data-widget_type=\"heading.default\">\n\t\t\t\t<div class=\"elementor-widget-container\">\n\t\t\t\t\t<h2 class=\"elementor-heading-title elementor-size-default\">Raporto personin e zhdukur<\/h2>\t\t\t\t<\/div>\n\t\t\t\t<\/div>\n\t\t\t\t<div class=\"elementor-element elementor-element-647a11b elementor-button-align-start elementor-widget elementor-widget-form\" data-id=\"647a11b\" data-element_type=\"widget\" data-settings=\"{&quot;step_next_label&quot;:&quot;Next&quot;,&quot;step_previous_label&quot;:&quot;Previous&quot;,&quot;button_width&quot;:&quot;100&quot;,&quot;step_type&quot;:&quot;number_text&quot;,&quot;step_icon_shape&quot;:&quot;circle&quot;}\" data-widget_type=\"form.default\">\n\t\t\t\t<div class=\"elementor-widget-container\">\n\t\t\t\t\t\t\t<form class=\"elementor-form\" method=\"post\" name=\"New Form\" aria-label=\"New Form\" action=\"\">\n\t\t\t<input type=\"hidden\" name=\"post_id\" value=\"12505\"\/>\n\t\t\t<input type=\"hidden\" name=\"form_id\" value=\"647a11b\"\/>\n\t\t\t<input type=\"hidden\" name=\"referer_title\" value=\"Qendra e K\u00ebrkimit Online p\u00ebr t\u00eb Zhdukurit - Autoriteti p\u00ebr Informimin mbi Dokumentet e Ish-Sigurimit t\u00eb Shtetit\" \/>\n\n\t\t\t\t\t\t\t<input type=\"hidden\" name=\"queried_id\" value=\"12505\"\/>\n\t\t\t\n\t\t\t<div class=\"elementor-form-fields-wrapper elementor-labels-above\">\n\t\t\t\t\t\t\t\t<div class=\"elementor-field-type-text elementor-field-group elementor-column elementor-field-group-name elementor-col-50\">\n\t\t\t\t\t\t\t\t\t\t\t\t<label for=\"form-field-name\" class=\"elementor-field-label\">\n\t\t\t\t\t\t\t\tName\t\t\t\t\t\t\t<\/label>\n\t\t\t\t\t\t\t\t\t\t\t\t\t\t<input size=\"1\" type=\"text\" name=\"form_fields[name]\" id=\"form-field-name\" class=\"elementor-field elementor-size-sm  elementor-field-textual\" placeholder=\"Name\">\n\t\t\t\t\t\t\t\t\t\t\t<\/div>\n\t\t\t\t\t\t\t\t<div class=\"elementor-field-type-text elementor-field-group elementor-column elementor-field-group-email elementor-col-50\">\n\t\t\t\t\t\t\t\t\t\t\t\t<label for=\"form-field-email\" class=\"elementor-field-label\">\n\t\t\t\t\t\t\t\tMbiem\u00ebr\t\t\t\t\t\t\t<\/label>\n\t\t\t\t\t\t\t\t\t\t\t\t\t\t<input size=\"1\" type=\"text\" name=\"form_fields[email]\" id=\"form-field-email\" class=\"elementor-field elementor-size-sm  elementor-field-textual\" placeholder=\"Mbiem\u00ebr\">\n\t\t\t\t\t\t\t\t\t\t\t<\/div>\n\t\t\t\t\t\t\t\t<div class=\"elementor-field-type-email elementor-field-group elementor-column elementor-field-group-field_9dced6b elementor-col-100 elementor-field-required elementor-mark-required\">\n\t\t\t\t\t\t\t\t\t\t\t\t<label for=\"form-field-field_9dced6b\" class=\"elementor-field-label\">\n\t\t\t\t\t\t\t\tEmail\t\t\t\t\t\t\t<\/label>\n\t\t\t\t\t\t\t\t\t\t\t\t\t\t<input size=\"1\" type=\"email\" name=\"form_fields[field_9dced6b]\" id=\"form-field-field_9dced6b\" class=\"elementor-field elementor-size-sm  elementor-field-textual\" placeholder=\"Email\" required=\"required\">\n\t\t\t\t\t\t\t\t\t\t\t<\/div>\n\t\t\t\t\t\t\t\t<div class=\"elementor-field-type-textarea elementor-field-group elementor-column elementor-field-group-message elementor-col-100 elementor-field-required elementor-mark-required\">\n\t\t\t\t\t\t\t\t\t\t\t\t<label for=\"form-field-message\" class=\"elementor-field-label\">\n\t\t\t\t\t\t\t\tMessage\t\t\t\t\t\t\t<\/label>\n\t\t\t\t\t\t<textarea class=\"elementor-field-textual elementor-field  elementor-size-sm\" name=\"form_fields[message]\" id=\"form-field-message\" rows=\"4\" placeholder=\"Message\" required=\"required\"><\/textarea>\t\t\t\t<\/div>\n\t\t\t\t\t\t\t\t<div class=\"elementor-field-group elementor-column elementor-field-type-submit elementor-col-100 e-form__buttons\">\n\t\t\t\t\t<button class=\"elementor-button elementor-size-sm\" type=\"submit\">\n\t\t\t\t\t\t<span class=\"elementor-button-content-wrapper\">\n\t\t\t\t\t\t\t\t\t\t\t\t\t\t\t\t\t\t\t\t\t\t<span class=\"elementor-button-text\">Send<\/span>\n\t\t\t\t\t\t\t\t\t\t\t\t\t<\/span>\n\t\t\t\t\t<\/button>\n\t\t\t\t<\/div>\n\t\t\t<\/div>\n\t\t<input type=\"hidden\" name=\"trp-form-language\" value=\"en\"\/><\/form>\n\t\t\t\t\t\t<\/div>\n\t\t\t\t<\/div>\n\t\t\t\t<\/div>\n\t\t<div class=\"elementor-element elementor-element-0a0de2e e-con-full e-flex e-con e-child\" data-id=\"0a0de2e\" data-element_type=\"container\">\n\t\t\t\t<div class=\"elementor-element elementor-element-ac54cbf elementor-widget elementor-widget-heading\" data-id=\"ac54cbf\" data-element_type=\"widget\" data-widget_type=\"heading.default\">\n\t\t\t\t<div class=\"elementor-widget-container\">\n\t\t\t\t\t<h2 class=\"elementor-heading-title elementor-size-default\">K\u00ebrkimi i Personave t\u00eb Zhdukur<\/h2>\t\t\t\t<\/div>\n\t\t\t\t<\/div>\n\t\t\t\t<div class=\"elementor-element elementor-element-3016846 elementor-align-justify elementor-widget elementor-widget-button\" data-id=\"3016846\" data-element_type=\"widget\" data-widget_type=\"button.default\">\n\t\t\t\t<div class=\"elementor-widget-container\">\n\t\t\t\t\t\t\t\t\t<div class=\"elementor-button-wrapper\">\n\t\t\t\t\t<a class=\"elementor-button elementor-button-link elementor-size-sm\" href=\"https:\/\/oic.icmp.int\/index.php?w=mp_details&#038;l=al\" target=\"_blank\" rel=\"noopener\">\n\t\t\t\t\t\t<span class=\"elementor-button-content-wrapper\">\n\t\t\t\t\t\t<span class=\"elementor-button-icon\">\n\t\t\t\t<svg aria-hidden=\"true\" class=\"e-font-icon-svg e-fas-arrow-right\" viewbox=\"0 0 448 512\" xmlns=\"http:\/\/www.w3.org\/2000\/svg\"><path d=\"M190.5 66.9l22.2-22.2c9.4-9.4 24.6-9.4 33.9 0L441 239c9.4 9.4 9.4 24.6 0 33.9L246.6 467.3c-9.4 9.4-24.6 9.4-33.9 0l-22.2-22.2c-9.5-9.5-9.3-25 .4-34.3L311.4 296H24c-13.3 0-24-10.7-24-24v-32c0-13.3 10.7-24 24-24h287.4L190.9 101.2c-9.8-9.3-10-24.8-.4-34.3z\"><\/path><\/svg>\t\t\t<\/span>\n\t\t\t\t\t\t\t\t\t<span class=\"elementor-button-text\">Baza e te dhenave AIDSSH<\/span>\n\t\t\t\t\t<\/span>\n\t\t\t\t\t<\/a>\n\t\t\t\t<\/div>\n\t\t\t\t\t\t\t\t<\/div>\n\t\t\t\t<\/div>\n\t\t\t\t<\/div>\n\t\t\t\t<\/div>\n\t\t\t\t\t<\/div>\n\t\t\t\t<\/div>\n\t\t\t\t<\/div>","protected":false},"excerpt":{"rendered":"<p>Autoriteti p\u00ebr Informimin mbi Dokumentet e ish Sigurimit t\u00eb Shtetit (AIDSSH) ka v\u00ebn\u00eb n\u00eb funksion nj\u00eb instrument t\u00eb ri p\u00ebr familjar\u00ebt e personave t\u00eb zhdukur gjat\u00eb regjimit komunist: platform\u00ebn online t\u00eb k\u00ebrkimit (Online Inquiry Center \u2013 OIC), t\u00eb zhvilluar n\u00eb bashk\u00ebpunim me Komisionin Nd\u00ebrkomb\u00ebtar p\u00ebr Personat e Zhdukur (ICMP).P\u00ebr her\u00eb t\u00eb par\u00eb, familjar\u00ebt mund t\u00eb [&hellip;]<\/p>","protected":false},"author":1,"featured_media":6073,"parent":19,"menu_order":0,"comment_status":"closed","ping_status":"closed","template":"","meta":{"_acf_changed":false,"footnotes":""},"class_list":["post-12505","page","type-page","status-publish","has-post-thumbnail","hentry"],"acf":[],"_links":{"self":[{"href":"https:\/\/aidssh.al\/en\/wp-json\/wp\/v2\/pages\/12505","targetHints":{"allow":["GET"]}}],"collection":[{"href":"https:\/\/aidssh.al\/en\/wp-json\/wp\/v2\/pages"}],"about":[{"href":"https:\/\/aidssh.al\/en\/wp-json\/wp\/v2\/types\/page"}],"author":[{"embeddable":true,"href":"https:\/\/aidssh.al\/en\/wp-json\/wp\/v2\/users\/1"}],"replies":[{"embeddable":true,"href":"https:\/\/aidssh.al\/en\/wp-json\/wp\/v2\/comments?post=12505"}],"version-history":[{"count":29,"href":"https:\/\/aidssh.al\/en\/wp-json\/wp\/v2\/pages\/12505\/revisions"}],"predecessor-version":[{"id":12624,"href":"https:\/\/aidssh.al\/en\/wp-json\/wp\/v2\/pages\/12505\/revisions\/12624"}],"up":[{"embeddable":true,"href":"https:\/\/aidssh.al\/en\/wp-json\/wp\/v2\/pages\/19"}],"wp:featuredmedia":[{"embeddable":true,"href":"https:\/\/aidssh.al\/en\/wp-json\/wp\/v2\/media\/6073"}],"wp:attachment":[{"href":"https:\/\/aidssh.al\/en\/wp-json\/wp\/v2\/media?parent=12505"}],"curies":[{"name":"wp","href":"https:\/\/api.w.org\/{rel}","templated":true}]}}