{"id":12547,"date":"2026-03-31T09:56:52","date_gmt":"2026-03-31T07:56:52","guid":{"rendered":"https:\/\/aidssh.al\/?page_id=12547"},"modified":"2026-03-31T09:56:52","modified_gmt":"2026-03-31T07:56:52","slug":"udherzuesi-per-te-zhdukurit","status":"publish","type":"page","link":"https:\/\/aidssh.al\/en\/te-zhdukurit\/udherzuesi-per-te-zhdukurit\/","title":{"rendered":"Udh\u00ebrzuesi p\u00ebr t\u00eb zhdukurit"},"content":{"rendered":"","protected":false},"excerpt":{"rendered":"","protected":false},"author":3,"featured_media":0,"parent":19,"menu_order":0,"comment_status":"closed","ping_status":"closed","template":"","meta":{"_acf_changed":false,"footnotes":""},"class_list":["post-12547","page","type-page","status-publish","hentry"],"acf":[],"_links":{"self":[{"href":"https:\/\/aidssh.al\/en\/wp-json\/wp\/v2\/pages\/12547","targetHints":{"allow":["GET"]}}],"collection":[{"href":"https:\/\/aidssh.al\/en\/wp-json\/wp\/v2\/pages"}],"about":[{"href":"https:\/\/aidssh.al\/en\/wp-json\/wp\/v2\/types\/page"}],"author":[{"embeddable":true,"href":"https:\/\/aidssh.al\/en\/wp-json\/wp\/v2\/users\/3"}],"replies":[{"embeddable":true,"href":"https:\/\/aidssh.al\/en\/wp-json\/wp\/v2\/comments?post=12547"}],"version-history":[{"count":2,"href":"https:\/\/aidssh.al\/en\/wp-json\/wp\/v2\/pages\/12547\/revisions"}],"predecessor-version":[{"id":12549,"href":"https:\/\/aidssh.al\/en\/wp-json\/wp\/v2\/pages\/12547\/revisions\/12549"}],"up":[{"embeddable":true,"href":"https:\/\/aidssh.al\/en\/wp-json\/wp\/v2\/pages\/19"}],"wp:attachment":[{"href":"https:\/\/aidssh.al\/en\/wp-json\/wp\/v2\/media?parent=12547"}],"curies":[{"name":"wp","href":"https:\/\/api.w.org\/{rel}","templated":true}]}}