{"id":1344,"date":"2025-06-18T13:12:23","date_gmt":"2025-06-18T11:12:23","guid":{"rendered":"https:\/\/aidssh.instant.al\/?page_id=1344"},"modified":"2026-01-14T14:39:05","modified_gmt":"2026-01-14T13:39:05","slug":"legjislacioni-vleresimi-i-figures","status":"publish","type":"page","link":"https:\/\/aidssh.al\/en\/vleresimi-i-figures\/legjislacioni-vleresimi-i-figures\/","title":{"rendered":"Legislation"},"content":{"rendered":"<div data-elementor-type=\"wp-page\" data-elementor-id=\"1344\" class=\"elementor elementor-1344\" data-elementor-post-type=\"page\">\n\t\t\t\t<div class=\"elementor-element elementor-element-47b97f4 e-con-full e-flex e-con e-parent\" data-id=\"47b97f4\" data-element_type=\"container\">\n\t\t\t\t<div class=\"elementor-element elementor-element-d478760 elementor-widget elementor-widget-template\" data-id=\"d478760\" data-element_type=\"widget\" data-widget_type=\"template.default\">\n\t\t\t\t<div class=\"elementor-widget-container\">\n\t\t\t\t\t\t\t<div class=\"elementor-template\">\n\t\t\t\t\t<div data-elementor-type=\"container\" data-elementor-id=\"866\" class=\"elementor elementor-866\" data-elementor-post-type=\"elementor_library\">\n\t\t\t\t<div class=\"elementor-element elementor-element-58c6923c e-flex e-con-boxed e-con e-parent\" data-id=\"58c6923c\" data-element_type=\"container\" data-settings=\"{&quot;background_background&quot;:&quot;classic&quot;}\">\n\t\t\t\t\t<div class=\"e-con-inner\">\n\t\t\t\t<div class=\"elementor-element elementor-element-3356bc54 elementor-widget elementor-widget-heading\" data-id=\"3356bc54\" data-element_type=\"widget\" data-widget_type=\"heading.default\">\n\t\t\t\t<div class=\"elementor-widget-container\">\n\t\t\t\t\t<h1 class=\"elementor-heading-title elementor-size-default\">Legislation<\/h1>\t\t\t\t<\/div>\n\t\t\t\t<\/div>\n\t\t\t\t\t<\/div>\n\t\t\t\t<\/div>\n\t\t\t\t<\/div>\n\t\t\t\t<\/div>\n\t\t\t\t\t\t<\/div>\n\t\t\t\t<\/div>\n\t\t\t\t<\/div>\n\t\t<div class=\"elementor-element elementor-element-0f96f8b e-flex e-con-boxed e-con e-parent\" data-id=\"0f96f8b\" data-element_type=\"container\">\n\t\t\t\t\t<div class=\"e-con-inner\">\n\t\t\t\t<div class=\"elementor-element elementor-element-6444418 elementor-widget elementor-widget-heading\" data-id=\"6444418\" data-element_type=\"widget\" data-widget_type=\"heading.default\">\n\t\t\t\t<div class=\"elementor-widget-container\">\n\t\t\t\t\t<h2 class=\"elementor-heading-title elementor-size-default\">COLLECTION OF DOCUMENTS<\/h2>\t\t\t\t<\/div>\n\t\t\t\t<\/div>\n\t\t\t\t<div class=\"elementor-element elementor-element-adbc318 elementor-widget elementor-widget-heading\" data-id=\"adbc318\" data-element_type=\"widget\" data-widget_type=\"heading.default\">\n\t\t\t\t<div class=\"elementor-widget-container\">\n\t\t\t\t\t<h3 class=\"elementor-heading-title elementor-size-default\">The purpose of informing constitutional institutions and public authorities according to the amended Law no. 45\/2015.<\/h3>\t\t\t\t<\/div>\n\t\t\t\t<\/div>\n\t\t\t\t<div class=\"elementor-element elementor-element-e81d0ed elementor-widget elementor-widget-text-editor\" data-id=\"e81d0ed\" data-element_type=\"widget\" data-widget_type=\"text-editor.default\">\n\t\t\t\t<div class=\"elementor-widget-container\">\n\t\t\t\t\t\t\t\t\t<p class=\"translation-block\">The purpose of the legislator, as expressed in Articles 26\u201330 of Law no. 45\/2015, is to ensure that, through the background verification process, the candidate for such a position fulfills, among other things, the criteria of not having been a member, collaborator, or beneficiary of the former State Security, nor a person under investigation for espionage or terrorism; thus ensuring high integrity of candidates prior to appointment\/promotion or election, as well as clean records in functional roles not only within the new institutions of justice and police, but also in every state administration institution.<\/p>\t\t\t\t\t\t\t\t<\/div>\n\t\t\t\t<\/div>\n\t\t\t\t<div class=\"elementor-element elementor-element-e03cb64 elementor-widget elementor-widget-heading\" data-id=\"e03cb64\" data-element_type=\"widget\" data-widget_type=\"heading.default\">\n\t\t\t\t<div class=\"elementor-widget-container\">\n\t\t\t\t\t<h3 class=\"elementor-heading-title elementor-size-default\">Article 26 and 29 of the amended Law no. 45\/2015<\/h3>\t\t\t\t<\/div>\n\t\t\t\t<\/div>\n\t\t\t\t<div class=\"elementor-element elementor-element-b5b3ce8 elementor-widget elementor-widget-text-editor\" data-id=\"b5b3ce8\" data-element_type=\"widget\" data-widget_type=\"text-editor.default\">\n\t\t\t\t<div class=\"elementor-widget-container\">\n\t\t\t\t\t\t\t\t\t<p class=\"translation-block\">Informing constitutional institutions, public authorities, and other interested subjects about the identified documents of the former State Security, ensuring their review and delivery to the requester within a reasonable timeframe; A total of 2,656 candidates have been verified prior to appointment\/promotion; candidates for parliament or before receiving a decoration or honorary title, of which 705 candidates have been verified for the new vetting bodies in the justice system, while 125 candidates have been verified for the police vetting process.<\/p>\t\t\t\t\t\t\t\t<\/div>\n\t\t\t\t<\/div>\n\t\t\t\t<div class=\"elementor-element elementor-element-b86d2d9 elementor-widget elementor-widget-heading\" data-id=\"b86d2d9\" data-element_type=\"widget\" data-widget_type=\"heading.default\">\n\t\t\t\t<div class=\"elementor-widget-container\">\n\t\t\t\t\t<h3 class=\"elementor-heading-title elementor-size-default\">Article 26 and 30 of the amended Law no. 45\/2015<\/h3>\t\t\t\t<\/div>\n\t\t\t\t<\/div>\n\t\t\t\t<div class=\"elementor-element elementor-element-98f68b2 elementor-widget elementor-widget-text-editor\" data-id=\"98f68b2\" data-element_type=\"widget\" data-widget_type=\"text-editor.default\">\n\t\t\t\t<div class=\"elementor-widget-container\">\n\t\t\t\t\t\t\t\t\t<p class=\"translation-block\">a) Conducting the verification of candidates for Members of Parliament in the Assembly of Albania, mayors, and chairpersons of county councils, regarding the existence of information about them in the documents of the former State Security, when requested for the purpose of transparency of background during electoral campaigns. A total of 453 candidates for MP\/mayor have been verified.<\/p>\t\t\t\t\t\t\t\t<\/div>\n\t\t\t\t<\/div>\n\t\t\t\t<div class=\"elementor-element elementor-element-23e7888 elementor-widget elementor-widget-heading\" data-id=\"23e7888\" data-element_type=\"widget\" data-widget_type=\"heading.default\">\n\t\t\t\t<div class=\"elementor-widget-container\">\n\t\t\t\t\t<h3 class=\"elementor-heading-title elementor-size-default\">Article 26 and 27 of the amended Law no. 45\/2015<\/h3>\t\t\t\t<\/div>\n\t\t\t\t<\/div>\n\t\t\t\t<div class=\"elementor-element elementor-element-22fda33 elementor-widget elementor-widget-text-editor\" data-id=\"22fda33\" data-element_type=\"widget\" data-widget_type=\"text-editor.default\">\n\t\t\t\t<div class=\"elementor-widget-container\">\n\t\t\t\t\t\t\t\t\t<p>Conducting verifications for individuals proposed for decorations, honorary titles, medals, and local honorary titles by the responsible institutions and local government bodies. A total of 243 candidates have been verified for the awarding of decorations, honorary titles, or naming of public spaces.<\/p>\t\t\t\t\t\t\t\t<\/div>\n\t\t\t\t<\/div>\n\t\t\t\t<div class=\"elementor-element elementor-element-47b064f elementor-widget elementor-widget-heading\" data-id=\"47b064f\" data-element_type=\"widget\" data-widget_type=\"heading.default\">\n\t\t\t\t<div class=\"elementor-widget-container\">\n\t\t\t\t\t<h3 class=\"elementor-heading-title elementor-size-default\">Article 26 of the amended Law no. 45\/2015<\/h3>\t\t\t\t<\/div>\n\t\t\t\t<\/div>\n\t\t\t\t<div class=\"elementor-element elementor-element-d916a3a elementor-widget elementor-widget-text-editor\" data-id=\"d916a3a\" data-element_type=\"widget\" data-widget_type=\"text-editor.default\">\n\t\t\t\t<div class=\"elementor-widget-container\">\n\t\t\t\t\t\t\t\t\t<p><span lang=\"SQ\">Informimi p\u00ebr k\u00ebrkesat e paraqitura nga gjykatat, prokurorit\u00eb ose Policia Gjyq\u00ebsore, p\u00ebr efekt t\u00eb nj\u00eb procedimi penal t\u00eb regjistruar<\/span><\/p>\t\t\t\t\t\t\t\t<\/div>\n\t\t\t\t<\/div>\n\t\t\t\t<div class=\"elementor-element elementor-element-f67fadc elementor-widget elementor-widget-heading\" data-id=\"f67fadc\" data-element_type=\"widget\" data-widget_type=\"heading.default\">\n\t\t\t\t<div class=\"elementor-widget-container\">\n\t\t\t\t\t<h3 class=\"elementor-heading-title elementor-size-default\">Subjects of verification by the Authority?<\/h3>\t\t\t\t<\/div>\n\t\t\t\t<\/div>\n\t\t\t\t<div class=\"elementor-element elementor-element-4b2561f elementor-widget elementor-widget-text-editor\" data-id=\"4b2561f\" data-element_type=\"widget\" data-widget_type=\"text-editor.default\">\n\t\t\t\t<div class=\"elementor-widget-container\">\n\t\t\t\t\t\t\t\t\t<ol><li style=\"font-weight: 400;\">Kandidat\u00ebt q\u00eb aplikojn\u00eb p\u00ebr em\u00ebrim apo ngritje n\u00eb detyra si :<\/li><\/ol><p style=\"font-weight: 400;\">a) President of the Republic; b) Members of the Council of Ministers, deputy ministers, political officials, members of the senior management corps in the state administration and positions equivalent to them; c) Members of the High Council of Justice, judges and prosecutors in courts and prosecutor\u2019s offices of all levels; \u00e7) Members of the Constitutional Court; d) Officials in the Armed Forces of the Republic of Albania, the General Staff of the Army, the Republican Guard, officers holding the rank of \u201cGeneral\u201d and \u201cColonel\u201d; dh) Prefects; e) Directors and employees of the State Intelligence Service, the Defense Intelligence Agency, and any other intelligence unit; \u00eb) Leaders in the State Police up to the district and police station level; f) Heads of diplomatic missions; g) Governors and deputy governors of the Bank of Albania; gj) Members of the Academy of Sciences, rectors, vice-rectors, deans, vice-deans in public universities; h) Director General and deputy directors of the Albanian Public Radio and Television; i) Director and Deputy Director of the Albanian Telegraphic Agency; j) Any other person decreed by the President or elected by the Assembly.<\/p><ol start=\"2\"><li style=\"font-weight: 400;\">candidates for Members of Parliament in the Assembly of Albania, mayors, and chairpersons of county councils, regarding the existence of information about them in the documents of the former State Security, when this is requested by them for the purpose of background transparency during electoral campaigns;<\/li><li style=\"font-weight: 400;\">candidates proposed for the awarding of decorations, honorary titles, medals, and local honorary titles<\/li><\/ol>\t\t\t\t\t\t\t\t<\/div>\n\t\t\t\t<\/div>\n\t\t\t\t<div class=\"elementor-element elementor-element-cdb9ca2 elementor-widget elementor-widget-heading\" data-id=\"cdb9ca2\" data-element_type=\"widget\" data-widget_type=\"heading.default\">\n\t\t\t\t<div class=\"elementor-widget-container\">\n\t\t\t\t\t<h3 class=\"elementor-heading-title elementor-size-default\">The necessary documentation for conducting the verification   <\/h3>\t\t\t\t<\/div>\n\t\t\t\t<\/div>\n\t\t\t\t<div class=\"elementor-element elementor-element-8fc4cef elementor-widget elementor-widget-text-editor\" data-id=\"8fc4cef\" data-element_type=\"widget\" data-widget_type=\"text-editor.default\">\n\t\t\t\t<div class=\"elementor-widget-container\">\n\t\t\t\t\t\t\t\t\t<ul><li style=\"font-weight: 400;\">Request from the institution for the official being appointed or promoted to the position<\/li><li style=\"font-weight: 400;\">Request from the subject for the verification of candidates for Members of Parliament in the Assembly of Albania, mayors, and chairpersons of county councils.<\/li><li style=\"font-weight: 400;\">Request from the institution (mainly the Office of the President of Albania and local government bodies in the Republic of Albania) for the verification of a candidate proposed for the awarding of decorations, honorary titles, medals, and local honorary titles.<\/li><li style=\"font-weight: 400;\">Application form for officials being appointed\/promoted\/parliamentary or local elections, which must be completed in every section by the candidate.\u00a0\u00a0\u00a0\u00a0\u00a0<\/li><\/ul>\t\t\t\t\t\t\t\t<\/div>\n\t\t\t\t<\/div>\n\t\t\t\t<div class=\"elementor-element elementor-element-d4066eb elementor-widget elementor-widget-heading\" data-id=\"d4066eb\" data-element_type=\"widget\" data-widget_type=\"heading.default\">\n\t\t\t\t<div class=\"elementor-widget-container\">\n\t\t\t\t\t<h3 class=\"elementor-heading-title elementor-size-default\">Objection to the actions of the Authority\nArticle 39 and 40 of the amended Law no. 45\/2015<\/h3>\t\t\t\t<\/div>\n\t\t\t\t<\/div>\n\t\t\t\t<div class=\"elementor-element elementor-element-5af75be elementor-widget elementor-widget-text-editor\" data-id=\"5af75be\" data-element_type=\"widget\" data-widget_type=\"text-editor.default\">\n\t\t\t\t<div class=\"elementor-widget-container\">\n\t\t\t\t\t\t\t\t\t<p class=\"translation-block\">When <strong><em>document requesters<\/em><\/strong>, as defined in this chapter, as well as individuals mentioned in them, find that the documents and data provided by the Authority contain inaccuracies, they notify the Authority by submitting a request for the correction of the data\u2026 including a full identification of the inaccurate information, the reasons for assessing this information as inaccurate, the identification of the parts requiring corrections, as well as data or documents that substantiate the claims of inaccuracy and assist in clarifying the information.<\/p><p>\u00a0<\/p><p>The Authority makes the relevant corrections in the document produced by the Authority itself, a copy of which is attached to the original document. In all cases, the correction is made by a reasoned decision and may be appealed to the competent court for the adjudication of administrative matters.<\/p>\t\t\t\t\t\t\t\t<\/div>\n\t\t\t\t<\/div>\n\t\t<div class=\"elementor-element elementor-element-c9b5e06 e-grid e-con-full e-con e-child\" data-id=\"c9b5e06\" data-element_type=\"container\">\n\t\t\t\t<div class=\"elementor-element elementor-element-9cbe418 elementor-widget__width-initial elementor-widget elementor-widget-heading\" data-id=\"9cbe418\" data-element_type=\"widget\" data-widget_type=\"heading.default\">\n\t\t\t\t<div class=\"elementor-widget-container\">\n\t\t\t\t\t<p class=\"elementor-heading-title elementor-size-default\"><a href=\"\/en\/vleresimi-i-figures-ligje\/\">Laws<\/a><\/p>\t\t\t\t<\/div>\n\t\t\t\t<\/div>\n\t\t\t\t<div class=\"elementor-element elementor-element-630a6ff elementor-widget__width-initial elementor-widget elementor-widget-heading\" data-id=\"630a6ff\" data-element_type=\"widget\" data-widget_type=\"heading.default\">\n\t\t\t\t<div class=\"elementor-widget-container\">\n\t\t\t\t\t<p class=\"elementor-heading-title elementor-size-default\"><a href=\"https:\/\/aidssh.al\/en\/vleresimi-i-figures\/legjislacioni-vleresimi-i-figures\/verifikimi-i-figures-vendime\/\">Decisions<\/a><\/p>\t\t\t\t<\/div>\n\t\t\t\t<\/div>\n\t\t\t\t<div class=\"elementor-element elementor-element-cb54053 elementor-widget__width-initial elementor-widget elementor-widget-heading\" data-id=\"cb54053\" data-element_type=\"widget\" data-widget_type=\"heading.default\">\n\t\t\t\t<div class=\"elementor-widget-container\">\n\t\t\t\t\t<p class=\"elementor-heading-title elementor-size-default\"><a href=\"\/en\/vleresimi-i-figures-rregullore\/\">Regulation<\/a><\/p>\t\t\t\t<\/div>\n\t\t\t\t<\/div>\n\t\t\t\t<div class=\"elementor-element elementor-element-3b77fad elementor-widget__width-initial elementor-widget elementor-widget-heading\" data-id=\"3b77fad\" data-element_type=\"widget\" data-widget_type=\"heading.default\">\n\t\t\t\t<div class=\"elementor-widget-container\">\n\t\t\t\t\t<p class=\"elementor-heading-title elementor-size-default\"><a href=\"\/en\/vleresimi-i-figures-udhezime\/\">Guidelines<\/a><\/p>\t\t\t\t<\/div>\n\t\t\t\t<\/div>\n\t\t\t\t<\/div>\n\t\t\t\t\t<\/div>\n\t\t\t\t<\/div>\n\t\t\t\t<\/div>","protected":false},"excerpt":{"rendered":"<p>MBLEDHJA E DOKUMENTEVE Q\u00ebllimi i informimit t\u00eb Institucioneve kushtetuese dhe autoriteteve publike sipas ligjit nr. 45\/2015 i ndryshuar. Q\u00ebllimi i legjislatorit shprehur n\u00eb nenet 26-30 t\u00eb ligjit nr 45\/2015, synon q\u00eb n\u00ebp\u00ebrmjet procesit t\u00eb\u00a0kontrollit t\u00eb verifikimit t\u00eb figur\u00ebs,\u00a0kandidati p\u00ebr k\u00ebt\u00eb detyr\u00eb t\u00eb p\u00ebrmbush\u00eb nd\u00ebr t\u00eb tjera dhe kriteret q\u00eb t\u00eb mos ket\u00eb qen\u00eb an\u00ebtar,\u00a0bashk\u00ebpun\u00ebtor, i [&hellip;]<\/p>","protected":false},"author":1,"featured_media":6852,"parent":15,"menu_order":0,"comment_status":"closed","ping_status":"closed","template":"","meta":{"_acf_changed":false,"footnotes":""},"class_list":["post-1344","page","type-page","status-publish","has-post-thumbnail","hentry"],"acf":[],"_links":{"self":[{"href":"https:\/\/aidssh.al\/en\/wp-json\/wp\/v2\/pages\/1344","targetHints":{"allow":["GET"]}}],"collection":[{"href":"https:\/\/aidssh.al\/en\/wp-json\/wp\/v2\/pages"}],"about":[{"href":"https:\/\/aidssh.al\/en\/wp-json\/wp\/v2\/types\/page"}],"author":[{"embeddable":true,"href":"https:\/\/aidssh.al\/en\/wp-json\/wp\/v2\/users\/1"}],"replies":[{"embeddable":true,"href":"https:\/\/aidssh.al\/en\/wp-json\/wp\/v2\/comments?post=1344"}],"version-history":[{"count":6,"href":"https:\/\/aidssh.al\/en\/wp-json\/wp\/v2\/pages\/1344\/revisions"}],"predecessor-version":[{"id":11697,"href":"https:\/\/aidssh.al\/en\/wp-json\/wp\/v2\/pages\/1344\/revisions\/11697"}],"up":[{"embeddable":true,"href":"https:\/\/aidssh.al\/en\/wp-json\/wp\/v2\/pages\/15"}],"wp:featuredmedia":[{"embeddable":true,"href":"https:\/\/aidssh.al\/en\/wp-json\/wp\/v2\/media\/6852"}],"wp:attachment":[{"href":"https:\/\/aidssh.al\/en\/wp-json\/wp\/v2\/media?parent=1344"}],"curies":[{"name":"wp","href":"https:\/\/api.w.org\/{rel}","templated":true}]}}