{"id":1872,"date":"2025-06-23T11:24:42","date_gmt":"2025-06-23T09:24:42","guid":{"rendered":"https:\/\/aidssh.instant.al\/?page_id=1872"},"modified":"2025-07-16T10:50:01","modified_gmt":"2025-07-16T08:50:01","slug":"konferenca-e-vjetore-e-rrjetit-evropian-te-autoriteteve-pergjegjese-per-dosjet-e-policise-sekrete","status":"publish","type":"page","link":"https:\/\/aidssh.al\/en\/konferenca-e-vjetore-e-rrjetit-evropian-te-autoriteteve-pergjegjese-per-dosjet-e-policise-sekrete\/","title":{"rendered":"The Annual Conference of the European Network of Authorities Responsible for Secret Police Files"},"content":{"rendered":"<div data-elementor-type=\"wp-page\" data-elementor-id=\"1872\" class=\"elementor elementor-1872\" data-elementor-post-type=\"page\">\n\t\t\t\t<div class=\"elementor-element elementor-element-25e6ca4 e-con-full e-flex e-con e-parent\" data-id=\"25e6ca4\" data-element_type=\"container\">\n\t\t\t\t<div class=\"elementor-element elementor-element-ed93485 elementor-widget elementor-widget-template\" data-id=\"ed93485\" data-element_type=\"widget\" data-widget_type=\"template.default\">\n\t\t\t\t<div class=\"elementor-widget-container\">\n\t\t\t\t\t\t\t<div class=\"elementor-template\">\n\t\t\t\t\t<div data-elementor-type=\"container\" data-elementor-id=\"866\" class=\"elementor elementor-866\" data-elementor-post-type=\"elementor_library\">\n\t\t\t\t<div class=\"elementor-element elementor-element-58c6923c e-flex e-con-boxed e-con e-parent\" data-id=\"58c6923c\" data-element_type=\"container\" data-settings=\"{&quot;background_background&quot;:&quot;classic&quot;}\">\n\t\t\t\t\t<div class=\"e-con-inner\">\n\t\t\t\t<div class=\"elementor-element elementor-element-3356bc54 elementor-widget elementor-widget-heading\" data-id=\"3356bc54\" data-element_type=\"widget\" data-widget_type=\"heading.default\">\n\t\t\t\t<div class=\"elementor-widget-container\">\n\t\t\t\t\t<h1 class=\"elementor-heading-title elementor-size-default\">The Annual Conference of the European Network of Authorities Responsible for Secret Police Files<\/h1>\t\t\t\t<\/div>\n\t\t\t\t<\/div>\n\t\t\t\t\t<\/div>\n\t\t\t\t<\/div>\n\t\t\t\t<\/div>\n\t\t\t\t<\/div>\n\t\t\t\t\t\t<\/div>\n\t\t\t\t<\/div>\n\t\t\t\t<\/div>\n\t\t<div class=\"elementor-element elementor-element-ee30bcc e-flex e-con-boxed e-con e-parent\" data-id=\"ee30bcc\" data-element_type=\"container\">\n\t\t\t\t\t<div class=\"e-con-inner\">\n\t\t\t\t<div class=\"elementor-element elementor-element-42e0795 gallery-spacing-custom elementor-widget elementor-widget-image-gallery\" data-id=\"42e0795\" data-element_type=\"widget\" data-widget_type=\"image-gallery.default\">\n\t\t\t\t<div class=\"elementor-widget-container\">\n\t\t\t\t\t\t\t<div class=\"elementor-image-gallery\">\n\t\t\t<div id='gallery-1' class='gallery galleryid-1872 gallery-columns-3 gallery-size-full'><figure class='gallery-item'>\n\t\t\t<div class='gallery-icon landscape'>\n\t\t\t\t<a data-elementor-open-lightbox=\"yes\" data-elementor-lightbox-slideshow=\"42e0795\" data-elementor-lightbox-title=\"konferenca aidssh\" data-e-action-hash=\"#elementor-action%3Aaction%3Dlightbox%26settings%3DeyJpZCI6MTg4MywidXJsIjoiaHR0cHM6XC9cL2FpZHNzaC5hbFwvd3AtY29udGVudFwvdXBsb2Fkc1wvMjAyNVwvMDZcL2tvbmZlcmVuY2EtYWlkc3NoLXNjYWxlZC5qcGciLCJzbGlkZXNob3ciOiI0MmUwNzk1In0%3D\" href='https:\/\/aidssh.al\/wp-content\/uploads\/2025\/06\/konferenca-aidssh-scaled.jpg'><img fetchpriority=\"high\" decoding=\"async\" width=\"2560\" height=\"1707\" src=\"https:\/\/aidssh.al\/wp-content\/uploads\/2025\/06\/konferenca-aidssh-scaled.jpg\" class=\"attachment-full size-full\" alt=\"\" srcset=\"https:\/\/aidssh.al\/wp-content\/uploads\/2025\/06\/konferenca-aidssh-scaled.jpg 2560w, https:\/\/aidssh.al\/wp-content\/uploads\/2025\/06\/konferenca-aidssh-300x200.jpg 300w, https:\/\/aidssh.al\/wp-content\/uploads\/2025\/06\/konferenca-aidssh-1024x683.jpg 1024w, https:\/\/aidssh.al\/wp-content\/uploads\/2025\/06\/konferenca-aidssh-768x512.jpg 768w, https:\/\/aidssh.al\/wp-content\/uploads\/2025\/06\/konferenca-aidssh-1536x1024.jpg 1536w, https:\/\/aidssh.al\/wp-content\/uploads\/2025\/06\/konferenca-aidssh-2048x1365.jpg 2048w, https:\/\/aidssh.al\/wp-content\/uploads\/2025\/06\/konferenca-aidssh-18x12.jpg 18w\" sizes=\"(max-width: 2560px) 100vw, 2560px\" \/><\/a>\n\t\t\t<\/div><\/figure><figure class='gallery-item'>\n\t\t\t<div class='gallery-icon landscape'>\n\t\t\t\t<a data-elementor-open-lightbox=\"yes\" data-elementor-lightbox-slideshow=\"42e0795\" data-elementor-lightbox-title=\"konferenca 2\" data-e-action-hash=\"#elementor-action%3Aaction%3Dlightbox%26settings%3DeyJpZCI6MTg4MiwidXJsIjoiaHR0cHM6XC9cL2FpZHNzaC5hbFwvd3AtY29udGVudFwvdXBsb2Fkc1wvMjAyNVwvMDZcL2tvbmZlcmVuY2EtMi1zY2FsZWQuanBnIiwic2xpZGVzaG93IjoiNDJlMDc5NSJ9\" href='https:\/\/aidssh.al\/wp-content\/uploads\/2025\/06\/konferenca-2-scaled.jpg'><img decoding=\"async\" width=\"2560\" height=\"1707\" src=\"https:\/\/aidssh.al\/wp-content\/uploads\/2025\/06\/konferenca-2-scaled.jpg\" class=\"attachment-full size-full\" alt=\"\" srcset=\"https:\/\/aidssh.al\/wp-content\/uploads\/2025\/06\/konferenca-2-scaled.jpg 2560w, https:\/\/aidssh.al\/wp-content\/uploads\/2025\/06\/konferenca-2-300x200.jpg 300w, https:\/\/aidssh.al\/wp-content\/uploads\/2025\/06\/konferenca-2-1024x683.jpg 1024w, https:\/\/aidssh.al\/wp-content\/uploads\/2025\/06\/konferenca-2-768x512.jpg 768w, https:\/\/aidssh.al\/wp-content\/uploads\/2025\/06\/konferenca-2-1536x1024.jpg 1536w, https:\/\/aidssh.al\/wp-content\/uploads\/2025\/06\/konferenca-2-2048x1365.jpg 2048w, https:\/\/aidssh.al\/wp-content\/uploads\/2025\/06\/konferenca-2-18x12.jpg 18w\" sizes=\"(max-width: 2560px) 100vw, 2560px\" \/><\/a>\n\t\t\t<\/div><\/figure><figure class='gallery-item'>\n\t\t\t<div class='gallery-icon landscape'>\n\t\t\t\t<a data-elementor-open-lightbox=\"yes\" data-elementor-lightbox-slideshow=\"42e0795\" data-elementor-lightbox-title=\"konferenca 3\" data-e-action-hash=\"#elementor-action%3Aaction%3Dlightbox%26settings%3DeyJpZCI6MTg4MSwidXJsIjoiaHR0cHM6XC9cL2FpZHNzaC5hbFwvd3AtY29udGVudFwvdXBsb2Fkc1wvMjAyNVwvMDZcL2tvbmZlcmVuY2EtMy1zY2FsZWQuanBnIiwic2xpZGVzaG93IjoiNDJlMDc5NSJ9\" href='https:\/\/aidssh.al\/wp-content\/uploads\/2025\/06\/konferenca-3-scaled.jpg'><img decoding=\"async\" width=\"2560\" height=\"1707\" src=\"https:\/\/aidssh.al\/wp-content\/uploads\/2025\/06\/konferenca-3-scaled.jpg\" class=\"attachment-full size-full\" alt=\"\" srcset=\"https:\/\/aidssh.al\/wp-content\/uploads\/2025\/06\/konferenca-3-scaled.jpg 2560w, https:\/\/aidssh.al\/wp-content\/uploads\/2025\/06\/konferenca-3-300x200.jpg 300w, https:\/\/aidssh.al\/wp-content\/uploads\/2025\/06\/konferenca-3-1024x683.jpg 1024w, https:\/\/aidssh.al\/wp-content\/uploads\/2025\/06\/konferenca-3-768x512.jpg 768w, https:\/\/aidssh.al\/wp-content\/uploads\/2025\/06\/konferenca-3-1536x1024.jpg 1536w, https:\/\/aidssh.al\/wp-content\/uploads\/2025\/06\/konferenca-3-2048x1365.jpg 2048w, https:\/\/aidssh.al\/wp-content\/uploads\/2025\/06\/konferenca-3-18x12.jpg 18w\" sizes=\"(max-width: 2560px) 100vw, 2560px\" \/><\/a>\n\t\t\t<\/div><\/figure><figure class='gallery-item'>\n\t\t\t<div class='gallery-icon landscape'>\n\t\t\t\t<a data-elementor-open-lightbox=\"yes\" data-elementor-lightbox-slideshow=\"42e0795\" data-elementor-lightbox-title=\"konferenca 4\" data-e-action-hash=\"#elementor-action%3Aaction%3Dlightbox%26settings%3DeyJpZCI6MTg4MCwidXJsIjoiaHR0cHM6XC9cL2FpZHNzaC5hbFwvd3AtY29udGVudFwvdXBsb2Fkc1wvMjAyNVwvMDZcL2tvbmZlcmVuY2EtNC1zY2FsZWQuanBnIiwic2xpZGVzaG93IjoiNDJlMDc5NSJ9\" href='https:\/\/aidssh.al\/wp-content\/uploads\/2025\/06\/konferenca-4-scaled.jpg'><img loading=\"lazy\" decoding=\"async\" width=\"2560\" height=\"1707\" src=\"https:\/\/aidssh.al\/wp-content\/uploads\/2025\/06\/konferenca-4-scaled.jpg\" class=\"attachment-full size-full\" alt=\"\" srcset=\"https:\/\/aidssh.al\/wp-content\/uploads\/2025\/06\/konferenca-4-scaled.jpg 2560w, https:\/\/aidssh.al\/wp-content\/uploads\/2025\/06\/konferenca-4-300x200.jpg 300w, https:\/\/aidssh.al\/wp-content\/uploads\/2025\/06\/konferenca-4-1024x683.jpg 1024w, https:\/\/aidssh.al\/wp-content\/uploads\/2025\/06\/konferenca-4-768x512.jpg 768w, https:\/\/aidssh.al\/wp-content\/uploads\/2025\/06\/konferenca-4-1536x1024.jpg 1536w, https:\/\/aidssh.al\/wp-content\/uploads\/2025\/06\/konferenca-4-2048x1365.jpg 2048w, https:\/\/aidssh.al\/wp-content\/uploads\/2025\/06\/konferenca-4-18x12.jpg 18w\" sizes=\"(max-width: 2560px) 100vw, 2560px\" \/><\/a>\n\t\t\t<\/div><\/figure><figure class='gallery-item'>\n\t\t\t<div class='gallery-icon landscape'>\n\t\t\t\t<a data-elementor-open-lightbox=\"yes\" data-elementor-lightbox-slideshow=\"42e0795\" data-elementor-lightbox-title=\"konferenca 5\" data-e-action-hash=\"#elementor-action%3Aaction%3Dlightbox%26settings%3DeyJpZCI6MTg3OSwidXJsIjoiaHR0cHM6XC9cL2FpZHNzaC5hbFwvd3AtY29udGVudFwvdXBsb2Fkc1wvMjAyNVwvMDZcL2tvbmZlcmVuY2EtNS1zY2FsZWQuanBnIiwic2xpZGVzaG93IjoiNDJlMDc5NSJ9\" href='https:\/\/aidssh.al\/wp-content\/uploads\/2025\/06\/konferenca-5-scaled.jpg'><img loading=\"lazy\" decoding=\"async\" width=\"2560\" height=\"1707\" src=\"https:\/\/aidssh.al\/wp-content\/uploads\/2025\/06\/konferenca-5-scaled.jpg\" class=\"attachment-full size-full\" alt=\"\" srcset=\"https:\/\/aidssh.al\/wp-content\/uploads\/2025\/06\/konferenca-5-scaled.jpg 2560w, https:\/\/aidssh.al\/wp-content\/uploads\/2025\/06\/konferenca-5-300x200.jpg 300w, https:\/\/aidssh.al\/wp-content\/uploads\/2025\/06\/konferenca-5-1024x683.jpg 1024w, https:\/\/aidssh.al\/wp-content\/uploads\/2025\/06\/konferenca-5-768x512.jpg 768w, https:\/\/aidssh.al\/wp-content\/uploads\/2025\/06\/konferenca-5-1536x1024.jpg 1536w, https:\/\/aidssh.al\/wp-content\/uploads\/2025\/06\/konferenca-5-2048x1365.jpg 2048w, https:\/\/aidssh.al\/wp-content\/uploads\/2025\/06\/konferenca-5-18x12.jpg 18w\" sizes=\"(max-width: 2560px) 100vw, 2560px\" \/><\/a>\n\t\t\t<\/div><\/figure><figure class='gallery-item'>\n\t\t\t<div class='gallery-icon landscape'>\n\t\t\t\t<a data-elementor-open-lightbox=\"yes\" data-elementor-lightbox-slideshow=\"42e0795\" data-elementor-lightbox-title=\"konferenca 6\" data-e-action-hash=\"#elementor-action%3Aaction%3Dlightbox%26settings%3DeyJpZCI6MTg3OCwidXJsIjoiaHR0cHM6XC9cL2FpZHNzaC5hbFwvd3AtY29udGVudFwvdXBsb2Fkc1wvMjAyNVwvMDZcL2tvbmZlcmVuY2EtNi1zY2FsZWQuanBnIiwic2xpZGVzaG93IjoiNDJlMDc5NSJ9\" href='https:\/\/aidssh.al\/wp-content\/uploads\/2025\/06\/konferenca-6-scaled.jpg'><img loading=\"lazy\" decoding=\"async\" width=\"2560\" height=\"1707\" src=\"https:\/\/aidssh.al\/wp-content\/uploads\/2025\/06\/konferenca-6-scaled.jpg\" class=\"attachment-full size-full\" alt=\"\" srcset=\"https:\/\/aidssh.al\/wp-content\/uploads\/2025\/06\/konferenca-6-scaled.jpg 2560w, https:\/\/aidssh.al\/wp-content\/uploads\/2025\/06\/konferenca-6-300x200.jpg 300w, https:\/\/aidssh.al\/wp-content\/uploads\/2025\/06\/konferenca-6-1024x683.jpg 1024w, https:\/\/aidssh.al\/wp-content\/uploads\/2025\/06\/konferenca-6-768x512.jpg 768w, https:\/\/aidssh.al\/wp-content\/uploads\/2025\/06\/konferenca-6-1536x1024.jpg 1536w, https:\/\/aidssh.al\/wp-content\/uploads\/2025\/06\/konferenca-6-2048x1365.jpg 2048w, https:\/\/aidssh.al\/wp-content\/uploads\/2025\/06\/konferenca-6-18x12.jpg 18w\" sizes=\"(max-width: 2560px) 100vw, 2560px\" \/><\/a>\n\t\t\t<\/div><\/figure>\n\t\t<\/div>\n\t\t<\/div>\n\t\t\t\t\t\t<\/div>\n\t\t\t\t<\/div>\n\t\t\t\t<div class=\"elementor-element elementor-element-60ee0db elementor-widget elementor-widget-text-editor\" data-id=\"60ee0db\" data-element_type=\"widget\" data-widget_type=\"text-editor.default\">\n\t\t\t\t<div class=\"elementor-widget-container\">\n\t\t\t\t\t\t\t\t\t<p style=\"font-weight: 400;\">\u00a0\u00a0\u00a0\u00a0<em>Chairwoman of AIDSSH, Dr. Gentiana Sula: I<\/em><em>Our institutions\u00a0<\/em><em>play a key role in the fight against extremism and<\/em><em>\u00a0building a culture of confrontation with the past<\/em><\/p><p style=\"font-weight: 400;\">Tirana, October 3-5 \u2013 The focus was on discussions regarding issues related to the management and review process of former secret police files, as an unavoidable process following the fall of dictatorships in Central and Eastern Europe, the exchange of experiences, addressing professional challenges, and cooperation for a common European narrative.<\/p><p style=\"font-weight: 400;\"><strong>Dr. Gentiana Sula, Chairwoman of AIDSSH<\/strong>\u00a0said that the institutions of this network play a key role in the fight against extremism and in building a culture of confronting the past: \u201c<em>This is a critical moment when European and Euro-Atlantic values of democracy, freedom, and human rights face great challenges. I am increasingly convinced that the work we do is very necessary for society, and it is essential that we connect with one another. I would like to see this movement grow. I sincerely hope that Croatia, North Macedonia, and Kosovo will have the same movements and institutions.<\/em><\/p><p>\u00a0<\/p><p style=\"font-weight: 400;\"><em>Only by working together, building partnerships, and dedicating our resources can we deliver true justice to the victims and build a better future. This meeting coincides with the anniversary of the fall of the Berlin Wall, a historic event that paved the way for freedom and human rights changes in our countries. It reminds us how fragile democracy can be and how much we have to learn from the past. In this context, I want to warmly welcome the newest member of this network \u2014 Ukraine.<\/em><\/p><p style=\"font-weight: 400;\"><em>I believe that if even a fraction of the effort spent by a dictatorship or on war were invested in peace, human rights, and reflective projects like ours, the world would be a better place.\u201d<\/em><\/p><p>\u00a0<\/p><p style=\"font-weight: 400;\"><strong>Ms. Klotilda Bushka, Chairwoman of the Commission on Laws and Human Rights<\/strong>\u00a0in her greeting: \u201d<em>The Council of Europe has recently adopted the Resolution on the Right to Information and Guaranteeing Access to Historical Documents, which increases the obligation of states to ensure access to these secret documents with a commitment and interest to implement the highest human rights standards in this matter. This document is very important and has served as a basis for renewing the standards used by the Council of Europe concerning citizens' right to receive accurate, verified information that serves the truth and primarily helps in recognizing reality through unaltered facts. This helps families honor their loved ones and serves our history to prevent human rights violations from recurring.\n\nI am honored to be here today among you, appreciating that all Memory Authorities are important\u2014not only so that the truth is equally brought to light for everyone based on facts, allowing generations to learn about it and giving communities the chance to avoid repeating the mistakes of the past, but also to honor the victims, be close to their families, and to affirm that they are not forgotten. They are not forgotten not only for the sake of their suffering but also to help ensure that such events do not happen again in the future.<\/em><\/p><p>\u00a0<\/p><p style=\"font-weight: 400;\"><strong>The Ambassador of Germany to Albania, Karl Bergner,\u00a0<\/strong>said that: \u201c<em>It is important for the entire society to heal and understand the past and the mechanisms of how that system functioned, as well as to create a culture of memory and confrontation with the past within our societies. From personal experience, I can say that it took us a long time to overcome the shame and to speak openly about that part of Germany\u2019s history, which is part of our country. Confronting those times is the foundation of the German state. People need to understand the mechanisms of those systems because oppression was not created by an abstract system, but by people.<\/em>t.\u00a0<em>We want people to understand how that time functioned. We want to keep that period alive. It is just history for the young, but for us, it was a way of life. This helps to understand the importance of the democracy we have today.\u201d<\/em><\/p><p>\u00a0<\/p><p style=\"font-weight: 400;\"><strong>Sofi Noti, Secretary General of AIDSSH<\/strong>emphasized the importance of exchanging experiences in the process of opening the State Security documents, following models from Poland and Germany, as well as countries like Bulgaria and Hungary. Overall, the exchange of experiences and support for historical memory are essential for all countries in this process. Furthermore, she shared insights on the digitization process and quality control.<\/p><p style=\"font-weight: 400;\"><strong>Svitlana Starovoit, State Archive of the Institute of National Remembrance:<\/strong><em>War has become part of daily life. The Ukrainian archive, established in 2016, faces financial and logistical challenges. Documents are accessible to the public, but citizens need guidance. Exhibitions that compare past persecutions with current ones help preserve historical memory by showing that history repeats itself. Ukraine is facing the threat of totalitarianism and is working on digitizing documents to facilitate access.<\/em><\/p><p>\u00a0<\/p><p style=\"font-weight: 400;\"><strong>Alexandra Titze,\u00a0<\/strong><strong>Stasi Document Archive<\/strong><em>\u00a0The work and mission of the German Authority are more or less the same as your institution. Of course, we have archived and collected files with the purpose of understanding history. German citizens have access to these documents both for study and to learn about the past. These files have also served as a form of counseling for families, providing psychological support, research assistance, education, and promotion related to these files.<\/em><\/p><p>\u00a0<\/p><p style=\"font-weight: 400;\"><strong>Boris Mihaylov, Bulgarian Commission (COMDOS\/CDDAABCSSISBNA)<\/strong><strong>\u00a0<\/strong>said that<strong>: \u201c<\/strong><em>Bulgaria faces similar challenges as Albania, including a political class inherited from former communists. Extremism and extreme parties are on the rise, with individuals linked to former secret services in key positions. Although the archives are open to the public, society accepts the normality of former collaborators\u2019 presence in politics. A new law requires the reporting of agents in specific cases.<\/em><\/p><p>\u00a0<\/p><p style=\"font-weight: 400;\"><strong>Jergu\u0161 Sivo\u0161, Institute of National Remembrance<\/strong><strong>:\u00a0<\/strong>Slovakia has developed an online archive that allows users to find information about the former security service and political elites. Two special libraries offer literature on the former security service and Marxism-Leninism. The digitized documents are accessible for download, and there is a system for tracking requests, which is open only to staff members.<\/p><p style=\"font-weight: 400;\"><strong>Gerg\u0151 Bendeg\u00faz Cseh, Historical Archives of the Services (ABTL)<\/strong>)<\/p><p style=\"font-weight: 400;\">Hungary has created a platform for researchers, with a pilot project expected to launch next year. It will include guarantees for the security of former State Security documents and will provide detailed information.<\/p><p style=\"font-weight: 400;\"><strong>Marzena Kruk<\/strong>,\u00a0<strong>IPN<\/strong><strong>\u00a0<\/strong>Marzena Kruk: A new book on the Deportation Operation in Poland highlights parallels with the actions of the Russian army in Ukraine. The network suggests publishing a joint book with the participation of all members and encourages the presentation of archives at conferences.\u00a0<em>upcoming.<\/em><\/p><p>\u00a0<\/p><p style=\"font-weight: 400;\"><strong><em>Anton Dukagjini, Director of the Archive, AIDSSH:<\/em><\/strong><em>\u00a0\u201cThe challenges in collecting the archive have been numerous, including the destruction of documents during the final years of the regime and difficulties in declassifying classified materials. However, with the legal changes in 2022, easier opportunities were created for handling these documents, helping to accelerate the declassification process. Digitizing archival documentation is another challenge that is improving through the use of modern technologies. This will enable information to be more easily accessed and analyzed, thereby assisting in the identification of important historical events and phenomena.\u201d<\/em><\/p><p>\u00a0<\/p><p style=\"font-weight: 400;\"><strong>Assoc. Prof. Dr. Gjon Bori\u00e7i from the Institute of History \u2013 Academy of Sciences of Albania<\/strong>\u00a0spoke about \u201cThe Role of Former State Security Documents in Reconstructing Albania\u2019s Totalitarian Historical Past.\u201d<\/p><p style=\"font-weight: 400;\"><strong>Prof. Dr. Aljula Jubani, Director of the Institute for European Studies at the University of Tirana\u00a0<\/strong>analyzed \u201cThe process of converting secret police files into educational materials,\u201d an approach in which AIDSSH is advancing towards educating younger generations about events from our communist past through the organization and development of the platform \u201cLearning from the Past \u2013 Open Educational Resources 1944-1991.\u201d<\/p><p style=\"font-weight: 400;\">After drafting the final Resolution, it is expected to be approved by the network and then made public, where the next steps for international cooperation will be established, along with the priorities for the network\u2019s upcoming projects. These include the development of a joint digital platform and the implementation of new strategies for education and public information. Following the visit to the Archive of Former State Security Documents and the presentation of the digital archive software, the 16th Network Conference was concluded.<\/p><p style=\"font-weight: 400;\">The theme of the 16th Conference of the European Network of Archives of Former Secret Police was\u00a0<strong>\u201cA Shared Vision \u2013 Synergistic Actions<\/strong>\u201d which was attended by representatives of the Responsible Authorities from Germany, Bulgaria, the Czech Republic, Slovakia, Poland, Romania, and Hungary, who spoke about the challenges and efforts of countries in the region to confront the past and ensure transparency in their processes.<\/p>\t\t\t\t\t\t\t\t<\/div>\n\t\t\t\t<\/div>\n\t\t\t\t\t<\/div>\n\t\t\t\t<\/div>\n\t\t\t\t<\/div>","protected":false},"excerpt":{"rendered":"<p>\u00a0\u00a0\u00a0\u00a0Kryetarja e AIDSSH, Dr. Gentiana Sula :\u00a0Institucionet\u00a0tona\u00a0rol ky\u00e7 n\u00eb luft\u00ebn\u00a0kund\u00ebr ekstremizmit dhe\u00a0nd\u00ebrtimin e nj\u00eb kulture p\u00ebrpalljeje\u00a0me t\u00eb shkuar\u00ebn Tirane, 3-5 Tetor -N\u00eb fokus ishin diskutimet rreth \u00e7\u00ebshtjeve q\u00eb lidhen me procesin e menaxhimit e shqyrtimit t\u00eb dosjeve t\u00eb ish-policive sekrete, si nj\u00eb proces i pashmangsh\u00ebm pas r\u00ebnies s\u00eb diktaturave n\u00eb Evrop\u00ebn Qendrore dhe Lindore, shk\u00ebmbimi [&hellip;]<\/p>","protected":false},"author":1,"featured_media":7608,"parent":0,"menu_order":0,"comment_status":"closed","ping_status":"closed","template":"","meta":{"_acf_changed":false,"footnotes":""},"class_list":["post-1872","page","type-page","status-publish","has-post-thumbnail","hentry"],"acf":[],"_links":{"self":[{"href":"https:\/\/aidssh.al\/en\/wp-json\/wp\/v2\/pages\/1872","targetHints":{"allow":["GET"]}}],"collection":[{"href":"https:\/\/aidssh.al\/en\/wp-json\/wp\/v2\/pages"}],"about":[{"href":"https:\/\/aidssh.al\/en\/wp-json\/wp\/v2\/types\/page"}],"author":[{"embeddable":true,"href":"https:\/\/aidssh.al\/en\/wp-json\/wp\/v2\/users\/1"}],"replies":[{"embeddable":true,"href":"https:\/\/aidssh.al\/en\/wp-json\/wp\/v2\/comments?post=1872"}],"version-history":[{"count":0,"href":"https:\/\/aidssh.al\/en\/wp-json\/wp\/v2\/pages\/1872\/revisions"}],"wp:featuredmedia":[{"embeddable":true,"href":"https:\/\/aidssh.al\/en\/wp-json\/wp\/v2\/media\/7608"}],"wp:attachment":[{"href":"https:\/\/aidssh.al\/en\/wp-json\/wp\/v2\/media?parent=1872"}],"curies":[{"name":"wp","href":"https:\/\/api.w.org\/{rel}","templated":true}]}}