{"id":1897,"date":"2025-06-23T11:37:28","date_gmt":"2025-06-23T09:37:28","guid":{"rendered":"https:\/\/aidssh.instant.al\/?page_id=1897"},"modified":"2025-12-02T13:34:37","modified_gmt":"2025-12-02T12:34:37","slug":"eksplorimi-dhe-zhvillimi-i-sektorit-te-naftes-nen-kontrollin-e-sigurimit-te-shtetit","status":"publish","type":"page","link":"https:\/\/aidssh.al\/en\/studimi\/konferenca\/eksplorimi-dhe-zhvillimi-i-sektorit-te-naftes-nen-kontrollin-e-sigurimit-te-shtetit\/","title":{"rendered":"\u201cEXPLORATION AND DEVELOPMENT OF THE OIL SECTOR UNDER THE CONTROL OF STATE SECURITY\u201d"},"content":{"rendered":"<div data-elementor-type=\"wp-page\" data-elementor-id=\"1897\" class=\"elementor elementor-1897\" data-elementor-post-type=\"page\">\n\t\t\t\t<div class=\"elementor-element elementor-element-43a9401 e-con-full e-flex e-con e-parent\" data-id=\"43a9401\" data-element_type=\"container\">\n\t\t\t\t<div class=\"elementor-element elementor-element-72b34be elementor-widget elementor-widget-template\" data-id=\"72b34be\" data-element_type=\"widget\" data-widget_type=\"template.default\">\n\t\t\t\t<div class=\"elementor-widget-container\">\n\t\t\t\t\t\t\t<div class=\"elementor-template\">\n\t\t\t\t\t<div data-elementor-type=\"container\" data-elementor-id=\"866\" class=\"elementor elementor-866\" data-elementor-post-type=\"elementor_library\">\n\t\t\t\t<div class=\"elementor-element elementor-element-58c6923c e-flex e-con-boxed e-con e-parent\" data-id=\"58c6923c\" data-element_type=\"container\" data-settings=\"{&quot;background_background&quot;:&quot;classic&quot;}\">\n\t\t\t\t\t<div class=\"e-con-inner\">\n\t\t\t\t<div class=\"elementor-element elementor-element-3356bc54 elementor-widget elementor-widget-heading\" data-id=\"3356bc54\" data-element_type=\"widget\" data-widget_type=\"heading.default\">\n\t\t\t\t<div class=\"elementor-widget-container\">\n\t\t\t\t\t<h1 class=\"elementor-heading-title elementor-size-default\">\u201cEXPLORATION AND DEVELOPMENT OF THE OIL SECTOR UNDER THE CONTROL OF STATE SECURITY\u201d<\/h1>\t\t\t\t<\/div>\n\t\t\t\t<\/div>\n\t\t\t\t\t<\/div>\n\t\t\t\t<\/div>\n\t\t\t\t<\/div>\n\t\t\t\t<\/div>\n\t\t\t\t\t\t<\/div>\n\t\t\t\t<\/div>\n\t\t\t\t<\/div>\n\t\t<div class=\"elementor-element elementor-element-75b7ed4 e-flex e-con-boxed e-con e-parent\" data-id=\"75b7ed4\" data-element_type=\"container\">\n\t\t\t\t\t<div class=\"e-con-inner\">\n\t\t<div class=\"elementor-element elementor-element-f78698b e-con-full e-flex e-con e-child\" data-id=\"f78698b\" data-element_type=\"container\">\n\t\t\t\t<div class=\"elementor-element elementor-element-e34ebfc elementor-widget elementor-widget-text-editor\" data-id=\"e34ebfc\" data-element_type=\"widget\" data-widget_type=\"text-editor.default\">\n\t\t\t\t<div class=\"elementor-widget-container\">\n\t\t\t\t\t\t\t\t\t<p>AIDSSH, in collaboration with the Ministry of Infrastructure and Energy and the Faculty of Geology and Mining, is holding the symposium \"Exploration and development of the oil sector under the control of the State Security\" on June 3, 2024. This symposium will open documents of the former State Security for the first time and will be attended by researchers of history, economics and jurisprudence, oil engineers, and witnesses of the time.<\/p><p>\u00a0AIDSSH calls for presentations by submitting an abstract with the purpose and scope of the study. The call also includes the guiding themes on which the symposium will focus.\u00a0<\/p><p style=\"font-weight: 400;\">Abstracts should contain 250-300 words and be submitted no later than May 10, 2024. info@autoritetidosjeve.gov.al<\/p><p style=\"font-weight: 400;\">Participants will be notified of selection no later than May 20, 2024.<\/p><p style=\"font-weight: 400;\">Commission: Faculty of Geology and Mining, Authority for Information on Former State Security Documents, Ministry of Infrastructure and Energy<\/p><p style=\"font-weight: 400;\">Abstracts should contain 250-300 words and be submitted no later than May 10, 2024. info@autoritetidosjeve.gov.al<\/p><p style=\"font-weight: 400;\">Participants will be notified of selection no later than May 20, 2024.<\/p><p style=\"font-weight: 400;\">Commission: Faculty of Geology and Mining, Authority for Information on Former State Security Documents, Ministry of Infrastructure and Energy<\/p><p><strong>Main topics:<\/strong><\/p><ul><li>The politics of the time in the oil industry; Unknown documents of the Security and statistics and analysis; challenges and consequences on the privacy and freedom of individuals in the industry.<\/li><li>The role of oil in economic development and contribution to the country's economy, exports and social development, as well as aspects of international relations;<\/li><li>The conviction and persecution of the so-called \"scapegoats\". Evidence of attempts to destroy political opponents and domestic victims.<\/li><li>Resistance: Activism and the voice of those who did not agree with state policies in the oil industry.<\/li><li>Determination of measures taken by the government regarding the exploitation of oil resources and their impact on the environment and society.<\/li><li>Determination of the distribution of revenues generated from the exploitation of oil and assessment of transparency and accountability in the administration of these revenues.<\/li><li>Identification of issues of security and protection of oil resources, including the measures taken.<\/li><li>Determining and monitoring the impact of oil exploitation on the political, economic and social stability of communist Albania, including analysis at the domestic and international levels.<\/li><li>Identifying and assessing justice-related issues in the field of oil exploitation, including human rights violations.<\/li><\/ul><p>Contact Us<\/p><p>\u25d9 Authority for Information on Former State Security Documents<\/p><p>Follow Us<\/p><p>Email:<\/p><p><a href=\"mailto:\">info@autoritetidosjeve.gov.al<\/a><\/p><p>Address<\/p><p><a href=\"https:\/\/maps.app.goo.gl\/bBHhjiVkKzA8c7YG8\" target=\"_blank\" rel=\"noopener\">Administrative Unit No. 4, Monastery Congress Street, \u201cSk\u00ebnderbej\u201d Garrison, Tirana<\/a><\/p>\t\t\t\t\t\t\t\t<\/div>\n\t\t\t\t<\/div>\n\t\t\t\t<\/div>\n\t\t<div class=\"elementor-element elementor-element-bbbec27 e-con-full e-flex e-con e-child\" data-id=\"bbbec27\" data-element_type=\"container\">\n\t\t\t\t<div class=\"elementor-element elementor-element-e4b6f58 elementor-widget elementor-widget-image\" data-id=\"e4b6f58\" data-element_type=\"widget\" data-widget_type=\"image.default\">\n\t\t\t\t<div class=\"elementor-widget-container\">\n\t\t\t\t\t\t\t\t\t\t\t\t\t\t\t<img fetchpriority=\"high\" decoding=\"async\" width=\"800\" height=\"351\" src=\"https:\/\/aidssh.al\/wp-content\/uploads\/2025\/06\/simpozium-1.jpeg\" class=\"attachment-large size-large wp-image-1274\" alt=\"\" srcset=\"https:\/\/aidssh.al\/wp-content\/uploads\/2025\/06\/simpozium-1.jpeg 820w, https:\/\/aidssh.al\/wp-content\/uploads\/2025\/06\/simpozium-1-300x132.jpeg 300w, https:\/\/aidssh.al\/wp-content\/uploads\/2025\/06\/simpozium-1-768x337.jpeg 768w, https:\/\/aidssh.al\/wp-content\/uploads\/2025\/06\/simpozium-1-18x8.jpeg 18w\" sizes=\"(max-width: 800px) 100vw, 800px\" \/>\t\t\t\t\t\t\t\t\t\t\t\t\t\t\t<\/div>\n\t\t\t\t<\/div>\n\t\t\t\t<\/div>\n\t\t\t\t\t<\/div>\n\t\t\t\t<\/div>\n\t\t\t\t<\/div>","protected":false},"excerpt":{"rendered":"<p>AIDSSH n\u00eb bashk\u00ebpunim me Ministrin\u00eb Infrastruktur\u00ebs dhe Energjis\u00eb dhe Fakultetin e Gjeologjise dhe Minierave, mban\u00a0 m\u00eb 3 qershor 2024 simpoziumin \u201cEksplorimi dhe zhvillimi i sektorit t\u00eb naft\u00ebs n\u00ebn kontrollin e Sigurimit t\u00eb Shtetit\u201d. N\u00eb k\u00ebt\u00eb simpozium do t\u00eb hapen p\u00ebr her\u00eb t\u00eb par\u00eb dokumente t\u00eb ish-Sigurimit t\u00eb Shtetit dhe do t\u00eb marrin pjes\u00eb studiues t\u00eb [&hellip;]<\/p>","protected":false},"author":1,"featured_media":533,"parent":717,"menu_order":0,"comment_status":"closed","ping_status":"closed","template":"","meta":{"_acf_changed":false,"footnotes":""},"class_list":["post-1897","page","type-page","status-publish","has-post-thumbnail","hentry"],"acf":[],"_links":{"self":[{"href":"https:\/\/aidssh.al\/en\/wp-json\/wp\/v2\/pages\/1897","targetHints":{"allow":["GET"]}}],"collection":[{"href":"https:\/\/aidssh.al\/en\/wp-json\/wp\/v2\/pages"}],"about":[{"href":"https:\/\/aidssh.al\/en\/wp-json\/wp\/v2\/types\/page"}],"author":[{"embeddable":true,"href":"https:\/\/aidssh.al\/en\/wp-json\/wp\/v2\/users\/1"}],"replies":[{"embeddable":true,"href":"https:\/\/aidssh.al\/en\/wp-json\/wp\/v2\/comments?post=1897"}],"version-history":[{"count":6,"href":"https:\/\/aidssh.al\/en\/wp-json\/wp\/v2\/pages\/1897\/revisions"}],"predecessor-version":[{"id":11407,"href":"https:\/\/aidssh.al\/en\/wp-json\/wp\/v2\/pages\/1897\/revisions\/11407"}],"up":[{"embeddable":true,"href":"https:\/\/aidssh.al\/en\/wp-json\/wp\/v2\/pages\/717"}],"wp:featuredmedia":[{"embeddable":true,"href":"https:\/\/aidssh.al\/en\/wp-json\/wp\/v2\/media\/533"}],"wp:attachment":[{"href":"https:\/\/aidssh.al\/en\/wp-json\/wp\/v2\/media?parent=1897"}],"curies":[{"name":"wp","href":"https:\/\/api.w.org\/{rel}","templated":true}]}}