{"id":1904,"date":"2025-06-23T11:46:21","date_gmt":"2025-06-23T09:46:21","guid":{"rendered":"https:\/\/aidssh.instant.al\/?page_id=1904"},"modified":"2025-07-28T12:18:12","modified_gmt":"2025-07-28T10:18:12","slug":"simpozium-shkencor-nderkombetar-tepelena-ne-dy-kohe-nga-kazermat-italiane-te-kampi-me-tela-me-gjemba","status":"publish","type":"page","link":"https:\/\/aidssh.al\/en\/studimi\/konferenca\/simpozium-shkencor-nderkombetar-tepelena-ne-dy-kohe-nga-kazermat-italiane-te-kampi-me-tela-me-gjemba\/","title":{"rendered":"International Scientific Symposium \u201cTepelena in Two Times \u2013 From the Italian Barracks to the Barbed Wire Camp\u201d"},"content":{"rendered":"<div data-elementor-type=\"wp-page\" data-elementor-id=\"1904\" class=\"elementor elementor-1904\" data-elementor-post-type=\"page\">\n\t\t\t\t<div class=\"elementor-element elementor-element-d11e977 e-con-full e-flex e-con e-parent\" data-id=\"d11e977\" data-element_type=\"container\">\n\t\t\t\t<div class=\"elementor-element elementor-element-de846e9 elementor-widget elementor-widget-template\" data-id=\"de846e9\" data-element_type=\"widget\" data-widget_type=\"template.default\">\n\t\t\t\t<div class=\"elementor-widget-container\">\n\t\t\t\t\t\t\t<div class=\"elementor-template\">\n\t\t\t\t\t<div data-elementor-type=\"container\" data-elementor-id=\"866\" class=\"elementor elementor-866\" data-elementor-post-type=\"elementor_library\">\n\t\t\t\t<div class=\"elementor-element elementor-element-58c6923c e-flex e-con-boxed e-con e-parent\" data-id=\"58c6923c\" data-element_type=\"container\" data-settings=\"{&quot;background_background&quot;:&quot;classic&quot;}\">\n\t\t\t\t\t<div class=\"e-con-inner\">\n\t\t\t\t<div class=\"elementor-element elementor-element-3356bc54 elementor-widget elementor-widget-heading\" data-id=\"3356bc54\" data-element_type=\"widget\" data-widget_type=\"heading.default\">\n\t\t\t\t<div class=\"elementor-widget-container\">\n\t\t\t\t\t<h1 class=\"elementor-heading-title elementor-size-default\">International Scientific Symposium \u201cTepelena in Two Times \u2013 From the Italian Barracks to the Barbed Wire Camp\u201d<\/h1>\t\t\t\t<\/div>\n\t\t\t\t<\/div>\n\t\t\t\t\t<\/div>\n\t\t\t\t<\/div>\n\t\t\t\t<\/div>\n\t\t\t\t<\/div>\n\t\t\t\t\t\t<\/div>\n\t\t\t\t<\/div>\n\t\t\t\t<\/div>\n\t\t<div class=\"elementor-element elementor-element-7eefc3f e-flex e-con-boxed e-con e-parent\" data-id=\"7eefc3f\" data-element_type=\"container\">\n\t\t\t\t\t<div class=\"e-con-inner\">\n\t\t\t\t<div class=\"elementor-element elementor-element-fe95c85 elementor-arrows-position-inside elementor-pagination-position-outside elementor-widget elementor-widget-image-carousel\" data-id=\"fe95c85\" data-element_type=\"widget\" data-settings=\"{&quot;slides_to_show&quot;:&quot;1&quot;,&quot;navigation&quot;:&quot;both&quot;,&quot;autoplay&quot;:&quot;yes&quot;,&quot;pause_on_hover&quot;:&quot;yes&quot;,&quot;pause_on_interaction&quot;:&quot;yes&quot;,&quot;autoplay_speed&quot;:5000,&quot;infinite&quot;:&quot;yes&quot;,&quot;effect&quot;:&quot;slide&quot;,&quot;speed&quot;:500}\" data-widget_type=\"image-carousel.default\">\n\t\t\t\t<div class=\"elementor-widget-container\">\n\t\t\t\t\t\t\t<div class=\"elementor-image-carousel-wrapper swiper\" role=\"region\" aria-roledescription=\"carousel\" aria-label=\"Image Carousel\" dir=\"ltr\">\n\t\t\t<div class=\"elementor-image-carousel swiper-wrapper\" aria-live=\"off\">\n\t\t\t\t\t\t\t\t<div class=\"swiper-slide\" role=\"group\" aria-roledescription=\"slide\" aria-label=\"1 of 4\"><figure class=\"swiper-slide-inner\"><img decoding=\"async\" class=\"swiper-slide-image\" src=\"https:\/\/aidssh.al\/wp-content\/uploads\/2025\/06\/ftesa-23-gusht-2023-768x768.jpeg\" alt=\"ftesa 23 gusht 2023\" \/><\/figure><\/div><div class=\"swiper-slide\" role=\"group\" aria-roledescription=\"slide\" aria-label=\"2 of 4\"><figure class=\"swiper-slide-inner\"><img decoding=\"async\" class=\"swiper-slide-image\" src=\"https:\/\/aidssh.al\/wp-content\/uploads\/2025\/06\/simpoziumi-768x1076.jpg\" alt=\"simpoziumi\" \/><\/figure><\/div><div class=\"swiper-slide\" role=\"group\" aria-roledescription=\"slide\" aria-label=\"3 of 4\"><figure class=\"swiper-slide-inner\"><img decoding=\"async\" class=\"swiper-slide-image\" src=\"https:\/\/aidssh.al\/wp-content\/uploads\/2025\/06\/paneli-1-768x985.jpg\" alt=\"paneli 1\" \/><\/figure><\/div><div class=\"swiper-slide\" role=\"group\" aria-roledescription=\"slide\" aria-label=\"4 of 4\"><figure class=\"swiper-slide-inner\"><img decoding=\"async\" class=\"swiper-slide-image\" src=\"https:\/\/aidssh.al\/wp-content\/uploads\/2025\/06\/paneli-2.jpg\" alt=\"paneli 2\" \/><\/figure><\/div>\t\t\t<\/div>\n\t\t\t\t\t\t\t\t\t\t\t\t<div class=\"elementor-swiper-button elementor-swiper-button-prev\" role=\"button\" tabindex=\"0\">\n\t\t\t\t\t\t<svg aria-hidden=\"true\" class=\"e-font-icon-svg e-eicon-chevron-left\" viewbox=\"0 0 1000 1000\" xmlns=\"http:\/\/www.w3.org\/2000\/svg\"><path d=\"M646 125C629 125 613 133 604 142L308 442C296 454 292 471 292 487 292 504 296 521 308 533L604 854C617 867 629 875 646 875 663 875 679 871 692 858 704 846 713 829 713 812 713 796 708 779 692 767L438 487 692 225C700 217 708 204 708 187 708 171 704 154 692 142 675 129 663 125 646 125Z\"><\/path><\/svg>\t\t\t\t\t<\/div>\n\t\t\t\t\t<div class=\"elementor-swiper-button elementor-swiper-button-next\" role=\"button\" tabindex=\"0\">\n\t\t\t\t\t\t<svg aria-hidden=\"true\" class=\"e-font-icon-svg e-eicon-chevron-right\" viewbox=\"0 0 1000 1000\" xmlns=\"http:\/\/www.w3.org\/2000\/svg\"><path d=\"M696 533C708 521 713 504 713 487 713 471 708 454 696 446L400 146C388 133 375 125 354 125 338 125 325 129 313 142 300 154 292 171 292 187 292 204 296 221 308 233L563 492 304 771C292 783 288 800 288 817 288 833 296 850 308 863 321 871 338 875 354 875 371 875 388 867 400 854L696 533Z\"><\/path><\/svg>\t\t\t\t\t<\/div>\n\t\t\t\t\n\t\t\t\t\t\t\t\t\t<div class=\"swiper-pagination\"><\/div>\n\t\t\t\t\t\t\t\t\t<\/div>\n\t\t\t\t\t\t<\/div>\n\t\t\t\t<\/div>\n\t\t\t\t<div class=\"elementor-element elementor-element-b039396 elementor-widget elementor-widget-text-editor\" data-id=\"b039396\" data-element_type=\"widget\" data-widget_type=\"text-editor.default\">\n\t\t\t\t<div class=\"elementor-widget-container\">\n\t\t\t\t\t\t\t\t\t<p>Within the framework of August 23rd, the European Day of Remembrance for Victims of Totalitarian Regimes, established by the European Parliament, the European Commission, and the Council of Europe, to honor the human dignity of victims of totalitarianism, the International Scientific Symposium \u201cTepelena in Two Times \u2013 From the Italian Barracks to the Barbed Wire Camp\u201d was held, organized by AIDSSH with the academic contribution of partners in Albania and Italy.<\/p><p>\u00a0<\/p><p>This symposium addressed, in light of archival documents, Tepelena during World War II and the post-war period during the years of operation of the internment camp. The history of the camp begins with the Italian invasion of Albania in 1939 and the battles in the Tepelena area between Italians and Greeks. Subsequently, the barracks of the former Italian garrison were used to relocate families previously interned in Turan and surrounding areas. The barbed wire-surrounded camp was closed in 1953 due to harsh living conditions and high mortality rates.<\/p><p>\u00a0<\/p><p>The symposium was held in two panels with contributions from AIDSSH, the Italian Institute of Modern and Contemporary History, Harvard University, University of Tirana, University of Teramo in Italy, University of Kor\u00e7a, University of Elbasan, Institute for the Integration of Former Politically Persecuted Persons, Institute for the Study of Crimes of Communism, Bed\u00ebr University, the Franciscan Library, and the platform\u00a0<a href=\"https:\/\/kujto.al\/\" target=\"_blank\" rel=\"noopener\">kujto.al<\/a>, the Association of History Teachers, etc.<\/p><p>\u00a0<\/p><p>For more information, read the papers from this Symposium:<\/p>\t\t\t\t\t\t\t\t<\/div>\n\t\t\t\t<\/div>\n\t\t<div class=\"elementor-element elementor-element-b0b496d e-con-full e-flex e-con e-child\" data-id=\"b0b496d\" data-element_type=\"container\">\n\t\t<div class=\"elementor-element elementor-element-c35e714 e-con-full e-flex e-con e-child\" data-id=\"c35e714\" data-element_type=\"container\">\n\t\t\t\t<div class=\"elementor-element elementor-element-6ddbea3 elementor-widget elementor-widget-image\" data-id=\"6ddbea3\" data-element_type=\"widget\" data-widget_type=\"image.default\">\n\t\t\t\t<div class=\"elementor-widget-container\">\n\t\t\t\t\t\t\t\t\t\t\t\t\t\t\t<img decoding=\"async\" src=\"https:\/\/aidssh.al\/wp-content\/uploads\/elementor\/thumbs\/Hektor-Ciftja11-r7q5no4hm9pd5bcqmbr8qrbsrbhmxafdb6930by6xs.jpeg\" title=\"Hektor Ciftja11\" alt=\"Hektor Ciftja11\" loading=\"lazy\" \/>\t\t\t\t\t\t\t\t\t\t\t\t\t\t\t<\/div>\n\t\t\t\t<\/div>\n\t\t\t\t<div class=\"elementor-element elementor-element-aa98300 elementor-widget elementor-widget-heading\" data-id=\"aa98300\" data-element_type=\"widget\" data-widget_type=\"heading.default\">\n\t\t\t\t<div class=\"elementor-widget-container\">\n\t\t\t\t\t<h4 class=\"elementor-heading-title elementor-size-default\">Dr. Hektor Ciftja, \u201cAleksand\u00ebr Xhuvani\u201d University, Elbasan<\/h4>\t\t\t\t<\/div>\n\t\t\t\t<\/div>\n\t\t\t\t<div class=\"elementor-element elementor-element-dfb2983 elementor-align-center elementor-widget elementor-widget-button\" data-id=\"dfb2983\" data-element_type=\"widget\" data-widget_type=\"button.default\">\n\t\t\t\t<div class=\"elementor-widget-container\">\n\t\t\t\t\t\t\t\t\t<div class=\"elementor-button-wrapper\">\n\t\t\t\t\t<a class=\"elementor-button elementor-button-link elementor-size-sm\" href=\"https:\/\/aidssh.al\/wp-content\/uploads\/2025\/06\/Hektor-Ciftja.pdf\">\n\t\t\t\t\t\t<span class=\"elementor-button-content-wrapper\">\n\t\t\t\t\t\t\t\t\t<span class=\"elementor-button-text\">View Now<\/span>\n\t\t\t\t\t<\/span>\n\t\t\t\t\t<\/a>\n\t\t\t\t<\/div>\n\t\t\t\t\t\t\t\t<\/div>\n\t\t\t\t<\/div>\n\t\t\t\t<\/div>\n\t\t<div class=\"elementor-element elementor-element-058a3ae e-con-full e-flex e-con e-child\" data-id=\"058a3ae\" data-element_type=\"container\">\n\t\t\t\t<div class=\"elementor-element elementor-element-dc4eb20 elementor-widget elementor-widget-image\" data-id=\"dc4eb20\" data-element_type=\"widget\" data-widget_type=\"image.default\">\n\t\t\t\t<div class=\"elementor-widget-container\">\n\t\t\t\t\t\t\t\t\t\t\t\t\t\t\t<img decoding=\"async\" src=\"https:\/\/aidssh.al\/wp-content\/uploads\/elementor\/thumbs\/Zhulieta-Kadilli1-r7q5nxivim28dez33ftifoyep67b29googrxt3k97k.jpeg\" title=\"Zhulieta Kadilli1\" alt=\"Zhulieta Kadilli1\" loading=\"lazy\" \/>\t\t\t\t\t\t\t\t\t\t\t\t\t\t\t<\/div>\n\t\t\t\t<\/div>\n\t\t\t\t<div class=\"elementor-element elementor-element-2154a9f elementor-widget elementor-widget-heading\" data-id=\"2154a9f\" data-element_type=\"widget\" data-widget_type=\"heading.default\">\n\t\t\t\t<div class=\"elementor-widget-container\">\n\t\t\t\t\t<h4 class=\"elementor-heading-title elementor-size-default\">Prof. Assoc. Dr. Zhuljeta Kadilli, \"Beder\" University College<\/h4>\t\t\t\t<\/div>\n\t\t\t\t<\/div>\n\t\t\t\t<div class=\"elementor-element elementor-element-cf705e6 elementor-align-center elementor-widget elementor-widget-button\" data-id=\"cf705e6\" data-element_type=\"widget\" data-widget_type=\"button.default\">\n\t\t\t\t<div class=\"elementor-widget-container\">\n\t\t\t\t\t\t\t\t\t<div class=\"elementor-button-wrapper\">\n\t\t\t\t\t<a class=\"elementor-button elementor-button-link elementor-size-sm\" href=\"https:\/\/aidssh.al\/wp-content\/uploads\/2025\/06\/Zhulieta-Kadilli.pdf\">\n\t\t\t\t\t\t<span class=\"elementor-button-content-wrapper\">\n\t\t\t\t\t\t\t\t\t<span class=\"elementor-button-text\">View Now<\/span>\n\t\t\t\t\t<\/span>\n\t\t\t\t\t<\/a>\n\t\t\t\t<\/div>\n\t\t\t\t\t\t\t\t<\/div>\n\t\t\t\t<\/div>\n\t\t\t\t<\/div>\n\t\t<div class=\"elementor-element elementor-element-b58010b e-con-full e-flex e-con e-child\" data-id=\"b58010b\" data-element_type=\"container\">\n\t\t\t\t<div class=\"elementor-element elementor-element-0f408cf elementor-widget elementor-widget-image\" data-id=\"0f408cf\" data-element_type=\"widget\" data-widget_type=\"image.default\">\n\t\t\t\t<div class=\"elementor-widget-container\">\n\t\t\t\t\t\t\t\t\t\t\t\t\t\t\t<img decoding=\"async\" src=\"https:\/\/aidssh.al\/wp-content\/uploads\/elementor\/thumbs\/Dr.-Jacopo-Calussi-r7q5oaom6ak8vyfyyliaelmv0keg20wxe9wqiz0qsg.jpg\" title=\"Dr. Jacopo Calussi\" alt=\"Dr. Jacopo Calussi\" loading=\"lazy\" \/>\t\t\t\t\t\t\t\t\t\t\t\t\t\t\t<\/div>\n\t\t\t\t<\/div>\n\t\t\t\t<div class=\"elementor-element elementor-element-4cf608a elementor-widget elementor-widget-heading\" data-id=\"4cf608a\" data-element_type=\"widget\" data-widget_type=\"heading.default\">\n\t\t\t\t<div class=\"elementor-widget-container\">\n\t\t\t\t\t<h4 class=\"elementor-heading-title elementor-size-default\">Dr. Jacopo Calussi, <\/br>Universit\u00e0 di Teramo<\/h4>\t\t\t\t<\/div>\n\t\t\t\t<\/div>\n\t\t\t\t<div class=\"elementor-element elementor-element-8994479 elementor-align-center elementor-widget elementor-widget-button\" data-id=\"8994479\" data-element_type=\"widget\" data-widget_type=\"button.default\">\n\t\t\t\t<div class=\"elementor-widget-container\">\n\t\t\t\t\t\t\t\t\t<div class=\"elementor-button-wrapper\">\n\t\t\t\t\t<a class=\"elementor-button elementor-button-link elementor-size-sm\" href=\"https:\/\/aidssh.al\/wp-content\/uploads\/2025\/06\/Sistemi-fashist-i-internimit-dhe-pushtimi-italian-i-Shqiperise-1.pdf\">\n\t\t\t\t\t\t<span class=\"elementor-button-content-wrapper\">\n\t\t\t\t\t\t\t\t\t<span class=\"elementor-button-text\">View Now<\/span>\n\t\t\t\t\t<\/span>\n\t\t\t\t\t<\/a>\n\t\t\t\t<\/div>\n\t\t\t\t\t\t\t\t<\/div>\n\t\t\t\t<\/div>\n\t\t\t\t<\/div>\n\t\t<div class=\"elementor-element elementor-element-aedef6d e-con-full e-flex e-con e-child\" data-id=\"aedef6d\" data-element_type=\"container\">\n\t\t\t\t<div class=\"elementor-element elementor-element-2e13f61 elementor-widget elementor-widget-image\" data-id=\"2e13f61\" data-element_type=\"widget\" data-widget_type=\"image.default\">\n\t\t\t\t<div class=\"elementor-widget-container\">\n\t\t\t\t\t\t\t\t\t\t\t\t\t\t\t<img decoding=\"async\" src=\"https:\/\/aidssh.al\/wp-content\/uploads\/elementor\/thumbs\/ardita-repishti6-r7q5oj55vsvtsg3ol75xj1i0d18qzauiffs3ugo78g.jpg\" title=\"ardita repishti6\" alt=\"ardita repishti6\" loading=\"lazy\" \/>\t\t\t\t\t\t\t\t\t\t\t\t\t\t\t<\/div>\n\t\t\t\t<\/div>\n\t\t\t\t<div class=\"elementor-element elementor-element-7d55dbf elementor-widget elementor-widget-heading\" data-id=\"7d55dbf\" data-element_type=\"widget\" data-widget_type=\"heading.default\">\n\t\t\t\t<div class=\"elementor-widget-container\">\n\t\t\t\t\t<h4 class=\"elementor-heading-title elementor-size-default\">Ardita Repishti, Istituto Storico Italiano per l\u2019Et\u00e0 Moderna e Contemporanea<\/h4>\t\t\t\t<\/div>\n\t\t\t\t<\/div>\n\t\t\t\t<div class=\"elementor-element elementor-element-badc65d elementor-align-center elementor-widget elementor-widget-button\" data-id=\"badc65d\" data-element_type=\"widget\" data-widget_type=\"button.default\">\n\t\t\t\t<div class=\"elementor-widget-container\">\n\t\t\t\t\t\t\t\t\t<div class=\"elementor-button-wrapper\">\n\t\t\t\t\t<a class=\"elementor-button elementor-button-link elementor-size-sm\" href=\"https:\/\/aidssh.al\/wp-content\/uploads\/2025\/06\/Internimet-politike-te-shqiptareve-gjate-pushtimit-italian-Ardita-Repishti.pdf\">\n\t\t\t\t\t\t<span class=\"elementor-button-content-wrapper\">\n\t\t\t\t\t\t\t\t\t<span class=\"elementor-button-text\">View Now<\/span>\n\t\t\t\t\t<\/span>\n\t\t\t\t\t<\/a>\n\t\t\t\t<\/div>\n\t\t\t\t\t\t\t\t<\/div>\n\t\t\t\t<\/div>\n\t\t\t\t<\/div>\n\t\t\t\t<\/div>\n\t\t\t\t\t<\/div>\n\t\t\t\t<\/div>\n\t\t\t\t<\/div>","protected":false},"excerpt":{"rendered":"<p>N\u00eb kuad\u00ebr t\u00eb 23 gushtit, Dit\u00ebs Evropiane t\u00eb P\u00ebrkujtimit t\u00eb Viktimave t\u00eb Regjimeve Totalitare, t\u00eb p\u00ebrcaktuar nga Parlamenti Evropian, KE dhe K\u00ebshilli i Evrop\u00ebs, p\u00ebr t\u00eb nderuar dinjitetin njer\u00ebzor t\u00eb viktimave t\u00eb totalitarizmit, u mbajt Simpoziumi Shkencor Nd\u00ebrkomb\u00ebtar \u201cTepelena ne dy koh\u00eb-Nga kazermat italiane te kampi me tela me gjemba\u2019 organizuar nga AIDSSH me kontributin [&hellip;]<\/p>","protected":false},"author":1,"featured_media":533,"parent":717,"menu_order":0,"comment_status":"closed","ping_status":"closed","template":"","meta":{"_acf_changed":false,"footnotes":""},"class_list":["post-1904","page","type-page","status-publish","has-post-thumbnail","hentry"],"acf":[],"_links":{"self":[{"href":"https:\/\/aidssh.al\/en\/wp-json\/wp\/v2\/pages\/1904","targetHints":{"allow":["GET"]}}],"collection":[{"href":"https:\/\/aidssh.al\/en\/wp-json\/wp\/v2\/pages"}],"about":[{"href":"https:\/\/aidssh.al\/en\/wp-json\/wp\/v2\/types\/page"}],"author":[{"embeddable":true,"href":"https:\/\/aidssh.al\/en\/wp-json\/wp\/v2\/users\/1"}],"replies":[{"embeddable":true,"href":"https:\/\/aidssh.al\/en\/wp-json\/wp\/v2\/comments?post=1904"}],"version-history":[{"count":0,"href":"https:\/\/aidssh.al\/en\/wp-json\/wp\/v2\/pages\/1904\/revisions"}],"up":[{"embeddable":true,"href":"https:\/\/aidssh.al\/en\/wp-json\/wp\/v2\/pages\/717"}],"wp:featuredmedia":[{"embeddable":true,"href":"https:\/\/aidssh.al\/en\/wp-json\/wp\/v2\/media\/533"}],"wp:attachment":[{"href":"https:\/\/aidssh.al\/en\/wp-json\/wp\/v2\/media?parent=1904"}],"curies":[{"name":"wp","href":"https:\/\/api.w.org\/{rel}","templated":true}]}}