{"id":2120,"date":"2025-06-23T15:29:34","date_gmt":"2025-06-23T13:29:34","guid":{"rendered":"https:\/\/aidssh.instant.al\/?page_id=2120"},"modified":"2025-06-23T15:58:12","modified_gmt":"2025-06-23T13:58:12","slug":"thirrje-per-prezantime-per-konferencen-nderkombetare-shkencore","status":"publish","type":"page","link":"https:\/\/aidssh.al\/en\/studimi\/konferenca\/thirrje-per-prezantime-per-konferencen-nderkombetare-shkencore\/","title":{"rendered":"Call for presentations for the International Scientific Conference"},"content":{"rendered":"<div data-elementor-type=\"wp-page\" data-elementor-id=\"2120\" class=\"elementor elementor-2120\" data-elementor-post-type=\"page\">\n\t\t\t\t<div class=\"elementor-element elementor-element-2f94134 e-con-full e-flex e-con e-parent\" data-id=\"2f94134\" data-element_type=\"container\">\n\t\t\t\t<div class=\"elementor-element elementor-element-c00e237 elementor-widget elementor-widget-template\" data-id=\"c00e237\" data-element_type=\"widget\" data-widget_type=\"template.default\">\n\t\t\t\t<div class=\"elementor-widget-container\">\n\t\t\t\t\t\t\t<div class=\"elementor-template\">\n\t\t\t\t\t<div data-elementor-type=\"container\" data-elementor-id=\"866\" class=\"elementor elementor-866\" data-elementor-post-type=\"elementor_library\">\n\t\t\t\t<div class=\"elementor-element elementor-element-58c6923c e-flex e-con-boxed e-con e-parent\" data-id=\"58c6923c\" data-element_type=\"container\" data-settings=\"{&quot;background_background&quot;:&quot;classic&quot;}\">\n\t\t\t\t\t<div class=\"e-con-inner\">\n\t\t\t\t<div class=\"elementor-element elementor-element-3356bc54 elementor-widget elementor-widget-heading\" data-id=\"3356bc54\" data-element_type=\"widget\" data-widget_type=\"heading.default\">\n\t\t\t\t<div class=\"elementor-widget-container\">\n\t\t\t\t\t<h1 class=\"elementor-heading-title elementor-size-default\">Call for presentations for the International Scientific Conference<\/h1>\t\t\t\t<\/div>\n\t\t\t\t<\/div>\n\t\t\t\t\t<\/div>\n\t\t\t\t<\/div>\n\t\t\t\t<\/div>\n\t\t\t\t<\/div>\n\t\t\t\t\t\t<\/div>\n\t\t\t\t<\/div>\n\t\t\t\t<\/div>\n\t\t<div class=\"elementor-element elementor-element-dcb86c3 e-flex e-con-boxed e-con e-parent\" data-id=\"dcb86c3\" data-element_type=\"container\">\n\t\t\t\t\t<div class=\"e-con-inner\">\n\t\t\t\t<div class=\"elementor-element elementor-element-67b5fbc elementor-widget__width-inherit elementor-widget elementor-widget-text-editor\" data-id=\"67b5fbc\" data-element_type=\"widget\" data-widget_type=\"text-editor.default\">\n\t\t\t\t<div class=\"elementor-widget-container\">\n\t\t\t\t\t\t\t\t\t<p><strong>\u201cThe face of the \u2018enemy of the people\u2019 during the dictatorship of the proletariat in Albania (1944-1990)\u201d<br \/><br \/><\/strong><\/p><p>Various theories on totalitarianism define it as an antidemocratic, non-parliamentary, one-party political regime in which \u201cthe individual and society belonged to the state, considered not only as a moral and spiritual entity capable of representing the nation, but also of totally assimilating the various branches of civil society\u201d. Put more clearly, the most important feature of totalitarian regimes is the complete and detailed control of all ideas, beliefs and expressions. Totalitarian regimes seek, therefore, to create a uniformed state and to ensure blind obedience to power from society.<br \/><br \/><\/p><p>Achieving extreme uniformity is extremely challenging as long as human society includes people with different individualities, views, convictions and beliefs. The totalitarian regime needs to ensure the obedience of the majority and to intimidate or\/and eliminate by various means and forms that undesirable minority, which could become an obstacle to leadership. In this process, violence exercised through special institutions (secret service, prisons, internments, forced labor) and propaganda imposed, both by the state-controlled media and by mass organizations, are the two key pillars that ensure the longevity of a dictatorial regime. In a way, the regime needs the figure of the \u201cenemy of the people\u201d, who is sometimes depicted as an individual who endangers the general well-being of society and sometimes as a \u201ctraitor\u201d who plays with the independence and sovereignty of the state.<br \/><br \/><\/p><p>The regime established in Albania began life from the very beginning as a totalitarian regime, based on the model of the Soviet state led by Stalin, the new government of the CPA was based on the same methods and methodologies. All those who lived during the years of the \u201cdictatorship of the proletariat\u201d in Albania were fed day after day with the concept of the \u201cenemy of the people\u201d. The regime did not hide that the \u201cdictatorship of the proletariat\u201d was essentially \u201cviolence of the majority against a privileged minority\u201d. This slogan justified not only the violence exercised against real or imaginary political opponents, but also created the necessary public cohesion, which would serve the implementation of the power of the leaders of the CPA\/CPA.<br \/><br \/><\/p><p>The purpose of this conference is to bring attention to and open a multidisciplinary scientific and public debate on the mechanisms used by state and party bodies to create the gap between real or potential political opponents and the rest of the population; the typology of \"enemies of the people\".<br \/><br \/><\/p><p class=\"translation-block\">The Authority for Information on the Files of the Former State Security, in cooperation with the Institute of History at the Academy of Albanological Studies, the Institute for the Study of the Crimes and Consequences of Communism and the National Historical Museum, invite you to submit proposals for presentations for the conference \"The Face of the 'Enemy of the People' during the Dictatorship of the Proletariat in Albania (1944-1990)\", which will be held on May 17, 2019 in Tirana.<\/p><p><strong>The conference will focus on these main topics:<br \/><br \/><\/strong><\/p><p class=\"translation-block\">Theoretical discussion on the concepts of dissidence, dissident, political opponent.<br>2. Contributions to the debate: Was there dissidence in Albania?<br>3. Similarities and differences in the depiction of the \u201cenemy of the people\u201d between Albania and other communist regimes in Eastern and Central Europe.<br>4. Typology of the \u201cenemy of the people\u201d and the regime\u2019s attitude towards them (\u201cwar criminals\u201d, clergy, intellectuals educated in the West, merchants and landowners, kulaks, \u201cenemy of the people\u201d within the ranks of the Democratic Front and the CPSU\/CPLA).<br>5. Evolution of the concept of \u201cenemy of the people\u201d during the years of the dictatorship of the proletariat.<br>6. Class struggle and changes in its conception throughout the regime.<br>7. State Security as an instrument of persecution.<br>8. Various profiles of the \"enemy of the people\".<br>Abstracts should contain 250-300 words and be submitted no later than <strong>February 18, 2019<\/strong> to <br>the address: <a href=\"mailto:info@autoritetidosjeve.gov.al\" target=\"_self\">info@autoritetidosjeve.gov.al<\/a><br><br><\/p><p class=\"translation-block\">Participants will be notified of their selection no later than <strong>March 10, 2019<\/strong>.<br><br><\/p><p class=\"translation-block\"><strong>Organizing Committee:<br><\/strong>Academician Beqir Meta (ASA)<br>Dr. Marenglen Kasmi (AIDSSH)<br>Dr. Ardiana Topi (AIDSSH)<br>Prof. Assoc. Dr. Sonila Bo\u00e7i (ASA)<br>Dr. \u00c7elo Hoxha (ISKPK)<br>Dr. Dorian Ko\u00e7i (MHK) For conference applications, click <strong><a href=\"https:\/\/docs.google.com\/forms\/d\/12GDFUhu8w21Mq-j78KsKbc1nTZHwo6DgxMaNPYFgRIg\/viewform\" target=\"_blank\" rel=\"noreferrer noopener\">HERE<\/a><\/strong><\/p>\t\t\t\t\t\t\t\t<\/div>\n\t\t\t\t<\/div>\n\t\t\t\t<div class=\"elementor-element elementor-element-d77c3ae elementor-widget elementor-widget-image\" data-id=\"d77c3ae\" data-element_type=\"widget\" data-widget_type=\"image.default\">\n\t\t\t\t<div class=\"elementor-widget-container\">\n\t\t\t\t\t\t\t\t\t\t\t\t\t\t\t<img fetchpriority=\"high\" decoding=\"async\" width=\"700\" height=\"979\" src=\"https:\/\/aidssh.al\/wp-content\/uploads\/2025\/06\/Fytyra-e-\u2018armikut-te-popullit.jpg\" class=\"attachment-large size-large wp-image-2122\" alt=\"\" srcset=\"https:\/\/aidssh.al\/wp-content\/uploads\/2025\/06\/Fytyra-e-\u2018armikut-te-popullit.jpg 700w, https:\/\/aidssh.al\/wp-content\/uploads\/2025\/06\/Fytyra-e-\u2018armikut-te-popullit-215x300.jpg 215w, https:\/\/aidssh.al\/wp-content\/uploads\/2025\/06\/Fytyra-e-\u2018armikut-te-popullit-9x12.jpg 9w\" sizes=\"(max-width: 700px) 100vw, 700px\" \/>\t\t\t\t\t\t\t\t\t\t\t\t\t\t\t<\/div>\n\t\t\t\t<\/div>\n\t\t\t\t\t<\/div>\n\t\t\t\t<\/div>\n\t\t\t\t<\/div>","protected":false},"excerpt":{"rendered":"<p>\u201cFytyra e \u2018armikut t\u00eb popullit\u2019 gjat\u00eb diktatur\u00ebs s\u00eb proletariatit n\u00eb Shqip\u00ebri (1944-1990)\u201d Teorit\u00eb e ndryshme mbi totalitarizmin e p\u00ebrkufizojn\u00eb at\u00eb si nj\u00eb regjim politik antidemokratik, pa parlamentariz\u00ebm, me nj\u00eb parti \u2013 t\u00eb vetme, n\u00eb t\u00eb cilin \u201cindividi dhe shoq\u00ebria i p\u00ebrkisnin shtetit, i konsideruar jo vet\u00ebm si nj\u00eb entitet moral e shpirt\u00ebror i aft\u00eb q\u00eb [&hellip;]<\/p>","protected":false},"author":1,"featured_media":533,"parent":717,"menu_order":0,"comment_status":"closed","ping_status":"closed","template":"","meta":{"_acf_changed":false,"footnotes":""},"class_list":["post-2120","page","type-page","status-publish","has-post-thumbnail","hentry"],"acf":[],"_links":{"self":[{"href":"https:\/\/aidssh.al\/en\/wp-json\/wp\/v2\/pages\/2120","targetHints":{"allow":["GET"]}}],"collection":[{"href":"https:\/\/aidssh.al\/en\/wp-json\/wp\/v2\/pages"}],"about":[{"href":"https:\/\/aidssh.al\/en\/wp-json\/wp\/v2\/types\/page"}],"author":[{"embeddable":true,"href":"https:\/\/aidssh.al\/en\/wp-json\/wp\/v2\/users\/1"}],"replies":[{"embeddable":true,"href":"https:\/\/aidssh.al\/en\/wp-json\/wp\/v2\/comments?post=2120"}],"version-history":[{"count":0,"href":"https:\/\/aidssh.al\/en\/wp-json\/wp\/v2\/pages\/2120\/revisions"}],"up":[{"embeddable":true,"href":"https:\/\/aidssh.al\/en\/wp-json\/wp\/v2\/pages\/717"}],"wp:featuredmedia":[{"embeddable":true,"href":"https:\/\/aidssh.al\/en\/wp-json\/wp\/v2\/media\/533"}],"wp:attachment":[{"href":"https:\/\/aidssh.al\/en\/wp-json\/wp\/v2\/media?parent=2120"}],"curies":[{"name":"wp","href":"https:\/\/api.w.org\/{rel}","templated":true}]}}