{"id":2126,"date":"2025-06-23T15:32:33","date_gmt":"2025-06-23T13:32:33","guid":{"rendered":"https:\/\/aidssh.instant.al\/?page_id=2126"},"modified":"2025-06-23T15:38:09","modified_gmt":"2025-06-23T13:38:09","slug":"lista-e-fituesve-fytyra-e-armikut-te-popullit","status":"publish","type":"page","link":"https:\/\/aidssh.al\/en\/studimi\/konferenca\/lista-e-fituesve-fytyra-e-armikut-te-popullit\/","title":{"rendered":"List of Winners \u2013 The Face of the \u201cEnemy of the People\u201d"},"content":{"rendered":"<div data-elementor-type=\"wp-page\" data-elementor-id=\"2126\" class=\"elementor elementor-2126\" data-elementor-post-type=\"page\">\n\t\t\t\t<div class=\"elementor-element elementor-element-2f94134 e-con-full e-flex e-con e-parent\" data-id=\"2f94134\" data-element_type=\"container\">\n\t\t\t\t<div class=\"elementor-element elementor-element-c00e237 elementor-widget elementor-widget-template\" data-id=\"c00e237\" data-element_type=\"widget\" data-widget_type=\"template.default\">\n\t\t\t\t<div class=\"elementor-widget-container\">\n\t\t\t\t\t\t\t<div class=\"elementor-template\">\n\t\t\t\t\t<div data-elementor-type=\"container\" data-elementor-id=\"866\" class=\"elementor elementor-866\" data-elementor-post-type=\"elementor_library\">\n\t\t\t\t<div class=\"elementor-element elementor-element-58c6923c e-flex e-con-boxed e-con e-parent\" data-id=\"58c6923c\" data-element_type=\"container\" data-settings=\"{&quot;background_background&quot;:&quot;classic&quot;}\">\n\t\t\t\t\t<div class=\"e-con-inner\">\n\t\t\t\t<div class=\"elementor-element elementor-element-3356bc54 elementor-widget elementor-widget-heading\" data-id=\"3356bc54\" data-element_type=\"widget\" data-widget_type=\"heading.default\">\n\t\t\t\t<div class=\"elementor-widget-container\">\n\t\t\t\t\t<h1 class=\"elementor-heading-title elementor-size-default\">List of Winners \u2013 The Face of the \u201cEnemy of the People\u201d<\/h1>\t\t\t\t<\/div>\n\t\t\t\t<\/div>\n\t\t\t\t\t<\/div>\n\t\t\t\t<\/div>\n\t\t\t\t<\/div>\n\t\t\t\t<\/div>\n\t\t\t\t\t\t<\/div>\n\t\t\t\t<\/div>\n\t\t\t\t<\/div>\n\t\t<div class=\"elementor-element elementor-element-dcb86c3 e-flex e-con-boxed e-con e-parent\" data-id=\"dcb86c3\" data-element_type=\"container\">\n\t\t\t\t\t<div class=\"e-con-inner\">\n\t\t\t\t<div class=\"elementor-element elementor-element-67b5fbc elementor-widget__width-inherit elementor-widget elementor-widget-text-editor\" data-id=\"67b5fbc\" data-element_type=\"widget\" data-widget_type=\"text-editor.default\">\n\t\t\t\t<div class=\"elementor-widget-container\">\n\t\t\t\t\t\t\t\t\t<ul>\n<li>\n<p class=\"translation-block\"><strong>Tirana, 22 March 2019<\/strong> \u2013 The Authority for Information on Documents of the Former State Security, organized on 22 March 2019, the next meeting of the scientific commission of the International Scientific Conference \u201cThe Face of the \u2018Enemy of the People\u2019 during the Dictatorship of the Proletariat in Albania (1944-1990)\u201d, at the end of which the winning abstracts were selected for participation in the conference. In this first phase, 40 abstracts were submitted by various researchers, from which the applicants and topics were selected as follows:<br><br><\/p>\n<ol>\n<li class=\"translation-block\"><strong>Anjeza Xhaferaj<\/strong> \u2013 The permanent revolution in literature: The fight against the 'Class Enemy'.<br><br><\/li>\n<li class=\"translation-block\"><strong>Gjon Bori\u00e7i<\/strong> \u2013 \u201cThe Albanian Catholic clergy as the symbolic image of the perception of the enemy of the people by the communist dictatorship in Albania\u201d.<br><br><\/li>\n<li class=\"translation-block\"><strong>Lorenc Agalliu<\/strong> \u2013 \u201cYesterday\u2019s enemy\u201d, \u201ctoday\u2019s opponent\u201d. Methods of persecution of the clergy and the eradication of religion in Albania during the years 1945-1967.<br><br><\/li>\n<li class=\"translation-block\"><strong>Adriana Duka<\/strong> \u2013 The clergy as \"enemy of the people\" in Albanian literature.<br><br><\/li>\n<li class=\"translation-block\"><strong>Ilir Ademaj<\/strong> \u2013 Unwanted Minorities: \u2018Treacherous Chams\u2019 as political opponents of the communist regime. The case of dissident Bilal Xhaferri.<br><br><\/li>\n<li class=\"translation-block\"><strong>Gjergj Sinani<\/strong> \u2013 The projection of the \u201cenemy of the people\u201d and the ideology of alienation of the individual.<br><br><\/li>\n<li class=\"translation-block\"><strong>Thoma Shkira<\/strong> \u2013 The typology of the \u201cenemy of the people\u201d and the regime\u2019s attitude towards the Orthodox clergy in Albania (1944-1990).<br><br><\/li>\n<li class=\"translation-block\"><strong>Leke Tasi<\/strong> \u2013 \u2018Enemy of the people\u2019.<br><br><\/li>\n<li class=\"translation-block\"><strong>Erjon Papagjoni<\/strong> \u2013 Albanian clergy, 'Enemy of the people', a sharp form of anti-communist dissidence.<br><br><\/li>\n<li class=\"translation-block\"><strong>Arjan Shahini<\/strong> \u2013 The education of the Sigurimi army with the image of the enemy.<br><br><\/li>\n<li class=\"translation-block\"><strong>Vasfi Baruti<\/strong> \u2013 \u2018The face of the enemy of the people\u2019 Ramize Gjebrea.<br><br><\/li>\n<li class=\"translation-block\"><strong>Hamit Kaba<\/strong> \u2013 \u201cAmerican imperialism - the permanent enemy of the communist regime in Albania\u201d.<br><br><\/li>\n<li class=\"translation-block\"><strong>Celo Hoxha<\/strong> \u2013 The true enemy of the people.<br><br><\/li>\n<li class=\"translation-block\"><strong>Afrim Krasniqi<\/strong> \u2013 The concept of \"enemy\" in political acts in late 1990 and early 1991.<br><br><\/li>\n<li class=\"translation-block\"><strong>Brunilda Prifti<\/strong> \u2013 Exclusion from the history of literature, as punishment for \"enemy\" writers.<br><br><\/li>\n<li class=\"translation-block\"><strong>Enis Sulstarova<\/strong> \u2013 \u201cThe enemy in novels and short stories with the agency of socialist realism\u201d.<br><br><\/li>\n<li class=\"translation-block\"><strong>Jonila Godole and Valbona Bezati<\/strong> \u2013 Border policy during the Albanian communist regime.<br><br><\/li>\n<li class=\"translation-block\"><strong>Etleva Smaci<\/strong> \u2013 The metamorphosis of the \u201cclass enemy\u201d in the ranks of the People's Army. From the \u201cdeclassed officer\u201d to the \u201ccoup officer and polyagent officer\u201d (1954 \u2013 1983).<br><br><\/li>\n<li class=\"translation-block\"><strong>Julian Bejko<\/strong> \u2013 Images, enemies and vices in communist society.<br><br><\/li>\n<li class=\"translation-block\"><strong>Suzana Kuka<\/strong> \u2013 When the artist was declared an \"Enemy of the People\".<br><br><\/li>\n<li class=\"translation-block\"><strong>Sheldiana Jano<\/strong> \u2013 Class struggle and changes in its concept throughout the regime.<br><br><\/li>\n<li class=\"translation-block\"><strong>Edona Jahiu<\/strong> \u2013 Concepts: dissidence, dissident in a broader theoretical framework.<br><br><\/li>\n<li class=\"translation-block\"><strong>Florin Zyberaj<\/strong> \u2013 Albanian dissidence between myth and reality, the case of Havzi Nela.<br><br><\/li>\n<li class=\"translation-block\"><strong>Luljeta Progni<\/strong> \u2013 How I recognized the \u201cenemy of the people\u201d.<br><br><\/li>\n<li class=\"translation-block\"><strong>Ana Lalaj<\/strong> \u2013 Dissidence in Albania.<br><br><\/li>\n<li class=\"translation-block\"><strong>Leonora La\u00e7i<\/strong> \u2013 Two \u201cenemies of the people\u201d through manipulated documents, Mons. Frano Gjini and Mons. Zef Oroshi.<br><br><\/li>\n<li><strong>Alma Mile<\/strong>&nbsp;\u2013 The fate of \u201creactionary\u201d cultural magazines after the establishment of the dictatorship in Albania. What made the cultural magazines of the 1930s-1940s \u201chostile\u201d? Fishta, Koliqi, Merxhani, Poradeci, Migjeni, etc. wrote about them.<br><br><\/li>\n<li class=\"translation-block\"><strong>Altin Hazizaj<\/strong>\u00a0\u2013 Beyond Criminalisation: How Albania is changing its brutal communist past towards acceptance and respect for the LGBTI community.<br><br><\/li>\n<li class=\"translation-block\"><strong>Jozef Radi<\/strong> \u2013 \"Enemy of the People\" in the genetics of dictatorship.<\/li>\n<\/ol>\n<\/li>\n<\/ul>\t\t\t\t\t\t\t\t<\/div>\n\t\t\t\t<\/div>\n\t\t\t\t\t<\/div>\n\t\t\t\t<\/div>\n\t\t\t\t<\/div>","protected":false},"excerpt":{"rendered":"<p>Tiran\u00eb, 22 Mars 2019&nbsp;\u2013 Autoriteti p\u00ebr Informimin mbi Dokumentet e ish-Sigurimit t\u00eb Shtetit, organizoi m\u00eb dat\u00eb 22 mars 2019, takimin e rradh\u00ebs t\u00eb komisionit shkencor t\u00eb Konferenc\u00ebs Nd\u00ebrkomb\u00ebtare Shkencore \u201cFytyra e \u2018armikut t\u00eb popullit\u2019 gjat\u00eb diktatur\u00ebs s\u00eb proletariatit n\u00eb Shqip\u00ebri (1944-1990)\u201d, n\u00eb p\u00ebrfundim t\u00eb t\u00eb cilit u p\u00ebrzgjodh\u00ebn abstraktet fituese p\u00ebr pjes\u00ebmarrje n\u00eb konferenc\u00eb. N\u00eb [&hellip;]<\/p>","protected":false},"author":1,"featured_media":533,"parent":717,"menu_order":0,"comment_status":"closed","ping_status":"closed","template":"","meta":{"_acf_changed":false,"footnotes":""},"class_list":["post-2126","page","type-page","status-publish","has-post-thumbnail","hentry"],"acf":[],"_links":{"self":[{"href":"https:\/\/aidssh.al\/en\/wp-json\/wp\/v2\/pages\/2126","targetHints":{"allow":["GET"]}}],"collection":[{"href":"https:\/\/aidssh.al\/en\/wp-json\/wp\/v2\/pages"}],"about":[{"href":"https:\/\/aidssh.al\/en\/wp-json\/wp\/v2\/types\/page"}],"author":[{"embeddable":true,"href":"https:\/\/aidssh.al\/en\/wp-json\/wp\/v2\/users\/1"}],"replies":[{"embeddable":true,"href":"https:\/\/aidssh.al\/en\/wp-json\/wp\/v2\/comments?post=2126"}],"version-history":[{"count":0,"href":"https:\/\/aidssh.al\/en\/wp-json\/wp\/v2\/pages\/2126\/revisions"}],"up":[{"embeddable":true,"href":"https:\/\/aidssh.al\/en\/wp-json\/wp\/v2\/pages\/717"}],"wp:featuredmedia":[{"embeddable":true,"href":"https:\/\/aidssh.al\/en\/wp-json\/wp\/v2\/media\/533"}],"wp:attachment":[{"href":"https:\/\/aidssh.al\/en\/wp-json\/wp\/v2\/media?parent=2126"}],"curies":[{"name":"wp","href":"https:\/\/api.w.org\/{rel}","templated":true}]}}