{"id":2137,"date":"2025-06-23T15:35:27","date_gmt":"2025-06-23T13:35:27","guid":{"rendered":"https:\/\/aidssh.instant.al\/?page_id=2137"},"modified":"2025-06-23T15:36:31","modified_gmt":"2025-06-23T13:36:31","slug":"ftesa-fytyra-e-armikut-te-popullit","status":"publish","type":"page","link":"https:\/\/aidssh.al\/en\/studimi\/konferenca\/ftesa-fytyra-e-armikut-te-popullit\/","title":{"rendered":"Invitation \u2013 The face of the 'enemy of the people'"},"content":{"rendered":"<div data-elementor-type=\"wp-page\" data-elementor-id=\"2137\" class=\"elementor elementor-2137\" data-elementor-post-type=\"page\">\n\t\t\t\t<div class=\"elementor-element elementor-element-2f94134 e-con-full e-flex e-con e-parent\" data-id=\"2f94134\" data-element_type=\"container\">\n\t\t\t\t<div class=\"elementor-element elementor-element-c00e237 elementor-widget elementor-widget-template\" data-id=\"c00e237\" data-element_type=\"widget\" data-widget_type=\"template.default\">\n\t\t\t\t<div class=\"elementor-widget-container\">\n\t\t\t\t\t\t\t<div class=\"elementor-template\">\n\t\t\t\t\t<div data-elementor-type=\"container\" data-elementor-id=\"866\" class=\"elementor elementor-866\" data-elementor-post-type=\"elementor_library\">\n\t\t\t\t<div class=\"elementor-element elementor-element-58c6923c e-flex e-con-boxed e-con e-parent\" data-id=\"58c6923c\" data-element_type=\"container\" data-settings=\"{&quot;background_background&quot;:&quot;classic&quot;}\">\n\t\t\t\t\t<div class=\"e-con-inner\">\n\t\t\t\t<div class=\"elementor-element elementor-element-3356bc54 elementor-widget elementor-widget-heading\" data-id=\"3356bc54\" data-element_type=\"widget\" data-widget_type=\"heading.default\">\n\t\t\t\t<div class=\"elementor-widget-container\">\n\t\t\t\t\t<h1 class=\"elementor-heading-title elementor-size-default\">Invitation \u2013 The face of the 'enemy of the people'<\/h1>\t\t\t\t<\/div>\n\t\t\t\t<\/div>\n\t\t\t\t\t<\/div>\n\t\t\t\t<\/div>\n\t\t\t\t<\/div>\n\t\t\t\t<\/div>\n\t\t\t\t\t\t<\/div>\n\t\t\t\t<\/div>\n\t\t\t\t<\/div>\n\t\t<div class=\"elementor-element elementor-element-dcb86c3 e-flex e-con-boxed e-con e-parent\" data-id=\"dcb86c3\" data-element_type=\"container\">\n\t\t\t\t\t<div class=\"e-con-inner\">\n\t\t\t\t<div class=\"elementor-element elementor-element-67b5fbc elementor-widget__width-inherit elementor-widget elementor-widget-text-editor\" data-id=\"67b5fbc\" data-element_type=\"widget\" data-widget_type=\"text-editor.default\">\n\t\t\t\t<div class=\"elementor-widget-container\">\n\t\t\t\t\t\t\t\t\t<ul>\n<li>\n<p><strong>Dear Madam \/ Dear Sir,<br><br><\/strong><\/p>\n<p class=\"translation-block\">Authority for Information on Documents of the Former State Security, in cooperation with the Institute of History at the Academy of Albanological Studies, the Institute for the Study of Crimes and Consequences of Communism, the Institute for the Integration of Former Political Persecuted Persons and the National Historical Museum.<\/p>\n<p>Organise:<br><br><\/p>\n<p class=\"translation-block\"><strong>International Scientific Conference on the topic:<\/strong><br><strong>\u201cThe face of the \u2018enemy of the people\u2019 during the dictatorship of the proletariat<\/strong><br><strong>in Albania (1944-1990)\u201d<br><br><\/strong><\/p>\n<p class=\"translation-block\">You are invited to follow the works of local and foreign researchers,<br>organized in panels of scientific work and memory.<br><br><\/p>\n<p class=\"translation-block\"><strong>May 17, 2019<\/strong><br><strong>National History Museum<br><br><\/strong><\/p>\n<p class=\"translation-block\"><strong>Opening ceremony, 9.30<\/strong><br><strong>Hall \"UNESCO\"<br><br><\/strong><\/p>\n<p class=\"translation-block\"><strong>Conferences, 11.30-16.00<\/strong><br><strong>Halls: \u201cKostandin Shpataraku\u201d<\/strong><br><strong>and the National Museum Library<br><br><\/strong><\/p>\n<p class=\"translation-block\"><strong>Closing ceremony, 17.00<\/strong><br><strong>\u201cUNESCO\u201d Hall<br><br><\/strong><\/p>\n<p>We appreciate your presence at the conference!<br><br><\/p>\n<p>Please confirm your participation at the following address:<br><a href=\"mailto:info@autoritetidosjeve.gov.al\" target=\"_blank\" rel=\"noreferrer noopener\">info@autoritetidosjeve.gov.al<\/a><\/p>\n<\/li>\n<\/ul>\t\t\t\t\t\t\t\t<\/div>\n\t\t\t\t<\/div>\n\t\t\t\t\t<\/div>\n\t\t\t\t<\/div>\n\t\t\t\t<\/div>","protected":false},"excerpt":{"rendered":"<p>E nderuar Zonj\u00eb \/ I nderuar Zot\u00ebri, Autoriteti p\u00ebr Informimin mbi Dokumentet e ish-Sigurimit t\u00eb Shtetit,n\u00eb bashk\u00ebpunim meInstitutin e Historis\u00eb pran\u00eb Akademis\u00eb s\u00eb Studimeve Albanologjike,Institutin p\u00ebr Studimin e Krimeve dhe Pasojave t\u00eb Komunizmit,Institutin p\u00ebr Integrimin e ish-t\u00eb P\u00ebrndjekurve Politik\u00eb dheMuzeun Historik Komb\u00ebtar Organizojn\u00eb: Konferenc\u00ebn Nd\u00ebrkomb\u00ebtare Shkencore me tem\u00eb:\u201cFytyra e \u2018armikut t\u00eb popullit\u2019 gjat\u00eb diktatur\u00ebs s\u00eb [&hellip;]<\/p>","protected":false},"author":1,"featured_media":533,"parent":717,"menu_order":0,"comment_status":"closed","ping_status":"closed","template":"","meta":{"_acf_changed":false,"footnotes":""},"class_list":["post-2137","page","type-page","status-publish","has-post-thumbnail","hentry"],"acf":[],"_links":{"self":[{"href":"https:\/\/aidssh.al\/en\/wp-json\/wp\/v2\/pages\/2137","targetHints":{"allow":["GET"]}}],"collection":[{"href":"https:\/\/aidssh.al\/en\/wp-json\/wp\/v2\/pages"}],"about":[{"href":"https:\/\/aidssh.al\/en\/wp-json\/wp\/v2\/types\/page"}],"author":[{"embeddable":true,"href":"https:\/\/aidssh.al\/en\/wp-json\/wp\/v2\/users\/1"}],"replies":[{"embeddable":true,"href":"https:\/\/aidssh.al\/en\/wp-json\/wp\/v2\/comments?post=2137"}],"version-history":[{"count":0,"href":"https:\/\/aidssh.al\/en\/wp-json\/wp\/v2\/pages\/2137\/revisions"}],"up":[{"embeddable":true,"href":"https:\/\/aidssh.al\/en\/wp-json\/wp\/v2\/pages\/717"}],"wp:featuredmedia":[{"embeddable":true,"href":"https:\/\/aidssh.al\/en\/wp-json\/wp\/v2\/media\/533"}],"wp:attachment":[{"href":"https:\/\/aidssh.al\/en\/wp-json\/wp\/v2\/media?parent=2137"}],"curies":[{"name":"wp","href":"https:\/\/api.w.org\/{rel}","templated":true}]}}