{"id":216,"date":"2025-06-05T16:09:42","date_gmt":"2025-06-05T14:09:42","guid":{"rendered":"https:\/\/aidssh.instant.al\/?page_id=216"},"modified":"2025-07-30T13:42:48","modified_gmt":"2025-07-30T11:42:48","slug":"legjislacioni-arkivi","status":"publish","type":"page","link":"https:\/\/aidssh.al\/en\/arkivi\/legjislacioni-arkivi\/","title":{"rendered":"Legislation"},"content":{"rendered":"<div data-elementor-type=\"wp-page\" data-elementor-id=\"216\" class=\"elementor elementor-216\" data-elementor-post-type=\"page\">\n\t\t\t\t<div class=\"elementor-element elementor-element-8e21426 e-con-full e-flex e-con e-parent\" data-id=\"8e21426\" data-element_type=\"container\">\n\t\t\t\t<div class=\"elementor-element elementor-element-2172cbf elementor-widget elementor-widget-template\" data-id=\"2172cbf\" data-element_type=\"widget\" data-widget_type=\"template.default\">\n\t\t\t\t<div class=\"elementor-widget-container\">\n\t\t\t\t\t\t\t<div class=\"elementor-template\">\n\t\t\t\t\t<div data-elementor-type=\"container\" data-elementor-id=\"866\" class=\"elementor elementor-866\" data-elementor-post-type=\"elementor_library\">\n\t\t\t\t<div class=\"elementor-element elementor-element-58c6923c e-flex e-con-boxed e-con e-parent\" data-id=\"58c6923c\" data-element_type=\"container\" data-settings=\"{&quot;background_background&quot;:&quot;classic&quot;}\">\n\t\t\t\t\t<div class=\"e-con-inner\">\n\t\t\t\t<div class=\"elementor-element elementor-element-3356bc54 elementor-widget elementor-widget-heading\" data-id=\"3356bc54\" data-element_type=\"widget\" data-widget_type=\"heading.default\">\n\t\t\t\t<div class=\"elementor-widget-container\">\n\t\t\t\t\t<h1 class=\"elementor-heading-title elementor-size-default\">Legislation<\/h1>\t\t\t\t<\/div>\n\t\t\t\t<\/div>\n\t\t\t\t\t<\/div>\n\t\t\t\t<\/div>\n\t\t\t\t<\/div>\n\t\t\t\t<\/div>\n\t\t\t\t\t\t<\/div>\n\t\t\t\t<\/div>\n\t\t\t\t<\/div>\n\t\t<div class=\"elementor-element elementor-element-0f96f8b e-flex e-con-boxed e-con e-parent\" data-id=\"0f96f8b\" data-element_type=\"container\">\n\t\t\t\t\t<div class=\"e-con-inner\">\n\t\t\t\t<div class=\"elementor-element elementor-element-6444418 elementor-widget elementor-widget-heading\" data-id=\"6444418\" data-element_type=\"widget\" data-widget_type=\"heading.default\">\n\t\t\t\t<div class=\"elementor-widget-container\">\n\t\t\t\t\t<h2 class=\"elementor-heading-title elementor-size-default\">COLLECTION OF DOCUMENTS<\/h2>\t\t\t\t<\/div>\n\t\t\t\t<\/div>\n\t\t\t\t<div class=\"elementor-element elementor-element-adbc318 elementor-widget elementor-widget-heading\" data-id=\"adbc318\" data-element_type=\"widget\" data-widget_type=\"heading.default\">\n\t\t\t\t<div class=\"elementor-widget-container\">\n\t\t\t\t\t<h3 class=\"elementor-heading-title elementor-size-default\">Article 13: Identification of documents<\/h3>\t\t\t\t<\/div>\n\t\t\t\t<\/div>\n\t\t\t\t<div class=\"elementor-element elementor-element-e81d0ed elementor-widget elementor-widget-text-editor\" data-id=\"e81d0ed\" data-element_type=\"widget\" data-widget_type=\"text-editor.default\">\n\t\t\t\t<div class=\"elementor-widget-container\">\n\t\t\t\t\t\t\t\t\t<ol><li style=\"font-weight: 400;\">Public authorities and the archival network of the Republic of Albania support the Authority in its research to find documents of the former State Security and in their collection.<\/li><li style=\"font-weight: 400;\">When the public authority or archive is aware or ascertains, in the course of fulfilling its duties, that it possesses documents of the former State Security or other copies or duplicates of such documents, it immediately informs the Authority.<\/li><li style=\"font-weight: 400;\">When the Authority assesses that certain documents may be found with a public authority or archive, it addresses them with a written request for the identification and making available of the documents.<\/li><li style=\"font-weight: 400;\">When the public authority or archive receives a request, according to the provisions of point 3 of this article, it responds to the Authority, within 15 days from the submission of the request, making available, as the case may be, the documents or copies or duplicates thereof. When the requested document is not located at the public authority or archive, but the latter is aware of its location, the Authority shall be notified.<\/li><\/ol><ol start=\"5\"><li style=\"font-weight: 400;\">The Authority, in agreement with the public authorities and archives, may examine the records, archives and information contained therein, when there is reliable evidence that documents of the former State Security are in their possession.<\/li><li style=\"font-weight: 400;\">When private natural or legal persons are aware or ascertain that they possess documents of the former State Security or copies or duplicates thereof, they shall immediately notify the Authority.<\/li><\/ol>\t\t\t\t\t\t\t\t<\/div>\n\t\t\t\t<\/div>\n\t\t\t\t<div class=\"elementor-element elementor-element-e03cb64 elementor-widget elementor-widget-heading\" data-id=\"e03cb64\" data-element_type=\"widget\" data-widget_type=\"heading.default\">\n\t\t\t\t<div class=\"elementor-widget-container\">\n\t\t\t\t\t<h3 class=\"elementor-heading-title elementor-size-default\">Article 14: Submission of documents by the public authority and archive<\/h3>\t\t\t\t<\/div>\n\t\t\t\t<\/div>\n\t\t\t\t<div class=\"elementor-element elementor-element-b5b3ce8 elementor-widget elementor-widget-text-editor\" data-id=\"b5b3ce8\" data-element_type=\"widget\" data-widget_type=\"text-editor.default\">\n\t\t\t\t<div class=\"elementor-widget-container\">\n\t\t\t\t\t\t\t\t\t<ol><li style=\"font-weight: 400;\">Every public authority and archive shall, at the request of the Authority, submit to it the documents of the former State Security that are in their possession, including other copies and duplicates.<\/li><li style=\"font-weight: 400;\">When a public authority needs documents to be used in the performance of its functions and purposes, in accordance with the provisions of Section 2, Chapter IV, of this Law, it may make duplicates of them and use them. Original documents may be used as documents only to the extent necessary for the performance of its duties. In this case, duplicates shall be submitted to the Authority upon request.<\/li><li style=\"font-weight: 400;\">Notwithstanding the provisions of Section 2 of this Article, the documents for the affected parties shall be submitted to the Authority in their original and complete form.<\/li><li style=\"font-weight: 400;\">The Authority:<\/li><\/ol><p style=\"padding-left: 40px;\">a) shall not have any restrictions on the recognition, study and use of original documents;<\/p><p style=\"padding-left: 40px;\">b) shall not submit original documents to the applicant, but duplicate documents issued by the Authority.<\/p>\t\t\t\t\t\t\t\t<\/div>\n\t\t\t\t<\/div>\n\t\t\t\t<div class=\"elementor-element elementor-element-b86d2d9 elementor-widget elementor-widget-heading\" data-id=\"b86d2d9\" data-element_type=\"widget\" data-widget_type=\"heading.default\">\n\t\t\t\t<div class=\"elementor-widget-container\">\n\t\t\t\t\t<h3 class=\"elementor-heading-title elementor-size-default\">Article 15: Submission of documents by private natural and legal persons<\/h3>\t\t\t\t<\/div>\n\t\t\t\t<\/div>\n\t\t\t\t<div class=\"elementor-element elementor-element-98f68b2 elementor-widget elementor-widget-text-editor\" data-id=\"98f68b2\" data-element_type=\"widget\" data-widget_type=\"text-editor.default\">\n\t\t\t\t<div class=\"elementor-widget-container\">\n\t\t\t\t\t\t\t\t\t<ol><li style=\"font-weight: 400;\">Every private natural and legal person shall immediately submit to the Authority, upon its request, the documents of the former State Security that it possesses, as well as other copies or duplicates, when these are not owned by the private natural or legal person. The proof of ownership shall belong to the private natural or legal person. For the purposes of implementing this law, documents that the latter, in cooperation with the former State Security, has prepared by itself shall be considered to be owned by the private natural or legal person.<\/li><li style=\"font-weight: 400;\">When the documents of the former State Security, according to the provisions of point 1 of this article, result in the ownership of the private natural or legal person, the latter shall make them available to the Authority to prepare copies or duplicates thereof.<\/li><\/ol>\t\t\t\t\t\t\t\t<\/div>\n\t\t\t\t<\/div>\n\t\t\t\t<div class=\"elementor-element elementor-element-23e7888 elementor-widget elementor-widget-heading\" data-id=\"23e7888\" data-element_type=\"widget\" data-widget_type=\"heading.default\">\n\t\t\t\t<div class=\"elementor-widget-container\">\n\t\t\t\t\t<h3 class=\"elementor-heading-title elementor-size-default\">Article 16: Documents of the Party of Labor of Albania and other socio-political organizations<\/h3>\t\t\t\t<\/div>\n\t\t\t\t<\/div>\n\t\t\t\t<div class=\"elementor-element elementor-element-22fda33 elementor-widget elementor-widget-text-editor\" data-id=\"22fda33\" data-element_type=\"widget\" data-widget_type=\"text-editor.default\">\n\t\t\t\t<div class=\"elementor-widget-container\">\n\t\t\t\t\t\t\t\t\t<ol><li style=\"font-weight: 400;\">The Authority, in the implementation of its duties, according to this law, may request from the relevant bodies information on the type, content and place of storage of the documents of the Party of Labor of Albania and other socio-political organizations that have operated during the period specified in Article 2 of this law.<\/li><li style=\"font-weight: 400;\">The Authority, as necessary, may request to examine the documents provided for in point 1 of this article.<\/li><li style=\"font-weight: 400;\">At its request, duplicates of the documents provided for in point 1 of this article shall be submitted to the Authority, when these are related to the activity of the former State Security and are necessary for the fulfillment of its functions.<\/li><li style=\"font-weight: 400;\">The provisions of this article shall apply to those documents that have been created through cooperation with the former State Security, at the instigation of or in implementation of its orders and instructions.<\/li><\/ol>\t\t\t\t\t\t\t\t<\/div>\n\t\t\t\t<\/div>\n\t\t\t\t<div class=\"elementor-element elementor-element-47b064f elementor-widget elementor-widget-heading\" data-id=\"47b064f\" data-element_type=\"widget\" data-widget_type=\"heading.default\">\n\t\t\t\t<div class=\"elementor-widget-container\">\n\t\t\t\t\t<h3 class=\"elementor-heading-title elementor-size-default\">Article 17: Return of documents by the Authority<\/h3>\t\t\t\t<\/div>\n\t\t\t\t<\/div>\n\t\t\t\t<div class=\"elementor-element elementor-element-d916a3a elementor-widget elementor-widget-text-editor\" data-id=\"d916a3a\" data-element_type=\"widget\" data-widget_type=\"text-editor.default\">\n\t\t\t\t<div class=\"elementor-widget-container\">\n\t\t\t\t\t\t\t\t\t<ol><li style=\"font-weight: 400;\">When there is no evidence that the creation of documents belonging to public authorities was instigated or ordered by the former State Security, the Authority shall return them, at the request of the public authorities or on its own initiative when it ascertains the above. The Authority may keep copies or duplicates of these documents.<\/li><li style=\"font-weight: 400;\">When, during its activity, the Authority encounters classified documents and information, according to the legislation in force for information classified as \u201cState Secret\u201d, according to the case and the level of classification, for their return it shall act in accordance with the provisions of this legislation.<\/li><\/ol>\t\t\t\t\t\t\t\t<\/div>\n\t\t\t\t<\/div>\n\t\t\t\t<div class=\"elementor-element elementor-element-f67fadc elementor-widget elementor-widget-heading\" data-id=\"f67fadc\" data-element_type=\"widget\" data-widget_type=\"heading.default\">\n\t\t\t\t<div class=\"elementor-widget-container\">\n\t\t\t\t\t<h3 class=\"elementor-heading-title elementor-size-default\">Article 18: Archiving of documents<\/h3>\t\t\t\t<\/div>\n\t\t\t\t<\/div>\n\t\t\t\t<div class=\"elementor-element elementor-element-5af75be elementor-widget elementor-widget-text-editor\" data-id=\"5af75be\" data-element_type=\"widget\" data-widget_type=\"text-editor.default\">\n\t\t\t\t<div class=\"elementor-widget-container\">\n\t\t\t\t\t\t\t\t\t<p>1. The Authority shall establish its own archive for the collection, storage, administration and use of documents. The archive shall be organized and operated in accordance with the provisions of this law, the Authority\u2019s regulations and the legislation in force on archives.<\/p><p>2. The Authority shall archive all documents, copies and duplicates collected, in accordance with the provisions of this law.<\/p><p style=\"font-weight: 400;\">In its archive, the Authority shall:<\/p><p>a) document the time, individual, institution or applicant to whom documents or information from the documents of the former State Security were delivered or forwarded, after completion of processing;<\/p><p>b) determine the information that was entered into the data processing systems and the time when it was entered;<\/p><p>c) prohibit unauthorized access;<\/p><p style=\"font-weight: 400;\">\u00e7) prohibits unauthorized persons from gaining access to former Security documents and data processing systems, with which information from documents is processed;<\/p><p>d) guarantees that documents are not read, copied, changed, destroyed or removed without authorization;<\/p><p>dh) guarantees that the transport of documents is accompanied by at least two members of the Authority, or persons authorized by the Authority;<\/p><p>e) provides for such organizational models, which respond to specific requirements for data storage.<\/p><p>3. After the expiration of the storage period, documents created by the Authority must be submitted to the archive, from which they were received, or from which the produced documents originate.<\/p>\t\t\t\t\t\t\t\t<\/div>\n\t\t\t\t<\/div>\n\t\t<div class=\"elementor-element elementor-element-631dbeb e-grid e-con-full e-con e-child\" data-id=\"631dbeb\" data-element_type=\"container\">\n\t\t\t\t<div class=\"elementor-element elementor-element-8d43a18 elementor-widget__width-initial elementor-widget elementor-widget-heading\" data-id=\"8d43a18\" data-element_type=\"widget\" data-widget_type=\"heading.default\">\n\t\t\t\t<div class=\"elementor-widget-container\">\n\t\t\t\t\t<h2 class=\"elementor-heading-title elementor-size-default\"><a href=\"\/en\/arkivi-ligje\/\">Laws<\/a><\/h2>\t\t\t\t<\/div>\n\t\t\t\t<\/div>\n\t\t\t\t<div class=\"elementor-element elementor-element-36bf9e4 elementor-widget__width-initial elementor-widget elementor-widget-heading\" data-id=\"36bf9e4\" data-element_type=\"widget\" data-widget_type=\"heading.default\">\n\t\t\t\t<div class=\"elementor-widget-container\">\n\t\t\t\t\t<h2 class=\"elementor-heading-title elementor-size-default\"><a href=\"\/en\/arkivi-vendime\/\">Decisions<\/a><\/h2>\t\t\t\t<\/div>\n\t\t\t\t<\/div>\n\t\t\t\t<div class=\"elementor-element elementor-element-4f84a34 elementor-widget__width-initial elementor-widget elementor-widget-heading\" data-id=\"4f84a34\" data-element_type=\"widget\" data-widget_type=\"heading.default\">\n\t\t\t\t<div class=\"elementor-widget-container\">\n\t\t\t\t\t<h2 class=\"elementor-heading-title elementor-size-default\"><a href=\"\/en\/arkivi-rregullore\/\">Regulation<\/a><\/h2>\t\t\t\t<\/div>\n\t\t\t\t<\/div>\n\t\t\t\t<div class=\"elementor-element elementor-element-88bd7a9 elementor-widget__width-initial elementor-widget elementor-widget-heading\" data-id=\"88bd7a9\" data-element_type=\"widget\" data-widget_type=\"heading.default\">\n\t\t\t\t<div class=\"elementor-widget-container\">\n\t\t\t\t\t<h2 class=\"elementor-heading-title elementor-size-default\"><a href=\"\/en\/arkivi-udhezime\/\">Guidelines<\/a><\/h2>\t\t\t\t<\/div>\n\t\t\t\t<\/div>\n\t\t\t\t<\/div>\n\t\t\t\t\t<\/div>\n\t\t\t\t<\/div>\n\t\t<div class=\"elementor-element elementor-element-9b760a3 e-flex e-con-boxed e-con e-parent\" data-id=\"9b760a3\" data-element_type=\"container\">\n\t\t\t\t\t<div class=\"e-con-inner\">\n\t\t\t\t\t<\/div>\n\t\t\t\t<\/div>\n\t\t\t\t<\/div>","protected":false},"excerpt":{"rendered":"<p>MBLEDHJA E DOKUMENTEVE Neni 13: Identifikimi i dokumenteve Autoritetet publike dhe rrjeti arkivor i Republik\u00ebs s\u00eb Shqip\u00ebris\u00eb mb\u00ebshtesin Autoritetin n\u00eb k\u00ebrkimete tij p\u00ebr gjetjen e dokumenteve t\u00eb ish-Sigurimit t\u00eb Shtetit dhe n\u00eb mbledhjen e tyre. Kur autoriteti publik ose arkivi \u00ebsht\u00eb n\u00eb dijeni apo konstaton, gjat\u00eb p\u00ebrmbushjes s\u00eb detyrave, sezot\u00ebron dokumente t\u00eb ish-Sigurimit t\u00eb Shtetit [&hellip;]<\/p>","protected":false},"author":1,"featured_media":7299,"parent":14,"menu_order":0,"comment_status":"closed","ping_status":"closed","template":"","meta":{"_acf_changed":false,"footnotes":""},"class_list":["post-216","page","type-page","status-publish","has-post-thumbnail","hentry"],"acf":[],"_links":{"self":[{"href":"https:\/\/aidssh.al\/en\/wp-json\/wp\/v2\/pages\/216","targetHints":{"allow":["GET"]}}],"collection":[{"href":"https:\/\/aidssh.al\/en\/wp-json\/wp\/v2\/pages"}],"about":[{"href":"https:\/\/aidssh.al\/en\/wp-json\/wp\/v2\/types\/page"}],"author":[{"embeddable":true,"href":"https:\/\/aidssh.al\/en\/wp-json\/wp\/v2\/users\/1"}],"replies":[{"embeddable":true,"href":"https:\/\/aidssh.al\/en\/wp-json\/wp\/v2\/comments?post=216"}],"version-history":[{"count":0,"href":"https:\/\/aidssh.al\/en\/wp-json\/wp\/v2\/pages\/216\/revisions"}],"up":[{"embeddable":true,"href":"https:\/\/aidssh.al\/en\/wp-json\/wp\/v2\/pages\/14"}],"wp:featuredmedia":[{"embeddable":true,"href":"https:\/\/aidssh.al\/en\/wp-json\/wp\/v2\/media\/7299"}],"wp:attachment":[{"href":"https:\/\/aidssh.al\/en\/wp-json\/wp\/v2\/media?parent=216"}],"curies":[{"name":"wp","href":"https:\/\/api.w.org\/{rel}","templated":true}]}}