{"id":220,"date":"2025-06-05T16:10:40","date_gmt":"2025-06-05T14:10:40","guid":{"rendered":"https:\/\/aidssh.instant.al\/?page_id=220"},"modified":"2025-07-30T15:01:58","modified_gmt":"2025-07-30T13:01:58","slug":"kandidat-per-organet-e-zgjedhura","status":"publish","type":"page","link":"https:\/\/aidssh.al\/en\/vleresimi-i-figures\/kandidat-per-organet-e-zgjedhura\/","title":{"rendered":"Candidate for Elected Bodies"},"content":{"rendered":"<div data-elementor-type=\"wp-page\" data-elementor-id=\"220\" class=\"elementor elementor-220\" data-elementor-post-type=\"page\">\n\t\t\t\t<div class=\"elementor-element elementor-element-2874f9d e-con-full e-flex e-con e-parent\" data-id=\"2874f9d\" data-element_type=\"container\">\n\t\t\t\t<div class=\"elementor-element elementor-element-f2968de elementor-widget elementor-widget-template\" data-id=\"f2968de\" data-element_type=\"widget\" data-widget_type=\"template.default\">\n\t\t\t\t<div class=\"elementor-widget-container\">\n\t\t\t\t\t\t\t<div class=\"elementor-template\">\n\t\t\t\t\t<div data-elementor-type=\"container\" data-elementor-id=\"866\" class=\"elementor elementor-866\" data-elementor-post-type=\"elementor_library\">\n\t\t\t\t<div class=\"elementor-element elementor-element-58c6923c e-flex e-con-boxed e-con e-parent\" data-id=\"58c6923c\" data-element_type=\"container\" data-settings=\"{&quot;background_background&quot;:&quot;classic&quot;}\">\n\t\t\t\t\t<div class=\"e-con-inner\">\n\t\t\t\t<div class=\"elementor-element elementor-element-3356bc54 elementor-widget elementor-widget-heading\" data-id=\"3356bc54\" data-element_type=\"widget\" data-widget_type=\"heading.default\">\n\t\t\t\t<div class=\"elementor-widget-container\">\n\t\t\t\t\t<h1 class=\"elementor-heading-title elementor-size-default\">Candidate for Elected Bodies<\/h1>\t\t\t\t<\/div>\n\t\t\t\t<\/div>\n\t\t\t\t\t<\/div>\n\t\t\t\t<\/div>\n\t\t\t\t<\/div>\n\t\t\t\t<\/div>\n\t\t\t\t\t\t<\/div>\n\t\t\t\t<\/div>\n\t\t\t\t<\/div>\n\t\t<div class=\"elementor-element elementor-element-69ef257 e-flex e-con-boxed e-con e-parent\" data-id=\"69ef257\" data-element_type=\"container\">\n\t\t\t\t\t<div class=\"e-con-inner\">\n\t\t\t\t<div class=\"elementor-element elementor-element-273d6b8 elementor-widget elementor-widget-heading\" data-id=\"273d6b8\" data-element_type=\"widget\" data-widget_type=\"heading.default\">\n\t\t\t\t<div class=\"elementor-widget-container\">\n\t\t\t\t\t<h2 class=\"elementor-heading-title elementor-size-default\">Subjects of Verification by the Authority<\/h2>\t\t\t\t<\/div>\n\t\t\t\t<\/div>\n\t\t\t\t<div class=\"elementor-element elementor-element-0774e6e elementor-widget elementor-widget-text-editor\" data-id=\"0774e6e\" data-element_type=\"widget\" data-widget_type=\"text-editor.default\">\n\t\t\t\t<div class=\"elementor-widget-container\">\n\t\t\t\t\t\t\t\t\t<p>Candidates applying for appointment or promotion to positions such as:<\/p><p style=\"font-weight: 400;\" class=\"translation-block\">a) President of the Republic;<br>b) Members of the Council of Ministers, deputy ministers, political officials, members of the senior management corps in the state administration and positions equivalent to them; <br>c) Members of the High Council of Justice, judges and prosecutors in courts and prosecutor\u2019s offices of all levels; <br>\u00e7) Members of the Constitutional Court; <br>d) Officials in the Armed Forces of the Republic of Albania, the General Staff of the Army, the Republican Guard, officers holding the rank of \u201cGeneral\u201d and \u201cColonel\u201d; <br>dh) Prefects; <br>e) Directors and employees of the State Intelligence Service, the Defense Intelligence Agency, and any other intelligence unit; <br>\u00eb) Leaders in the State Police up to the district and police station level; <br>f) Heads of diplomatic missions; <br>g) Governors and deputy governors of the Bank of Albania; <br>gj) Members of the Academy of Sciences, rectors, vice-rectors, deans, vice-deans in public universities; <br>h) Director General and deputy directors of the Albanian Public Radio and Television; <br>i) Director and Deputy Director of the Albanian Telegraphic Agency; <br>j) Any other person decreed by the President or elected by the Assembly.<\/p><p style=\"font-weight: 400;\">2. Candidates for deputies in the Albanian Parliament, mayors and district council presidents, regarding the existence of information about them in documents of the former State Security, when this is requested from them for the purposes of transparency of the image, during electoral campaigns;<\/p><p style=\"font-weight: 400;\">3. Candidates proposed for the awarding of decorations, honorary titles, medals, and local honorary titles<\/p>\t\t\t\t\t\t\t\t<\/div>\n\t\t\t\t<\/div>\n\t\t\t\t\t<\/div>\n\t\t\t\t<\/div>\n\t\t\t\t<\/div>","protected":false},"excerpt":{"rendered":"<p>Subjektet e Verifikimit nga Autoriteti 1. Kandidat\u00ebt q\u00eb aplikojn\u00eb p\u00ebr em\u00ebrim apo ngritje n\u00eb detyra si : a)President i Republik\u00ebs;b) an\u00ebtar\u00eb t\u00eb K\u00ebshillit t\u00eb Ministrave, z\u00ebvend\u00ebsministra, funksionar\u00eb politik\u00eb, an\u00ebtar\u00eb t\u00eb trup\u00ebs s\u00eb nivelit t\u00eb lart\u00eb drejtues n\u00eb administrat\u00ebn shtet\u00ebrore dhe pozicione t\u00eb barasvlershme me to; c) an\u00ebtar\u00eb t\u00eb K\u00ebshillit t\u00eb Lart\u00eb t\u00eb Drejt\u00ebsis\u00eb, gjyqtar\u00eb e [&hellip;]<\/p>","protected":false},"author":1,"featured_media":6852,"parent":15,"menu_order":0,"comment_status":"closed","ping_status":"closed","template":"","meta":{"_acf_changed":false,"footnotes":""},"class_list":["post-220","page","type-page","status-publish","has-post-thumbnail","hentry"],"acf":[],"_links":{"self":[{"href":"https:\/\/aidssh.al\/en\/wp-json\/wp\/v2\/pages\/220","targetHints":{"allow":["GET"]}}],"collection":[{"href":"https:\/\/aidssh.al\/en\/wp-json\/wp\/v2\/pages"}],"about":[{"href":"https:\/\/aidssh.al\/en\/wp-json\/wp\/v2\/types\/page"}],"author":[{"embeddable":true,"href":"https:\/\/aidssh.al\/en\/wp-json\/wp\/v2\/users\/1"}],"replies":[{"embeddable":true,"href":"https:\/\/aidssh.al\/en\/wp-json\/wp\/v2\/comments?post=220"}],"version-history":[{"count":0,"href":"https:\/\/aidssh.al\/en\/wp-json\/wp\/v2\/pages\/220\/revisions"}],"up":[{"embeddable":true,"href":"https:\/\/aidssh.al\/en\/wp-json\/wp\/v2\/pages\/15"}],"wp:featuredmedia":[{"embeddable":true,"href":"https:\/\/aidssh.al\/en\/wp-json\/wp\/v2\/media\/6852"}],"wp:attachment":[{"href":"https:\/\/aidssh.al\/en\/wp-json\/wp\/v2\/media?parent=220"}],"curies":[{"name":"wp","href":"https:\/\/api.w.org\/{rel}","templated":true}]}}