{"id":2224,"date":"2025-06-23T16:09:04","date_gmt":"2025-06-23T14:09:04","guid":{"rendered":"https:\/\/aidssh.instant.al\/?page_id=2224"},"modified":"2025-06-23T16:10:33","modified_gmt":"2025-06-23T14:10:33","slug":"lista-e-fituesve-te-mohuar-nga-regjimi","status":"publish","type":"page","link":"https:\/\/aidssh.al\/en\/studimi\/konferenca\/lista-e-fituesve-te-mohuar-nga-regjimi\/","title":{"rendered":"List of winners \u2013 Denied by the Regime"},"content":{"rendered":"<div data-elementor-type=\"wp-page\" data-elementor-id=\"2224\" class=\"elementor elementor-2224\" data-elementor-post-type=\"page\">\n\t\t\t\t<div class=\"elementor-element elementor-element-2f94134 e-con-full e-flex e-con e-parent\" data-id=\"2f94134\" data-element_type=\"container\">\n\t\t\t\t<div class=\"elementor-element elementor-element-c00e237 elementor-widget elementor-widget-template\" data-id=\"c00e237\" data-element_type=\"widget\" data-widget_type=\"template.default\">\n\t\t\t\t<div class=\"elementor-widget-container\">\n\t\t\t\t\t\t\t<div class=\"elementor-template\">\n\t\t\t\t\t<div data-elementor-type=\"container\" data-elementor-id=\"866\" class=\"elementor elementor-866\" data-elementor-post-type=\"elementor_library\">\n\t\t\t\t<div class=\"elementor-element elementor-element-58c6923c e-flex e-con-boxed e-con e-parent\" data-id=\"58c6923c\" data-element_type=\"container\" data-settings=\"{&quot;background_background&quot;:&quot;classic&quot;}\">\n\t\t\t\t\t<div class=\"e-con-inner\">\n\t\t\t\t<div class=\"elementor-element elementor-element-3356bc54 elementor-widget elementor-widget-heading\" data-id=\"3356bc54\" data-element_type=\"widget\" data-widget_type=\"heading.default\">\n\t\t\t\t<div class=\"elementor-widget-container\">\n\t\t\t\t\t<h1 class=\"elementor-heading-title elementor-size-default\">List of winners \u2013 Denied by the Regime<\/h1>\t\t\t\t<\/div>\n\t\t\t\t<\/div>\n\t\t\t\t\t<\/div>\n\t\t\t\t<\/div>\n\t\t\t\t<\/div>\n\t\t\t\t<\/div>\n\t\t\t\t\t\t<\/div>\n\t\t\t\t<\/div>\n\t\t\t\t<\/div>\n\t\t<div class=\"elementor-element elementor-element-dcb86c3 e-flex e-con-boxed e-con e-parent\" data-id=\"dcb86c3\" data-element_type=\"container\">\n\t\t\t\t\t<div class=\"e-con-inner\">\n\t\t\t\t<div class=\"elementor-element elementor-element-67b5fbc elementor-widget__width-inherit elementor-widget elementor-widget-text-editor\" data-id=\"67b5fbc\" data-element_type=\"widget\" data-widget_type=\"text-editor.default\">\n\t\t\t\t<div class=\"elementor-widget-container\">\n\t\t\t\t\t\t\t\t\t<header>\n<h3>Researchers<\/h3>\n<\/header>\n<p>OCTOBER 2018 CONFERENCE \u2013 (Themes)<br><br><\/p>\n<p><\/p>\n<p>\u201cDenied by the regime\u201d: prisons, the internment-expulsion system, and forced labor in Albania from 1945 to 1990.<br><br><\/p>\n<p><\/p>\n<ol>\n<li>Fiona Todhri + Eris Dhamo \u2013 Identity and profile of women political prisoners during the communist period (1946-1979).<br><br><\/li>\n<li>Roland Qafoku \u2013 Persecutors versus the persecuted after the fall of communism.<br><br><\/li>\n<li>\u00c7elo Hoxha \u2013 The illegal deprivation of personal freedom of citizens carried out by individuals representing state institutions in the years \u201944-\u201954.<br><br><\/li>\n<li>Erald Kapri \u2013 A comparative perspective on the rehabilitation of communist victims: the cases of the Czech, German, Polish, Estonian, and Romanian.<br><br><\/li>\n<li>Gjon Bori\u00e7i \u2013 \u201cStatement from the Politburo of the Party of Labour of Albania on the violence against prisoners and internees by the State Security organs up to 1953.\u201d<br><br><\/li>\n<li>Femi Sufaj + Marinela Sota \u2013 Denied by the regime: Prisons, the internment-expulsion system, and forced labor in Albania 1945-1990.<br><br><\/li>\n<li>Etleva Sma\u00e7i \u2013 Exploitation of forced labor in the Xhenios units and military agricultural enterprises. Discriminatory treatment of soldiers from declassified families.<br><br><\/li>\n<li>Lorenca Bejko \u2013 Collective memory of the internment-expulsion camps and the communist past in Albania.<br><br><\/li>\n<li>Ardit Metani \u2013 Remembering and promoting the communist past in Albania through communist heritage tourism.<br><br><\/li>\n<li>Afrim Krasniqi \u2013 Addressing the past in a comparative perspective: Albania and Eastern Europe.<br><br><\/li>\n<li>Sonila Bo\u00e7i \u2013 Depicting the \u201cenemy of the people\u201d during the years 1944-1949.<br><br><\/li>\n<li>Enriketa Pandeleimoni (Papa) \u2013 The narration of life stories and memory about forced labor camps and prisons in communist Albania.<br><br><\/li>\n<li>Greis Haxhiu, Arla Hoxha, Tea Kashahu, Enxhi Kodragjini, Dea Rrozhani \u2013 Redbug: The application that revives communism through the testimonies of those who experienced it.<br><br><\/li>\n<li>Alma Li\u00e7o Mirakaj, Merita Sauku Bruci \u2013 Family internment-expulsions in the Dumre region 1968-1991: testimonies and reflections.<br><br><\/li>\n<li>Klejd K\u00eblli\u00e7i \u2013 The European Gulag: The regime of labor and concentration camps in Albania, East Germany, and Bulgaria, 1946-1950.<br><br><\/li>\n<li>Blerina K\u00ebllezi, Aurora Guxholli, Cliffort Stevenson \u2013 Changes after the dictatorship from the perspective of those affected.<br><br><\/li>\n<li>Beqir Meta \u2013 An analytical overview of the prison and internment system and the use of forced labor during the communist regime in Albania.<br><br><\/li>\n<li>Ermal Frash\u00ebri \u2013 Regulation of labor in the construction of socialism: A legal perspective.<br><br><\/li>\n<li>Valjeta Kaftalli \u2013 Daily life and human relations in the camps and internment zones.<br><br><\/li>\n<li>Ana Lalaj \u2013 The installation of the post-war state as a tool of violence, 1944-1953.<br><br><\/li>\n<li>Hamit Kaba \u2013 Albanian communism: similarities and distinctions with other communist countries in Central and Eastern Europe, 1944-1948.<br><br><\/li>\n<li>Leonora La\u00e7i \u2013 Albanian totalitarianism through the works of several writers.<br><br><\/li>\n<li>Sabit Syla \u2013 The installation of Yugoslav power in Kosovo and the Albanians during the years 1944-1945.<br><br><\/li>\n<li>Amy Lori \u2013 The problem of Hoxha: History, memory and the architecture of state terror.<br><br><\/li>\n<li>Edlira Agolli \u2013 The role of the OSCE in Albania in shaping collective memory and discussing human rights violations during communism.<br><br><\/li>\n<li>Gjon Berisha \u2013 The persecution of the Catholic clergy from Kosovo who served during the communist regime in Albania.<br><br><\/li>\n<li>Natasha P\u00ebrpunja \u2013 Within the framework of the topic: \u201cTypology of internment camps and zones. The mining town of Selenic\u00eb in Vlor\u00eb.\u201d<br><br><\/li>\n<li>Agron Tufa \u2013 Sad literary and memoir topics.<br><br><\/li>\n<li>Nevila Nika \u2013 The treatment of Italian citizens after the end of World War II, from Prof. V. Lozzi to Father G. Gardin.<br><br><\/li>\n<li>Marenglen Kasmi, Ermira Shtino \u2013 German prisoners of war and forced labor during the years 1944-1952.<br><br><\/li>\n<li>Kejsi Ziu \u2013 Spies and saboteurs: The martyrdom of the Maliqi engineers and the involvement of the American intelligence mission during the communist regime.<br><br><\/li>\n<li>Gjergj Sinani \u2013 Memory and history in the post-totalitarian discourse.<br><br><br><\/li>\n<li>Agron Gjekmarkaj \u2013 \u201cEnemy of the people\u201d in socialist realism literature.<\/li>\n<li>Dorian Ko\u00e7i \u2013 The Stalinist apparatus of violence in prisons and labor camps in Albania, 1949-1953.<br><br><\/li>\n<li>Ardiana Topi \u2013 Typology of documents and files created by the former State Security.<br><br><\/li>\n<li>Selami Zalli \u2013 A legal perspective on the establishment of the dictatorship, 1945-1953; Shkodra in the documents of the State Security.<br><br><\/li>\n<li>\u0141ukasz Kaminski (ENRS) \u2013 Expulsions and forced labor \u2013 the Polish experience: history and memories.<br><br><\/li>\n<li>Tobias Wunschik \u2013 Forced labor in the GDR camps (1950-1990)<br><br><\/li>\n<li>Etleva Demollari \u2013 The National Museum of Surveillance \u201cThe House with Leaves,\u201d confronting the past.<br><br><\/li>\n<li>Sara \u00c7apaliku \u2013 Public interest and the opening of the files of the former Albanian State Security.<\/li>\n<\/ol>\t\t\t\t\t\t\t\t<\/div>\n\t\t\t\t<\/div>\n\t\t\t\t\t<\/div>\n\t\t\t\t<\/div>\n\t\t\t\t<\/div>","protected":false},"excerpt":{"rendered":"<p>Studiues KONFERENCA TETOR 2018 \u2013 (Temat) \u201cT\u00eb mohuar nga regjimi\u201d: burgjet, sistemi i internim-d\u00ebbimeve dhe puna e detyruar n\u00eb Shqip\u00ebrin\u00eb e viteve 1945-1990. Fiona Todhri + Eris Dhamo \u2013 Identiteti dhe profile i grave t\u00eb d\u00ebnuara politike n\u00eb periudh\u00ebn komuniste (1946-1979). Roland Qafoku \u2013 Persekutor\u00ebt p\u00ebrball\u00eb t\u00eb persekutuarve pas rr\u00ebzimit t\u00eb komunizmit. \u00c7elo Hoxha \u2013 [&hellip;]<\/p>","protected":false},"author":1,"featured_media":533,"parent":717,"menu_order":0,"comment_status":"closed","ping_status":"closed","template":"","meta":{"_acf_changed":false,"footnotes":""},"class_list":["post-2224","page","type-page","status-publish","has-post-thumbnail","hentry"],"acf":[],"_links":{"self":[{"href":"https:\/\/aidssh.al\/en\/wp-json\/wp\/v2\/pages\/2224","targetHints":{"allow":["GET"]}}],"collection":[{"href":"https:\/\/aidssh.al\/en\/wp-json\/wp\/v2\/pages"}],"about":[{"href":"https:\/\/aidssh.al\/en\/wp-json\/wp\/v2\/types\/page"}],"author":[{"embeddable":true,"href":"https:\/\/aidssh.al\/en\/wp-json\/wp\/v2\/users\/1"}],"replies":[{"embeddable":true,"href":"https:\/\/aidssh.al\/en\/wp-json\/wp\/v2\/comments?post=2224"}],"version-history":[{"count":0,"href":"https:\/\/aidssh.al\/en\/wp-json\/wp\/v2\/pages\/2224\/revisions"}],"up":[{"embeddable":true,"href":"https:\/\/aidssh.al\/en\/wp-json\/wp\/v2\/pages\/717"}],"wp:featuredmedia":[{"embeddable":true,"href":"https:\/\/aidssh.al\/en\/wp-json\/wp\/v2\/media\/533"}],"wp:attachment":[{"href":"https:\/\/aidssh.al\/en\/wp-json\/wp\/v2\/media?parent=2224"}],"curies":[{"name":"wp","href":"https:\/\/api.w.org\/{rel}","templated":true}]}}