{"id":2229,"date":"2025-06-23T16:11:22","date_gmt":"2025-06-23T14:11:22","guid":{"rendered":"https:\/\/aidssh.instant.al\/?page_id=2229"},"modified":"2025-06-23T16:12:01","modified_gmt":"2025-06-23T14:12:01","slug":"ftesa-te-mohuar-nga-regjimi","status":"publish","type":"page","link":"https:\/\/aidssh.al\/en\/studimi\/konferenca\/ftesa-te-mohuar-nga-regjimi\/","title":{"rendered":"Invitation \u2013 Denied by the Regime"},"content":{"rendered":"<div data-elementor-type=\"wp-page\" data-elementor-id=\"2229\" class=\"elementor elementor-2229\" data-elementor-post-type=\"page\">\n\t\t\t\t<div class=\"elementor-element elementor-element-2f94134 e-con-full e-flex e-con e-parent\" data-id=\"2f94134\" data-element_type=\"container\">\n\t\t\t\t<div class=\"elementor-element elementor-element-c00e237 elementor-widget elementor-widget-template\" data-id=\"c00e237\" data-element_type=\"widget\" data-widget_type=\"template.default\">\n\t\t\t\t<div class=\"elementor-widget-container\">\n\t\t\t\t\t\t\t<div class=\"elementor-template\">\n\t\t\t\t\t<div data-elementor-type=\"container\" data-elementor-id=\"866\" class=\"elementor elementor-866\" data-elementor-post-type=\"elementor_library\">\n\t\t\t\t<div class=\"elementor-element elementor-element-58c6923c e-flex e-con-boxed e-con e-parent\" data-id=\"58c6923c\" data-element_type=\"container\" data-settings=\"{&quot;background_background&quot;:&quot;classic&quot;}\">\n\t\t\t\t\t<div class=\"e-con-inner\">\n\t\t\t\t<div class=\"elementor-element elementor-element-3356bc54 elementor-widget elementor-widget-heading\" data-id=\"3356bc54\" data-element_type=\"widget\" data-widget_type=\"heading.default\">\n\t\t\t\t<div class=\"elementor-widget-container\">\n\t\t\t\t\t<h1 class=\"elementor-heading-title elementor-size-default\">Invitation \u2013 Denied by the Regime<\/h1>\t\t\t\t<\/div>\n\t\t\t\t<\/div>\n\t\t\t\t\t<\/div>\n\t\t\t\t<\/div>\n\t\t\t\t<\/div>\n\t\t\t\t<\/div>\n\t\t\t\t\t\t<\/div>\n\t\t\t\t<\/div>\n\t\t\t\t<\/div>\n\t\t<div class=\"elementor-element elementor-element-dcb86c3 e-flex e-con-boxed e-con e-parent\" data-id=\"dcb86c3\" data-element_type=\"container\">\n\t\t\t\t\t<div class=\"e-con-inner\">\n\t\t\t\t<div class=\"elementor-element elementor-element-67b5fbc elementor-widget__width-inherit elementor-widget elementor-widget-text-editor\" data-id=\"67b5fbc\" data-element_type=\"widget\" data-widget_type=\"text-editor.default\">\n\t\t\t\t<div class=\"elementor-widget-container\">\n\t\t\t\t\t\t\t\t\t<header>\n<p>The Authority for Information on the Files of the Former State Security, in cooperation with the Institute of History at the Academy of Albanological Studies, the Institute for the Study of Crimes and Consequences of Communism, and the Institute for the Integration of Former Political Persecuted Persons<br><br>Organise:<br><br><\/p>\n<p><strong>International Scientific Conference on the topic:<br><br><\/strong><\/p>\n<p><strong>\u201cThose Denied by the Regime: Prisons, the Internment-Expulsion System&nbsp;<\/strong><strong>and forced labor in Albania 1945-1990\u201d<br><br><\/strong><\/p>\n<p>You are invited to participate in this first conference, featuring papers by local and foreign researchers, organized into panels of scientific work and remembrance.<br><br><\/p>\n<p><strong>October 30 \u2013 31, 2018<\/strong><br><strong>National Historical Museum<\/strong><br><strong>\u201cShpataraku\u201d Hall<\/strong><br><strong>9:00 AM<br><br><\/strong><\/p>\n<p>The introduction of the guests and the welcoming speeches will take place on October 29, 2018.<br>6:00 PM \u2013 \u201cUnesco\u201d Hall<br><br><\/p>\n<p>The event is supported by UNDP in Albania and the Government of Italy, within the framework of the project \"Remembering to Heal and Prevent,\" the Konrad Adenauer Foundation (KAS), the European Network of Remembrance and Solidarity (ENRS), and the National Historical Museum.<br><br><\/p>\n<p>We appreciate your presence at the conference!<br><br><\/p>\n<p>Please confirm your attendance at the following address:&nbsp;<a href=\"mailto:info@autoritetidosjeve.gov.al\">info@autoritetidosjeve.gov.al<\/a><\/p>\n<\/header>\t\t\t\t\t\t\t\t<\/div>\n\t\t\t\t<\/div>\n\t\t\t\t\t<\/div>\n\t\t\t\t<\/div>\n\t\t\t\t<\/div>","protected":false},"excerpt":{"rendered":"<p>Autoriteti p\u00ebr Informim mbi Dokumentet e ish-Sigurimit t\u00eb Shtetit, n\u00eb bashk\u00ebpunim me Institutin e Historis\u00eb pran\u00eb Akademis\u00eb s\u00eb Studimeve Albanologjike, Institutin p\u00ebr Studimin e Krimeve dhe Pasojave t\u00eb Komunizmit dhe Institutin p\u00ebr Integrimin e ish-t\u00eb P\u00ebrndjekurve Politik\u00eb Organizojn\u00eb: Konferenc\u00ebn Nd\u00ebrkomb\u00ebtare Shkencore me tem\u00eb: \u201cT\u00eb mohuar nga regjimi: burgjet, sistemi i internim-d\u00ebbimeve&nbsp;dhe puna e detyruar n\u00eb [&hellip;]<\/p>","protected":false},"author":1,"featured_media":533,"parent":717,"menu_order":0,"comment_status":"closed","ping_status":"closed","template":"","meta":{"_acf_changed":false,"footnotes":""},"class_list":["post-2229","page","type-page","status-publish","has-post-thumbnail","hentry"],"acf":[],"_links":{"self":[{"href":"https:\/\/aidssh.al\/en\/wp-json\/wp\/v2\/pages\/2229","targetHints":{"allow":["GET"]}}],"collection":[{"href":"https:\/\/aidssh.al\/en\/wp-json\/wp\/v2\/pages"}],"about":[{"href":"https:\/\/aidssh.al\/en\/wp-json\/wp\/v2\/types\/page"}],"author":[{"embeddable":true,"href":"https:\/\/aidssh.al\/en\/wp-json\/wp\/v2\/users\/1"}],"replies":[{"embeddable":true,"href":"https:\/\/aidssh.al\/en\/wp-json\/wp\/v2\/comments?post=2229"}],"version-history":[{"count":0,"href":"https:\/\/aidssh.al\/en\/wp-json\/wp\/v2\/pages\/2229\/revisions"}],"up":[{"embeddable":true,"href":"https:\/\/aidssh.al\/en\/wp-json\/wp\/v2\/pages\/717"}],"wp:featuredmedia":[{"embeddable":true,"href":"https:\/\/aidssh.al\/en\/wp-json\/wp\/v2\/media\/533"}],"wp:attachment":[{"href":"https:\/\/aidssh.al\/en\/wp-json\/wp\/v2\/media?parent=2229"}],"curies":[{"name":"wp","href":"https:\/\/api.w.org\/{rel}","templated":true}]}}