{"id":224,"date":"2025-06-05T16:11:44","date_gmt":"2025-06-05T14:11:44","guid":{"rendered":"https:\/\/aidssh.instant.al\/?page_id=224"},"modified":"2025-06-23T12:46:20","modified_gmt":"2025-06-23T10:46:20","slug":"partnere","status":"publish","type":"page","link":"https:\/\/aidssh.al\/en\/te-zhdukurit\/partnere\/","title":{"rendered":"Partners"},"content":{"rendered":"<div data-elementor-type=\"wp-page\" data-elementor-id=\"224\" class=\"elementor elementor-224\" data-elementor-post-type=\"page\">\n\t\t\t\t<div class=\"elementor-element elementor-element-8c384e5 e-con-full e-flex e-con e-parent\" data-id=\"8c384e5\" data-element_type=\"container\">\n\t\t\t\t<div class=\"elementor-element elementor-element-4e8c3d4 elementor-widget elementor-widget-template\" data-id=\"4e8c3d4\" data-element_type=\"widget\" data-widget_type=\"template.default\">\n\t\t\t\t<div class=\"elementor-widget-container\">\n\t\t\t\t\t\t\t<div class=\"elementor-template\">\n\t\t\t\t\t<div data-elementor-type=\"container\" data-elementor-id=\"866\" class=\"elementor elementor-866\" data-elementor-post-type=\"elementor_library\">\n\t\t\t\t<div class=\"elementor-element elementor-element-58c6923c e-flex e-con-boxed e-con e-parent\" data-id=\"58c6923c\" data-element_type=\"container\" data-settings=\"{&quot;background_background&quot;:&quot;classic&quot;}\">\n\t\t\t\t\t<div class=\"e-con-inner\">\n\t\t\t\t<div class=\"elementor-element elementor-element-3356bc54 elementor-widget elementor-widget-heading\" data-id=\"3356bc54\" data-element_type=\"widget\" data-widget_type=\"heading.default\">\n\t\t\t\t<div class=\"elementor-widget-container\">\n\t\t\t\t\t<h1 class=\"elementor-heading-title elementor-size-default\">Partners<\/h1>\t\t\t\t<\/div>\n\t\t\t\t<\/div>\n\t\t\t\t\t<\/div>\n\t\t\t\t<\/div>\n\t\t\t\t<\/div>\n\t\t\t\t<\/div>\n\t\t\t\t\t\t<\/div>\n\t\t\t\t<\/div>\n\t\t\t\t<\/div>\n\t\t<div class=\"elementor-element elementor-element-0d12930 e-flex e-con-boxed e-con e-parent\" data-id=\"0d12930\" data-element_type=\"container\">\n\t\t\t\t\t<div class=\"e-con-inner\">\n\t\t<div class=\"elementor-element elementor-element-35c617c e-grid e-con-full e-con e-child\" data-id=\"35c617c\" data-element_type=\"container\">\n\t\t<div class=\"elementor-element elementor-element-83d3780 e-con-full e-flex e-con e-child\" data-id=\"83d3780\" data-element_type=\"container\">\n\t\t\t\t<div class=\"elementor-element elementor-element-8207db1 elementor-widget elementor-widget-image\" data-id=\"8207db1\" data-element_type=\"widget\" data-widget_type=\"image.default\">\n\t\t\t\t<div class=\"elementor-widget-container\">\n\t\t\t\t\t\t\t\t\t\t\t\t\t\t\t<img fetchpriority=\"high\" decoding=\"async\" width=\"300\" height=\"300\" src=\"https:\/\/aidssh.al\/wp-content\/uploads\/2025\/06\/ICMP-International-Commission-on-Missing-Persons.png\" class=\"attachment-full size-full wp-image-2008\" alt=\"\" srcset=\"https:\/\/aidssh.al\/wp-content\/uploads\/2025\/06\/ICMP-International-Commission-on-Missing-Persons.png 300w, https:\/\/aidssh.al\/wp-content\/uploads\/2025\/06\/ICMP-International-Commission-on-Missing-Persons-150x150.png 150w, https:\/\/aidssh.al\/wp-content\/uploads\/2025\/06\/ICMP-International-Commission-on-Missing-Persons-12x12.png 12w\" sizes=\"(max-width: 300px) 100vw, 300px\" \/>\t\t\t\t\t\t\t\t\t\t\t\t\t\t\t<\/div>\n\t\t\t\t<\/div>\n\t\t\t\t<div class=\"elementor-element elementor-element-f1084fb elementor-widget elementor-widget-heading\" data-id=\"f1084fb\" data-element_type=\"widget\" data-widget_type=\"heading.default\">\n\t\t\t\t<div class=\"elementor-widget-container\">\n\t\t\t\t\t<h2 class=\"elementor-heading-title elementor-size-default\">ICMP: International Commission on Missing Persons<\/h2>\t\t\t\t<\/div>\n\t\t\t\t<\/div>\n\t\t\t\t<\/div>\n\t\t<div class=\"elementor-element elementor-element-5faa8c7 e-con-full e-flex e-con e-child\" data-id=\"5faa8c7\" data-element_type=\"container\">\n\t\t\t\t<div class=\"elementor-element elementor-element-7890665 elementor-widget elementor-widget-image\" data-id=\"7890665\" data-element_type=\"widget\" data-widget_type=\"image.default\">\n\t\t\t\t<div class=\"elementor-widget-container\">\n\t\t\t\t\t\t\t\t\t\t\t\t\t\t\t<img decoding=\"async\" width=\"300\" height=\"300\" src=\"https:\/\/aidssh.al\/wp-content\/uploads\/2025\/06\/OSCE-Organization-for-Security-and-Co-operation-in-Europe.png\" class=\"attachment-full size-full wp-image-2006\" alt=\"\" srcset=\"https:\/\/aidssh.al\/wp-content\/uploads\/2025\/06\/OSCE-Organization-for-Security-and-Co-operation-in-Europe.png 300w, https:\/\/aidssh.al\/wp-content\/uploads\/2025\/06\/OSCE-Organization-for-Security-and-Co-operation-in-Europe-150x150.png 150w, https:\/\/aidssh.al\/wp-content\/uploads\/2025\/06\/OSCE-Organization-for-Security-and-Co-operation-in-Europe-12x12.png 12w\" sizes=\"(max-width: 300px) 100vw, 300px\" \/>\t\t\t\t\t\t\t\t\t\t\t\t\t\t\t<\/div>\n\t\t\t\t<\/div>\n\t\t\t\t<div class=\"elementor-element elementor-element-ce75b59 elementor-widget elementor-widget-heading\" data-id=\"ce75b59\" data-element_type=\"widget\" data-widget_type=\"heading.default\">\n\t\t\t\t<div class=\"elementor-widget-container\">\n\t\t\t\t\t<h2 class=\"elementor-heading-title elementor-size-default\">OSCE: Organization for Security and Co-operation in Europe<\/h2>\t\t\t\t<\/div>\n\t\t\t\t<\/div>\n\t\t\t\t<\/div>\n\t\t<div class=\"elementor-element elementor-element-e76d4d3 e-con-full e-flex e-con e-child\" data-id=\"e76d4d3\" data-element_type=\"container\">\n\t\t\t\t<div class=\"elementor-element elementor-element-f60e0e0 elementor-widget elementor-widget-image\" data-id=\"f60e0e0\" data-element_type=\"widget\" data-widget_type=\"image.default\">\n\t\t\t\t<div class=\"elementor-widget-container\">\n\t\t\t\t\t\t\t\t\t\t\t\t\t\t\t<img decoding=\"async\" width=\"300\" height=\"300\" src=\"https:\/\/aidssh.al\/wp-content\/uploads\/2025\/06\/Policia-e-Shtetit.png\" class=\"attachment-full size-full wp-image-2007\" alt=\"\" srcset=\"https:\/\/aidssh.al\/wp-content\/uploads\/2025\/06\/Policia-e-Shtetit.png 300w, https:\/\/aidssh.al\/wp-content\/uploads\/2025\/06\/Policia-e-Shtetit-150x150.png 150w, https:\/\/aidssh.al\/wp-content\/uploads\/2025\/06\/Policia-e-Shtetit-12x12.png 12w\" sizes=\"(max-width: 300px) 100vw, 300px\" \/>\t\t\t\t\t\t\t\t\t\t\t\t\t\t\t<\/div>\n\t\t\t\t<\/div>\n\t\t\t\t<div class=\"elementor-element elementor-element-3b22ab9 elementor-widget elementor-widget-heading\" data-id=\"3b22ab9\" data-element_type=\"widget\" data-widget_type=\"heading.default\">\n\t\t\t\t<div class=\"elementor-widget-container\">\n\t\t\t\t\t<h2 class=\"elementor-heading-title elementor-size-default\">State Police<\/h2>\t\t\t\t<\/div>\n\t\t\t\t<\/div>\n\t\t\t\t<\/div>\n\t\t<div class=\"elementor-element elementor-element-b8be8b7 e-con-full e-flex e-con e-child\" data-id=\"b8be8b7\" data-element_type=\"container\">\n\t\t\t\t<div class=\"elementor-element elementor-element-efd7981 elementor-widget elementor-widget-image\" data-id=\"efd7981\" data-element_type=\"widget\" data-widget_type=\"image.default\">\n\t\t\t\t<div class=\"elementor-widget-container\">\n\t\t\t\t\t\t\t\t\t\t\t\t\t\t\t<img loading=\"lazy\" decoding=\"async\" width=\"300\" height=\"300\" src=\"https:\/\/aidssh.al\/wp-content\/uploads\/2025\/06\/1Prokuroria-e-Pergjithshme.png\" class=\"attachment-full size-full wp-image-2004\" alt=\"\" srcset=\"https:\/\/aidssh.al\/wp-content\/uploads\/2025\/06\/1Prokuroria-e-Pergjithshme.png 300w, https:\/\/aidssh.al\/wp-content\/uploads\/2025\/06\/1Prokuroria-e-Pergjithshme-150x150.png 150w, https:\/\/aidssh.al\/wp-content\/uploads\/2025\/06\/1Prokuroria-e-Pergjithshme-12x12.png 12w\" sizes=\"(max-width: 300px) 100vw, 300px\" \/>\t\t\t\t\t\t\t\t\t\t\t\t\t\t\t<\/div>\n\t\t\t\t<\/div>\n\t\t\t\t<div class=\"elementor-element elementor-element-ace23e5 elementor-widget elementor-widget-heading\" data-id=\"ace23e5\" data-element_type=\"widget\" data-widget_type=\"heading.default\">\n\t\t\t\t<div class=\"elementor-widget-container\">\n\t\t\t\t\t<h2 class=\"elementor-heading-title elementor-size-default\">General Prosecutor's Office<\/h2>\t\t\t\t<\/div>\n\t\t\t\t<\/div>\n\t\t\t\t<\/div>\n\t\t<div class=\"elementor-element elementor-element-16eac15 e-con-full e-flex e-con e-child\" data-id=\"16eac15\" data-element_type=\"container\">\n\t\t\t\t<div class=\"elementor-element elementor-element-fd878cb elementor-widget elementor-widget-image\" data-id=\"fd878cb\" data-element_type=\"widget\" data-widget_type=\"image.default\">\n\t\t\t\t<div class=\"elementor-widget-container\">\n\t\t\t\t\t\t\t\t\t\t\t\t\t\t\t<img loading=\"lazy\" decoding=\"async\" width=\"300\" height=\"300\" src=\"https:\/\/aidssh.al\/wp-content\/uploads\/2025\/06\/Instituti-i-Mjekesise-Ligjore.png\" class=\"attachment-full size-full wp-image-2005\" alt=\"\" srcset=\"https:\/\/aidssh.al\/wp-content\/uploads\/2025\/06\/Instituti-i-Mjekesise-Ligjore.png 300w, https:\/\/aidssh.al\/wp-content\/uploads\/2025\/06\/Instituti-i-Mjekesise-Ligjore-150x150.png 150w, https:\/\/aidssh.al\/wp-content\/uploads\/2025\/06\/Instituti-i-Mjekesise-Ligjore-12x12.png 12w\" sizes=\"(max-width: 300px) 100vw, 300px\" \/>\t\t\t\t\t\t\t\t\t\t\t\t\t\t\t<\/div>\n\t\t\t\t<\/div>\n\t\t\t\t<div class=\"elementor-element elementor-element-61534b3 elementor-widget elementor-widget-heading\" data-id=\"61534b3\" data-element_type=\"widget\" data-widget_type=\"heading.default\">\n\t\t\t\t<div class=\"elementor-widget-container\">\n\t\t\t\t\t<h2 class=\"elementor-heading-title elementor-size-default\">Institute of Forensic Medicine<\/h2>\t\t\t\t<\/div>\n\t\t\t\t<\/div>\n\t\t\t\t<\/div>\n\t\t\t\t<\/div>\n\t\t\t\t\t<\/div>\n\t\t\t\t<\/div>\n\t\t\t\t<\/div>","protected":false},"excerpt":{"rendered":"<p>ICMP: International Commission on Missing Persons OSCE: Organization for Security and Co-operation in Europe Policia e Shtetit Prokuroria e P\u00ebrgjithshme Instituti i Mjek\u00ebsis\u00eb Ligjore<\/p>","protected":false},"author":1,"featured_media":533,"parent":19,"menu_order":0,"comment_status":"closed","ping_status":"closed","template":"","meta":{"_acf_changed":false,"footnotes":""},"class_list":["post-224","page","type-page","status-publish","has-post-thumbnail","hentry"],"acf":[],"_links":{"self":[{"href":"https:\/\/aidssh.al\/en\/wp-json\/wp\/v2\/pages\/224","targetHints":{"allow":["GET"]}}],"collection":[{"href":"https:\/\/aidssh.al\/en\/wp-json\/wp\/v2\/pages"}],"about":[{"href":"https:\/\/aidssh.al\/en\/wp-json\/wp\/v2\/types\/page"}],"author":[{"embeddable":true,"href":"https:\/\/aidssh.al\/en\/wp-json\/wp\/v2\/users\/1"}],"replies":[{"embeddable":true,"href":"https:\/\/aidssh.al\/en\/wp-json\/wp\/v2\/comments?post=224"}],"version-history":[{"count":0,"href":"https:\/\/aidssh.al\/en\/wp-json\/wp\/v2\/pages\/224\/revisions"}],"up":[{"embeddable":true,"href":"https:\/\/aidssh.al\/en\/wp-json\/wp\/v2\/pages\/19"}],"wp:featuredmedia":[{"embeddable":true,"href":"https:\/\/aidssh.al\/en\/wp-json\/wp\/v2\/media\/533"}],"wp:attachment":[{"href":"https:\/\/aidssh.al\/en\/wp-json\/wp\/v2\/media?parent=224"}],"curies":[{"name":"wp","href":"https:\/\/api.w.org\/{rel}","templated":true}]}}