{"id":2242,"date":"2025-06-23T16:21:33","date_gmt":"2025-06-23T14:21:33","guid":{"rendered":"https:\/\/aidssh.instant.al\/?page_id=2242"},"modified":"2025-06-23T16:22:34","modified_gmt":"2025-06-23T14:22:34","slug":"abstrakte-dhe-kumtesa-te-mohuar-nga-regjimi","status":"publish","type":"page","link":"https:\/\/aidssh.al\/en\/studimi\/konferenca\/abstrakte-dhe-kumtesa-te-mohuar-nga-regjimi\/","title":{"rendered":"Abstracts and Papers \u2013 Denied by the Regime"},"content":{"rendered":"<div data-elementor-type=\"wp-page\" data-elementor-id=\"2242\" class=\"elementor elementor-2242\" data-elementor-post-type=\"page\">\n\t\t\t\t<div class=\"elementor-element elementor-element-2f94134 e-con-full e-flex e-con e-parent\" data-id=\"2f94134\" data-element_type=\"container\">\n\t\t\t\t<div class=\"elementor-element elementor-element-c00e237 elementor-widget elementor-widget-template\" data-id=\"c00e237\" data-element_type=\"widget\" data-widget_type=\"template.default\">\n\t\t\t\t<div class=\"elementor-widget-container\">\n\t\t\t\t\t\t\t<div class=\"elementor-template\">\n\t\t\t\t\t<div data-elementor-type=\"container\" data-elementor-id=\"866\" class=\"elementor elementor-866\" data-elementor-post-type=\"elementor_library\">\n\t\t\t\t<div class=\"elementor-element elementor-element-58c6923c e-flex e-con-boxed e-con e-parent\" data-id=\"58c6923c\" data-element_type=\"container\" data-settings=\"{&quot;background_background&quot;:&quot;classic&quot;}\">\n\t\t\t\t\t<div class=\"e-con-inner\">\n\t\t\t\t<div class=\"elementor-element elementor-element-3356bc54 elementor-widget elementor-widget-heading\" data-id=\"3356bc54\" data-element_type=\"widget\" data-widget_type=\"heading.default\">\n\t\t\t\t<div class=\"elementor-widget-container\">\n\t\t\t\t\t<h1 class=\"elementor-heading-title elementor-size-default\">Abstracts and Papers \u2013 Denied by the Regime<\/h1>\t\t\t\t<\/div>\n\t\t\t\t<\/div>\n\t\t\t\t\t<\/div>\n\t\t\t\t<\/div>\n\t\t\t\t<\/div>\n\t\t\t\t<\/div>\n\t\t\t\t\t\t<\/div>\n\t\t\t\t<\/div>\n\t\t\t\t<\/div>\n\t\t<div class=\"elementor-element elementor-element-dcb86c3 e-flex e-con-boxed e-con e-parent\" data-id=\"dcb86c3\" data-element_type=\"container\">\n\t\t\t\t\t<div class=\"e-con-inner\">\n\t\t\t\t<div class=\"elementor-element elementor-element-67b5fbc elementor-widget__width-inherit elementor-widget elementor-widget-text-editor\" data-id=\"67b5fbc\" data-element_type=\"widget\" data-widget_type=\"text-editor.default\">\n\t\t\t\t<div class=\"elementor-widget-container\">\n\t\t\t\t\t\t\t\t\t<p><strong>\u201cDenied by the regime\u201d: prisons, the internment-expulsion system, and forced labor in Albania from 1945 to 1990.<\/strong><\/p><ol><li class=\"translation-block\">Afrim Krasniqi \u2013\u00a0<strong><a href=\"https:\/\/konferencashkencore.files.wordpress.com\/2019\/07\/afrim-krasniqi.pdf\" target=\"_blank\" rel=\"noopener\">Treatment of the past in a comparative report: Albania and Eastern Europe<\/a><br><br><\/strong><\/li><li class=\"translation-block\">Ana Lalaj \u2013\u00a0<strong><a href=\"https:\/\/konferencashkencore.files.wordpress.com\/2019\/07\/ana-lalaj-1.pdf\" target=\"_blank\" rel=\"noopener\">Power and the 'other' that is opposite (The assembly of the communist regime in Albania, 1944-1954)<\/a><br><br><\/strong><\/li><li class=\"translation-block\">Ardiana Topi \u2013\u00a0<strong><a href=\"https:\/\/konferencashkencore.files.wordpress.com\/2019\/07\/ardiana-topi.pdf\" target=\"_blank\" rel=\"noopener\">Typology of documents created by the former State Security 1944-1991<\/a><br><br><\/strong><\/li><li class=\"translation-block\">Beqir Meta \u2013\u00a0<strong><a href=\"https:\/\/konferencashkencore.files.wordpress.com\/2019\/07\/beqir-meta.pdf\" target=\"_blank\" rel=\"noopener\">Analytical overview of the prison system, internments and the use of forced labor during the communist regime in Albania<\/a><br><br><\/strong><\/li><li class=\"translation-block\">\u00c7elo Hoxha \u2013\u00a0<strong><a href=\"https:\/\/konferencashkencore.files.wordpress.com\/2019\/07\/celo-hoxha.pdf\" target=\"_blank\" rel=\"noopener\">The illegality of internment-deportation decisions in the period 1944-1954<\/a><br><br><\/strong><\/li><li>Dorian Ko\u00e7i \u2013\u00a0<strong><a href=\"https:\/\/konferencashkencore.files.wordpress.com\/2019\/07\/dorian-koci.pdf\" target=\"_blank\" rel=\"noopener\">The Stalinist apparatus of violence in prisons and labor camps in Albania 1949-1953<\/a><br \/><br \/><\/strong><\/li><li>Ermal Frash\u00ebri \u2013\u00a0<strong><a href=\"https:\/\/konferencashkencore.files.wordpress.com\/2019\/07\/ermal-frasheri.pdf\" target=\"_blank\" rel=\"noopener\">An overview of the legal regulation of labor during the period 1944-1991<\/a><br \/><br \/><\/strong><\/li><li>Femi Sufaj, Marinela Sota \u2013\u00a0<strong><a href=\"https:\/\/konferencashkencore.files.wordpress.com\/2019\/07\/femi-sufaj-marinela-sota.pdf\" target=\"_blank\" rel=\"noopener\">Life in forced labor camps, from the perspective of official reports<\/a><br \/><br \/><\/strong><\/li><li>Fiona Todhri, Eris Dhamo \u2013\u00a0<strong><a href=\"https:\/\/konferencashkencore.files.wordpress.com\/2019\/07\/fiona-todhri-eris-dhamo.pdf\" target=\"_blank\" rel=\"noopener\">The identity and profile of women political prisoners in the communist period (1946-1990)<\/a><br \/><br \/><\/strong><\/li><li>Gjon Berisha \u2013\u00a0<strong><a href=\"https:\/\/konferencashkencore.files.wordpress.com\/2019\/07\/gjon-berisha.pdf\" target=\"_blank\" rel=\"noopener\">Persecution of Catholic clergy from Kosovo who served in Albania during the communist regime<\/a><br \/><br \/><\/strong><\/li><li>Gjon Bori\u00e7i \u2013\u00a0<strong><a href=\"https:\/\/konferencashkencore.files.wordpress.com\/2019\/07\/gjon-borici.pdf\" target=\"_blank\" rel=\"noopener\">Affirmation by the Political Bureau of the Albanian People's Liberation Army of violence against prisoners and internees by State Security organs until 1953<\/a><br \/><br \/><\/strong><\/li><li>Hamit Kaba \u2013<strong>\u00a0<a href=\"https:\/\/konferencashkencore.files.wordpress.com\/2019\/07\/hamit-kaba.pdf\" target=\"_blank\" rel=\"noopener\">Albanian communism: similarities and differences with other communist countries of Eastern and Central Europe (1944-1948)<\/a><br \/><br \/><\/strong><\/li><li>Klejd K\u00eblli\u00e7i \u2013\u00a0<strong><a href=\"https:\/\/konferencashkencore.files.wordpress.com\/2019\/07\/klejd-kellici.pdf\" target=\"_blank\" rel=\"noopener\">The European Gulag: The Labor and Concentration Camp Regime in Albania, East Germany, and Bulgaria, 1946-1950<\/a><br \/><br \/><\/strong><\/li><li>Lory Amy \u2013<strong>\u00a0<a href=\"https:\/\/konferencashkencore.files.wordpress.com\/2019\/07\/lory-amy.pdf\" target=\"_blank\" rel=\"noopener\">The Problem of Hoxha: Communist Heritage and the Demands of the Dead<\/a><br \/><br \/><\/strong><\/li><li>Lukas Kaminski \u2013\u00a0<strong><a href=\"https:\/\/konferencashkencore.files.wordpress.com\/2019\/07\/lukas-kaminski-1.pdf\" target=\"_blank\" rel=\"noopener\">Communist Deportations and Forced Labour: the Polish Experience. History and Remembrance.<\/a><br \/><br \/><\/strong><\/li><li>Marenglen Kasmi, Ermira Shtino \u2013<strong>\u00a0<a href=\"https:\/\/konferencashkencore.files.wordpress.com\/2019\/07\/marenglen-kasmi-ermira-shtino.pdf\" target=\"_blank\" rel=\"noopener\">German prisoners of war and forced labor during 1944-1952<\/a><br \/><br \/><\/strong><\/li><li>Nevila Nika \u2013\u00a0<strong><a href=\"https:\/\/konferencashkencore.files.wordpress.com\/2019\/07\/nevila-nika.pdf\" target=\"_blank\" rel=\"noopener\">The treatment of Italian citizens in Albania after World War II \u2013 from Prof. Venanzio Lozzi to Father Giacomo Gardin<\/a><br \/><br \/><\/strong><\/li><li>Sabit Syla \u2013\u00a0<strong><a href=\"https:\/\/konferencashkencore.files.wordpress.com\/2019\/07\/sabit-syla.pdf\" target=\"_blank\" rel=\"noopener\">The establishment of Yugoslav power in Kosovo and other Albanian territories (1944 \u2013 1945)<\/a><br \/><br \/><\/strong><\/li><li>Sonila Bo\u00e7i \u2013<strong>\u00a0<a href=\"https:\/\/konferencashkencore.files.wordpress.com\/2019\/07\/sonila-boci.pdf\" aria-invalid=\"true\" target=\"_blank\" rel=\"noopener\">Drawing the face of the \"enemy of the people\" in the early years of the communist regime<\/a><br \/><br \/><\/strong><\/li><li>Tobias Wunschik \u2013\u00a0<strong><a href=\"https:\/\/konferencashkencore.files.wordpress.com\/2019\/07\/tobias-wunschik-1.pdf\" target=\"_blank\" rel=\"noopener\">Forced labor in the German Democratic Republic 1950-1990, Prison work camps during the German Democratic Republic's Stalinist period<\/a><\/strong><\/li><\/ol>\t\t\t\t\t\t\t\t<\/div>\n\t\t\t\t<\/div>\n\t\t\t\t\t<\/div>\n\t\t\t\t<\/div>\n\t\t\t\t<\/div>","protected":false},"excerpt":{"rendered":"<p>\u201cT\u00eb mohuar nga regjimi\u201d: burgjet, sistemi i internim-d\u00ebbimeve dhe puna e detyruar n\u00eb Shqip\u00ebrin\u00eb e viteve 1945-1990. Afrim Krasniqi \u2013\u00a0Trajtimi i t\u00eb kaluar\u00ebs n\u00eb raport krahasues: Shqip\u00ebria dhe Evropa Lindore Ana Lalaj \u2013\u00a0Pushteti dhe \u2018tjetri\u2019 q\u00eb \u00ebsht\u00eb p\u00ebrball\u00eb (Montimi i regjimit komunist n\u00eb Shqip\u00ebri, 1944-1954) Ardiana Topi \u2013\u00a0Tipologjia e dokumenteve t\u00eb krijuara nga ish Sigurimi [&hellip;]<\/p>","protected":false},"author":1,"featured_media":533,"parent":717,"menu_order":0,"comment_status":"closed","ping_status":"closed","template":"","meta":{"_acf_changed":false,"footnotes":""},"class_list":["post-2242","page","type-page","status-publish","has-post-thumbnail","hentry"],"acf":[],"_links":{"self":[{"href":"https:\/\/aidssh.al\/en\/wp-json\/wp\/v2\/pages\/2242","targetHints":{"allow":["GET"]}}],"collection":[{"href":"https:\/\/aidssh.al\/en\/wp-json\/wp\/v2\/pages"}],"about":[{"href":"https:\/\/aidssh.al\/en\/wp-json\/wp\/v2\/types\/page"}],"author":[{"embeddable":true,"href":"https:\/\/aidssh.al\/en\/wp-json\/wp\/v2\/users\/1"}],"replies":[{"embeddable":true,"href":"https:\/\/aidssh.al\/en\/wp-json\/wp\/v2\/comments?post=2242"}],"version-history":[{"count":0,"href":"https:\/\/aidssh.al\/en\/wp-json\/wp\/v2\/pages\/2242\/revisions"}],"up":[{"embeddable":true,"href":"https:\/\/aidssh.al\/en\/wp-json\/wp\/v2\/pages\/717"}],"wp:featuredmedia":[{"embeddable":true,"href":"https:\/\/aidssh.al\/en\/wp-json\/wp\/v2\/media\/533"}],"wp:attachment":[{"href":"https:\/\/aidssh.al\/en\/wp-json\/wp\/v2\/media?parent=2242"}],"curies":[{"name":"wp","href":"https:\/\/api.w.org\/{rel}","templated":true}]}}