{"id":2293,"date":"2025-06-24T09:44:22","date_gmt":"2025-06-24T07:44:22","guid":{"rendered":"https:\/\/aidssh.instant.al\/?page_id=2293"},"modified":"2025-06-24T09:47:25","modified_gmt":"2025-06-24T07:47:25","slug":"procedurat-dhe-mekanizmat-per-te-bere-kerkese-dhe-ankese-qe-lidhen-me-veprimet-ose-mosveprimet-e-ap","status":"publish","type":"page","link":"https:\/\/aidssh.al\/en\/procedurat-dhe-mekanizmat-per-te-bere-kerkese-dhe-ankese-qe-lidhen-me-veprimet-ose-mosveprimet-e-ap\/","title":{"rendered":"Procedurat dhe mekanizmat p\u00ebr t\u00eb b\u00ebr\u00eb k\u00ebrkes\u00eb dhe ankes\u00eb q\u00eb lidhen me veprimet ose mosveprimet e AP"},"content":{"rendered":"<div data-elementor-type=\"wp-page\" data-elementor-id=\"2293\" class=\"elementor elementor-2293\" data-elementor-post-type=\"page\">\n\t\t\t\t<div class=\"elementor-element elementor-element-b30e568 e-con-full e-flex e-con e-parent\" data-id=\"b30e568\" data-element_type=\"container\">\n\t\t\t\t<div class=\"elementor-element elementor-element-ce8ea41 elementor-widget elementor-widget-template\" data-id=\"ce8ea41\" data-element_type=\"widget\" data-widget_type=\"template.default\">\n\t\t\t\t<div class=\"elementor-widget-container\">\n\t\t\t\t\t\t\t<div class=\"elementor-template\">\n\t\t\t\t\t<div data-elementor-type=\"container\" data-elementor-id=\"866\" class=\"elementor elementor-866\" data-elementor-post-type=\"elementor_library\">\n\t\t\t\t<div class=\"elementor-element elementor-element-58c6923c e-flex e-con-boxed e-con e-parent\" data-id=\"58c6923c\" data-element_type=\"container\" data-settings=\"{&quot;background_background&quot;:&quot;classic&quot;}\">\n\t\t\t\t\t<div class=\"e-con-inner\">\n\t\t\t\t<div class=\"elementor-element elementor-element-3356bc54 elementor-widget elementor-widget-heading\" data-id=\"3356bc54\" data-element_type=\"widget\" data-widget_type=\"heading.default\">\n\t\t\t\t<div class=\"elementor-widget-container\">\n\t\t\t\t\t<h1 class=\"elementor-heading-title elementor-size-default\">Procedurat dhe mekanizmat p\u00ebr t\u00eb b\u00ebr\u00eb k\u00ebrkes\u00eb dhe ankes\u00eb q\u00eb lidhen me veprimet ose mosveprimet e AP<\/h1>\t\t\t\t<\/div>\n\t\t\t\t<\/div>\n\t\t\t\t\t<\/div>\n\t\t\t\t<\/div>\n\t\t\t\t<\/div>\n\t\t\t\t<\/div>\n\t\t\t\t\t\t<\/div>\n\t\t\t\t<\/div>\n\t\t\t\t<\/div>\n\t\t<div class=\"elementor-element elementor-element-b41db97 e-flex e-con-boxed e-con e-parent\" data-id=\"b41db97\" data-element_type=\"container\">\n\t\t\t\t\t<div class=\"e-con-inner\">\n\t\t\t\t<div class=\"elementor-element elementor-element-0dff659 elementor-widget elementor-widget-text-editor\" data-id=\"0dff659\" data-element_type=\"widget\" data-widget_type=\"text-editor.default\">\n\t\t\t\t<div class=\"elementor-widget-container\">\n\t\t\t\t\t\t\t\t\t<ul>\n \t<li><a class=\"c-black\" href=\"https:\/\/aidssh.al\/wp-content\/uploads\/2025\/06\/Informacion-procedura-dhe-mekanizmat-per-te-bere-ankese-ose-kerkese-per-veprimet-dhe-mosveprimet-e-Autoritetit-per-informimit-mbi-dokumentet-e-ish.pdf\" target=\"_blank\" rel=\"noopener\">Informacion procedura dhe mekanizmat per te bere ankese ose kerkese per veprimet dhe mosveprimet<\/a><\/li>\n \t<li><a class=\"c-black\" href=\"https:\/\/aidssh.al\/wp-content\/uploads\/2025\/06\/Ligj_119_2014_18.09.20141.pdf\" target=\"_blank\" rel=\"noopener\">Ligj<\/a><\/li>\n<\/ul>\t\t\t\t\t\t\t\t<\/div>\n\t\t\t\t<\/div>\n\t\t\t\t\t<\/div>\n\t\t\t\t<\/div>\n\t\t\t\t<\/div>","protected":false},"excerpt":{"rendered":"<p>Informacion procedura dhe mekanizmat per te bere ankese ose kerkese per veprimet dhe mosveprimet Ligj<\/p>","protected":false},"author":1,"featured_media":533,"parent":0,"menu_order":0,"comment_status":"closed","ping_status":"closed","template":"","meta":{"_acf_changed":false,"footnotes":""},"class_list":["post-2293","page","type-page","status-publish","has-post-thumbnail","hentry"],"acf":[],"_links":{"self":[{"href":"https:\/\/aidssh.al\/en\/wp-json\/wp\/v2\/pages\/2293","targetHints":{"allow":["GET"]}}],"collection":[{"href":"https:\/\/aidssh.al\/en\/wp-json\/wp\/v2\/pages"}],"about":[{"href":"https:\/\/aidssh.al\/en\/wp-json\/wp\/v2\/types\/page"}],"author":[{"embeddable":true,"href":"https:\/\/aidssh.al\/en\/wp-json\/wp\/v2\/users\/1"}],"replies":[{"embeddable":true,"href":"https:\/\/aidssh.al\/en\/wp-json\/wp\/v2\/comments?post=2293"}],"version-history":[{"count":0,"href":"https:\/\/aidssh.al\/en\/wp-json\/wp\/v2\/pages\/2293\/revisions"}],"wp:featuredmedia":[{"embeddable":true,"href":"https:\/\/aidssh.al\/en\/wp-json\/wp\/v2\/media\/533"}],"wp:attachment":[{"href":"https:\/\/aidssh.al\/en\/wp-json\/wp\/v2\/media?parent=2293"}],"curies":[{"name":"wp","href":"https:\/\/api.w.org\/{rel}","templated":true}]}}