{"id":2309,"date":"2025-06-24T09:52:59","date_gmt":"2025-06-24T07:52:59","guid":{"rendered":"https:\/\/aidssh.instant.al\/?page_id=2309"},"modified":"2025-06-24T10:28:54","modified_gmt":"2025-06-24T08:28:54","slug":"cv-te-e-nenpunesve","status":"publish","type":"page","link":"https:\/\/aidssh.al\/en\/cv-te-e-nenpunesve\/","title":{"rendered":"CV-t\u00eb e n\u00ebnpun\u00ebsve"},"content":{"rendered":"<div data-elementor-type=\"wp-page\" data-elementor-id=\"2309\" class=\"elementor elementor-2309\" data-elementor-post-type=\"page\">\n\t\t\t\t<div class=\"elementor-element elementor-element-71dc12d e-con-full e-flex e-con e-parent\" data-id=\"71dc12d\" data-element_type=\"container\">\n\t\t\t\t<div class=\"elementor-element elementor-element-9c92a05 elementor-widget elementor-widget-template\" data-id=\"9c92a05\" data-element_type=\"widget\" data-widget_type=\"template.default\">\n\t\t\t\t<div class=\"elementor-widget-container\">\n\t\t\t\t\t\t\t<div class=\"elementor-template\">\n\t\t\t\t\t<div data-elementor-type=\"container\" data-elementor-id=\"866\" class=\"elementor elementor-866\" data-elementor-post-type=\"elementor_library\">\n\t\t\t\t<div class=\"elementor-element elementor-element-58c6923c e-flex e-con-boxed e-con e-parent\" data-id=\"58c6923c\" data-element_type=\"container\" data-settings=\"{&quot;background_background&quot;:&quot;classic&quot;}\">\n\t\t\t\t\t<div class=\"e-con-inner\">\n\t\t\t\t<div class=\"elementor-element elementor-element-3356bc54 elementor-widget elementor-widget-heading\" data-id=\"3356bc54\" data-element_type=\"widget\" data-widget_type=\"heading.default\">\n\t\t\t\t<div class=\"elementor-widget-container\">\n\t\t\t\t\t<h1 class=\"elementor-heading-title elementor-size-default\">CV-t\u00eb e n\u00ebnpun\u00ebsve<\/h1>\t\t\t\t<\/div>\n\t\t\t\t<\/div>\n\t\t\t\t\t<\/div>\n\t\t\t\t<\/div>\n\t\t\t\t<\/div>\n\t\t\t\t<\/div>\n\t\t\t\t\t\t<\/div>\n\t\t\t\t<\/div>\n\t\t\t\t<\/div>\n\t\t<div class=\"elementor-element elementor-element-47be8d0 e-flex e-con-boxed e-con e-parent\" data-id=\"47be8d0\" data-element_type=\"container\">\n\t\t\t\t\t<div class=\"e-con-inner\">\n\t\t\t\t<div class=\"elementor-element elementor-element-5e166e7 elementor-widget elementor-widget-text-editor\" data-id=\"5e166e7\" data-element_type=\"widget\" data-widget_type=\"text-editor.default\">\n\t\t\t\t<div class=\"elementor-widget-container\">\n\t\t\t\t\t\t\t\t\t<p id=\"\"><a href=\"https:\/\/aidssh.al\/en\/autoriteti\/kryetari\/\">CV-Kryetare e Autoritetit<\/a><\/p>\n<p><a href=\"https:\/\/aidssh.al\/wp-content\/uploads\/2025\/06\/CV-Skender-Vrioni.pdf\">CV-Skender Vrioni<\/a><br><\/p>\n<p><a href=\"https:\/\/aidssh.al\/wp-content\/uploads\/2025\/06\/Sofi-Noti-CV.pdf\">CV-Sofi Noti, Sekretar i Pergjithsh\u00ebm<\/a><\/p>\n<p><a href=\"https:\/\/aidssh.al\/wp-content\/uploads\/2025\/06\/CV-Selami-Zalli.pdf\">CV-Selami Zalli, Drejtor, Drejtoria e Informacionit<\/a><\/p>\n<p><a href=\"https:\/\/aidssh.al\/wp-content\/uploads\/2025\/06\/Liljana-Cocoli-CV.pdf\">CV-Liliana \u00c7o\u00e7oli, Drejtor, Drejtoria e Verifikimit t\u00eb Figurave<\/a><\/p>\n<p><a href=\"https:\/\/aidssh.al\/wp-content\/uploads\/2025\/06\/Anton-Dukagjini-CV.pdf\">CV-Anton Dukagjini, Drejtor, Drejtoria e Arkivit<\/a><\/p>\n<p><a href=\"https:\/\/aidssh.al\/wp-content\/uploads\/2025\/06\/Bio-Ornela-Arapi.pdf\">CV-Ornela Arapi, Drejtor, Drejtoria e Mb\u00ebshtetjes Shkencore, Edukimit Qytetar<\/a><\/p>\n<p>&nbsp;<\/p>\n<p><a href=\"https:\/\/aidssh.al\/wp-content\/uploads\/2025\/06\/AIDSSH_Sekretar_Pergjithshem.pdf\">Formulari i p\u00ebrshkrimit t\u00eb pun\u00ebs, Sekretar i P\u00ebrgjithsh\u00ebm<\/a><\/p>\n<p><a href=\"https:\/\/aidssh.al\/wp-content\/uploads\/2025\/06\/AIDSSH_DA_Drejtor.pdf\">Formulari i p\u00ebrshkrimit t\u00eb pun\u00ebs, Drejtori i Drejtoris\u00eb s\u00eb Arkivit<\/a><\/p>\n<p><a href=\"https:\/\/aidssh.al\/wp-content\/uploads\/2025\/06\/AIDSSH_DI_Drejtor.pdf\">Formulari i p\u00ebrshkrimit t\u00eb pun\u00ebs, Drejtori i Drejtoris\u00eb s\u00eb Informacionit<\/a><\/p>\n<p><a href=\"https:\/\/aidssh.al\/wp-content\/uploads\/2025\/06\/AIDSSH_DVF_Drejtor-1.pdf\">Formulari i p\u00ebrshkrimit t\u00eb pun\u00ebs, Drejtori i Drejtoris\u00eb s\u00eb Verifikimit t\u00eb Figurave<\/a><\/p>\n<p><a href=\"\">Formulari i p\u00ebrshkrimit t\u00eb pun\u00ebs, Drejtori i Drejtoris\u00eb s\u00eb Mbeshtetjes Shkencore, Edukimit Qytetar<\/a><\/p>\n<p><a href=\"https:\/\/aidssh.al\/wp-content\/uploads\/2025\/06\/AIDSSH_DMNPIRPZH_Drejt_Shtat_23.pdf\">Formulari i p\u00ebrshkrimit t\u00eb pun\u00ebs, Drejtori i Drejtoris\u00eb s\u00eb Marr\u00ebdh\u00ebnieve Nd\u00ebrinstitucionale n\u00eb Procesin e Identifikimit dhe Rikuperimit t\u00eb Personave t\u00eb Zhdukur<\/a><\/p>\n<p><a href=\"https:\/\/aidssh.al\/wp-content\/uploads\/2025\/06\/AIDSSH_DSZHT_Drejt_Sig_Zhvill_Teknol.pdf\">Formulari i p\u00ebrshkrimit t\u00eb pun\u00ebs, Drejtor i Drejtoris\u00eb s\u00eb Teknologjis\u00eb s\u00eb Informacionit, Digjitalizimit dhe Siguris\u00eb<\/a><\/p>\n<p><a href=\"https:\/\/aidssh.al\/wp-content\/uploads\/2025\/06\/AIDSSH_DSHBF_Drejt_Sherb_Brendsh_Financ_2.pdf\">Formulari i p\u00ebrshkrimit t\u00eb pun\u00ebs, Drejtor i Drejtoris\u00eb s\u00eb Sh\u00ebrbimeve t\u00eb Brendshme dhe Financ\u00ebs<\/a><\/p>\n<p>&nbsp;<\/p>\n<p><a href=\"https:\/\/aidssh.al\/wp-content\/uploads\/2025\/06\/Klasa-e-pagave-per-punonjesitbobjekt-deklarimi.pdf\">Klasa e pagave t\u00eb n\u00ebnpun\u00ebsve q\u00eb jan\u00eb objekt deklarimi sipas ligjit<\/a><\/p>\n<p><a href=\"https:\/\/autoritetidosjeve.gov.al\/procedurat-e-rekrutimit-per-kategorine-e-mesme-drejtuese-subjekte-te-deklarimit-te-interesave-private-prane-ildkpk\" target=\"_blank\" rel=\"noopener\">Procedurat e rekrutimit per kategorine e mesme drejtuese subjekte te deklarimit te interesave private prane ILDKPK<\/a><\/p>\t\t\t\t\t\t\t\t<\/div>\n\t\t\t\t<\/div>\n\t\t\t\t\t<\/div>\n\t\t\t\t<\/div>\n\t\t\t\t<\/div>","protected":false},"excerpt":{"rendered":"<p>CV-Kryetare e Autoritetit CV-Skender Vrioni CV-Sofi Noti, Sekretar i Pergjithsh\u00ebm CV-Selami Zalli, Drejtor, Drejtoria e Informacionit CV-Liliana \u00c7o\u00e7oli, Drejtor, Drejtoria e Verifikimit t\u00eb Figurave CV-Anton Dukagjini, Drejtor, Drejtoria e Arkivit CV-Ornela Arapi, Drejtor, Drejtoria e Mb\u00ebshtetjes Shkencore, Edukimit Qytetar &nbsp; Formulari i p\u00ebrshkrimit t\u00eb pun\u00ebs, Sekretar i P\u00ebrgjithsh\u00ebm Formulari i p\u00ebrshkrimit t\u00eb pun\u00ebs, Drejtori i [&hellip;]<\/p>","protected":false},"author":1,"featured_media":533,"parent":0,"menu_order":0,"comment_status":"closed","ping_status":"closed","template":"","meta":{"_acf_changed":false,"footnotes":""},"class_list":["post-2309","page","type-page","status-publish","has-post-thumbnail","hentry"],"acf":[],"_links":{"self":[{"href":"https:\/\/aidssh.al\/en\/wp-json\/wp\/v2\/pages\/2309","targetHints":{"allow":["GET"]}}],"collection":[{"href":"https:\/\/aidssh.al\/en\/wp-json\/wp\/v2\/pages"}],"about":[{"href":"https:\/\/aidssh.al\/en\/wp-json\/wp\/v2\/types\/page"}],"author":[{"embeddable":true,"href":"https:\/\/aidssh.al\/en\/wp-json\/wp\/v2\/users\/1"}],"replies":[{"embeddable":true,"href":"https:\/\/aidssh.al\/en\/wp-json\/wp\/v2\/comments?post=2309"}],"version-history":[{"count":0,"href":"https:\/\/aidssh.al\/en\/wp-json\/wp\/v2\/pages\/2309\/revisions"}],"wp:featuredmedia":[{"embeddable":true,"href":"https:\/\/aidssh.al\/en\/wp-json\/wp\/v2\/media\/533"}],"wp:attachment":[{"href":"https:\/\/aidssh.al\/en\/wp-json\/wp\/v2\/media?parent=2309"}],"curies":[{"name":"wp","href":"https:\/\/api.w.org\/{rel}","templated":true}]}}