{"id":2421,"date":"2025-06-24T14:24:29","date_gmt":"2025-06-24T12:24:29","guid":{"rendered":"https:\/\/aidssh.instant.al\/?page_id=2421"},"modified":"2025-07-09T14:58:21","modified_gmt":"2025-07-09T12:58:21","slug":"buletine-2022","status":"publish","type":"page","link":"https:\/\/aidssh.al\/en\/autoriteti\/buletine-periodike\/buletine-2022\/","title":{"rendered":"Bulletin 2022"},"content":{"rendered":"<div data-elementor-type=\"wp-page\" data-elementor-id=\"2421\" class=\"elementor elementor-2421\" data-elementor-post-type=\"page\">\n\t\t\t\t<div class=\"elementor-element elementor-element-afabd42 e-con-full e-flex e-con e-parent\" data-id=\"afabd42\" data-element_type=\"container\">\n\t\t\t\t<div class=\"elementor-element elementor-element-c1456fb elementor-widget elementor-widget-template\" data-id=\"c1456fb\" data-element_type=\"widget\" data-widget_type=\"template.default\">\n\t\t\t\t<div class=\"elementor-widget-container\">\n\t\t\t\t\t\t\t<div class=\"elementor-template\">\n\t\t\t\t\t<div data-elementor-type=\"container\" data-elementor-id=\"866\" class=\"elementor elementor-866\" data-elementor-post-type=\"elementor_library\">\n\t\t\t\t<div class=\"elementor-element elementor-element-58c6923c e-flex e-con-boxed e-con e-parent\" data-id=\"58c6923c\" data-element_type=\"container\" data-settings=\"{&quot;background_background&quot;:&quot;classic&quot;}\">\n\t\t\t\t\t<div class=\"e-con-inner\">\n\t\t\t\t<div class=\"elementor-element elementor-element-3356bc54 elementor-widget elementor-widget-heading\" data-id=\"3356bc54\" data-element_type=\"widget\" data-widget_type=\"heading.default\">\n\t\t\t\t<div class=\"elementor-widget-container\">\n\t\t\t\t\t<h1 class=\"elementor-heading-title elementor-size-default\">Bulletin 2022<\/h1>\t\t\t\t<\/div>\n\t\t\t\t<\/div>\n\t\t\t\t\t<\/div>\n\t\t\t\t<\/div>\n\t\t\t\t<\/div>\n\t\t\t\t<\/div>\n\t\t\t\t\t\t<\/div>\n\t\t\t\t<\/div>\n\t\t\t\t<\/div>\n\t\t<div class=\"elementor-element elementor-element-0ad346a e-flex e-con-boxed e-con e-parent\" data-id=\"0ad346a\" data-element_type=\"container\">\n\t\t\t\t\t<div class=\"e-con-inner\">\n\t\t\t\t<div class=\"elementor-element elementor-element-33a0148 elementor-widget elementor-widget-text-editor\" data-id=\"33a0148\" data-element_type=\"widget\" data-widget_type=\"text-editor.default\">\n\t\t\t\t<div class=\"elementor-widget-container\">\n\t\t\t\t\t\t\t\t\t<p><em>In accordance with Law no. 8457, dated 11.2.1999, \u201cOn Classified Information \u2018State Secret\u2019\u201d and Decision no. 312, dated 16.03.2011 of the Council of Ministers, \u201cOn the approval of the regulation \u2018On working with classified information \u2018state secret\u2019\u201d, the decisions of the Authority that retain a classification level and contain state secret classified information are not published on the official website of AIDSSH.<\/em><\/p>\t\t\t\t\t\t\t\t<\/div>\n\t\t\t\t<\/div>\n\t\t\t\t<div class=\"elementor-element elementor-element-ab3c152 elementor-grid-2 elementor-grid-tablet-2 elementor-grid-mobile-1 elementor-widget elementor-widget-loop-grid\" data-id=\"ab3c152\" data-element_type=\"widget\" data-settings=\"{&quot;template_id&quot;:&quot;2298&quot;,&quot;columns&quot;:2,&quot;_skin&quot;:&quot;post&quot;,&quot;columns_tablet&quot;:&quot;2&quot;,&quot;columns_mobile&quot;:&quot;1&quot;,&quot;edit_handle_selector&quot;:&quot;[data-elementor-type=\\&quot;loop-item\\&quot;]&quot;,&quot;row_gap&quot;:{&quot;unit&quot;:&quot;px&quot;,&quot;size&quot;:&quot;&quot;,&quot;sizes&quot;:[]},&quot;row_gap_laptop&quot;:{&quot;unit&quot;:&quot;px&quot;,&quot;size&quot;:&quot;&quot;,&quot;sizes&quot;:[]},&quot;row_gap_tablet&quot;:{&quot;unit&quot;:&quot;px&quot;,&quot;size&quot;:&quot;&quot;,&quot;sizes&quot;:[]},&quot;row_gap_mobile&quot;:{&quot;unit&quot;:&quot;px&quot;,&quot;size&quot;:&quot;&quot;,&quot;sizes&quot;:[]}}\" data-widget_type=\"loop-grid.post\">\n\t\t\t\t<div class=\"elementor-widget-container\">\n\t\t\t\t\t\t\t<div class=\"elementor-loop-container elementor-grid\" role=\"list\">\n\t\t<style id=\"loop-2298\">.elementor-2298 .elementor-element.elementor-element-51a11ce{--display:flex;}.elementor-widget-image .widget-image-caption{font-family:var( --e-global-typography-text-font-family ), Sans-serif;font-weight:var( --e-global-typography-text-font-weight );}.elementor-widget-heading .elementor-heading-title{font-family:var( --e-global-typography-primary-font-family ), Sans-serif;font-weight:var( --e-global-typography-primary-font-weight );}.elementor-2298 .elementor-element.elementor-element-a553c9b > .elementor-widget-container{padding:0px 0px 10px 0px;border-style:solid;border-width:0px 0px 1px 0px;border-color:var( --e-global-color-secondary );}.elementor-2298 .elementor-element.elementor-element-a553c9b .elementor-heading-title{font-family:\"Proxima Nova Light\", Sans-serif;font-size:39px;font-weight:600;line-height:40px;}.elementor-2298 .elementor-element.elementor-element-14f99f3 .elementor-heading-title{font-family:\"Proxima Nova Bold\", Sans-serif;font-size:23px;font-weight:400;text-transform:uppercase;font-style:italic;line-height:30px;}@media(max-width:1366px){.elementor-2298 .elementor-element.elementor-element-a553c9b .elementor-heading-title{font-size:35px;line-height:36px;}.elementor-2298 .elementor-element.elementor-element-14f99f3 .elementor-heading-title{font-size:19px;line-height:20px;}}@media(max-width:1024px){.elementor-2298 .elementor-element.elementor-element-a553c9b .elementor-heading-title{font-size:30px;line-height:31px;}.elementor-2298 .elementor-element.elementor-element-14f99f3 .elementor-heading-title{font-size:18px;}}@media(max-width:767px){.elementor-2298 .elementor-element.elementor-element-a553c9b .elementor-heading-title{font-size:25px;line-height:26px;}.elementor-2298 .elementor-element.elementor-element-14f99f3 .elementor-heading-title{font-size:17px;line-height:18px;}}<\/style>\t\t<div data-elementor-type=\"loop-item\" data-elementor-id=\"2298\" class=\"elementor elementor-2298 e-loop-item e-loop-item-2454 post-2454 buletin type-buletin status-publish has-post-thumbnail hentry category-buletine tag-19\" data-elementor-post-type=\"elementor_library\" data-custom-edit-handle=\"1\">\n\t\t\t<div class=\"elementor-element elementor-element-51a11ce e-con-full e-flex e-con e-child\" data-id=\"51a11ce\" data-element_type=\"container\">\n\t\t\t\t<div class=\"elementor-element elementor-element-2dddb0e elementor-widget elementor-widget-image\" data-id=\"2dddb0e\" data-element_type=\"widget\" data-widget_type=\"image.default\">\n\t\t\t\t<div class=\"elementor-widget-container\">\n\t\t\t\t\t\t\t\t\t\t\t\t\t\t\t<img fetchpriority=\"high\" decoding=\"async\" width=\"782\" height=\"419\" src=\"https:\/\/aidssh.al\/wp-content\/uploads\/2025\/06\/Buletin-Nr.6-Nentor-Dhjetor.png\" class=\"attachment-full size-full wp-image-2456\" alt=\"\" srcset=\"https:\/\/aidssh.al\/wp-content\/uploads\/2025\/06\/Buletin-Nr.6-Nentor-Dhjetor.png 782w, https:\/\/aidssh.al\/wp-content\/uploads\/2025\/06\/Buletin-Nr.6-Nentor-Dhjetor-300x161.png 300w, https:\/\/aidssh.al\/wp-content\/uploads\/2025\/06\/Buletin-Nr.6-Nentor-Dhjetor-768x411.png 768w, https:\/\/aidssh.al\/wp-content\/uploads\/2025\/06\/Buletin-Nr.6-Nentor-Dhjetor-18x10.png 18w\" sizes=\"(max-width: 782px) 100vw, 782px\" \/>\t\t\t\t\t\t\t\t\t\t\t\t\t\t\t<\/div>\n\t\t\t\t<\/div>\n\t\t\t\t<div class=\"elementor-element elementor-element-a553c9b elementor-widget elementor-widget-heading\" data-id=\"a553c9b\" data-element_type=\"widget\" data-widget_type=\"heading.default\">\n\t\t\t\t<div class=\"elementor-widget-container\">\n\t\t\t\t\t<p class=\"elementor-heading-title elementor-size-default\">06<\/p>\t\t\t\t<\/div>\n\t\t\t\t<\/div>\n\t\t\t\t<div class=\"elementor-element elementor-element-14f99f3 elementor-widget elementor-widget-heading\" data-id=\"14f99f3\" data-element_type=\"widget\" data-widget_type=\"heading.default\">\n\t\t\t\t<div class=\"elementor-widget-container\">\n\t\t\t\t\t<h2 class=\"elementor-heading-title elementor-size-default\"><a href=\"https:\/\/aidssh.al\/wp-content\/uploads\/2025\/06\/Buletin-Nr.6-Nentor-Dhjetor.pdf\" target=\"_blank\">Bulletin No. 6, November \u2013 December<\/a><\/h2>\t\t\t\t<\/div>\n\t\t\t\t<\/div>\n\t\t\t\t<\/div>\n\t\t\t\t<\/div>\n\t\t\t\t<div data-elementor-type=\"loop-item\" data-elementor-id=\"2298\" class=\"elementor elementor-2298 e-loop-item e-loop-item-2448 post-2448 buletin type-buletin status-publish has-post-thumbnail hentry category-buletine tag-19\" data-elementor-post-type=\"elementor_library\" data-custom-edit-handle=\"1\">\n\t\t\t<div class=\"elementor-element elementor-element-51a11ce e-con-full e-flex e-con e-child\" data-id=\"51a11ce\" data-element_type=\"container\">\n\t\t\t\t<div class=\"elementor-element elementor-element-2dddb0e elementor-widget elementor-widget-image\" data-id=\"2dddb0e\" data-element_type=\"widget\" data-widget_type=\"image.default\">\n\t\t\t\t<div class=\"elementor-widget-container\">\n\t\t\t\t\t\t\t\t\t\t\t\t\t\t\t<img decoding=\"async\" width=\"782\" height=\"424\" src=\"https:\/\/aidssh.al\/wp-content\/uploads\/2025\/06\/Buletin-Nr.-5-Shtator-Tetor.png\" class=\"attachment-full size-full wp-image-2451\" alt=\"\" srcset=\"https:\/\/aidssh.al\/wp-content\/uploads\/2025\/06\/Buletin-Nr.-5-Shtator-Tetor.png 782w, https:\/\/aidssh.al\/wp-content\/uploads\/2025\/06\/Buletin-Nr.-5-Shtator-Tetor-300x163.png 300w, https:\/\/aidssh.al\/wp-content\/uploads\/2025\/06\/Buletin-Nr.-5-Shtator-Tetor-768x416.png 768w, https:\/\/aidssh.al\/wp-content\/uploads\/2025\/06\/Buletin-Nr.-5-Shtator-Tetor-18x10.png 18w\" sizes=\"(max-width: 782px) 100vw, 782px\" \/>\t\t\t\t\t\t\t\t\t\t\t\t\t\t\t<\/div>\n\t\t\t\t<\/div>\n\t\t\t\t<div class=\"elementor-element elementor-element-a553c9b elementor-widget elementor-widget-heading\" data-id=\"a553c9b\" data-element_type=\"widget\" data-widget_type=\"heading.default\">\n\t\t\t\t<div class=\"elementor-widget-container\">\n\t\t\t\t\t<p class=\"elementor-heading-title elementor-size-default\">05<\/p>\t\t\t\t<\/div>\n\t\t\t\t<\/div>\n\t\t\t\t<div class=\"elementor-element elementor-element-14f99f3 elementor-widget elementor-widget-heading\" data-id=\"14f99f3\" data-element_type=\"widget\" data-widget_type=\"heading.default\">\n\t\t\t\t<div class=\"elementor-widget-container\">\n\t\t\t\t\t<h2 class=\"elementor-heading-title elementor-size-default\"><a href=\"https:\/\/aidssh.al\/wp-content\/uploads\/2025\/06\/Buletin-Nr.-5-Shtator-Tetor.pdf\" target=\"_blank\">Bulletin No. 5, September-October<\/a><\/h2>\t\t\t\t<\/div>\n\t\t\t\t<\/div>\n\t\t\t\t<\/div>\n\t\t\t\t<\/div>\n\t\t\t\t<div data-elementor-type=\"loop-item\" data-elementor-id=\"2298\" class=\"elementor elementor-2298 e-loop-item e-loop-item-2442 post-2442 buletin type-buletin status-publish has-post-thumbnail hentry category-buletine tag-19\" data-elementor-post-type=\"elementor_library\" data-custom-edit-handle=\"1\">\n\t\t\t<div class=\"elementor-element elementor-element-51a11ce e-con-full e-flex e-con e-child\" data-id=\"51a11ce\" data-element_type=\"container\">\n\t\t\t\t<div class=\"elementor-element elementor-element-2dddb0e elementor-widget elementor-widget-image\" data-id=\"2dddb0e\" data-element_type=\"widget\" data-widget_type=\"image.default\">\n\t\t\t\t<div class=\"elementor-widget-container\">\n\t\t\t\t\t\t\t\t\t\t\t\t\t\t\t<img decoding=\"async\" width=\"780\" height=\"425\" src=\"https:\/\/aidssh.al\/wp-content\/uploads\/2025\/06\/Buletini-Nr.-4-Korrik-Gusht-2022.png\" class=\"attachment-full size-full wp-image-2444\" alt=\"\" srcset=\"https:\/\/aidssh.al\/wp-content\/uploads\/2025\/06\/Buletini-Nr.-4-Korrik-Gusht-2022.png 780w, https:\/\/aidssh.al\/wp-content\/uploads\/2025\/06\/Buletini-Nr.-4-Korrik-Gusht-2022-300x163.png 300w, https:\/\/aidssh.al\/wp-content\/uploads\/2025\/06\/Buletini-Nr.-4-Korrik-Gusht-2022-768x418.png 768w, https:\/\/aidssh.al\/wp-content\/uploads\/2025\/06\/Buletini-Nr.-4-Korrik-Gusht-2022-18x10.png 18w\" sizes=\"(max-width: 780px) 100vw, 780px\" \/>\t\t\t\t\t\t\t\t\t\t\t\t\t\t\t<\/div>\n\t\t\t\t<\/div>\n\t\t\t\t<div class=\"elementor-element elementor-element-a553c9b elementor-widget elementor-widget-heading\" data-id=\"a553c9b\" data-element_type=\"widget\" data-widget_type=\"heading.default\">\n\t\t\t\t<div class=\"elementor-widget-container\">\n\t\t\t\t\t<p class=\"elementor-heading-title elementor-size-default\">04<\/p>\t\t\t\t<\/div>\n\t\t\t\t<\/div>\n\t\t\t\t<div class=\"elementor-element elementor-element-14f99f3 elementor-widget elementor-widget-heading\" data-id=\"14f99f3\" data-element_type=\"widget\" data-widget_type=\"heading.default\">\n\t\t\t\t<div class=\"elementor-widget-container\">\n\t\t\t\t\t<h2 class=\"elementor-heading-title elementor-size-default\"><a href=\"https:\/\/aidssh.al\/wp-content\/uploads\/2025\/06\/Buletini-Nr.-4-Korrik-Gusht-2022.pdf\" target=\"_blank\">Bulletin No. 4, July-August 2022<\/a><\/h2>\t\t\t\t<\/div>\n\t\t\t\t<\/div>\n\t\t\t\t<\/div>\n\t\t\t\t<\/div>\n\t\t\t\t<div data-elementor-type=\"loop-item\" data-elementor-id=\"2298\" class=\"elementor elementor-2298 e-loop-item e-loop-item-2439 post-2439 buletin type-buletin status-publish has-post-thumbnail hentry category-buletine tag-19\" data-elementor-post-type=\"elementor_library\" data-custom-edit-handle=\"1\">\n\t\t\t<div class=\"elementor-element elementor-element-51a11ce e-con-full e-flex e-con e-child\" data-id=\"51a11ce\" data-element_type=\"container\">\n\t\t\t\t<div class=\"elementor-element elementor-element-2dddb0e elementor-widget elementor-widget-image\" data-id=\"2dddb0e\" data-element_type=\"widget\" data-widget_type=\"image.default\">\n\t\t\t\t<div class=\"elementor-widget-container\">\n\t\t\t\t\t\t\t\t\t\t\t\t\t\t\t<img loading=\"lazy\" decoding=\"async\" width=\"782\" height=\"422\" src=\"https:\/\/aidssh.al\/wp-content\/uploads\/2025\/06\/Buletin-Nr.-3-Maj-Qershor-2022.png\" class=\"attachment-full size-full wp-image-2441\" alt=\"\" srcset=\"https:\/\/aidssh.al\/wp-content\/uploads\/2025\/06\/Buletin-Nr.-3-Maj-Qershor-2022.png 782w, https:\/\/aidssh.al\/wp-content\/uploads\/2025\/06\/Buletin-Nr.-3-Maj-Qershor-2022-300x162.png 300w, https:\/\/aidssh.al\/wp-content\/uploads\/2025\/06\/Buletin-Nr.-3-Maj-Qershor-2022-768x414.png 768w, https:\/\/aidssh.al\/wp-content\/uploads\/2025\/06\/Buletin-Nr.-3-Maj-Qershor-2022-18x10.png 18w\" sizes=\"(max-width: 782px) 100vw, 782px\" \/>\t\t\t\t\t\t\t\t\t\t\t\t\t\t\t<\/div>\n\t\t\t\t<\/div>\n\t\t\t\t<div class=\"elementor-element elementor-element-a553c9b elementor-widget elementor-widget-heading\" data-id=\"a553c9b\" data-element_type=\"widget\" data-widget_type=\"heading.default\">\n\t\t\t\t<div class=\"elementor-widget-container\">\n\t\t\t\t\t<p class=\"elementor-heading-title elementor-size-default\">03<\/p>\t\t\t\t<\/div>\n\t\t\t\t<\/div>\n\t\t\t\t<div class=\"elementor-element elementor-element-14f99f3 elementor-widget elementor-widget-heading\" data-id=\"14f99f3\" data-element_type=\"widget\" data-widget_type=\"heading.default\">\n\t\t\t\t<div class=\"elementor-widget-container\">\n\t\t\t\t\t<h2 class=\"elementor-heading-title elementor-size-default\"><a href=\"https:\/\/aidssh.al\/wp-content\/uploads\/2025\/06\/Buletin-Nr.-3-Maj-Qershor-2022.pdf\" target=\"_blank\">Bulletin No. 3, May-June 2022<\/a><\/h2>\t\t\t\t<\/div>\n\t\t\t\t<\/div>\n\t\t\t\t<\/div>\n\t\t\t\t<\/div>\n\t\t\t\t<div data-elementor-type=\"loop-item\" data-elementor-id=\"2298\" class=\"elementor elementor-2298 e-loop-item e-loop-item-2435 post-2435 buletin type-buletin status-publish has-post-thumbnail hentry category-buletine tag-19\" data-elementor-post-type=\"elementor_library\" data-custom-edit-handle=\"1\">\n\t\t\t<div class=\"elementor-element elementor-element-51a11ce e-con-full e-flex e-con e-child\" data-id=\"51a11ce\" data-element_type=\"container\">\n\t\t\t\t<div class=\"elementor-element elementor-element-2dddb0e elementor-widget elementor-widget-image\" data-id=\"2dddb0e\" data-element_type=\"widget\" data-widget_type=\"image.default\">\n\t\t\t\t<div class=\"elementor-widget-container\">\n\t\t\t\t\t\t\t\t\t\t\t\t\t\t\t<img loading=\"lazy\" decoding=\"async\" width=\"780\" height=\"416\" src=\"https:\/\/aidssh.al\/wp-content\/uploads\/2025\/06\/Buletin-Nr.-2-Mars-Prill-2022.png\" class=\"attachment-full size-full wp-image-2437\" alt=\"\" srcset=\"https:\/\/aidssh.al\/wp-content\/uploads\/2025\/06\/Buletin-Nr.-2-Mars-Prill-2022.png 780w, https:\/\/aidssh.al\/wp-content\/uploads\/2025\/06\/Buletin-Nr.-2-Mars-Prill-2022-300x160.png 300w, https:\/\/aidssh.al\/wp-content\/uploads\/2025\/06\/Buletin-Nr.-2-Mars-Prill-2022-768x410.png 768w, https:\/\/aidssh.al\/wp-content\/uploads\/2025\/06\/Buletin-Nr.-2-Mars-Prill-2022-18x10.png 18w\" sizes=\"(max-width: 780px) 100vw, 780px\" \/>\t\t\t\t\t\t\t\t\t\t\t\t\t\t\t<\/div>\n\t\t\t\t<\/div>\n\t\t\t\t<div class=\"elementor-element elementor-element-a553c9b elementor-widget elementor-widget-heading\" data-id=\"a553c9b\" data-element_type=\"widget\" data-widget_type=\"heading.default\">\n\t\t\t\t<div class=\"elementor-widget-container\">\n\t\t\t\t\t<p class=\"elementor-heading-title elementor-size-default\">02<\/p>\t\t\t\t<\/div>\n\t\t\t\t<\/div>\n\t\t\t\t<div class=\"elementor-element elementor-element-14f99f3 elementor-widget elementor-widget-heading\" data-id=\"14f99f3\" data-element_type=\"widget\" data-widget_type=\"heading.default\">\n\t\t\t\t<div class=\"elementor-widget-container\">\n\t\t\t\t\t<h2 class=\"elementor-heading-title elementor-size-default\"><a href=\"https:\/\/aidssh.al\/wp-content\/uploads\/2025\/06\/Buletin-Nr.-2-Mars-Prill-2022.pdf\" target=\"_blank\">Bulletin No. 2, March-April 2022<\/a><\/h2>\t\t\t\t<\/div>\n\t\t\t\t<\/div>\n\t\t\t\t<\/div>\n\t\t\t\t<\/div>\n\t\t\t\t<div data-elementor-type=\"loop-item\" data-elementor-id=\"2298\" class=\"elementor elementor-2298 e-loop-item e-loop-item-2432 post-2432 buletin type-buletin status-publish has-post-thumbnail hentry category-buletine tag-19\" data-elementor-post-type=\"elementor_library\" data-custom-edit-handle=\"1\">\n\t\t\t<div class=\"elementor-element elementor-element-51a11ce e-con-full e-flex e-con e-child\" data-id=\"51a11ce\" data-element_type=\"container\">\n\t\t\t\t<div class=\"elementor-element elementor-element-2dddb0e elementor-widget elementor-widget-image\" data-id=\"2dddb0e\" data-element_type=\"widget\" data-widget_type=\"image.default\">\n\t\t\t\t<div class=\"elementor-widget-container\">\n\t\t\t\t\t\t\t\t\t\t\t\t\t\t\t<img loading=\"lazy\" decoding=\"async\" width=\"784\" height=\"420\" src=\"https:\/\/aidssh.al\/wp-content\/uploads\/2025\/06\/Buletin-Nr.-1-Janar-Shkurt-2022.png\" class=\"attachment-full size-full wp-image-2434\" alt=\"\" srcset=\"https:\/\/aidssh.al\/wp-content\/uploads\/2025\/06\/Buletin-Nr.-1-Janar-Shkurt-2022.png 784w, https:\/\/aidssh.al\/wp-content\/uploads\/2025\/06\/Buletin-Nr.-1-Janar-Shkurt-2022-300x161.png 300w, https:\/\/aidssh.al\/wp-content\/uploads\/2025\/06\/Buletin-Nr.-1-Janar-Shkurt-2022-768x411.png 768w, https:\/\/aidssh.al\/wp-content\/uploads\/2025\/06\/Buletin-Nr.-1-Janar-Shkurt-2022-18x10.png 18w\" sizes=\"(max-width: 784px) 100vw, 784px\" \/>\t\t\t\t\t\t\t\t\t\t\t\t\t\t\t<\/div>\n\t\t\t\t<\/div>\n\t\t\t\t<div class=\"elementor-element elementor-element-a553c9b elementor-widget elementor-widget-heading\" data-id=\"a553c9b\" data-element_type=\"widget\" data-widget_type=\"heading.default\">\n\t\t\t\t<div class=\"elementor-widget-container\">\n\t\t\t\t\t<p class=\"elementor-heading-title elementor-size-default\">01<\/p>\t\t\t\t<\/div>\n\t\t\t\t<\/div>\n\t\t\t\t<div class=\"elementor-element elementor-element-14f99f3 elementor-widget elementor-widget-heading\" data-id=\"14f99f3\" data-element_type=\"widget\" data-widget_type=\"heading.default\">\n\t\t\t\t<div class=\"elementor-widget-container\">\n\t\t\t\t\t<h2 class=\"elementor-heading-title elementor-size-default\"><a href=\"https:\/\/aidssh.al\/wp-content\/uploads\/2025\/06\/Buletin-Nr.-1-Janar-Shkurt-2022.pdf\" target=\"_blank\">Bulletin No. 1, January-February 2022<\/a><\/h2>\t\t\t\t<\/div>\n\t\t\t\t<\/div>\n\t\t\t\t<\/div>\n\t\t\t\t<\/div>\n\t\t\t\t<\/div>\n\t\t\n\t\t\t\t\t\t<\/div>\n\t\t\t\t<\/div>\n\t\t\t\t\t<\/div>\n\t\t\t\t<\/div>\n\t\t\t\t<\/div>","protected":false},"excerpt":{"rendered":"<p>N\u00eb zbatim t\u00eb ligjit nr. 8457, dat\u00eb 11.2.1999, \u201cP\u00ebr informacionin e klasifikuar \u201csekret shtet\u00ebror\u201d dhe vendimit nr. 312, dat\u00eb 16.03.2011 t\u00eb K\u00ebshillit t\u00eb Ministrave \u201cP\u00ebr miratimin e rregullores \u201cP\u00ebr pun\u00ebn me informacionin e klasifikuar \u201csekret shtet\u00ebror\u201d\u200b, vendimet e Autoritetit t\u00eb cilat ruajn\u00eb nivel klasifikimi t\u00eb informacionit, si dhe p\u00ebrmbajn\u00eb informacion t\u00eb klasifikuar sekret shtet\u00ebror, nuk [&hellip;]<\/p>","protected":false},"author":1,"featured_media":533,"parent":561,"menu_order":0,"comment_status":"closed","ping_status":"closed","template":"","meta":{"_acf_changed":false,"footnotes":""},"class_list":["post-2421","page","type-page","status-publish","has-post-thumbnail","hentry"],"acf":[],"_links":{"self":[{"href":"https:\/\/aidssh.al\/en\/wp-json\/wp\/v2\/pages\/2421","targetHints":{"allow":["GET"]}}],"collection":[{"href":"https:\/\/aidssh.al\/en\/wp-json\/wp\/v2\/pages"}],"about":[{"href":"https:\/\/aidssh.al\/en\/wp-json\/wp\/v2\/types\/page"}],"author":[{"embeddable":true,"href":"https:\/\/aidssh.al\/en\/wp-json\/wp\/v2\/users\/1"}],"replies":[{"embeddable":true,"href":"https:\/\/aidssh.al\/en\/wp-json\/wp\/v2\/comments?post=2421"}],"version-history":[{"count":0,"href":"https:\/\/aidssh.al\/en\/wp-json\/wp\/v2\/pages\/2421\/revisions"}],"up":[{"embeddable":true,"href":"https:\/\/aidssh.al\/en\/wp-json\/wp\/v2\/pages\/561"}],"wp:featuredmedia":[{"embeddable":true,"href":"https:\/\/aidssh.al\/en\/wp-json\/wp\/v2\/media\/533"}],"wp:attachment":[{"href":"https:\/\/aidssh.al\/en\/wp-json\/wp\/v2\/media?parent=2421"}],"curies":[{"name":"wp","href":"https:\/\/api.w.org\/{rel}","templated":true}]}}