{"id":2573,"date":"2025-06-24T15:45:42","date_gmt":"2025-06-24T13:45:42","guid":{"rendered":"https:\/\/aidssh.instant.al\/?page_id=2573"},"modified":"2025-07-09T14:57:20","modified_gmt":"2025-07-09T12:57:20","slug":"buletine-2019","status":"publish","type":"page","link":"https:\/\/aidssh.al\/en\/autoriteti\/buletine-periodike\/buletine-2019\/","title":{"rendered":"Bulletin 2019"},"content":{"rendered":"<div data-elementor-type=\"wp-page\" data-elementor-id=\"2573\" class=\"elementor elementor-2573\" data-elementor-post-type=\"page\">\n\t\t\t\t<div class=\"elementor-element elementor-element-afabd42 e-con-full e-flex e-con e-parent\" data-id=\"afabd42\" data-element_type=\"container\">\n\t\t\t\t<div class=\"elementor-element elementor-element-c1456fb elementor-widget elementor-widget-template\" data-id=\"c1456fb\" data-element_type=\"widget\" data-widget_type=\"template.default\">\n\t\t\t\t<div class=\"elementor-widget-container\">\n\t\t\t\t\t\t\t<div class=\"elementor-template\">\n\t\t\t\t\t<div data-elementor-type=\"container\" data-elementor-id=\"866\" class=\"elementor elementor-866\" data-elementor-post-type=\"elementor_library\">\n\t\t\t\t<div class=\"elementor-element elementor-element-58c6923c e-flex e-con-boxed e-con e-parent\" data-id=\"58c6923c\" data-element_type=\"container\" data-settings=\"{&quot;background_background&quot;:&quot;classic&quot;}\">\n\t\t\t\t\t<div class=\"e-con-inner\">\n\t\t\t\t<div class=\"elementor-element elementor-element-3356bc54 elementor-widget elementor-widget-heading\" data-id=\"3356bc54\" data-element_type=\"widget\" data-widget_type=\"heading.default\">\n\t\t\t\t<div class=\"elementor-widget-container\">\n\t\t\t\t\t<h1 class=\"elementor-heading-title elementor-size-default\">Bulletin 2019<\/h1>\t\t\t\t<\/div>\n\t\t\t\t<\/div>\n\t\t\t\t\t<\/div>\n\t\t\t\t<\/div>\n\t\t\t\t<\/div>\n\t\t\t\t<\/div>\n\t\t\t\t\t\t<\/div>\n\t\t\t\t<\/div>\n\t\t\t\t<\/div>\n\t\t<div class=\"elementor-element elementor-element-0ad346a e-flex e-con-boxed e-con e-parent\" data-id=\"0ad346a\" data-element_type=\"container\">\n\t\t\t\t\t<div class=\"e-con-inner\">\n\t\t\t\t<div class=\"elementor-element elementor-element-33a0148 elementor-widget elementor-widget-text-editor\" data-id=\"33a0148\" data-element_type=\"widget\" data-widget_type=\"text-editor.default\">\n\t\t\t\t<div class=\"elementor-widget-container\">\n\t\t\t\t\t\t\t\t\t<p><em>In accordance with Law no. 8457, dated 11.2.1999, \u201cOn Classified Information \u2018State Secret\u2019\u201d and Decision no. 312, dated 16.03.2011 of the Council of Ministers, \u201cOn the approval of the regulation \u2018On working with classified information \u2018state secret\u2019\u201d, the decisions of the Authority that retain a classification level and contain state secret classified information are not published on the official website of AIDSSH.<\/em><\/p>\t\t\t\t\t\t\t\t<\/div>\n\t\t\t\t<\/div>\n\t\t\t\t<div class=\"elementor-element elementor-element-ab3c152 elementor-grid-2 elementor-grid-tablet-2 elementor-grid-mobile-1 elementor-widget elementor-widget-loop-grid\" data-id=\"ab3c152\" data-element_type=\"widget\" data-settings=\"{&quot;template_id&quot;:&quot;2298&quot;,&quot;columns&quot;:2,&quot;_skin&quot;:&quot;post&quot;,&quot;columns_tablet&quot;:&quot;2&quot;,&quot;columns_mobile&quot;:&quot;1&quot;,&quot;edit_handle_selector&quot;:&quot;[data-elementor-type=\\&quot;loop-item\\&quot;]&quot;,&quot;row_gap&quot;:{&quot;unit&quot;:&quot;px&quot;,&quot;size&quot;:&quot;&quot;,&quot;sizes&quot;:[]},&quot;row_gap_laptop&quot;:{&quot;unit&quot;:&quot;px&quot;,&quot;size&quot;:&quot;&quot;,&quot;sizes&quot;:[]},&quot;row_gap_tablet&quot;:{&quot;unit&quot;:&quot;px&quot;,&quot;size&quot;:&quot;&quot;,&quot;sizes&quot;:[]},&quot;row_gap_mobile&quot;:{&quot;unit&quot;:&quot;px&quot;,&quot;size&quot;:&quot;&quot;,&quot;sizes&quot;:[]}}\" data-widget_type=\"loop-grid.post\">\n\t\t\t\t<div class=\"elementor-widget-container\">\n\t\t\t\t\t\t\t<div class=\"elementor-loop-container elementor-grid\" role=\"list\">\n\t\t<style id=\"loop-2298\">.elementor-2298 .elementor-element.elementor-element-51a11ce{--display:flex;}.elementor-widget-image .widget-image-caption{font-family:var( --e-global-typography-text-font-family ), Sans-serif;font-weight:var( --e-global-typography-text-font-weight );}.elementor-widget-heading .elementor-heading-title{font-family:var( --e-global-typography-primary-font-family ), Sans-serif;font-weight:var( --e-global-typography-primary-font-weight );}.elementor-2298 .elementor-element.elementor-element-a553c9b > .elementor-widget-container{padding:0px 0px 10px 0px;border-style:solid;border-width:0px 0px 1px 0px;border-color:var( --e-global-color-secondary );}.elementor-2298 .elementor-element.elementor-element-a553c9b .elementor-heading-title{font-family:\"Proxima Nova Light\", Sans-serif;font-size:39px;font-weight:600;line-height:40px;}.elementor-2298 .elementor-element.elementor-element-14f99f3 .elementor-heading-title{font-family:\"Proxima Nova Bold\", Sans-serif;font-size:23px;font-weight:400;text-transform:uppercase;font-style:italic;line-height:30px;}@media(max-width:1366px){.elementor-2298 .elementor-element.elementor-element-a553c9b .elementor-heading-title{font-size:35px;line-height:36px;}.elementor-2298 .elementor-element.elementor-element-14f99f3 .elementor-heading-title{font-size:19px;line-height:20px;}}@media(max-width:1024px){.elementor-2298 .elementor-element.elementor-element-a553c9b .elementor-heading-title{font-size:30px;line-height:31px;}.elementor-2298 .elementor-element.elementor-element-14f99f3 .elementor-heading-title{font-size:18px;}}@media(max-width:767px){.elementor-2298 .elementor-element.elementor-element-a553c9b .elementor-heading-title{font-size:25px;line-height:26px;}.elementor-2298 .elementor-element.elementor-element-14f99f3 .elementor-heading-title{font-size:17px;line-height:18px;}}<\/style>\t\t<div data-elementor-type=\"loop-item\" data-elementor-id=\"2298\" class=\"elementor elementor-2298 e-loop-item e-loop-item-2587 post-2587 buletin type-buletin status-publish has-post-thumbnail hentry category-buletine tag-22\" data-elementor-post-type=\"elementor_library\" data-custom-edit-handle=\"1\">\n\t\t\t<div class=\"elementor-element elementor-element-51a11ce e-con-full e-flex e-con e-child\" data-id=\"51a11ce\" data-element_type=\"container\">\n\t\t\t\t<div class=\"elementor-element elementor-element-2dddb0e elementor-widget elementor-widget-image\" data-id=\"2dddb0e\" data-element_type=\"widget\" data-widget_type=\"image.default\">\n\t\t\t\t<div class=\"elementor-widget-container\">\n\t\t\t\t\t\t\t\t\t\t\t\t\t\t\t<img fetchpriority=\"high\" decoding=\"async\" width=\"774\" height=\"324\" src=\"https:\/\/aidssh.al\/wp-content\/uploads\/2025\/06\/Buletini-2-2019.png\" class=\"attachment-full size-full wp-image-2580\" alt=\"\" srcset=\"https:\/\/aidssh.al\/wp-content\/uploads\/2025\/06\/Buletini-2-2019.png 774w, https:\/\/aidssh.al\/wp-content\/uploads\/2025\/06\/Buletini-2-2019-300x126.png 300w, https:\/\/aidssh.al\/wp-content\/uploads\/2025\/06\/Buletini-2-2019-768x321.png 768w, https:\/\/aidssh.al\/wp-content\/uploads\/2025\/06\/Buletini-2-2019-18x8.png 18w\" sizes=\"(max-width: 774px) 100vw, 774px\" \/>\t\t\t\t\t\t\t\t\t\t\t\t\t\t\t<\/div>\n\t\t\t\t<\/div>\n\t\t\t\t<div class=\"elementor-element elementor-element-a553c9b elementor-widget elementor-widget-heading\" data-id=\"a553c9b\" data-element_type=\"widget\" data-widget_type=\"heading.default\">\n\t\t\t\t<div class=\"elementor-widget-container\">\n\t\t\t\t\t<p class=\"elementor-heading-title elementor-size-default\">06<\/p>\t\t\t\t<\/div>\n\t\t\t\t<\/div>\n\t\t\t\t<div class=\"elementor-element elementor-element-14f99f3 elementor-widget elementor-widget-heading\" data-id=\"14f99f3\" data-element_type=\"widget\" data-widget_type=\"heading.default\">\n\t\t\t\t<div class=\"elementor-widget-container\">\n\t\t\t\t\t<h2 class=\"elementor-heading-title elementor-size-default\"><a href=\"https:\/\/aidssh.al\/wp-content\/uploads\/2025\/06\/Buletini-6-2019.pdf\" target=\"_blank\">Bulletin 6, 2019<\/a><\/h2>\t\t\t\t<\/div>\n\t\t\t\t<\/div>\n\t\t\t\t<\/div>\n\t\t\t\t<\/div>\n\t\t\t\t<div data-elementor-type=\"loop-item\" data-elementor-id=\"2298\" class=\"elementor elementor-2298 e-loop-item e-loop-item-2585 post-2585 buletin type-buletin status-publish has-post-thumbnail hentry category-buletine tag-22\" data-elementor-post-type=\"elementor_library\" data-custom-edit-handle=\"1\">\n\t\t\t<div class=\"elementor-element elementor-element-51a11ce e-con-full e-flex e-con e-child\" data-id=\"51a11ce\" data-element_type=\"container\">\n\t\t\t\t<div class=\"elementor-element elementor-element-2dddb0e elementor-widget elementor-widget-image\" data-id=\"2dddb0e\" data-element_type=\"widget\" data-widget_type=\"image.default\">\n\t\t\t\t<div class=\"elementor-widget-container\">\n\t\t\t\t\t\t\t\t\t\t\t\t\t\t\t<img fetchpriority=\"high\" decoding=\"async\" width=\"774\" height=\"324\" src=\"https:\/\/aidssh.al\/wp-content\/uploads\/2025\/06\/Buletini-2-2019.png\" class=\"attachment-full size-full wp-image-2580\" alt=\"\" srcset=\"https:\/\/aidssh.al\/wp-content\/uploads\/2025\/06\/Buletini-2-2019.png 774w, https:\/\/aidssh.al\/wp-content\/uploads\/2025\/06\/Buletini-2-2019-300x126.png 300w, https:\/\/aidssh.al\/wp-content\/uploads\/2025\/06\/Buletini-2-2019-768x321.png 768w, https:\/\/aidssh.al\/wp-content\/uploads\/2025\/06\/Buletini-2-2019-18x8.png 18w\" sizes=\"(max-width: 774px) 100vw, 774px\" \/>\t\t\t\t\t\t\t\t\t\t\t\t\t\t\t<\/div>\n\t\t\t\t<\/div>\n\t\t\t\t<div class=\"elementor-element elementor-element-a553c9b elementor-widget elementor-widget-heading\" data-id=\"a553c9b\" data-element_type=\"widget\" data-widget_type=\"heading.default\">\n\t\t\t\t<div class=\"elementor-widget-container\">\n\t\t\t\t\t<p class=\"elementor-heading-title elementor-size-default\">05<\/p>\t\t\t\t<\/div>\n\t\t\t\t<\/div>\n\t\t\t\t<div class=\"elementor-element elementor-element-14f99f3 elementor-widget elementor-widget-heading\" data-id=\"14f99f3\" data-element_type=\"widget\" data-widget_type=\"heading.default\">\n\t\t\t\t<div class=\"elementor-widget-container\">\n\t\t\t\t\t<h2 class=\"elementor-heading-title elementor-size-default\"><a href=\"https:\/\/aidssh.al\/wp-content\/uploads\/2025\/06\/Buletini-5-2019.pdf\" target=\"_blank\">Bulletin 5, 2019<\/a><\/h2>\t\t\t\t<\/div>\n\t\t\t\t<\/div>\n\t\t\t\t<\/div>\n\t\t\t\t<\/div>\n\t\t\t\t<div data-elementor-type=\"loop-item\" data-elementor-id=\"2298\" class=\"elementor elementor-2298 e-loop-item e-loop-item-2583 post-2583 buletin type-buletin status-publish has-post-thumbnail hentry category-buletine tag-22\" data-elementor-post-type=\"elementor_library\" data-custom-edit-handle=\"1\">\n\t\t\t<div class=\"elementor-element elementor-element-51a11ce e-con-full e-flex e-con e-child\" data-id=\"51a11ce\" data-element_type=\"container\">\n\t\t\t\t<div class=\"elementor-element elementor-element-2dddb0e elementor-widget elementor-widget-image\" data-id=\"2dddb0e\" data-element_type=\"widget\" data-widget_type=\"image.default\">\n\t\t\t\t<div class=\"elementor-widget-container\">\n\t\t\t\t\t\t\t\t\t\t\t\t\t\t\t<img fetchpriority=\"high\" decoding=\"async\" width=\"774\" height=\"324\" src=\"https:\/\/aidssh.al\/wp-content\/uploads\/2025\/06\/Buletini-2-2019.png\" class=\"attachment-full size-full wp-image-2580\" alt=\"\" srcset=\"https:\/\/aidssh.al\/wp-content\/uploads\/2025\/06\/Buletini-2-2019.png 774w, https:\/\/aidssh.al\/wp-content\/uploads\/2025\/06\/Buletini-2-2019-300x126.png 300w, https:\/\/aidssh.al\/wp-content\/uploads\/2025\/06\/Buletini-2-2019-768x321.png 768w, https:\/\/aidssh.al\/wp-content\/uploads\/2025\/06\/Buletini-2-2019-18x8.png 18w\" sizes=\"(max-width: 774px) 100vw, 774px\" \/>\t\t\t\t\t\t\t\t\t\t\t\t\t\t\t<\/div>\n\t\t\t\t<\/div>\n\t\t\t\t<div class=\"elementor-element elementor-element-a553c9b elementor-widget elementor-widget-heading\" data-id=\"a553c9b\" data-element_type=\"widget\" data-widget_type=\"heading.default\">\n\t\t\t\t<div class=\"elementor-widget-container\">\n\t\t\t\t\t<p class=\"elementor-heading-title elementor-size-default\">04<\/p>\t\t\t\t<\/div>\n\t\t\t\t<\/div>\n\t\t\t\t<div class=\"elementor-element elementor-element-14f99f3 elementor-widget elementor-widget-heading\" data-id=\"14f99f3\" data-element_type=\"widget\" data-widget_type=\"heading.default\">\n\t\t\t\t<div class=\"elementor-widget-container\">\n\t\t\t\t\t<h2 class=\"elementor-heading-title elementor-size-default\"><a href=\"https:\/\/aidssh.al\/wp-content\/uploads\/2025\/06\/Buletini-4-2019.pdf\" target=\"_blank\">Bulletin 4, 2019<\/a><\/h2>\t\t\t\t<\/div>\n\t\t\t\t<\/div>\n\t\t\t\t<\/div>\n\t\t\t\t<\/div>\n\t\t\t\t<div data-elementor-type=\"loop-item\" data-elementor-id=\"2298\" class=\"elementor elementor-2298 e-loop-item e-loop-item-2581 post-2581 buletin type-buletin status-publish has-post-thumbnail hentry category-buletine tag-22\" data-elementor-post-type=\"elementor_library\" data-custom-edit-handle=\"1\">\n\t\t\t<div class=\"elementor-element elementor-element-51a11ce e-con-full e-flex e-con e-child\" data-id=\"51a11ce\" data-element_type=\"container\">\n\t\t\t\t<div class=\"elementor-element elementor-element-2dddb0e elementor-widget elementor-widget-image\" data-id=\"2dddb0e\" data-element_type=\"widget\" data-widget_type=\"image.default\">\n\t\t\t\t<div class=\"elementor-widget-container\">\n\t\t\t\t\t\t\t\t\t\t\t\t\t\t\t<img fetchpriority=\"high\" decoding=\"async\" width=\"774\" height=\"324\" src=\"https:\/\/aidssh.al\/wp-content\/uploads\/2025\/06\/Buletini-2-2019.png\" class=\"attachment-full size-full wp-image-2580\" alt=\"\" srcset=\"https:\/\/aidssh.al\/wp-content\/uploads\/2025\/06\/Buletini-2-2019.png 774w, https:\/\/aidssh.al\/wp-content\/uploads\/2025\/06\/Buletini-2-2019-300x126.png 300w, https:\/\/aidssh.al\/wp-content\/uploads\/2025\/06\/Buletini-2-2019-768x321.png 768w, https:\/\/aidssh.al\/wp-content\/uploads\/2025\/06\/Buletini-2-2019-18x8.png 18w\" sizes=\"(max-width: 774px) 100vw, 774px\" \/>\t\t\t\t\t\t\t\t\t\t\t\t\t\t\t<\/div>\n\t\t\t\t<\/div>\n\t\t\t\t<div class=\"elementor-element elementor-element-a553c9b elementor-widget elementor-widget-heading\" data-id=\"a553c9b\" data-element_type=\"widget\" data-widget_type=\"heading.default\">\n\t\t\t\t<div class=\"elementor-widget-container\">\n\t\t\t\t\t<p class=\"elementor-heading-title elementor-size-default\">03<\/p>\t\t\t\t<\/div>\n\t\t\t\t<\/div>\n\t\t\t\t<div class=\"elementor-element elementor-element-14f99f3 elementor-widget elementor-widget-heading\" data-id=\"14f99f3\" data-element_type=\"widget\" data-widget_type=\"heading.default\">\n\t\t\t\t<div class=\"elementor-widget-container\">\n\t\t\t\t\t<h2 class=\"elementor-heading-title elementor-size-default\"><a href=\"https:\/\/aidssh.al\/wp-content\/uploads\/2025\/06\/Buletini-3-2019.pdf\" target=\"_blank\">Bulletin 3, 2019<\/a><\/h2>\t\t\t\t<\/div>\n\t\t\t\t<\/div>\n\t\t\t\t<\/div>\n\t\t\t\t<\/div>\n\t\t\t\t<div data-elementor-type=\"loop-item\" data-elementor-id=\"2298\" class=\"elementor elementor-2298 e-loop-item e-loop-item-2578 post-2578 buletin type-buletin status-publish has-post-thumbnail hentry category-buletine tag-22\" data-elementor-post-type=\"elementor_library\" data-custom-edit-handle=\"1\">\n\t\t\t<div class=\"elementor-element elementor-element-51a11ce e-con-full e-flex e-con e-child\" data-id=\"51a11ce\" data-element_type=\"container\">\n\t\t\t\t<div class=\"elementor-element elementor-element-2dddb0e elementor-widget elementor-widget-image\" data-id=\"2dddb0e\" data-element_type=\"widget\" data-widget_type=\"image.default\">\n\t\t\t\t<div class=\"elementor-widget-container\">\n\t\t\t\t\t\t\t\t\t\t\t\t\t\t\t<img fetchpriority=\"high\" decoding=\"async\" width=\"774\" height=\"324\" src=\"https:\/\/aidssh.al\/wp-content\/uploads\/2025\/06\/Buletini-2-2019.png\" class=\"attachment-full size-full wp-image-2580\" alt=\"\" srcset=\"https:\/\/aidssh.al\/wp-content\/uploads\/2025\/06\/Buletini-2-2019.png 774w, https:\/\/aidssh.al\/wp-content\/uploads\/2025\/06\/Buletini-2-2019-300x126.png 300w, https:\/\/aidssh.al\/wp-content\/uploads\/2025\/06\/Buletini-2-2019-768x321.png 768w, https:\/\/aidssh.al\/wp-content\/uploads\/2025\/06\/Buletini-2-2019-18x8.png 18w\" sizes=\"(max-width: 774px) 100vw, 774px\" \/>\t\t\t\t\t\t\t\t\t\t\t\t\t\t\t<\/div>\n\t\t\t\t<\/div>\n\t\t\t\t<div class=\"elementor-element elementor-element-a553c9b elementor-widget elementor-widget-heading\" data-id=\"a553c9b\" data-element_type=\"widget\" data-widget_type=\"heading.default\">\n\t\t\t\t<div class=\"elementor-widget-container\">\n\t\t\t\t\t<p class=\"elementor-heading-title elementor-size-default\">02<\/p>\t\t\t\t<\/div>\n\t\t\t\t<\/div>\n\t\t\t\t<div class=\"elementor-element elementor-element-14f99f3 elementor-widget elementor-widget-heading\" data-id=\"14f99f3\" data-element_type=\"widget\" data-widget_type=\"heading.default\">\n\t\t\t\t<div class=\"elementor-widget-container\">\n\t\t\t\t\t<h2 class=\"elementor-heading-title elementor-size-default\"><a href=\"https:\/\/aidssh.al\/wp-content\/uploads\/2025\/06\/Buletini-2-2019.pdf\" target=\"_blank\">Bulletin 2, 2019<\/a><\/h2>\t\t\t\t<\/div>\n\t\t\t\t<\/div>\n\t\t\t\t<\/div>\n\t\t\t\t<\/div>\n\t\t\t\t<div data-elementor-type=\"loop-item\" data-elementor-id=\"2298\" class=\"elementor elementor-2298 e-loop-item e-loop-item-2570 post-2570 buletin type-buletin status-publish has-post-thumbnail hentry category-buletine tag-22\" data-elementor-post-type=\"elementor_library\" data-custom-edit-handle=\"1\">\n\t\t\t<div class=\"elementor-element elementor-element-51a11ce e-con-full e-flex e-con e-child\" data-id=\"51a11ce\" data-element_type=\"container\">\n\t\t\t\t<div class=\"elementor-element elementor-element-2dddb0e elementor-widget elementor-widget-image\" data-id=\"2dddb0e\" data-element_type=\"widget\" data-widget_type=\"image.default\">\n\t\t\t\t<div class=\"elementor-widget-container\">\n\t\t\t\t\t\t\t\t\t\t\t\t\t\t\t<img decoding=\"async\" width=\"780\" height=\"319\" src=\"https:\/\/aidssh.al\/wp-content\/uploads\/2025\/06\/Buletini-1-2019.png\" class=\"attachment-full size-full wp-image-2572\" alt=\"\" srcset=\"https:\/\/aidssh.al\/wp-content\/uploads\/2025\/06\/Buletini-1-2019.png 780w, https:\/\/aidssh.al\/wp-content\/uploads\/2025\/06\/Buletini-1-2019-300x123.png 300w, https:\/\/aidssh.al\/wp-content\/uploads\/2025\/06\/Buletini-1-2019-768x314.png 768w, https:\/\/aidssh.al\/wp-content\/uploads\/2025\/06\/Buletini-1-2019-18x7.png 18w\" sizes=\"(max-width: 780px) 100vw, 780px\" \/>\t\t\t\t\t\t\t\t\t\t\t\t\t\t\t<\/div>\n\t\t\t\t<\/div>\n\t\t\t\t<div class=\"elementor-element elementor-element-a553c9b elementor-widget elementor-widget-heading\" data-id=\"a553c9b\" data-element_type=\"widget\" data-widget_type=\"heading.default\">\n\t\t\t\t<div class=\"elementor-widget-container\">\n\t\t\t\t\t<p class=\"elementor-heading-title elementor-size-default\">01<\/p>\t\t\t\t<\/div>\n\t\t\t\t<\/div>\n\t\t\t\t<div class=\"elementor-element elementor-element-14f99f3 elementor-widget elementor-widget-heading\" data-id=\"14f99f3\" data-element_type=\"widget\" data-widget_type=\"heading.default\">\n\t\t\t\t<div class=\"elementor-widget-container\">\n\t\t\t\t\t<h2 class=\"elementor-heading-title elementor-size-default\"><a href=\"https:\/\/aidssh.al\/wp-content\/uploads\/2025\/06\/Buletini-1-2019.pdf\" target=\"_blank\">Bulletin 1, 2019<\/a><\/h2>\t\t\t\t<\/div>\n\t\t\t\t<\/div>\n\t\t\t\t<\/div>\n\t\t\t\t<\/div>\n\t\t\t\t<\/div>\n\t\t\n\t\t\t\t\t\t<\/div>\n\t\t\t\t<\/div>\n\t\t\t\t\t<\/div>\n\t\t\t\t<\/div>\n\t\t\t\t<\/div>","protected":false},"excerpt":{"rendered":"<p>N\u00eb zbatim t\u00eb ligjit nr. 8457, dat\u00eb 11.2.1999, \u201cP\u00ebr informacionin e klasifikuar \u201csekret shtet\u00ebror\u201d dhe vendimit nr. 312, dat\u00eb 16.03.2011 t\u00eb K\u00ebshillit t\u00eb Ministrave \u201cP\u00ebr miratimin e rregullores \u201cP\u00ebr pun\u00ebn me informacionin e klasifikuar \u201csekret shtet\u00ebror\u201d\u200b, vendimet e Autoritetit t\u00eb cilat ruajn\u00eb nivel klasifikimi t\u00eb informacionit, si dhe p\u00ebrmbajn\u00eb informacion t\u00eb klasifikuar sekret shtet\u00ebror, nuk [&hellip;]<\/p>","protected":false},"author":1,"featured_media":533,"parent":561,"menu_order":0,"comment_status":"closed","ping_status":"closed","template":"","meta":{"_acf_changed":false,"footnotes":""},"class_list":["post-2573","page","type-page","status-publish","has-post-thumbnail","hentry"],"acf":[],"_links":{"self":[{"href":"https:\/\/aidssh.al\/en\/wp-json\/wp\/v2\/pages\/2573","targetHints":{"allow":["GET"]}}],"collection":[{"href":"https:\/\/aidssh.al\/en\/wp-json\/wp\/v2\/pages"}],"about":[{"href":"https:\/\/aidssh.al\/en\/wp-json\/wp\/v2\/types\/page"}],"author":[{"embeddable":true,"href":"https:\/\/aidssh.al\/en\/wp-json\/wp\/v2\/users\/1"}],"replies":[{"embeddable":true,"href":"https:\/\/aidssh.al\/en\/wp-json\/wp\/v2\/comments?post=2573"}],"version-history":[{"count":0,"href":"https:\/\/aidssh.al\/en\/wp-json\/wp\/v2\/pages\/2573\/revisions"}],"up":[{"embeddable":true,"href":"https:\/\/aidssh.al\/en\/wp-json\/wp\/v2\/pages\/561"}],"wp:featuredmedia":[{"embeddable":true,"href":"https:\/\/aidssh.al\/en\/wp-json\/wp\/v2\/media\/533"}],"wp:attachment":[{"href":"https:\/\/aidssh.al\/en\/wp-json\/wp\/v2\/media?parent=2573"}],"curies":[{"name":"wp","href":"https:\/\/api.w.org\/{rel}","templated":true}]}}