{"id":2613,"date":"2025-06-24T16:18:24","date_gmt":"2025-06-24T14:18:24","guid":{"rendered":"https:\/\/aidssh.instant.al\/?page_id=2613"},"modified":"2025-07-09T15:01:47","modified_gmt":"2025-07-09T13:01:47","slug":"buletine-2025","status":"publish","type":"page","link":"https:\/\/aidssh.al\/en\/autoriteti\/buletine-periodike\/buletine-2025\/","title":{"rendered":"Bulletin 2025"},"content":{"rendered":"<div data-elementor-type=\"wp-page\" data-elementor-id=\"2613\" class=\"elementor elementor-2613\" data-elementor-post-type=\"page\">\n\t\t\t\t<div class=\"elementor-element elementor-element-afabd42 e-con-full e-flex e-con e-parent\" data-id=\"afabd42\" data-element_type=\"container\">\n\t\t\t\t<div class=\"elementor-element elementor-element-c1456fb elementor-widget elementor-widget-template\" data-id=\"c1456fb\" data-element_type=\"widget\" data-widget_type=\"template.default\">\n\t\t\t\t<div class=\"elementor-widget-container\">\n\t\t\t\t\t\t\t<div class=\"elementor-template\">\n\t\t\t\t\t<div data-elementor-type=\"container\" data-elementor-id=\"866\" class=\"elementor elementor-866\" data-elementor-post-type=\"elementor_library\">\n\t\t\t\t<div class=\"elementor-element elementor-element-58c6923c e-flex e-con-boxed e-con e-parent\" data-id=\"58c6923c\" data-element_type=\"container\" data-settings=\"{&quot;background_background&quot;:&quot;classic&quot;}\">\n\t\t\t\t\t<div class=\"e-con-inner\">\n\t\t\t\t<div class=\"elementor-element elementor-element-3356bc54 elementor-widget elementor-widget-heading\" data-id=\"3356bc54\" data-element_type=\"widget\" data-widget_type=\"heading.default\">\n\t\t\t\t<div class=\"elementor-widget-container\">\n\t\t\t\t\t<h1 class=\"elementor-heading-title elementor-size-default\">Bulletin 2025<\/h1>\t\t\t\t<\/div>\n\t\t\t\t<\/div>\n\t\t\t\t\t<\/div>\n\t\t\t\t<\/div>\n\t\t\t\t<\/div>\n\t\t\t\t<\/div>\n\t\t\t\t\t\t<\/div>\n\t\t\t\t<\/div>\n\t\t\t\t<\/div>\n\t\t<div class=\"elementor-element elementor-element-0ad346a e-flex e-con-boxed e-con e-parent\" data-id=\"0ad346a\" data-element_type=\"container\">\n\t\t\t\t\t<div class=\"e-con-inner\">\n\t\t\t\t<div class=\"elementor-element elementor-element-088ba9c elementor-widget elementor-widget-text-editor\" data-id=\"088ba9c\" data-element_type=\"widget\" data-widget_type=\"text-editor.default\">\n\t\t\t\t<div class=\"elementor-widget-container\">\n\t\t\t\t\t\t\t\t\t<p><em>In accordance with Law no. 8457, dated 11.2.1999, \u201cOn Classified Information \u2018State Secret\u2019\u201d and Decision no. 312, dated 16.03.2011 of the Council of Ministers, \u201cOn the approval of the regulation \u2018On working with classified information \u2018state secret\u2019\u201d, the decisions of the Authority that retain a classification level and contain state secret classified information are not published on the official website of AIDSSH.<\/em><\/p>\t\t\t\t\t\t\t\t<\/div>\n\t\t\t\t<\/div>\n\t\t\t\t<div class=\"elementor-element elementor-element-ab3c152 elementor-grid-2 elementor-grid-tablet-2 elementor-grid-mobile-1 elementor-widget elementor-widget-loop-grid\" data-id=\"ab3c152\" data-element_type=\"widget\" data-settings=\"{&quot;template_id&quot;:&quot;2298&quot;,&quot;columns&quot;:2,&quot;_skin&quot;:&quot;post&quot;,&quot;columns_tablet&quot;:&quot;2&quot;,&quot;columns_mobile&quot;:&quot;1&quot;,&quot;edit_handle_selector&quot;:&quot;[data-elementor-type=\\&quot;loop-item\\&quot;]&quot;,&quot;row_gap&quot;:{&quot;unit&quot;:&quot;px&quot;,&quot;size&quot;:&quot;&quot;,&quot;sizes&quot;:[]},&quot;row_gap_laptop&quot;:{&quot;unit&quot;:&quot;px&quot;,&quot;size&quot;:&quot;&quot;,&quot;sizes&quot;:[]},&quot;row_gap_tablet&quot;:{&quot;unit&quot;:&quot;px&quot;,&quot;size&quot;:&quot;&quot;,&quot;sizes&quot;:[]},&quot;row_gap_mobile&quot;:{&quot;unit&quot;:&quot;px&quot;,&quot;size&quot;:&quot;&quot;,&quot;sizes&quot;:[]}}\" data-widget_type=\"loop-grid.post\">\n\t\t\t\t<div class=\"elementor-widget-container\">\n\t\t\t\t\t\t\t<div class=\"elementor-loop-container elementor-grid\" role=\"list\">\n\t\t<style id=\"loop-2298\">.elementor-2298 .elementor-element.elementor-element-51a11ce{--display:flex;}.elementor-widget-image .widget-image-caption{font-family:var( --e-global-typography-text-font-family ), Sans-serif;font-weight:var( --e-global-typography-text-font-weight );}.elementor-widget-heading .elementor-heading-title{font-family:var( --e-global-typography-primary-font-family ), Sans-serif;font-weight:var( --e-global-typography-primary-font-weight );}.elementor-2298 .elementor-element.elementor-element-a553c9b > .elementor-widget-container{padding:0px 0px 10px 0px;border-style:solid;border-width:0px 0px 1px 0px;border-color:var( --e-global-color-secondary );}.elementor-2298 .elementor-element.elementor-element-a553c9b .elementor-heading-title{font-family:\"Proxima Nova Light\", Sans-serif;font-size:39px;font-weight:600;line-height:40px;}.elementor-2298 .elementor-element.elementor-element-14f99f3 .elementor-heading-title{font-family:\"Proxima Nova Bold\", Sans-serif;font-size:23px;font-weight:400;text-transform:uppercase;font-style:italic;line-height:30px;}@media(max-width:1366px){.elementor-2298 .elementor-element.elementor-element-a553c9b .elementor-heading-title{font-size:35px;line-height:36px;}.elementor-2298 .elementor-element.elementor-element-14f99f3 .elementor-heading-title{font-size:19px;line-height:20px;}}@media(max-width:1024px){.elementor-2298 .elementor-element.elementor-element-a553c9b .elementor-heading-title{font-size:30px;line-height:31px;}.elementor-2298 .elementor-element.elementor-element-14f99f3 .elementor-heading-title{font-size:18px;}}@media(max-width:767px){.elementor-2298 .elementor-element.elementor-element-a553c9b .elementor-heading-title{font-size:25px;line-height:26px;}.elementor-2298 .elementor-element.elementor-element-14f99f3 .elementor-heading-title{font-size:17px;line-height:18px;}}<\/style>\t\t<div data-elementor-type=\"loop-item\" data-elementor-id=\"2298\" class=\"elementor elementor-2298 e-loop-item e-loop-item-12436 post-12436 buletin type-buletin status-publish has-post-thumbnail hentry category-buletine tag-24\" data-elementor-post-type=\"elementor_library\" data-custom-edit-handle=\"1\">\n\t\t\t<div class=\"elementor-element elementor-element-51a11ce e-con-full e-flex e-con e-child\" data-id=\"51a11ce\" data-element_type=\"container\">\n\t\t\t\t<div class=\"elementor-element elementor-element-2dddb0e elementor-widget elementor-widget-image\" data-id=\"2dddb0e\" data-element_type=\"widget\" data-widget_type=\"image.default\">\n\t\t\t\t<div class=\"elementor-widget-container\">\n\t\t\t\t\t\t\t\t\t\t\t\t\t\t\t<img fetchpriority=\"high\" decoding=\"async\" width=\"499\" height=\"301\" src=\"https:\/\/aidssh.al\/wp-content\/uploads\/2026\/03\/buletin6.jpg\" class=\"attachment-full size-full wp-image-12440\" alt=\"\" srcset=\"https:\/\/aidssh.al\/wp-content\/uploads\/2026\/03\/buletin6.jpg 499w, https:\/\/aidssh.al\/wp-content\/uploads\/2026\/03\/buletin6-300x181.jpg 300w, https:\/\/aidssh.al\/wp-content\/uploads\/2026\/03\/buletin6-18x12.jpg 18w\" sizes=\"(max-width: 499px) 100vw, 499px\" \/>\t\t\t\t\t\t\t\t\t\t\t\t\t\t\t<\/div>\n\t\t\t\t<\/div>\n\t\t\t\t<div class=\"elementor-element elementor-element-a553c9b elementor-widget elementor-widget-heading\" data-id=\"a553c9b\" data-element_type=\"widget\" data-widget_type=\"heading.default\">\n\t\t\t\t<div class=\"elementor-widget-container\">\n\t\t\t\t\t<p class=\"elementor-heading-title elementor-size-default\">06<\/p>\t\t\t\t<\/div>\n\t\t\t\t<\/div>\n\t\t\t\t<div class=\"elementor-element elementor-element-14f99f3 elementor-widget elementor-widget-heading\" data-id=\"14f99f3\" data-element_type=\"widget\" data-widget_type=\"heading.default\">\n\t\t\t\t<div class=\"elementor-widget-container\">\n\t\t\t\t\t<h2 class=\"elementor-heading-title elementor-size-default\"><a href=\"https:\/\/aidssh.al\/wp-content\/uploads\/2026\/03\/Buletin-nr.-6-2025-ok.pdf\" target=\"_blank\">Buletini Nr.5, Shtator-Tetor 2025<\/a><\/h2>\t\t\t\t<\/div>\n\t\t\t\t<\/div>\n\t\t\t\t<\/div>\n\t\t\t\t<\/div>\n\t\t\t\t<div data-elementor-type=\"loop-item\" data-elementor-id=\"2298\" class=\"elementor elementor-2298 e-loop-item e-loop-item-12023 post-12023 buletin type-buletin status-publish has-post-thumbnail hentry category-buletine tag-24\" data-elementor-post-type=\"elementor_library\" data-custom-edit-handle=\"1\">\n\t\t\t<div class=\"elementor-element elementor-element-51a11ce e-con-full e-flex e-con e-child\" data-id=\"51a11ce\" data-element_type=\"container\">\n\t\t\t\t<div class=\"elementor-element elementor-element-2dddb0e elementor-widget elementor-widget-image\" data-id=\"2dddb0e\" data-element_type=\"widget\" data-widget_type=\"image.default\">\n\t\t\t\t<div class=\"elementor-widget-container\">\n\t\t\t\t\t\t\t\t\t\t\t\t\t\t\t<img decoding=\"async\" width=\"970\" height=\"530\" src=\"https:\/\/aidssh.al\/wp-content\/uploads\/2026\/02\/Screenshot-2026-02-11-132656.jpg\" class=\"attachment-full size-full wp-image-12025\" alt=\"\" srcset=\"https:\/\/aidssh.al\/wp-content\/uploads\/2026\/02\/Screenshot-2026-02-11-132656.jpg 970w, https:\/\/aidssh.al\/wp-content\/uploads\/2026\/02\/Screenshot-2026-02-11-132656-300x164.jpg 300w, https:\/\/aidssh.al\/wp-content\/uploads\/2026\/02\/Screenshot-2026-02-11-132656-768x420.jpg 768w, https:\/\/aidssh.al\/wp-content\/uploads\/2026\/02\/Screenshot-2026-02-11-132656-18x10.jpg 18w\" sizes=\"(max-width: 970px) 100vw, 970px\" \/>\t\t\t\t\t\t\t\t\t\t\t\t\t\t\t<\/div>\n\t\t\t\t<\/div>\n\t\t\t\t<div class=\"elementor-element elementor-element-a553c9b elementor-widget elementor-widget-heading\" data-id=\"a553c9b\" data-element_type=\"widget\" data-widget_type=\"heading.default\">\n\t\t\t\t<div class=\"elementor-widget-container\">\n\t\t\t\t\t<p class=\"elementor-heading-title elementor-size-default\">05<\/p>\t\t\t\t<\/div>\n\t\t\t\t<\/div>\n\t\t\t\t<div class=\"elementor-element elementor-element-14f99f3 elementor-widget elementor-widget-heading\" data-id=\"14f99f3\" data-element_type=\"widget\" data-widget_type=\"heading.default\">\n\t\t\t\t<div class=\"elementor-widget-container\">\n\t\t\t\t\t<h2 class=\"elementor-heading-title elementor-size-default\"><a href=\"https:\/\/aidssh.al\/wp-content\/uploads\/2026\/02\/Buletini-nr-5.-2025-print.pdf\" target=\"_blank\">Buletini Nr.5, Shtator-Tetor 2025<\/a><\/h2>\t\t\t\t<\/div>\n\t\t\t\t<\/div>\n\t\t\t\t<\/div>\n\t\t\t\t<\/div>\n\t\t\t\t<div data-elementor-type=\"loop-item\" data-elementor-id=\"2298\" class=\"elementor elementor-2298 e-loop-item e-loop-item-10085 post-10085 buletin type-buletin status-publish has-post-thumbnail hentry category-buletine tag-24\" data-elementor-post-type=\"elementor_library\" data-custom-edit-handle=\"1\">\n\t\t\t<div class=\"elementor-element elementor-element-51a11ce e-con-full e-flex e-con e-child\" data-id=\"51a11ce\" data-element_type=\"container\">\n\t\t\t\t<div class=\"elementor-element elementor-element-2dddb0e elementor-widget elementor-widget-image\" data-id=\"2dddb0e\" data-element_type=\"widget\" data-widget_type=\"image.default\">\n\t\t\t\t<div class=\"elementor-widget-container\">\n\t\t\t\t\t\t\t\t\t\t\t\t\t\t\t<img decoding=\"async\" width=\"773\" height=\"427\" src=\"https:\/\/aidssh.al\/wp-content\/uploads\/2025\/10\/Buletin-4.jpg\" class=\"attachment-full size-full wp-image-10086\" alt=\"\" srcset=\"https:\/\/aidssh.al\/wp-content\/uploads\/2025\/10\/Buletin-4.jpg 773w, https:\/\/aidssh.al\/wp-content\/uploads\/2025\/10\/Buletin-4-300x166.jpg 300w, https:\/\/aidssh.al\/wp-content\/uploads\/2025\/10\/Buletin-4-768x424.jpg 768w, https:\/\/aidssh.al\/wp-content\/uploads\/2025\/10\/Buletin-4-18x10.jpg 18w\" sizes=\"(max-width: 773px) 100vw, 773px\" \/>\t\t\t\t\t\t\t\t\t\t\t\t\t\t\t<\/div>\n\t\t\t\t<\/div>\n\t\t\t\t<div class=\"elementor-element elementor-element-a553c9b elementor-widget elementor-widget-heading\" data-id=\"a553c9b\" data-element_type=\"widget\" data-widget_type=\"heading.default\">\n\t\t\t\t<div class=\"elementor-widget-container\">\n\t\t\t\t\t<p class=\"elementor-heading-title elementor-size-default\">04<\/p>\t\t\t\t<\/div>\n\t\t\t\t<\/div>\n\t\t\t\t<div class=\"elementor-element elementor-element-14f99f3 elementor-widget elementor-widget-heading\" data-id=\"14f99f3\" data-element_type=\"widget\" data-widget_type=\"heading.default\">\n\t\t\t\t<div class=\"elementor-widget-container\">\n\t\t\t\t\t<h2 class=\"elementor-heading-title elementor-size-default\"><a href=\"https:\/\/aidssh.al\/wp-content\/uploads\/2025\/10\/BULETIN-4-2025-print.pdf\" target=\"_blank\">Buletini Nr.4, Korrik-Gusht 2025<\/a><\/h2>\t\t\t\t<\/div>\n\t\t\t\t<\/div>\n\t\t\t\t<\/div>\n\t\t\t\t<\/div>\n\t\t\t\t<div data-elementor-type=\"loop-item\" data-elementor-id=\"2298\" class=\"elementor elementor-2298 e-loop-item e-loop-item-10082 post-10082 buletin type-buletin status-publish has-post-thumbnail hentry category-buletine tag-24\" data-elementor-post-type=\"elementor_library\" data-custom-edit-handle=\"1\">\n\t\t\t<div class=\"elementor-element elementor-element-51a11ce e-con-full e-flex e-con e-child\" data-id=\"51a11ce\" data-element_type=\"container\">\n\t\t\t\t<div class=\"elementor-element elementor-element-2dddb0e elementor-widget elementor-widget-image\" data-id=\"2dddb0e\" data-element_type=\"widget\" data-widget_type=\"image.default\">\n\t\t\t\t<div class=\"elementor-widget-container\">\n\t\t\t\t\t\t\t\t\t\t\t\t\t\t\t<img loading=\"lazy\" decoding=\"async\" width=\"782\" height=\"427\" src=\"https:\/\/aidssh.al\/wp-content\/uploads\/2025\/10\/Buletin-3.jpg\" class=\"attachment-full size-full wp-image-10084\" alt=\"\" srcset=\"https:\/\/aidssh.al\/wp-content\/uploads\/2025\/10\/Buletin-3.jpg 782w, https:\/\/aidssh.al\/wp-content\/uploads\/2025\/10\/Buletin-3-300x164.jpg 300w, https:\/\/aidssh.al\/wp-content\/uploads\/2025\/10\/Buletin-3-768x419.jpg 768w, https:\/\/aidssh.al\/wp-content\/uploads\/2025\/10\/Buletin-3-18x10.jpg 18w\" sizes=\"(max-width: 782px) 100vw, 782px\" \/>\t\t\t\t\t\t\t\t\t\t\t\t\t\t\t<\/div>\n\t\t\t\t<\/div>\n\t\t\t\t<div class=\"elementor-element elementor-element-a553c9b elementor-widget elementor-widget-heading\" data-id=\"a553c9b\" data-element_type=\"widget\" data-widget_type=\"heading.default\">\n\t\t\t\t<div class=\"elementor-widget-container\">\n\t\t\t\t\t<p class=\"elementor-heading-title elementor-size-default\">03<\/p>\t\t\t\t<\/div>\n\t\t\t\t<\/div>\n\t\t\t\t<div class=\"elementor-element elementor-element-14f99f3 elementor-widget elementor-widget-heading\" data-id=\"14f99f3\" data-element_type=\"widget\" data-widget_type=\"heading.default\">\n\t\t\t\t<div class=\"elementor-widget-container\">\n\t\t\t\t\t<h2 class=\"elementor-heading-title elementor-size-default\"><a href=\"https:\/\/aidssh.al\/wp-content\/uploads\/2025\/10\/buletin-3-2025-print.pdf\" target=\"_blank\">Buletini Nr.3, Maj-Qershor 2025<\/a><\/h2>\t\t\t\t<\/div>\n\t\t\t\t<\/div>\n\t\t\t\t<\/div>\n\t\t\t\t<\/div>\n\t\t\t\t<div data-elementor-type=\"loop-item\" data-elementor-id=\"2298\" class=\"elementor elementor-2298 e-loop-item e-loop-item-2610 post-2610 buletin type-buletin status-publish has-post-thumbnail hentry category-buletine tag-24\" data-elementor-post-type=\"elementor_library\" data-custom-edit-handle=\"1\">\n\t\t\t<div class=\"elementor-element elementor-element-51a11ce e-con-full e-flex e-con e-child\" data-id=\"51a11ce\" data-element_type=\"container\">\n\t\t\t\t<div class=\"elementor-element elementor-element-2dddb0e elementor-widget elementor-widget-image\" data-id=\"2dddb0e\" data-element_type=\"widget\" data-widget_type=\"image.default\">\n\t\t\t\t<div class=\"elementor-widget-container\">\n\t\t\t\t\t\t\t\t\t\t\t\t\t\t\t<img loading=\"lazy\" decoding=\"async\" width=\"779\" height=\"427\" src=\"https:\/\/aidssh.al\/wp-content\/uploads\/2025\/06\/Buletini-Nr.2-Mars-Prill-2025.png\" class=\"attachment-full size-full wp-image-2612\" alt=\"\" srcset=\"https:\/\/aidssh.al\/wp-content\/uploads\/2025\/06\/Buletini-Nr.2-Mars-Prill-2025.png 779w, https:\/\/aidssh.al\/wp-content\/uploads\/2025\/06\/Buletini-Nr.2-Mars-Prill-2025-300x164.png 300w, https:\/\/aidssh.al\/wp-content\/uploads\/2025\/06\/Buletini-Nr.2-Mars-Prill-2025-768x421.png 768w, https:\/\/aidssh.al\/wp-content\/uploads\/2025\/06\/Buletini-Nr.2-Mars-Prill-2025-18x10.png 18w\" sizes=\"(max-width: 779px) 100vw, 779px\" \/>\t\t\t\t\t\t\t\t\t\t\t\t\t\t\t<\/div>\n\t\t\t\t<\/div>\n\t\t\t\t<div class=\"elementor-element elementor-element-a553c9b elementor-widget elementor-widget-heading\" data-id=\"a553c9b\" data-element_type=\"widget\" data-widget_type=\"heading.default\">\n\t\t\t\t<div class=\"elementor-widget-container\">\n\t\t\t\t\t<p class=\"elementor-heading-title elementor-size-default\">02<\/p>\t\t\t\t<\/div>\n\t\t\t\t<\/div>\n\t\t\t\t<div class=\"elementor-element elementor-element-14f99f3 elementor-widget elementor-widget-heading\" data-id=\"14f99f3\" data-element_type=\"widget\" data-widget_type=\"heading.default\">\n\t\t\t\t<div class=\"elementor-widget-container\">\n\t\t\t\t\t<h2 class=\"elementor-heading-title elementor-size-default\"><a href=\"https:\/\/aidssh.al\/wp-content\/uploads\/2025\/06\/Buletini-Nr.2-Mars-Prill-2025.pdf\" target=\"_blank\">Bulletin No. 2, March-April 2025<\/a><\/h2>\t\t\t\t<\/div>\n\t\t\t\t<\/div>\n\t\t\t\t<\/div>\n\t\t\t\t<\/div>\n\t\t\t\t<div data-elementor-type=\"loop-item\" data-elementor-id=\"2298\" class=\"elementor elementor-2298 e-loop-item e-loop-item-2607 post-2607 buletin type-buletin status-publish has-post-thumbnail hentry category-buletine tag-24\" data-elementor-post-type=\"elementor_library\" data-custom-edit-handle=\"1\">\n\t\t\t<div class=\"elementor-element elementor-element-51a11ce e-con-full e-flex e-con e-child\" data-id=\"51a11ce\" data-element_type=\"container\">\n\t\t\t\t<div class=\"elementor-element elementor-element-2dddb0e elementor-widget elementor-widget-image\" data-id=\"2dddb0e\" data-element_type=\"widget\" data-widget_type=\"image.default\">\n\t\t\t\t<div class=\"elementor-widget-container\">\n\t\t\t\t\t\t\t\t\t\t\t\t\t\t\t<img loading=\"lazy\" decoding=\"async\" width=\"770\" height=\"415\" src=\"https:\/\/aidssh.al\/wp-content\/uploads\/2025\/06\/Buletini-Nr.1-Janar-Shkurt-2025.png\" class=\"attachment-full size-full wp-image-2609\" alt=\"\" srcset=\"https:\/\/aidssh.al\/wp-content\/uploads\/2025\/06\/Buletini-Nr.1-Janar-Shkurt-2025.png 770w, https:\/\/aidssh.al\/wp-content\/uploads\/2025\/06\/Buletini-Nr.1-Janar-Shkurt-2025-300x162.png 300w, https:\/\/aidssh.al\/wp-content\/uploads\/2025\/06\/Buletini-Nr.1-Janar-Shkurt-2025-768x414.png 768w, https:\/\/aidssh.al\/wp-content\/uploads\/2025\/06\/Buletini-Nr.1-Janar-Shkurt-2025-18x10.png 18w\" sizes=\"(max-width: 770px) 100vw, 770px\" \/>\t\t\t\t\t\t\t\t\t\t\t\t\t\t\t<\/div>\n\t\t\t\t<\/div>\n\t\t\t\t<div class=\"elementor-element elementor-element-a553c9b elementor-widget elementor-widget-heading\" data-id=\"a553c9b\" data-element_type=\"widget\" data-widget_type=\"heading.default\">\n\t\t\t\t<div class=\"elementor-widget-container\">\n\t\t\t\t\t<p class=\"elementor-heading-title elementor-size-default\">01<\/p>\t\t\t\t<\/div>\n\t\t\t\t<\/div>\n\t\t\t\t<div class=\"elementor-element elementor-element-14f99f3 elementor-widget elementor-widget-heading\" data-id=\"14f99f3\" data-element_type=\"widget\" data-widget_type=\"heading.default\">\n\t\t\t\t<div class=\"elementor-widget-container\">\n\t\t\t\t\t<h2 class=\"elementor-heading-title elementor-size-default\"><a href=\"https:\/\/aidssh.al\/wp-content\/uploads\/2025\/06\/Buletini-Nr.1-Janar-Shkurt-2025.pdf\" target=\"_blank\">Bulletin No.1, January-February 2025<\/a><\/h2>\t\t\t\t<\/div>\n\t\t\t\t<\/div>\n\t\t\t\t<\/div>\n\t\t\t\t<\/div>\n\t\t\t\t<\/div>\n\t\t\n\t\t\t\t\t\t<\/div>\n\t\t\t\t<\/div>\n\t\t\t\t\t<\/div>\n\t\t\t\t<\/div>\n\t\t\t\t<\/div>","protected":false},"excerpt":{"rendered":"<p>N\u00eb zbatim t\u00eb ligjit nr. 8457, dat\u00eb 11.2.1999, \u201cP\u00ebr informacionin e klasifikuar \u201csekret shtet\u00ebror\u201d dhe vendimit nr. 312, dat\u00eb 16.03.2011 t\u00eb K\u00ebshillit t\u00eb Ministrave \u201cP\u00ebr miratimin e rregullores \u201cP\u00ebr pun\u00ebn me informacionin e klasifikuar \u201csekret shtet\u00ebror\u201d\u200b, vendimet e Autoritetit t\u00eb cilat ruajn\u00eb nivel klasifikimi t\u00eb informacionit, si dhe p\u00ebrmbajn\u00eb informacion t\u00eb klasifikuar sekret shtet\u00ebror, nuk [&hellip;]<\/p>","protected":false},"author":1,"featured_media":533,"parent":561,"menu_order":0,"comment_status":"closed","ping_status":"closed","template":"","meta":{"_acf_changed":false,"footnotes":""},"class_list":["post-2613","page","type-page","status-publish","has-post-thumbnail","hentry"],"acf":[],"_links":{"self":[{"href":"https:\/\/aidssh.al\/en\/wp-json\/wp\/v2\/pages\/2613","targetHints":{"allow":["GET"]}}],"collection":[{"href":"https:\/\/aidssh.al\/en\/wp-json\/wp\/v2\/pages"}],"about":[{"href":"https:\/\/aidssh.al\/en\/wp-json\/wp\/v2\/types\/page"}],"author":[{"embeddable":true,"href":"https:\/\/aidssh.al\/en\/wp-json\/wp\/v2\/users\/1"}],"replies":[{"embeddable":true,"href":"https:\/\/aidssh.al\/en\/wp-json\/wp\/v2\/comments?post=2613"}],"version-history":[{"count":0,"href":"https:\/\/aidssh.al\/en\/wp-json\/wp\/v2\/pages\/2613\/revisions"}],"up":[{"embeddable":true,"href":"https:\/\/aidssh.al\/en\/wp-json\/wp\/v2\/pages\/561"}],"wp:featuredmedia":[{"embeddable":true,"href":"https:\/\/aidssh.al\/en\/wp-json\/wp\/v2\/media\/533"}],"wp:attachment":[{"href":"https:\/\/aidssh.al\/en\/wp-json\/wp\/v2\/media?parent=2613"}],"curies":[{"name":"wp","href":"https:\/\/api.w.org\/{rel}","templated":true}]}}