{"id":2621,"date":"2025-06-24T16:20:30","date_gmt":"2025-06-24T14:20:30","guid":{"rendered":"https:\/\/aidssh.instant.al\/?page_id=2621"},"modified":"2025-06-25T11:42:27","modified_gmt":"2025-06-25T09:42:27","slug":"nga-e-kaluara-ne-perkujtim-simpozium-per-kufijte-e-diktatures-ne-vitet-1944-1991","status":"publish","type":"page","link":"https:\/\/aidssh.al\/en\/studimi\/konferenca\/nga-e-kaluara-ne-perkujtim-simpozium-per-kufijte-e-diktatures-ne-vitet-1944-1991\/","title":{"rendered":"From past to remembrance \u2013 Symposium on the Borders of Dictatorship during the years 1944\u20131991"},"content":{"rendered":"<div data-elementor-type=\"wp-page\" data-elementor-id=\"2621\" class=\"elementor elementor-2621\" data-elementor-post-type=\"page\">\n\t\t\t\t<div class=\"elementor-element elementor-element-2f94134 e-con-full e-flex e-con e-parent\" data-id=\"2f94134\" data-element_type=\"container\">\n\t\t\t\t<div class=\"elementor-element elementor-element-c00e237 elementor-widget elementor-widget-template\" data-id=\"c00e237\" data-element_type=\"widget\" data-widget_type=\"template.default\">\n\t\t\t\t<div class=\"elementor-widget-container\">\n\t\t\t\t\t\t\t<div class=\"elementor-template\">\n\t\t\t\t\t<div data-elementor-type=\"container\" data-elementor-id=\"866\" class=\"elementor elementor-866\" data-elementor-post-type=\"elementor_library\">\n\t\t\t\t<div class=\"elementor-element elementor-element-58c6923c e-flex e-con-boxed e-con e-parent\" data-id=\"58c6923c\" data-element_type=\"container\" data-settings=\"{&quot;background_background&quot;:&quot;classic&quot;}\">\n\t\t\t\t\t<div class=\"e-con-inner\">\n\t\t\t\t<div class=\"elementor-element elementor-element-3356bc54 elementor-widget elementor-widget-heading\" data-id=\"3356bc54\" data-element_type=\"widget\" data-widget_type=\"heading.default\">\n\t\t\t\t<div class=\"elementor-widget-container\">\n\t\t\t\t\t<h1 class=\"elementor-heading-title elementor-size-default\">From past to remembrance \u2013 Symposium on the Borders of Dictatorship during the years 1944\u20131991<\/h1>\t\t\t\t<\/div>\n\t\t\t\t<\/div>\n\t\t\t\t\t<\/div>\n\t\t\t\t<\/div>\n\t\t\t\t<\/div>\n\t\t\t\t<\/div>\n\t\t\t\t\t\t<\/div>\n\t\t\t\t<\/div>\n\t\t\t\t<\/div>\n\t\t<div class=\"elementor-element elementor-element-dcb86c3 e-flex e-con-boxed e-con e-parent\" data-id=\"dcb86c3\" data-element_type=\"container\">\n\t\t\t\t\t<div class=\"e-con-inner\">\n\t\t\t\t<div class=\"elementor-element elementor-element-d3acdb3 elementor-widget elementor-widget-image\" data-id=\"d3acdb3\" data-element_type=\"widget\" data-widget_type=\"image.default\">\n\t\t\t\t<div class=\"elementor-widget-container\">\n\t\t\t\t\t\t\t\t\t\t\t\t\t\t\t<img fetchpriority=\"high\" decoding=\"async\" width=\"720\" height=\"378\" src=\"https:\/\/aidssh.al\/wp-content\/uploads\/2025\/06\/Simpozium-gusht.jpg\" class=\"attachment-large size-large wp-image-2626\" alt=\"\" srcset=\"https:\/\/aidssh.al\/wp-content\/uploads\/2025\/06\/Simpozium-gusht.jpg 720w, https:\/\/aidssh.al\/wp-content\/uploads\/2025\/06\/Simpozium-gusht-300x158.jpg 300w, https:\/\/aidssh.al\/wp-content\/uploads\/2025\/06\/Simpozium-gusht-18x9.jpg 18w\" sizes=\"(max-width: 720px) 100vw, 720px\" \/>\t\t\t\t\t\t\t\t\t\t\t\t\t\t\t<\/div>\n\t\t\t\t<\/div>\n\t\t\t\t<div class=\"elementor-element elementor-element-f900669 elementor-widget elementor-widget-text-editor\" data-id=\"f900669\" data-element_type=\"widget\" data-widget_type=\"text-editor.default\">\n\t\t\t\t<div class=\"elementor-widget-container\">\n\t\t\t\t\t\t\t\t\t<p style=\"font-weight: 400;\"><strong>Call for presentations for the Symposium:<br \/><br \/><\/strong><\/p><p style=\"font-weight: 400;\"><strong>From past to remembrance \u2013 Symposium on the Borders of Dictatorship during the years 1944\u20131991<br \/><br \/><\/strong><\/p><p>The protection of the borders was considered by the communist regime just as necessary as the suppression of any form of internal opposition that threatened communist power. Therefore, the Border Forces held exceptional importance in preserving the regime from threats both from outside and within the country throughout the entire communist period.<br \/><br \/><\/p><p>The Border Forces were tasked with preventing the escape of Albanian citizens abroad.\u00a0<em>(an act for which they were executed)<\/em>\u00a0and to block any entry of Albanians or foreigners from abroad\u00a0<em>(in this case, illegal immigrants also faced the death penalty, as they were considered \u201csaboteurs\u201d).<br \/><br \/><\/em><\/p><p>Starting from 1949, the majority of Albanians killed by the Border Forces in the areas of Kor\u00e7\u00eb, Ersek\u00eb, and Pogradec were due to attempts to cross the country's borders.<br \/><br \/><\/p><p>The units of the Border Forces were mainly composed of young Albanians recruited through mandatory military service, which during the communist period lasted three years. Given their role, these young men were selected from families considered most loyal to the party. Local residents were also involved in border control activities; they were periodically indoctrinated and were the only civilians permitted to keep weapons at home, mostly as trophies from World War II. For this reason, during the \u201cdepopulation\u201d process that began in 1945, the government took care to remove from the border areas all families considered less loyal to the regime and ordered their relocation to areas far from the borders.<br \/><br \/><\/p><p>While the world had established rules for the protection of individuals crossing borders illegally, through the Geneva Convention on the Status of Refugees, which was adopted on July 28, 1951 and entered into force on April 22, 1954, in Albania executions and arrests of citizens attempting to cross the country\u2019s borders continued.<br \/><br \/><\/p><p>At the AIDSSH archive, a wide range of archival documents is preserved and managed, containing and addressing information and data about individuals who succeeded in escaping the communist regime, those who were deprived of their freedom of movement, and those who were executed while attempting to cross the border in the areas of Kor\u00e7\u00eb, Ersek\u00eb, and Pogradec. These documents include registers, statistics and records, reports, and accounts concerning individuals who attempted to cross the border in these regions.<br \/><br \/><\/p><p>From the current study of the above archival documents, for the period 1944-1991, it appears that\u00a0<strong>619<\/strong>\u00a0individuals who managed to cross the border;\u00a0<strong>55<\/strong>\u00a0individuals who were arrested while attempting to cross the border and\u00a0<strong>16<\/strong>\u00a0individuals who were executed at the border.<br \/><br \/><\/p><p>Within the framework of this topic, AIDSSH has organized scientific conferences and exhibitions of numerous inventories belonging to the period 1944-1991, some of which have been displayed for citizens and researchers during the event.\u00a0<em>\u201c<\/em><em>Exhibition of Archival Documents<\/em>\u00a0held on May 8 in the Authority\u2019s premises, during which guests from circles of researchers, historians, the media, and associations of former persecuted and politically persecuted persons participated. This event also served as a starting point for the development of this Symposium.<br \/><br \/><\/p><p>The Authority is in the process of collecting oral testimonies from individuals who successfully escaped communist Albania, as well as testimonies from the families of those killed at the border during attempts to cross in the areas of Kor\u00e7\u00eb, Ersek\u00eb, and Pogradec. For this purpose, the Authority has approved a questionnaire.<br \/><br \/><\/p><p>To discuss the escapes, killings at the border, oral testimonies, and research work on the \u201cborders of communist Albania,\u201d as well as to honor all those who were killed or arrested in the border areas of Kor\u00e7\u00eb, Ersek\u00eb, and Pogradec,<br \/><br \/><\/p><p>With the hospitality of the Pogradec Municipality,<br \/><br \/><\/p><p>The Authority for Information on Former State Security Documents<br \/><br \/><\/p><p>in cooperation with<br \/><br \/><\/p><p>The Anti-Communist Association of Former Politically Persecuted Democrats of Albania<br \/><br \/><\/p><p>The Municipalities of Kor\u00e7\u00eb, Ersek\u00eb, and Pogradec;<br \/><br \/><\/p><p>The Department of History (FHF);<br \/><br \/><\/p><p>The Institute for Studies on the Crimes and Consequences of Communism,<br \/><br \/><\/p><p>The Institute of Spiritual and Cultural Heritage of Albanians, in Skopje,<br \/><br \/><\/p><p>The \u201cLumo Sk\u00ebndo\u201d Institute of Historical Studies<br \/><br \/><\/p><p>The Institute of Integration and Former Politically Persecuted Persons<\/p><p>and<br \/><br \/><\/p><p>\u00a0the ICMP<br \/><br \/><\/p><p>They invite you to submit proposals for presentations on these issues:<br \/><br \/><\/p><ol><li>The reasons and causes of Albanian escapes during the years 1944-1990;<br \/><br \/><\/li><li>Profiles of individuals who managed to escape and those who were detained or killed at the border in the areas of Kor\u00e7\u00eb, Ersek\u00eb, and Pogradec;<br \/><br \/><\/li><li>Mapping the routes of border areas and the borders as a means of political and social control;<br \/><br \/><\/li><li>Statistics of those detained, killed at the border, and individuals who managed to escape in the areas of Kor\u00e7\u00eb, Ersek\u00eb, and Pogradec;<br \/><br \/><\/li><li>A study of the legal framework of the time for border management and interstate regime;<br \/><br \/><\/li><li>The reaction of the Albanian communist state towards individuals who managed to escape as well as their relatives;<br \/><br \/><\/li><li>A comparative overview of the measures taken against escapees and their families before and during the communist regime;<br \/><br \/><\/li><li>Commemoration of the martyrs of freedom;<br \/><br \/><\/li><li>Justice for the victims of border escapes;<br \/><br \/><\/li><li>Memory and testimonies of those who escaped.<br \/><br \/><\/li><\/ol><p>The proposal should be in the form of an abstract, no more than 300 words, and must be submitted by July 31, 2024, to the email address: info@autoritetidosjeve.gov.al<br \/><br \/><\/p><p>Participants will be notified of their selection no later than August 9, 2024.<br \/><br \/><\/p><p>The conference will take place on August 27-28, 2024, in Pogradec.<br \/><br \/><\/p><p>(Depending on applications and participation, it may be extended to 1 or 2 days)<br \/><br \/><\/p><p>\u00a0 \u00a0 \u00a0 \u00a0 \u00a0<strong><u>Scientific Council:<br \/><br \/><\/u><\/strong><\/p><p>Dr. Ornela Arapi (AIDSSH)<br \/><br \/><\/p><p>Dr. Brunilda \u00c7\u00ebrraga (AIDSSH)<br \/><br \/><\/p><p>Dr. Edlir Orhani (AIDSSH)<br \/><br \/><\/p><p>Assoc. Prof. Dr. Enriketa Pandeljemoni (Papa) (Faculty of History and Philology)<br \/><br \/><\/p><p>Dr. Armanda Hysa (Institute for Studies on the Crimes and Consequences of Communism)<br \/><br \/><\/p><p>Contact Us<\/p>\t\t\t\t\t\t\t\t<\/div>\n\t\t\t\t<\/div>\n\t\t\t\t\t<\/div>\n\t\t\t\t<\/div>\n\t\t\t\t<\/div>","protected":false},"excerpt":{"rendered":"<p>Thirrje p\u00ebr prezantime p\u00ebr Simpoziumin: Nga e kaluara n\u00eb p\u00ebrkujtim \u2013 Simpozium p\u00ebr Kufijt\u00eb e Diktatures n\u00eb vitet 1944-1991 Mbrojtja e kufijve konsiderohej nga regjimi komunist po aq e domosdoshme sa shtypja e \u00e7do forme t\u00eb opozit\u00ebs s\u00eb brendshme q\u00eb rrezikonte pushtetin komunist. Prandaj Forcat e Kufirit kan\u00eb pasur nj\u00eb r\u00ebnd\u00ebsi t\u00eb jasht\u00ebzakonshme p\u00ebr ruajtjen [&hellip;]<\/p>","protected":false},"author":1,"featured_media":533,"parent":717,"menu_order":0,"comment_status":"closed","ping_status":"closed","template":"","meta":{"_acf_changed":false,"footnotes":""},"class_list":["post-2621","page","type-page","status-publish","has-post-thumbnail","hentry"],"acf":[],"_links":{"self":[{"href":"https:\/\/aidssh.al\/en\/wp-json\/wp\/v2\/pages\/2621","targetHints":{"allow":["GET"]}}],"collection":[{"href":"https:\/\/aidssh.al\/en\/wp-json\/wp\/v2\/pages"}],"about":[{"href":"https:\/\/aidssh.al\/en\/wp-json\/wp\/v2\/types\/page"}],"author":[{"embeddable":true,"href":"https:\/\/aidssh.al\/en\/wp-json\/wp\/v2\/users\/1"}],"replies":[{"embeddable":true,"href":"https:\/\/aidssh.al\/en\/wp-json\/wp\/v2\/comments?post=2621"}],"version-history":[{"count":0,"href":"https:\/\/aidssh.al\/en\/wp-json\/wp\/v2\/pages\/2621\/revisions"}],"up":[{"embeddable":true,"href":"https:\/\/aidssh.al\/en\/wp-json\/wp\/v2\/pages\/717"}],"wp:featuredmedia":[{"embeddable":true,"href":"https:\/\/aidssh.al\/en\/wp-json\/wp\/v2\/media\/533"}],"wp:attachment":[{"href":"https:\/\/aidssh.al\/en\/wp-json\/wp\/v2\/media?parent=2621"}],"curies":[{"name":"wp","href":"https:\/\/api.w.org\/{rel}","templated":true}]}}