{"id":2737,"date":"2025-06-25T12:23:07","date_gmt":"2025-06-25T10:23:07","guid":{"rendered":"https:\/\/aidssh.instant.al\/?page_id=2737"},"modified":"2025-06-25T13:59:25","modified_gmt":"2025-06-25T11:59:25","slug":"biografi-perdorimi-i-dosjeve-te-policive-sekrete-per-mesimin-e-historise-se-regjimeve-totalitare-si-pjese-e-edukimit-per-demokraci-ne-shkolle","status":"publish","type":"page","link":"https:\/\/aidssh.al\/en\/studimi\/konferenca\/biografi-perdorimi-i-dosjeve-te-policive-sekrete-per-mesimin-e-historise-se-regjimeve-totalitare-si-pjese-e-edukimit-per-demokraci-ne-shkolle\/","title":{"rendered":"Biography \u2013 Using secret police files to teach the history of totalitarian regimes as part of education for democracy in school"},"content":{"rendered":"<div data-elementor-type=\"wp-page\" data-elementor-id=\"2737\" class=\"elementor elementor-2737\" data-elementor-post-type=\"page\">\n\t\t\t\t<div class=\"elementor-element elementor-element-2804a4c e-con-full e-flex e-con e-parent\" data-id=\"2804a4c\" data-element_type=\"container\">\n\t\t\t\t<div class=\"elementor-element elementor-element-dc5329f elementor-widget elementor-widget-template\" data-id=\"dc5329f\" data-element_type=\"widget\" data-widget_type=\"template.default\">\n\t\t\t\t<div class=\"elementor-widget-container\">\n\t\t\t\t\t\t\t<div class=\"elementor-template\">\n\t\t\t\t\t<div data-elementor-type=\"container\" data-elementor-id=\"866\" class=\"elementor elementor-866\" data-elementor-post-type=\"elementor_library\">\n\t\t\t\t<div class=\"elementor-element elementor-element-58c6923c e-flex e-con-boxed e-con e-parent\" data-id=\"58c6923c\" data-element_type=\"container\" data-settings=\"{&quot;background_background&quot;:&quot;classic&quot;}\">\n\t\t\t\t\t<div class=\"e-con-inner\">\n\t\t\t\t<div class=\"elementor-element elementor-element-3356bc54 elementor-widget elementor-widget-heading\" data-id=\"3356bc54\" data-element_type=\"widget\" data-widget_type=\"heading.default\">\n\t\t\t\t<div class=\"elementor-widget-container\">\n\t\t\t\t\t<h1 class=\"elementor-heading-title elementor-size-default\">Biography \u2013 Using secret police files to teach the history of totalitarian regimes as part of education for democracy in school<\/h1>\t\t\t\t<\/div>\n\t\t\t\t<\/div>\n\t\t\t\t\t<\/div>\n\t\t\t\t<\/div>\n\t\t\t\t<\/div>\n\t\t\t\t<\/div>\n\t\t\t\t\t\t<\/div>\n\t\t\t\t<\/div>\n\t\t\t\t<\/div>\n\t\t<div class=\"elementor-element elementor-element-68086a7 e-flex e-con-boxed e-con e-parent\" data-id=\"68086a7\" data-element_type=\"container\">\n\t\t\t\t\t<div class=\"e-con-inner\">\n\t\t\t\t<div class=\"elementor-element elementor-element-66e0047 elementor-grid-4 elementor-posts--thumbnail-none elementor-widget__width-inherit elementor-grid-tablet-2 elementor-grid-mobile-1 elementor-widget elementor-widget-posts\" data-id=\"66e0047\" data-element_type=\"widget\" data-settings=\"{&quot;classic_columns&quot;:&quot;4&quot;,&quot;classic_columns_tablet&quot;:&quot;2&quot;,&quot;classic_columns_mobile&quot;:&quot;1&quot;,&quot;classic_row_gap&quot;:{&quot;unit&quot;:&quot;px&quot;,&quot;size&quot;:35,&quot;sizes&quot;:[]},&quot;classic_row_gap_laptop&quot;:{&quot;unit&quot;:&quot;px&quot;,&quot;size&quot;:&quot;&quot;,&quot;sizes&quot;:[]},&quot;classic_row_gap_tablet&quot;:{&quot;unit&quot;:&quot;px&quot;,&quot;size&quot;:&quot;&quot;,&quot;sizes&quot;:[]},&quot;classic_row_gap_mobile&quot;:{&quot;unit&quot;:&quot;px&quot;,&quot;size&quot;:&quot;&quot;,&quot;sizes&quot;:[]}}\" data-widget_type=\"posts.classic\">\n\t\t\t\t<div class=\"elementor-widget-container\">\n\t\t\t\t\t\t\t<div class=\"elementor-posts-container elementor-posts elementor-posts--skin-classic elementor-grid\" role=\"list\">\n\t\t\t\t<article class=\"elementor-post elementor-grid-item post-2748 biografi--fjalim type-biografi--fjalim status-publish has-post-thumbnail hentry category-biografi-personi\" role=\"listitem\">\n\t\t\t\t<div class=\"elementor-post__text\">\n\t\t\t\t<h3 class=\"elementor-post__title\">\n\t\t\t<a href=\"https:\/\/aidssh.al\/en\/biografi--fjalim\/aljula-jubani\/\" >\n\t\t\t\tALJULA JUBANI\t\t\t<\/a>\n\t\t<\/h3>\n\t\t\t\t<\/div>\n\t\t\t\t<\/article>\n\t\t\t\t<article class=\"elementor-post elementor-grid-item post-2764 biografi--fjalim type-biografi--fjalim status-publish hentry category-biografi-personi\" role=\"listitem\">\n\t\t\t\t<div class=\"elementor-post__text\">\n\t\t\t\t<h3 class=\"elementor-post__title\">\n\t\t\t<a href=\"https:\/\/aidssh.al\/en\/biografi--fjalim\/astrit-dautaj\/\" >\n\t\t\t\tASTRIT DAUTAJ\t\t\t<\/a>\n\t\t<\/h3>\n\t\t\t\t<\/div>\n\t\t\t\t<\/article>\n\t\t\t\t<article class=\"elementor-post elementor-grid-item post-2778 biografi--fjalim type-biografi--fjalim status-publish hentry category-biografi-personi\" role=\"listitem\">\n\t\t\t\t<div class=\"elementor-post__text\">\n\t\t\t\t<h3 class=\"elementor-post__title\">\n\t\t\t<a href=\"https:\/\/aidssh.al\/en\/biografi--fjalim\/blerina-gjoka\/\" >\n\t\t\t\tBLERINA GJOKA\t\t\t<\/a>\n\t\t<\/h3>\n\t\t\t\t<\/div>\n\t\t\t\t<\/article>\n\t\t\t\t<article class=\"elementor-post elementor-grid-item post-2782 biografi--fjalim type-biografi--fjalim status-publish hentry category-biografi-personi\" role=\"listitem\">\n\t\t\t\t<div class=\"elementor-post__text\">\n\t\t\t\t<h3 class=\"elementor-post__title\">\n\t\t\t<a href=\"https:\/\/aidssh.al\/en\/biografi--fjalim\/denis-deletant\/\" >\n\t\t\t\tDENIS DELETANT\t\t\t<\/a>\n\t\t<\/h3>\n\t\t\t\t<\/div>\n\t\t\t\t<\/article>\n\t\t\t\t<article class=\"elementor-post elementor-grid-item post-2783 biografi--fjalim type-biografi--fjalim status-publish hentry category-biografi-personi\" role=\"listitem\">\n\t\t\t\t<div class=\"elementor-post__text\">\n\t\t\t\t<h3 class=\"elementor-post__title\">\n\t\t\t<a href=\"https:\/\/aidssh.al\/en\/biografi--fjalim\/elisabeta-osmanaj\/\" >\n\t\t\t\tELISABETA OSMANAJ\t\t\t<\/a>\n\t\t<\/h3>\n\t\t\t\t<\/div>\n\t\t\t\t<\/article>\n\t\t\t\t<article class=\"elementor-post elementor-grid-item post-2786 biografi--fjalim type-biografi--fjalim status-publish hentry category-biografi-personi\" role=\"listitem\">\n\t\t\t\t<div class=\"elementor-post__text\">\n\t\t\t\t<h3 class=\"elementor-post__title\">\n\t\t\t<a href=\"https:\/\/aidssh.al\/en\/biografi--fjalim\/fynn-morten-heckert\/\" >\n\t\t\t\tFYNN-MORTEN HECKERT\t\t\t<\/a>\n\t\t<\/h3>\n\t\t\t\t<\/div>\n\t\t\t\t<\/article>\n\t\t\t\t<article class=\"elementor-post elementor-grid-item post-2787 biografi--fjalim type-biografi--fjalim status-publish hentry category-biografi-personi\" role=\"listitem\">\n\t\t\t\t<div class=\"elementor-post__text\">\n\t\t\t\t<h3 class=\"elementor-post__title\">\n\t\t\t<a href=\"https:\/\/aidssh.al\/en\/biografi--fjalim\/katharina-lutz\/\" >\n\t\t\t\tKATHARINA LUTZ\t\t\t<\/a>\n\t\t<\/h3>\n\t\t\t\t<\/div>\n\t\t\t\t<\/article>\n\t\t\t\t<article class=\"elementor-post elementor-grid-item post-2788 biografi--fjalim type-biografi--fjalim status-publish hentry category-biografi-personi\" role=\"listitem\">\n\t\t\t\t<div class=\"elementor-post__text\">\n\t\t\t\t<h3 class=\"elementor-post__title\">\n\t\t\t<a href=\"https:\/\/aidssh.al\/en\/biografi--fjalim\/nina-guga\/\" >\n\t\t\t\tNINA GUGA\t\t\t<\/a>\n\t\t<\/h3>\n\t\t\t\t<\/div>\n\t\t\t\t<\/article>\n\t\t\t\t<article class=\"elementor-post elementor-grid-item post-2789 biografi--fjalim type-biografi--fjalim status-publish hentry category-biografi-personi\" role=\"listitem\">\n\t\t\t\t<div class=\"elementor-post__text\">\n\t\t\t\t<h3 class=\"elementor-post__title\">\n\t\t\t<a href=\"https:\/\/aidssh.al\/en\/biografi--fjalim\/peter-jasek\/\" >\n\t\t\t\tPETER JA\u0160EK\t\t\t<\/a>\n\t\t<\/h3>\n\t\t\t\t<\/div>\n\t\t\t\t<\/article>\n\t\t\t\t<article class=\"elementor-post elementor-grid-item post-2790 biografi--fjalim type-biografi--fjalim status-publish hentry category-biografi-personi\" role=\"listitem\">\n\t\t\t\t<div class=\"elementor-post__text\">\n\t\t\t\t<h3 class=\"elementor-post__title\">\n\t\t\t<a href=\"https:\/\/aidssh.al\/en\/biografi--fjalim\/skender-vrioni\/\" >\n\t\t\t\tSKENDER VRIONI\t\t\t<\/a>\n\t\t<\/h3>\n\t\t\t\t<\/div>\n\t\t\t\t<\/article>\n\t\t\t\t<article class=\"elementor-post elementor-grid-item post-2791 biografi--fjalim type-biografi--fjalim status-publish hentry category-biografi-personi\" role=\"listitem\">\n\t\t\t\t<div class=\"elementor-post__text\">\n\t\t\t\t<h3 class=\"elementor-post__title\">\n\t\t\t<a href=\"https:\/\/aidssh.al\/en\/biografi--fjalim\/tomaz-ivesic\/\" >\n\t\t\t\tTOMA\u017d IVE\u0160I\u0106\t\t\t<\/a>\n\t\t<\/h3>\n\t\t\t\t<\/div>\n\t\t\t\t<\/article>\n\t\t\t\t<article class=\"elementor-post elementor-grid-item post-2792 biografi--fjalim type-biografi--fjalim status-publish hentry category-biografi-personi\" role=\"listitem\">\n\t\t\t\t<div class=\"elementor-post__text\">\n\t\t\t\t<h3 class=\"elementor-post__title\">\n\t\t\t<a href=\"https:\/\/aidssh.al\/en\/biografi--fjalim\/villano-qiriazi\/\" >\n\t\t\t\tVILLANO QIRIAZI\t\t\t<\/a>\n\t\t<\/h3>\n\t\t\t\t<\/div>\n\t\t\t\t<\/article>\n\t\t\t\t<article class=\"elementor-post elementor-grid-item post-2793 biografi--fjalim type-biografi--fjalim status-publish hentry category-biografi-personi\" role=\"listitem\">\n\t\t\t\t<div class=\"elementor-post__text\">\n\t\t\t\t<h3 class=\"elementor-post__title\">\n\t\t\t<a href=\"https:\/\/aidssh.al\/en\/biografi--fjalim\/vojko-kunaver\/\" >\n\t\t\t\tVOJKO KUNAVER\t\t\t<\/a>\n\t\t<\/h3>\n\t\t\t\t<\/div>\n\t\t\t\t<\/article>\n\t\t\t\t<article class=\"elementor-post elementor-grid-item post-2794 biografi--fjalim type-biografi--fjalim status-publish hentry category-biografi-personi\" role=\"listitem\">\n\t\t\t\t<div class=\"elementor-post__text\">\n\t\t\t\t<h3 class=\"elementor-post__title\">\n\t\t\t<a href=\"https:\/\/aidssh.al\/en\/biografi--fjalim\/vojtek-ripka\/\" >\n\t\t\t\tVOJTEK RIPKA\t\t\t<\/a>\n\t\t<\/h3>\n\t\t\t\t<\/div>\n\t\t\t\t<\/article>\n\t\t\t\t<article class=\"elementor-post elementor-grid-item post-2807 biografi--fjalim type-biografi--fjalim status-publish hentry category-biografi-personi\" role=\"listitem\">\n\t\t\t\t<div class=\"elementor-post__text\">\n\t\t\t\t<h3 class=\"elementor-post__title\">\n\t\t\t<a href=\"https:\/\/aidssh.al\/en\/biografi--fjalim\/ana-radakovic\/\" >\n\t\t\t\tANA RADAKOVIC\t\t\t<\/a>\n\t\t<\/h3>\n\t\t\t\t<\/div>\n\t\t\t\t<\/article>\n\t\t\t\t<article class=\"elementor-post elementor-grid-item post-2808 biografi--fjalim type-biografi--fjalim status-publish hentry category-biografi-personi\" role=\"listitem\">\n\t\t\t\t<div class=\"elementor-post__text\">\n\t\t\t\t<h3 class=\"elementor-post__title\">\n\t\t\t<a href=\"https:\/\/aidssh.al\/en\/biografi--fjalim\/bardhyl-musai\/\" >\n\t\t\t\tBARDHYL MUSAI\t\t\t<\/a>\n\t\t<\/h3>\n\t\t\t\t<\/div>\n\t\t\t\t<\/article>\n\t\t\t\t<article class=\"elementor-post elementor-grid-item post-2809 biografi--fjalim type-biografi--fjalim status-publish hentry category-biografi-personi\" role=\"listitem\">\n\t\t\t\t<div class=\"elementor-post__text\">\n\t\t\t\t<h3 class=\"elementor-post__title\">\n\t\t\t<a href=\"https:\/\/aidssh.al\/en\/biografi--fjalim\/dagmar-hovestadt\/\" >\n\t\t\t\tDAGMAR HOVEST\u00c4DT\t\t\t<\/a>\n\t\t<\/h3>\n\t\t\t\t<\/div>\n\t\t\t\t<\/article>\n\t\t\t\t<article class=\"elementor-post elementor-grid-item post-2810 biografi--fjalim type-biografi--fjalim status-publish hentry category-biografi-personi\" role=\"listitem\">\n\t\t\t\t<div class=\"elementor-post__text\">\n\t\t\t\t<h3 class=\"elementor-post__title\">\n\t\t\t<a href=\"https:\/\/aidssh.al\/en\/biografi--fjalim\/edon-qesari\/\" >\n\t\t\t\tEDON QESARI\t\t\t<\/a>\n\t\t<\/h3>\n\t\t\t\t<\/div>\n\t\t\t\t<\/article>\n\t\t\t\t<article class=\"elementor-post elementor-grid-item post-2811 biografi--fjalim type-biografi--fjalim status-publish hentry category-biografi-personi\" role=\"listitem\">\n\t\t\t\t<div class=\"elementor-post__text\">\n\t\t\t\t<h3 class=\"elementor-post__title\">\n\t\t\t<a href=\"https:\/\/aidssh.al\/en\/biografi--fjalim\/ermonela-ruspi\/\" >\n\t\t\t\tERMONELA RUSPI\t\t\t<\/a>\n\t\t<\/h3>\n\t\t\t\t<\/div>\n\t\t\t\t<\/article>\n\t\t\t\t<article class=\"elementor-post elementor-grid-item post-2812 biografi--fjalim type-biografi--fjalim status-publish hentry category-biografi-personi\" role=\"listitem\">\n\t\t\t\t<div class=\"elementor-post__text\">\n\t\t\t\t<h3 class=\"elementor-post__title\">\n\t\t\t<a href=\"https:\/\/aidssh.al\/en\/biografi--fjalim\/gentiana-sula\/\" >\n\t\t\t\tGENTIANA SULA\t\t\t<\/a>\n\t\t<\/h3>\n\t\t\t\t<\/div>\n\t\t\t\t<\/article>\n\t\t\t\t<article class=\"elementor-post elementor-grid-item post-2826 biografi--fjalim type-biografi--fjalim status-publish hentry category-biografi-personi\" role=\"listitem\">\n\t\t\t\t<div class=\"elementor-post__text\">\n\t\t\t\t<h3 class=\"elementor-post__title\">\n\t\t\t<a href=\"https:\/\/aidssh.al\/en\/biografi--fjalim\/klotilda-bushka\/\" >\n\t\t\t\tKLOTILDA BUSHKA\t\t\t<\/a>\n\t\t<\/h3>\n\t\t\t\t<\/div>\n\t\t\t\t<\/article>\n\t\t\t\t<article class=\"elementor-post elementor-grid-item post-2829 biografi--fjalim type-biografi--fjalim status-publish hentry category-biografi-personi\" role=\"listitem\">\n\t\t\t\t<div class=\"elementor-post__text\">\n\t\t\t\t<h3 class=\"elementor-post__title\">\n\t\t\t<a href=\"https:\/\/aidssh.al\/en\/biografi--fjalim\/ornela-arapi\/\" >\n\t\t\t\tORNELA ARAPI\t\t\t<\/a>\n\t\t<\/h3>\n\t\t\t\t<\/div>\n\t\t\t\t<\/article>\n\t\t\t\t<article class=\"elementor-post elementor-grid-item post-2830 biografi--fjalim type-biografi--fjalim status-publish hentry category-biografi-personi\" role=\"listitem\">\n\t\t\t\t<div class=\"elementor-post__text\">\n\t\t\t\t<h3 class=\"elementor-post__title\">\n\t\t\t<a href=\"https:\/\/aidssh.al\/en\/biografi--fjalim\/przemyslaw-gasztold\/\" >\n\t\t\t\tPRZEMYS\u0141AW GASZTOLD\t\t\t<\/a>\n\t\t<\/h3>\n\t\t\t\t<\/div>\n\t\t\t\t<\/article>\n\t\t\t\t<article class=\"elementor-post elementor-grid-item post-2833 biografi--fjalim type-biografi--fjalim status-publish hentry category-biografi-personi\" role=\"listitem\">\n\t\t\t\t<div class=\"elementor-post__text\">\n\t\t\t\t<h3 class=\"elementor-post__title\">\n\t\t\t<a href=\"https:\/\/aidssh.al\/en\/biografi--fjalim\/sofi-noti\/\" >\n\t\t\t\tSOFI NOTI\t\t\t<\/a>\n\t\t<\/h3>\n\t\t\t\t<\/div>\n\t\t\t\t<\/article>\n\t\t\t\t<article class=\"elementor-post elementor-grid-item post-2844 biografi--fjalim type-biografi--fjalim status-publish hentry category-biografi-personi\" role=\"listitem\">\n\t\t\t\t<div class=\"elementor-post__text\">\n\t\t\t\t<h3 class=\"elementor-post__title\">\n\t\t\t<a href=\"https:\/\/aidssh.al\/en\/biografi--fjalim\/urszula-bijos\/\" >\n\t\t\t\tURSZULA BIJO\u015a\t\t\t<\/a>\n\t\t<\/h3>\n\t\t\t\t<\/div>\n\t\t\t\t<\/article>\n\t\t\t\t<article class=\"elementor-post elementor-grid-item post-2845 biografi--fjalim type-biografi--fjalim status-publish hentry category-biografi-personi\" role=\"listitem\">\n\t\t\t\t<div class=\"elementor-post__text\">\n\t\t\t\t<h3 class=\"elementor-post__title\">\n\t\t\t<a href=\"https:\/\/aidssh.al\/en\/biografi--fjalim\/vit-sisler\/\" >\n\t\t\t\tVIT \u0160ISLER\t\t\t<\/a>\n\t\t<\/h3>\n\t\t\t\t<\/div>\n\t\t\t\t<\/article>\n\t\t\t\t<article class=\"elementor-post elementor-grid-item post-2846 biografi--fjalim type-biografi--fjalim status-publish hentry category-biografi-personi\" role=\"listitem\">\n\t\t\t\t<div class=\"elementor-post__text\">\n\t\t\t\t<h3 class=\"elementor-post__title\">\n\t\t\t<a href=\"https:\/\/aidssh.al\/en\/biografi--fjalim\/vojsava-kumbulla\/\" >\n\t\t\t\tVOJSAVA KUMBULLA\t\t\t<\/a>\n\t\t<\/h3>\n\t\t\t\t<\/div>\n\t\t\t\t<\/article>\n\t\t\t\t<article class=\"elementor-post elementor-grid-item post-2847 biografi--fjalim type-biografi--fjalim status-publish hentry category-biografi-personi\" role=\"listitem\">\n\t\t\t\t<div class=\"elementor-post__text\">\n\t\t\t\t<h3 class=\"elementor-post__title\">\n\t\t\t<a href=\"https:\/\/aidssh.al\/en\/biografi--fjalim\/zamira-gjini\/\" >\n\t\t\t\tZAMIRA GJINI\t\t\t<\/a>\n\t\t<\/h3>\n\t\t\t\t<\/div>\n\t\t\t\t<\/article>\n\t\t\t\t<\/div>\n\t\t\n\t\t\t\t\t\t<\/div>\n\t\t\t\t<\/div>\n\t\t\t\t\t<\/div>\n\t\t\t\t<\/div>\n\t\t\t\t<\/div>","protected":false},"excerpt":{"rendered":"","protected":false},"author":1,"featured_media":533,"parent":717,"menu_order":0,"comment_status":"closed","ping_status":"closed","template":"","meta":{"_acf_changed":false,"footnotes":""},"class_list":["post-2737","page","type-page","status-publish","has-post-thumbnail","hentry"],"acf":[],"_links":{"self":[{"href":"https:\/\/aidssh.al\/en\/wp-json\/wp\/v2\/pages\/2737","targetHints":{"allow":["GET"]}}],"collection":[{"href":"https:\/\/aidssh.al\/en\/wp-json\/wp\/v2\/pages"}],"about":[{"href":"https:\/\/aidssh.al\/en\/wp-json\/wp\/v2\/types\/page"}],"author":[{"embeddable":true,"href":"https:\/\/aidssh.al\/en\/wp-json\/wp\/v2\/users\/1"}],"replies":[{"embeddable":true,"href":"https:\/\/aidssh.al\/en\/wp-json\/wp\/v2\/comments?post=2737"}],"version-history":[{"count":0,"href":"https:\/\/aidssh.al\/en\/wp-json\/wp\/v2\/pages\/2737\/revisions"}],"up":[{"embeddable":true,"href":"https:\/\/aidssh.al\/en\/wp-json\/wp\/v2\/pages\/717"}],"wp:featuredmedia":[{"embeddable":true,"href":"https:\/\/aidssh.al\/en\/wp-json\/wp\/v2\/media\/533"}],"wp:attachment":[{"href":"https:\/\/aidssh.al\/en\/wp-json\/wp\/v2\/media?parent=2737"}],"curies":[{"name":"wp","href":"https:\/\/api.w.org\/{rel}","templated":true}]}}