{"id":4298,"date":"2025-07-01T09:38:18","date_gmt":"2025-07-01T07:38:18","guid":{"rendered":"https:\/\/aidssh.instant.al\/?page_id=4298"},"modified":"2025-07-01T09:42:17","modified_gmt":"2025-07-01T07:42:17","slug":"raporti-vjetor-2018","status":"publish","type":"page","link":"https:\/\/aidssh.al\/en\/raporti-vjetor-2018\/","title":{"rendered":"Annual Report 2018"},"content":{"rendered":"<div data-elementor-type=\"wp-page\" data-elementor-id=\"4298\" class=\"elementor elementor-4298\" data-elementor-post-type=\"page\">\n\t\t\t\t<div class=\"elementor-element elementor-element-c106289 e-con-full e-flex e-con e-parent\" data-id=\"c106289\" data-element_type=\"container\">\n\t\t\t\t<div class=\"elementor-element elementor-element-169bfbc elementor-widget elementor-widget-template\" data-id=\"169bfbc\" data-element_type=\"widget\" data-widget_type=\"template.default\">\n\t\t\t\t<div class=\"elementor-widget-container\">\n\t\t\t\t\t\t\t<div class=\"elementor-template\">\n\t\t\t\t\t<div data-elementor-type=\"container\" data-elementor-id=\"866\" class=\"elementor elementor-866\" data-elementor-post-type=\"elementor_library\">\n\t\t\t\t<div class=\"elementor-element elementor-element-58c6923c e-flex e-con-boxed e-con e-parent\" data-id=\"58c6923c\" data-element_type=\"container\" data-settings=\"{&quot;background_background&quot;:&quot;classic&quot;}\">\n\t\t\t\t\t<div class=\"e-con-inner\">\n\t\t\t\t<div class=\"elementor-element elementor-element-3356bc54 elementor-widget elementor-widget-heading\" data-id=\"3356bc54\" data-element_type=\"widget\" data-widget_type=\"heading.default\">\n\t\t\t\t<div class=\"elementor-widget-container\">\n\t\t\t\t\t<h1 class=\"elementor-heading-title elementor-size-default\">Annual Report 2018<\/h1>\t\t\t\t<\/div>\n\t\t\t\t<\/div>\n\t\t\t\t\t<\/div>\n\t\t\t\t<\/div>\n\t\t\t\t<\/div>\n\t\t\t\t<\/div>\n\t\t\t\t\t\t<\/div>\n\t\t\t\t<\/div>\n\t\t\t\t<\/div>\n\t\t<div class=\"elementor-element elementor-element-77b89d3 e-flex e-con-boxed e-con e-parent\" data-id=\"77b89d3\" data-element_type=\"container\">\n\t\t\t\t\t<div class=\"e-con-inner\">\n\t\t<div class=\"elementor-element elementor-element-a09123b e-con-full e-flex e-con e-child\" data-id=\"a09123b\" data-element_type=\"container\">\n\t\t\t\t<div class=\"elementor-element elementor-element-803f6c1 elementor-widget elementor-widget-text-editor\" data-id=\"803f6c1\" data-element_type=\"widget\" data-widget_type=\"text-editor.default\">\n\t\t\t\t<div class=\"elementor-widget-container\">\n\t\t\t\t\t\t\t\t\t<p>Autoriteti p\u00ebr Informimin mbi Dokumentet e ish-Sigurimit t\u00eb Shtetit u krijua n\u00eb frym\u00ebn e Rezolut\u00ebs 1481 t\u00eb Asambles\u00eb Parlamentare t\u00eb K\u00ebshillit t\u00eb Europ\u00ebs \u201cDomosdoshm\u00ebria p\u00ebr d\u00ebnimin nd\u00ebrkomb\u00ebtar t\u00eb krimeve t\u00eb regjimeve totalitare komuniste\u201d, (2006), Rezolut\u00ebs nr.11 \u201cP\u00ebr d\u00ebnimin e krimeve t\u00eb kryera nga regjimi komunist n\u00eb Shqip\u00ebri\u201d (2006) dhe Rezolut\u00ebs \u201cP\u00ebr d\u00ebnimin e krimeve te komunizmit ndaj klerit, si dhe mir\u00ebnjohjen e ve\u00e7ant\u00eb p\u00ebr rolin dhe veprimtarin\u00eb e klerik\u00ebve n\u00eb mbrojtje t\u00eb vlerave demokratike dhe t\u00eb drejtave dhe lirive themelore t\u00eb njeriut\u201d (2016). t\u00eb Kuvendit t\u00eb Shqip\u00ebris\u00eb.<br \/><br \/><\/p><p>Sot, 80 vjet nga fillimi i Luft\u00ebs s\u00eb Dyt\u00eb Bot\u00ebrore, 75 vjet nga \u00e7lirimi i vendit dhe 30 vjet pas r\u00ebnies s\u00eb komunizmit, AIDSSH e zhvillon veprimtarin\u00eb e vet n\u00eb respekt t\u00eb vlerave europiane e proper\u00ebndimore, \u201cme vet\u00ebdije p\u00ebr historin\u00eb ton\u00eb, me p\u00ebrgjegj\u00ebsi p\u00ebr t\u00eb ardhmen\u2026 me vendosm\u00ebrin\u00eb p\u00ebr\u2026 nj\u00eb shtet t\u00eb s\u00eb drejt\u00ebs, demokratik e social,\u2026 me frym\u00ebn e toleranc\u00ebs\u2026 p\u00ebr mbrojtjen e dinjitetit dhe t\u00eb personalitetit njer\u00ebzor, si dhe p\u00ebr prosperitetin e t\u00eb gjith\u00eb kombit, p\u00ebr paqen, mir\u00ebqenien, kultur\u00ebn dhe solidaritetin shoq\u00ebror\u2026\u201c, sipas Kushtetut\u00ebs s\u00eb Republik\u00ebs s\u00eb Shqip\u00ebris\u00eb.<br \/><br \/><\/p><p>AIDSSH e ka mb\u00ebshtetur veprimtarin\u00eb e tij dhe vijim\u00ebsin\u00eb e projekteve t\u00eb nd\u00ebrmarra n\u00eb parimet e r\u00ebnd\u00ebsishme t\u00eb kujtes\u00ebs, duke e v\u00ebn\u00eb kujtes\u00ebn historike n\u00eb themel t\u00eb identitetit dhe trash\u00ebgimis\u00eb s\u00eb individ\u00ebve e shoq\u00ebrive.<\/p>\t\t\t\t\t\t\t\t<\/div>\n\t\t\t\t<\/div>\n\t\t\t\t<\/div>\n\t\t<div class=\"elementor-element elementor-element-d4f5300 e-con-full e-flex e-con e-child\" data-id=\"d4f5300\" data-element_type=\"container\">\n\t\t<div class=\"elementor-element elementor-element-c06b8a8 e-con-full e-flex e-con e-child\" data-id=\"c06b8a8\" data-element_type=\"container\">\n\t\t\t\t<div class=\"elementor-element elementor-element-455036f elementor-widget elementor-widget-heading\" data-id=\"455036f\" data-element_type=\"widget\" data-widget_type=\"heading.default\">\n\t\t\t\t<div class=\"elementor-widget-container\">\n\t\t\t\t\t<h4 class=\"elementor-heading-title elementor-size-default\">Raport Vjetor 2018<\/h4>\t\t\t\t<\/div>\n\t\t\t\t<\/div>\n\t\t\t\t<div class=\"elementor-element elementor-element-88a1289 elementor-widget elementor-widget-image\" data-id=\"88a1289\" data-element_type=\"widget\" data-widget_type=\"image.default\">\n\t\t\t\t<div class=\"elementor-widget-container\">\n\t\t\t\t\t\t\t\t\t\t\t\t\t\t\t\t<a href=\"https:\/\/aidssh.al\/wp-content\/uploads\/2025\/07\/Raporti-Vjetor-2019-AIDSSH2.pdf\">\n\t\t\t\t\t\t\t<img fetchpriority=\"high\" decoding=\"async\" width=\"300\" height=\"275\" src=\"https:\/\/aidssh.al\/wp-content\/uploads\/2025\/07\/raport-vjetor-2019.jpg\" class=\"elementor-animation-grow attachment-full size-full wp-image-4283\" alt=\"\" srcset=\"https:\/\/aidssh.al\/wp-content\/uploads\/2025\/07\/raport-vjetor-2019.jpg 300w, https:\/\/aidssh.al\/wp-content\/uploads\/2025\/07\/raport-vjetor-2019-13x12.jpg 13w\" sizes=\"(max-width: 300px) 100vw, 300px\" \/>\t\t\t\t\t\t\t\t<\/a>\n\t\t\t\t\t\t\t\t\t\t\t\t\t\t\t<\/div>\n\t\t\t\t<\/div>\n\t\t\t\t<\/div>\n\t\t<div class=\"elementor-element elementor-element-a704d5c e-con-full e-flex e-con e-child\" data-id=\"a704d5c\" data-element_type=\"container\">\n\t\t\t\t<div class=\"elementor-element elementor-element-698c1b1 elementor-widget elementor-widget-heading\" data-id=\"698c1b1\" data-element_type=\"widget\" data-widget_type=\"heading.default\">\n\t\t\t\t<div class=\"elementor-widget-container\">\n\t\t\t\t\t<h4 class=\"elementor-heading-title elementor-size-default\">Annual Report 2018<\/h4>\t\t\t\t<\/div>\n\t\t\t\t<\/div>\n\t\t\t\t<div class=\"elementor-element elementor-element-67de247 elementor-widget elementor-widget-image\" data-id=\"67de247\" data-element_type=\"widget\" data-widget_type=\"image.default\">\n\t\t\t\t<div class=\"elementor-widget-container\">\n\t\t\t\t\t\t\t\t\t\t\t\t\t\t\t\t<a href=\"https:\/\/aidssh.al\/wp-content\/uploads\/2025\/07\/AIDSSH-Annual-Report-2019.pdf\">\n\t\t\t\t\t\t\t<img decoding=\"async\" width=\"300\" height=\"216\" src=\"https:\/\/aidssh.al\/wp-content\/uploads\/2025\/07\/annual-report-2019.jpg\" class=\"elementor-animation-grow attachment-full size-full wp-image-4284\" alt=\"\" srcset=\"https:\/\/aidssh.al\/wp-content\/uploads\/2025\/07\/annual-report-2019.jpg 300w, https:\/\/aidssh.al\/wp-content\/uploads\/2025\/07\/annual-report-2019-18x12.jpg 18w\" sizes=\"(max-width: 300px) 100vw, 300px\" \/>\t\t\t\t\t\t\t\t<\/a>\n\t\t\t\t\t\t\t\t\t\t\t\t\t\t\t<\/div>\n\t\t\t\t<\/div>\n\t\t\t\t<\/div>\n\t\t\t\t<\/div>\n\t\t\t\t\t<\/div>\n\t\t\t\t<\/div>\n\t\t\t\t<\/div>","protected":false},"excerpt":{"rendered":"<p>Autoriteti p\u00ebr Informimin mbi Dokumentet e ish-Sigurimit t\u00eb Shtetit u krijua n\u00eb frym\u00ebn e Rezolut\u00ebs 1481 t\u00eb Asambles\u00eb Parlamentare t\u00eb K\u00ebshillit t\u00eb Europ\u00ebs \u201cDomosdoshm\u00ebria p\u00ebr d\u00ebnimin nd\u00ebrkomb\u00ebtar t\u00eb krimeve t\u00eb regjimeve totalitare komuniste\u201d, (2006), Rezolut\u00ebs nr.11 \u201cP\u00ebr d\u00ebnimin e krimeve t\u00eb kryera nga regjimi komunist n\u00eb Shqip\u00ebri\u201d (2006) dhe Rezolut\u00ebs \u201cP\u00ebr d\u00ebnimin e krimeve te [&hellip;]<\/p>","protected":false},"author":1,"featured_media":0,"parent":0,"menu_order":0,"comment_status":"closed","ping_status":"closed","template":"","meta":{"_acf_changed":false,"footnotes":""},"class_list":["post-4298","page","type-page","status-publish","hentry"],"acf":[],"_links":{"self":[{"href":"https:\/\/aidssh.al\/en\/wp-json\/wp\/v2\/pages\/4298","targetHints":{"allow":["GET"]}}],"collection":[{"href":"https:\/\/aidssh.al\/en\/wp-json\/wp\/v2\/pages"}],"about":[{"href":"https:\/\/aidssh.al\/en\/wp-json\/wp\/v2\/types\/page"}],"author":[{"embeddable":true,"href":"https:\/\/aidssh.al\/en\/wp-json\/wp\/v2\/users\/1"}],"replies":[{"embeddable":true,"href":"https:\/\/aidssh.al\/en\/wp-json\/wp\/v2\/comments?post=4298"}],"version-history":[{"count":0,"href":"https:\/\/aidssh.al\/en\/wp-json\/wp\/v2\/pages\/4298\/revisions"}],"wp:attachment":[{"href":"https:\/\/aidssh.al\/en\/wp-json\/wp\/v2\/media?parent=4298"}],"curies":[{"name":"wp","href":"https:\/\/api.w.org\/{rel}","templated":true}]}}