{"id":540,"date":"2025-06-10T12:11:08","date_gmt":"2025-06-10T10:11:08","guid":{"rendered":"https:\/\/aidssh.instant.al\/?page_id=540"},"modified":"2025-09-22T10:35:48","modified_gmt":"2025-09-22T08:35:48","slug":"kryetari","status":"publish","type":"page","link":"https:\/\/aidssh.al\/en\/autoriteti\/kryetari\/","title":{"rendered":"Chairwomen"},"content":{"rendered":"<div data-elementor-type=\"wp-page\" data-elementor-id=\"540\" class=\"elementor elementor-540\" data-elementor-post-type=\"page\">\n\t\t\t\t<div class=\"elementor-element elementor-element-021e23a e-con-full e-flex e-con e-parent\" data-id=\"021e23a\" data-element_type=\"container\">\n\t\t\t\t<div class=\"elementor-element elementor-element-0c5a907 elementor-widget elementor-widget-template\" data-id=\"0c5a907\" data-element_type=\"widget\" data-widget_type=\"template.default\">\n\t\t\t\t<div class=\"elementor-widget-container\">\n\t\t\t\t\t\t\t<div class=\"elementor-template\">\n\t\t\t\t\t<div data-elementor-type=\"container\" data-elementor-id=\"866\" class=\"elementor elementor-866\" data-elementor-post-type=\"elementor_library\">\n\t\t\t\t<div class=\"elementor-element elementor-element-58c6923c e-flex e-con-boxed e-con e-parent\" data-id=\"58c6923c\" data-element_type=\"container\" data-settings=\"{&quot;background_background&quot;:&quot;classic&quot;}\">\n\t\t\t\t\t<div class=\"e-con-inner\">\n\t\t\t\t<div class=\"elementor-element elementor-element-3356bc54 elementor-widget elementor-widget-heading\" data-id=\"3356bc54\" data-element_type=\"widget\" data-widget_type=\"heading.default\">\n\t\t\t\t<div class=\"elementor-widget-container\">\n\t\t\t\t\t<h1 class=\"elementor-heading-title elementor-size-default\">Chairwomen<\/h1>\t\t\t\t<\/div>\n\t\t\t\t<\/div>\n\t\t\t\t\t<\/div>\n\t\t\t\t<\/div>\n\t\t\t\t<\/div>\n\t\t\t\t<\/div>\n\t\t\t\t\t\t<\/div>\n\t\t\t\t<\/div>\n\t\t\t\t<\/div>\n\t\t<div class=\"elementor-element elementor-element-9ec8220 e-flex e-con-boxed e-con e-parent\" data-id=\"9ec8220\" data-element_type=\"container\" id=\"kuti-marpad\">\n\t\t\t\t\t<div class=\"e-con-inner\">\n\t\t<div class=\"elementor-element elementor-element-3e90797 e-con-full e-flex e-con e-child\" data-id=\"3e90797\" data-element_type=\"container\">\n\t\t<div class=\"elementor-element elementor-element-79aa50f e-con-full e-flex e-con e-child\" data-id=\"79aa50f\" data-element_type=\"container\">\n\t\t\t\t<div class=\"elementor-element elementor-element-56bd3c6 elementor-widget-mobile__width-inherit elementor-widget elementor-widget-image\" data-id=\"56bd3c6\" data-element_type=\"widget\" data-widget_type=\"image.default\">\n\t\t\t\t<div class=\"elementor-widget-container\">\n\t\t\t\t\t\t\t\t\t\t\t\t<figure class=\"wp-caption\">\n\t\t\t\t\t\t\t\t\t\t\t<a href=\"\/wp-content\/uploads\/2025\/06\/Kryetraja-short-biography.docx\" target=\"_blank\">\n\t\t\t\t\t\t\t<img fetchpriority=\"high\" decoding=\"async\" width=\"931\" height=\"924\" src=\"https:\/\/aidssh.al\/wp-content\/uploads\/2025\/06\/Gentiana-Sula-002.jpg\" class=\"attachment-full size-full wp-image-631\" alt=\"Gentiana Sula\" srcset=\"https:\/\/aidssh.al\/wp-content\/uploads\/2025\/06\/Gentiana-Sula-002.jpg 931w, https:\/\/aidssh.al\/wp-content\/uploads\/2025\/06\/Gentiana-Sula-002-300x298.jpg 300w, https:\/\/aidssh.al\/wp-content\/uploads\/2025\/06\/Gentiana-Sula-002-150x150.jpg 150w, https:\/\/aidssh.al\/wp-content\/uploads\/2025\/06\/Gentiana-Sula-002-768x762.jpg 768w, https:\/\/aidssh.al\/wp-content\/uploads\/2025\/06\/Gentiana-Sula-002-12x12.jpg 12w\" sizes=\"(max-width: 931px) 100vw, 931px\" \/>\t\t\t\t\t\t\t\t<\/a>\n\t\t\t\t\t\t\t\t\t\t\t<figcaption class=\"widget-image-caption wp-caption-text\"><a href=\"\/wp-content\/uploads\/2025\/06\/Kryetraja-short-biography.docx\" download>Download CV<\/a><\/figcaption>\n\t\t\t\t\t\t\t\t\t\t<\/figure>\n\t\t\t\t\t\t\t\t\t<\/div>\n\t\t\t\t<\/div>\n\t\t\t\t<div class=\"elementor-element elementor-element-cbb7c12 elementor-widget__width-initial elementor-widget elementor-widget-heading\" data-id=\"cbb7c12\" data-element_type=\"widget\" data-widget_type=\"heading.default\">\n\t\t\t\t<div class=\"elementor-widget-container\">\n\t\t\t\t\t<h2 class=\"elementor-heading-title elementor-size-default\"><span style=\"color: #f5821f\">Gentiana Sula<\/span> - Chairwomen of the Authority for Information on the Documents of the Former State Security<\/h2>\t\t\t\t<\/div>\n\t\t\t\t<\/div>\n\t\t\t\t<div class=\"elementor-element elementor-element-da5e6be elementor-widget elementor-widget-text-editor\" data-id=\"da5e6be\" data-element_type=\"widget\" data-widget_type=\"text-editor.default\">\n\t\t\t\t<div class=\"elementor-widget-container\">\n\t\t\t\t\t\t\t\t\t<div data-olk-copy-source=\"MessageBody\">Gentiana Sula has been the Chairwomen of the Authority for Information on the Former State Security Documents since its establishment in 2017. She served as Deputy Minister of Social Welfare and Youth (MMSR) from October 2013 to February 2016. As a recognized expert in the development of educational systems and the protection of human and children's rights, she was an active participant in the 1990s Student Movement for democracy.<\/div><div>\u00a0<\/div><div>During her mandate at the Ministry of Social Welfare and Youth, Gentiana contributed to reforms in education and employment, aiming to improve the connection between education and the labor market, the organization of vocational trades, and the promotion of employment for disadvantaged groups. Another important area was Transitional Justice, where she promoted policies for the moral and financial rehabilitation of former political prisoners, creating conditions for transparency regarding the crimes of the dictatorship, including the disappeared.<\/div><div>\u00a0<\/div><div>Gentiana represents Albania in the European Network of Remembrance and Solidarity. She has also worked for a long time with the World Bank and UNICEF, where she developed programs for the protection and integration of children deprived of parental care and contributed to educational reforms in Albania, Kosovo, North Macedonia, Uzbekistan, Georgia, and conflict-affected countries such as Yemen.<\/div><div>\u00a0<\/div><div>Gentiana Sula holds a Doctorate in Social Sciences from the Faculty of Social Sciences in Tirana and has completed advanced studies in biology, as well as earned a Master\u2019s degree in Business Administration. She has been honored with the \u201cGolden Gratitude\u201d by the Pan-Albanian Federation of America Vatra, the \u201cAppreciation Award\u201d from the European University of Tirana, and the \u201cAppreciation Award\u201d from the Patriotic Association \u00c7am\u00ebria.<\/div><div>\u00a0<\/div><div>Regarding her family history, Mrs. Sula expresses the following:<\/div><div>\u201cMy motivation in confronting the past is closely tied to the tragic events of my family\u2019s history. My grandfather, Sulejman Mara, experienced forced displacement, imprisonment, and died in prison at the age of 44, while his body has still not been found. This has deepened my sensitivity toward the lack of protection of human rights and the division of the population along political-ideological lines\u2014a situation that continues to this day.\u201d<\/div><div>\u00a0<\/div><div>My experience in the international arena, working with organizations such as UNICEF and the World Bank, has helped me understand the fundamental importance of protecting human rights and the need for social integration. My family's history is a continuous effort to contribute to a fairer and more equal future for all.<\/div>\t\t\t\t\t\t\t\t<\/div>\n\t\t\t\t<\/div>\n\t\t\t\t<\/div>\n\t\t<div class=\"elementor-element elementor-element-1ddd5c1 e-con-full e-flex e-con e-child\" data-id=\"1ddd5c1\" data-element_type=\"container\">\n\t\t\t\t<div class=\"elementor-element elementor-element-b1397e3 elementor-widget elementor-widget-heading\" data-id=\"b1397e3\" data-element_type=\"widget\" data-widget_type=\"heading.default\">\n\t\t\t\t<div class=\"elementor-widget-container\">\n\t\t\t\t\t<h2 class=\"elementor-heading-title elementor-size-default\">Posts of the Chairwomen<\/h2>\t\t\t\t<\/div>\n\t\t\t\t<\/div>\n\t\t\t\t<div class=\"elementor-element elementor-element-1156207 elementor-grid-1 elementor-posts--thumbnail-none elementor-grid-tablet-2 elementor-grid-mobile-1 elementor-widget elementor-widget-posts\" data-id=\"1156207\" data-element_type=\"widget\" data-settings=\"{&quot;classic_columns&quot;:&quot;1&quot;,&quot;classic_row_gap&quot;:{&quot;unit&quot;:&quot;px&quot;,&quot;size&quot;:20,&quot;sizes&quot;:[]},&quot;classic_columns_tablet&quot;:&quot;2&quot;,&quot;classic_columns_mobile&quot;:&quot;1&quot;,&quot;classic_row_gap_laptop&quot;:{&quot;unit&quot;:&quot;px&quot;,&quot;size&quot;:&quot;&quot;,&quot;sizes&quot;:[]},&quot;classic_row_gap_tablet&quot;:{&quot;unit&quot;:&quot;px&quot;,&quot;size&quot;:&quot;&quot;,&quot;sizes&quot;:[]},&quot;classic_row_gap_mobile&quot;:{&quot;unit&quot;:&quot;px&quot;,&quot;size&quot;:&quot;&quot;,&quot;sizes&quot;:[]}}\" data-widget_type=\"posts.classic\">\n\t\t\t\t<div class=\"elementor-widget-container\">\n\t\t\t\t\t\t\t<div class=\"elementor-posts-container elementor-posts elementor-posts--skin-classic elementor-grid\" role=\"list\">\n\t\t\t\t<article class=\"elementor-post elementor-grid-item post-12590 post type-post status-publish format-standard has-post-thumbnail hentry category-uncategorized category-fjalimet-e-kryetares tag-aidssh tag-gentiana-sula tag-icmp tag-kerkojme-te-zhdukurit\" role=\"listitem\">\n\t\t\t\t<div class=\"elementor-post__text\">\n\t\t\t\t<p class=\"elementor-post__title\">\n\t\t\t<a href=\"https:\/\/aidssh.al\/en\/%f0%9d%90%92%f0%9d%90%ae%f0%9d%90%a5%f0%9d%90%9a-%f0%9d%90%8f%f0%9d%90%ab%f0%9d%90%a8%f0%9d%90%a4%f0%9d%90%ae%f0%9d%90%ab%f0%9d%90%a8%f0%9d%90%ab%f0%9d%90%a2%f0%9d%90%9a-%f0%9d%90%ad%f0%9d%90%9e\/\">\n\t\t\t\t\ud835\udc12\ud835\udc2e\ud835\udc25\ud835\udc1a: \ud835\udc0f\ud835\udc2b\ud835\udc28\ud835\udc24\ud835\udc2e\ud835\udc2b\ud835\udc28\ud835\udc2b\ud835\udc22\ud835\udc1a \ud835\udc2d\ud835\udc1e\u0308 \ud835\udc26\ud835\udc1a\ud835\udc2b\ud835\udc2b\ud835\udc1e\u0308 \ud835\udc27\ud835\udc1e\u0308 \ud835\udc2c\ud835\udc21\ud835\udc2a\ud835\udc32\ud835\udc2b\ud835\udc2d\ud835\udc22\ud835\udc26 \ud835\udc20\ud835\udc23\ud835\udc1e\ud835\udc2d\ud835\udc23\ud835\udc1e\ud835\udc2d \u2013 \ud835\udc08\ud835\udc02\ud835\udc0c\ud835\udc0f \ud835\udc24\ud835\udc28\ud835\udc27\ud835\udc1f\ud835\udc22\ud835\udc2b\ud835\udc26\ud835\udc28\ud835\udc27 \ud835\udc26\ud835\udc1b\ud835\udc1e\ud835\udc2d\ud835\udc23\ud835\udc1e \ud835\udc26\ud835\udc28\ud835\udc2b\ud835\udc2d\ud835\udc28\ud835\udc2b\ud835\udc1e, \ud835\udc29\ud835\udc2b\ud835\udc28\ud835\udc2f\ud835\udc1a \ud835\udc2d\ud835\udc1e\u0308 \ud835\udc1f\ud835\udc28\ud835\udc2b\ud835\udc2d\ud835\udc1a \ud835\udc29\ud835\udc1e\u0308\ud835\udc2b \ud835\udc21\ud835\udc1e\ud835\udc2d\ud835\udc22\ud835\udc26\t\t\t<\/a>\n\t\t<\/p>\n\t\t\t\t<div class=\"elementor-post__meta-data\">\n\t\t\t\t\t<span class=\"elementor-post-date\">\n\t\t\t31\/03\/2026\t\t<\/span>\n\t\t\t\t<\/div>\n\t\t\t\t<div class=\"elementor-post__excerpt\">\n\t\t\t<p>&#8220;Sot sh\u00ebnojm\u00eb p\u00ebrmbylljen e nj\u00eb faze t\u00eb r\u00ebnd\u00ebsishme bashk\u00ebpunimi me ICMP, t\u00eb mb\u00ebshtetur nga Bashkimi<\/p>\n\t\t<\/div>\n\t\t\t\t<\/div>\n\t\t\t\t<\/article>\n\t\t\t\t<article class=\"elementor-post elementor-grid-item post-12077 post type-post status-publish format-standard has-post-thumbnail hentry category-fjalimet-e-kryetares tag-bashkia-divjake tag-gentiana-sula tag-internimet tag-leke-tasi\" role=\"listitem\">\n\t\t\t\t<div class=\"elementor-post__text\">\n\t\t\t\t<p class=\"elementor-post__title\">\n\t\t\t<a href=\"https:\/\/aidssh.al\/en\/%f0%9d%90%83%f0%9d%90%a2%f0%9d%90%a7%f0%9d%90%a3%f0%9d%90%a2%f0%9d%90%ad%f0%9d%90%9e%f0%9d%90%ad%f0%9d%90%a2-%f0%9d%90%a7%f0%9d%90%ae%f0%9d%90%a4-%f0%9d%90%a2%f0%9d%90%a7%f0%9d%90%ad%f0%9d%90%9e\/\">\n\t\t\t\tDinjitetit nuk internohet kurr\u00eb!\t\t\t<\/a>\n\t\t<\/p>\n\t\t\t\t<div class=\"elementor-post__meta-data\">\n\t\t\t\t\t<span class=\"elementor-post-date\">\n\t\t\t18\/02\/2026\t\t<\/span>\n\t\t\t\t<\/div>\n\t\t\t\t<div class=\"elementor-post__excerpt\">\n\t\t\t<p>Fjala e Kryetares s\u00eb Autoritet Dr. Gentiana Sula n\u00eb ceremonin\u00eb e nderimit p\u00ebr Lek\u00eb Tasit<\/p>\n\t\t<\/div>\n\t\t\t\t<\/div>\n\t\t\t\t<\/article>\n\t\t\t\t<article class=\"elementor-post elementor-grid-item post-11609 post type-post status-publish format-standard has-post-thumbnail hentry category-fjalimet-e-kryetares tag-autoriteti-i-dosjeve tag-gentiana-sula tag-hapjadosjevesekrete tag-ligjerata\" role=\"listitem\">\n\t\t\t\t<div class=\"elementor-post__text\">\n\t\t\t\t<p class=\"elementor-post__title\">\n\t\t\t<a href=\"https:\/\/aidssh.al\/en\/hapja-e-arkivave-te-diktatures-mes-represionit-dhe-pergjegjesise-akademike\/\">\n\t\t\t\tHapja e arkivave t\u00eb diktatur\u00ebs mes represionit dhe p\u00ebrgjegj\u00ebsis\u00eb akademike\t\t\t<\/a>\n\t\t<\/p>\n\t\t\t\t<div class=\"elementor-post__meta-data\">\n\t\t\t\t\t<span class=\"elementor-post-date\">\n\t\t\t24\/12\/2025\t\t<\/span>\n\t\t\t\t<\/div>\n\t\t\t\t<div class=\"elementor-post__excerpt\">\n\t\t\t<p>Ligj\u00ebrat\u00eb e Dr. Gentiana Sula, Kryetare e Autoriteti p\u00ebr Informimin mbi Dokumentet e ish-Sigurimit t\u00eb<\/p>\n\t\t<\/div>\n\t\t\t\t<\/div>\n\t\t\t\t<\/article>\n\t\t\t\t<\/div>\n\t\t\n\t\t\t\t\t\t<\/div>\n\t\t\t\t<\/div>\n\t\t\t\t<div class=\"elementor-element elementor-element-afed4c6 elementor-align-right elementor-widget elementor-widget-button\" data-id=\"afed4c6\" data-element_type=\"widget\" data-widget_type=\"button.default\">\n\t\t\t\t<div class=\"elementor-widget-container\">\n\t\t\t\t\t\t\t\t\t<div class=\"elementor-button-wrapper\">\n\t\t\t\t\t<a class=\"elementor-button elementor-button-link elementor-size-sm\" href=\"https:\/\/aidssh.al\/en\/category\/fjalimet-e-kryetares\/\">\n\t\t\t\t\t\t<span class=\"elementor-button-content-wrapper\">\n\t\t\t\t\t\t\t\t\t<span class=\"elementor-button-text\">More<\/span>\n\t\t\t\t\t<\/span>\n\t\t\t\t\t<\/a>\n\t\t\t\t<\/div>\n\t\t\t\t\t\t\t\t<\/div>\n\t\t\t\t<\/div>\n\t\t\t\t<div class=\"elementor-element elementor-element-a9ff21d elementor-widget elementor-widget-heading\" data-id=\"a9ff21d\" data-element_type=\"widget\" data-widget_type=\"heading.default\">\n\t\t\t\t<div class=\"elementor-widget-container\">\n\t\t\t\t\t<h2 class=\"elementor-heading-title elementor-size-default\">Contact the Chairwomen<\/h2>\t\t\t\t<\/div>\n\t\t\t\t<\/div>\n\t\t\t\t<div class=\"elementor-element elementor-element-fabaa5e elementor-button-align-center elementor-widget elementor-widget-form\" data-id=\"fabaa5e\" data-element_type=\"widget\" data-settings=\"{&quot;step_next_label&quot;:&quot;Next&quot;,&quot;step_previous_label&quot;:&quot;Previous&quot;,&quot;button_width&quot;:&quot;100&quot;,&quot;step_type&quot;:&quot;number_text&quot;,&quot;step_icon_shape&quot;:&quot;circle&quot;}\" data-widget_type=\"form.default\">\n\t\t\t\t<div class=\"elementor-widget-container\">\n\t\t\t\t\t\t\t<form class=\"elementor-form\" method=\"post\" name=\"Kontakto kryetarin\" aria-label=\"Kontakto kryetarin\" action=\"\">\n\t\t\t<input type=\"hidden\" name=\"post_id\" value=\"540\"\/>\n\t\t\t<input type=\"hidden\" name=\"form_id\" value=\"fabaa5e\"\/>\n\t\t\t<input type=\"hidden\" name=\"referer_title\" value=\"Gentiana Sula \u2013 Kryetare e AIDSSH q\u00eb Prej Vitit 2017\" \/>\n\n\t\t\t\t\t\t\t<input type=\"hidden\" name=\"queried_id\" value=\"540\"\/>\n\t\t\t\n\t\t\t<div class=\"elementor-form-fields-wrapper elementor-labels-above\">\n\t\t\t\t\t\t\t\t<div class=\"elementor-field-type-text elementor-field-group elementor-column elementor-field-group-name elementor-col-100\">\n\t\t\t\t\t\t\t\t\t\t\t\t<label for=\"form-field-name\" class=\"elementor-field-label\">\n\t\t\t\t\t\t\t\tName\t\t\t\t\t\t\t<\/label>\n\t\t\t\t\t\t\t\t\t\t\t\t\t\t<input size=\"1\" type=\"text\" name=\"form_fields[name]\" id=\"form-field-name\" class=\"elementor-field elementor-size-sm  elementor-field-textual\">\n\t\t\t\t\t\t\t\t\t\t\t<\/div>\n\t\t\t\t\t\t\t\t<div class=\"elementor-field-type-email elementor-field-group elementor-column elementor-field-group-email elementor-col-100 elementor-field-required elementor-mark-required\">\n\t\t\t\t\t\t\t\t\t\t\t\t<label for=\"form-field-email\" class=\"elementor-field-label\">\n\t\t\t\t\t\t\t\tEmail\t\t\t\t\t\t\t<\/label>\n\t\t\t\t\t\t\t\t\t\t\t\t\t\t<input size=\"1\" type=\"email\" name=\"form_fields[email]\" id=\"form-field-email\" class=\"elementor-field elementor-size-sm  elementor-field-textual\" required=\"required\">\n\t\t\t\t\t\t\t\t\t\t\t<\/div>\n\t\t\t\t\t\t\t\t<div class=\"elementor-field-type-textarea elementor-field-group elementor-column elementor-field-group-message elementor-col-100 elementor-field-required elementor-mark-required\">\n\t\t\t\t\t\t\t\t\t\t\t\t<label for=\"form-field-message\" class=\"elementor-field-label\">\n\t\t\t\t\t\t\t\tMessage\t\t\t\t\t\t\t<\/label>\n\t\t\t\t\t\t<textarea class=\"elementor-field-textual elementor-field  elementor-size-sm\" name=\"form_fields[message]\" id=\"form-field-message\" rows=\"3\" required=\"required\"><\/textarea>\t\t\t\t<\/div>\n\t\t\t\t\t\t\t\t<div class=\"elementor-field-group elementor-column elementor-field-type-submit elementor-col-100 e-form__buttons\">\n\t\t\t\t\t<button class=\"elementor-button elementor-size-sm\" type=\"submit\">\n\t\t\t\t\t\t<span class=\"elementor-button-content-wrapper\">\n\t\t\t\t\t\t\t\t\t\t\t\t\t\t\t\t\t\t\t\t\t\t<span class=\"elementor-button-text\">Send<\/span>\n\t\t\t\t\t\t\t\t\t\t\t\t\t<\/span>\n\t\t\t\t\t<\/button>\n\t\t\t\t<\/div>\n\t\t\t<\/div>\n\t\t<input type=\"hidden\" name=\"trp-form-language\" value=\"en\"\/><\/form>\n\t\t\t\t\t\t<\/div>\n\t\t\t\t<\/div>\n\t\t\t\t<\/div>\n\t\t\t\t<\/div>\n\t\t\t\t\t<\/div>\n\t\t\t\t<\/div>\n\t\t\t\t<\/div>","protected":false},"excerpt":{"rendered":"<p>Shkarko CV Gentiana Sula &#8211; Kryetare e Autoritetit p\u00ebr Informimin mbi Dokumentet e Ish-Sigurimit t\u00eb Shtetit Gentiana Sula \u00ebsht\u00eb kryetare e Autoritetit p\u00ebr Informimin mbi Dokumentet e Ish-Sigurimit t\u00eb Shtetit q\u00eb prej themelimit t\u00eb tij n\u00eb vitin 2017. Ajo ka sh\u00ebrbyer si Z\u00ebvend\u00ebsministre e Mir\u00ebqenies Sociale dhe Rinis\u00eb (MMSR) nga tetori i vitit 2013 deri [&hellip;]<\/p>","protected":false},"author":1,"featured_media":6852,"parent":13,"menu_order":0,"comment_status":"closed","ping_status":"closed","template":"","meta":{"_acf_changed":false,"footnotes":""},"class_list":["post-540","page","type-page","status-publish","has-post-thumbnail","hentry"],"acf":[],"_links":{"self":[{"href":"https:\/\/aidssh.al\/en\/wp-json\/wp\/v2\/pages\/540","targetHints":{"allow":["GET"]}}],"collection":[{"href":"https:\/\/aidssh.al\/en\/wp-json\/wp\/v2\/pages"}],"about":[{"href":"https:\/\/aidssh.al\/en\/wp-json\/wp\/v2\/types\/page"}],"author":[{"embeddable":true,"href":"https:\/\/aidssh.al\/en\/wp-json\/wp\/v2\/users\/1"}],"replies":[{"embeddable":true,"href":"https:\/\/aidssh.al\/en\/wp-json\/wp\/v2\/comments?post=540"}],"version-history":[{"count":0,"href":"https:\/\/aidssh.al\/en\/wp-json\/wp\/v2\/pages\/540\/revisions"}],"up":[{"embeddable":true,"href":"https:\/\/aidssh.al\/en\/wp-json\/wp\/v2\/pages\/13"}],"wp:featuredmedia":[{"embeddable":true,"href":"https:\/\/aidssh.al\/en\/wp-json\/wp\/v2\/media\/6852"}],"wp:attachment":[{"href":"https:\/\/aidssh.al\/en\/wp-json\/wp\/v2\/media?parent=540"}],"curies":[{"name":"wp","href":"https:\/\/api.w.org\/{rel}","templated":true}]}}