{"id":553,"date":"2025-06-10T12:19:12","date_gmt":"2025-06-10T10:19:12","guid":{"rendered":"https:\/\/aidssh.instant.al\/?page_id=553"},"modified":"2025-07-16T11:34:39","modified_gmt":"2025-07-16T09:34:39","slug":"formularet-e-aplikimeve","status":"publish","type":"page","link":"https:\/\/aidssh.al\/en\/ne-fokus\/formularet-e-aplikimeve\/","title":{"rendered":"Formular\u00ebt e Aplikimeve"},"content":{"rendered":"<div data-elementor-type=\"wp-page\" data-elementor-id=\"553\" class=\"elementor elementor-553\" data-elementor-post-type=\"page\">\n\t\t\t\t<div class=\"elementor-element elementor-element-7c0a7d9 e-con-full e-flex e-con e-parent\" data-id=\"7c0a7d9\" data-element_type=\"container\">\n\t\t\t\t<div class=\"elementor-element elementor-element-e4664e1 elementor-widget elementor-widget-template\" data-id=\"e4664e1\" data-element_type=\"widget\" data-widget_type=\"template.default\">\n\t\t\t\t<div class=\"elementor-widget-container\">\n\t\t\t\t\t\t\t<div class=\"elementor-template\">\n\t\t\t\t\t<div data-elementor-type=\"container\" data-elementor-id=\"866\" class=\"elementor elementor-866\" data-elementor-post-type=\"elementor_library\">\n\t\t\t\t<div class=\"elementor-element elementor-element-58c6923c e-flex e-con-boxed e-con e-parent\" data-id=\"58c6923c\" data-element_type=\"container\" data-settings=\"{&quot;background_background&quot;:&quot;classic&quot;}\">\n\t\t\t\t\t<div class=\"e-con-inner\">\n\t\t\t\t<div class=\"elementor-element elementor-element-3356bc54 elementor-widget elementor-widget-heading\" data-id=\"3356bc54\" data-element_type=\"widget\" data-widget_type=\"heading.default\">\n\t\t\t\t<div class=\"elementor-widget-container\">\n\t\t\t\t\t<h1 class=\"elementor-heading-title elementor-size-default\">Formular\u00ebt e Aplikimeve<\/h1>\t\t\t\t<\/div>\n\t\t\t\t<\/div>\n\t\t\t\t\t<\/div>\n\t\t\t\t<\/div>\n\t\t\t\t<\/div>\n\t\t\t\t<\/div>\n\t\t\t\t\t\t<\/div>\n\t\t\t\t<\/div>\n\t\t\t\t<\/div>\n\t\t<div class=\"elementor-element elementor-element-8bf2ad0 e-flex e-con-boxed e-con e-parent\" data-id=\"8bf2ad0\" data-element_type=\"container\">\n\t\t\t\t\t<div class=\"e-con-inner\">\n\t\t\t\t<div class=\"elementor-element elementor-element-318d623 elementor-align-left elementor-icon-list--layout-traditional elementor-list-item-link-full_width elementor-widget elementor-widget-icon-list\" data-id=\"318d623\" data-element_type=\"widget\" data-widget_type=\"icon-list.default\">\n\t\t\t\t<div class=\"elementor-widget-container\">\n\t\t\t\t\t\t\t<ul class=\"elementor-icon-list-items\">\n\t\t\t\t\t\t\t<li class=\"elementor-icon-list-item\">\n\t\t\t\t\t\t\t\t\t\t\t<a href=\"\/en\/qytetari\/formular-aplikimi-per-informim-te-individeve\/\">\n\n\t\t\t\t\t\t\t\t\t\t\t\t<span class=\"elementor-icon-list-icon\">\n\t\t\t\t\t\t\t<svg xmlns=\"http:\/\/www.w3.org\/2000\/svg\" width=\"800px\" height=\"800px\" viewbox=\"0 0 24 24\" fill=\"none\"><g id=\"SVGRepo_bgCarrier\" stroke-width=\"0\"><\/g><g id=\"SVGRepo_tracerCarrier\" stroke-linecap=\"round\" stroke-linejoin=\"round\"><\/g><g id=\"SVGRepo_iconCarrier\"><path d=\"M18.18 8.03933L18.6435 7.57589C19.4113 6.80804 20.6563 6.80804 21.4241 7.57589C22.192 8.34374 22.192 9.58868 21.4241 10.3565L20.9607 10.82M18.18 8.03933C18.18 8.03933 18.238 9.02414 19.1069 9.89309C19.9759 10.762 20.9607 10.82 20.9607 10.82M18.18 8.03933L13.9194 12.2999C13.6308 12.5885 13.4865 12.7328 13.3624 12.8919C13.2161 13.0796 13.0906 13.2827 12.9882 13.4975C12.9014 13.6797 12.8368 13.8732 12.7078 14.2604L12.2946 15.5L12.1609 15.901M20.9607 10.82L16.7001 15.0806C16.4115 15.3692 16.2672 15.5135 16.1081 15.6376C15.9204 15.7839 15.7173 15.9094 15.5025 16.0118C15.3203 16.0986 15.1268 16.1632 14.7396 16.2922L13.5 16.7054L13.099 16.8391M13.099 16.8391L12.6979 16.9728C12.5074 17.0363 12.2973 16.9867 12.1553 16.8447C12.0133 16.7027 11.9637 16.4926 12.0272 16.3021L12.1609 15.901M13.099 16.8391L12.1609 15.901\" stroke=\"#1c809d\" stroke-width=\"1.5\"><\/path><path d=\"M8 13H10.5\" stroke=\"#1c809d\" stroke-width=\"1.5\" stroke-linecap=\"round\"><\/path><path d=\"M8 9H14.5\" stroke=\"#1c809d\" stroke-width=\"1.5\" stroke-linecap=\"round\"><\/path><path d=\"M8 17H9.5\" stroke=\"#1c809d\" stroke-width=\"1.5\" stroke-linecap=\"round\"><\/path><path d=\"M19.8284 3.17157C18.6569 2 16.7712 2 13 2H11C7.22876 2 5.34315 2 4.17157 3.17157C3 4.34315 3 6.22876 3 10V14C3 17.7712 3 19.6569 4.17157 20.8284C5.34315 22 7.22876 22 11 22H13C16.7712 22 18.6569 22 19.8284 20.8284C20.7715 19.8853 20.9554 18.4796 20.9913 16\" stroke=\"#1c809d\" stroke-width=\"1.5\" stroke-linecap=\"round\"><\/path><\/g><\/svg>\t\t\t\t\t\t<\/span>\n\t\t\t\t\t\t\t\t\t\t<span class=\"elementor-icon-list-text\">Application form for individual information requests<\/span>\n\t\t\t\t\t\t\t\t\t\t\t<\/a>\n\t\t\t\t\t\t\t\t\t<\/li>\n\t\t\t\t\t\t\t\t<li class=\"elementor-icon-list-item\">\n\t\t\t\t\t\t\t\t\t\t\t<a href=\"\/en\/formular-aplikimi-per-informim-te-individeve-mbi-dokumentacionin-per-internim-debimet\/\">\n\n\t\t\t\t\t\t\t\t\t\t\t\t<span class=\"elementor-icon-list-icon\">\n\t\t\t\t\t\t\t<svg xmlns=\"http:\/\/www.w3.org\/2000\/svg\" width=\"800px\" height=\"800px\" viewbox=\"0 0 24 24\" fill=\"none\"><g id=\"SVGRepo_bgCarrier\" stroke-width=\"0\"><\/g><g id=\"SVGRepo_tracerCarrier\" stroke-linecap=\"round\" stroke-linejoin=\"round\"><\/g><g id=\"SVGRepo_iconCarrier\"><path d=\"M18.18 8.03933L18.6435 7.57589C19.4113 6.80804 20.6563 6.80804 21.4241 7.57589C22.192 8.34374 22.192 9.58868 21.4241 10.3565L20.9607 10.82M18.18 8.03933C18.18 8.03933 18.238 9.02414 19.1069 9.89309C19.9759 10.762 20.9607 10.82 20.9607 10.82M18.18 8.03933L13.9194 12.2999C13.6308 12.5885 13.4865 12.7328 13.3624 12.8919C13.2161 13.0796 13.0906 13.2827 12.9882 13.4975C12.9014 13.6797 12.8368 13.8732 12.7078 14.2604L12.2946 15.5L12.1609 15.901M20.9607 10.82L16.7001 15.0806C16.4115 15.3692 16.2672 15.5135 16.1081 15.6376C15.9204 15.7839 15.7173 15.9094 15.5025 16.0118C15.3203 16.0986 15.1268 16.1632 14.7396 16.2922L13.5 16.7054L13.099 16.8391M13.099 16.8391L12.6979 16.9728C12.5074 17.0363 12.2973 16.9867 12.1553 16.8447C12.0133 16.7027 11.9637 16.4926 12.0272 16.3021L12.1609 15.901M13.099 16.8391L12.1609 15.901\" stroke=\"#1c809d\" stroke-width=\"1.5\"><\/path><path d=\"M8 13H10.5\" stroke=\"#1c809d\" stroke-width=\"1.5\" stroke-linecap=\"round\"><\/path><path d=\"M8 9H14.5\" stroke=\"#1c809d\" stroke-width=\"1.5\" stroke-linecap=\"round\"><\/path><path d=\"M8 17H9.5\" stroke=\"#1c809d\" stroke-width=\"1.5\" stroke-linecap=\"round\"><\/path><path d=\"M19.8284 3.17157C18.6569 2 16.7712 2 13 2H11C7.22876 2 5.34315 2 4.17157 3.17157C3 4.34315 3 6.22876 3 10V14C3 17.7712 3 19.6569 4.17157 20.8284C5.34315 22 7.22876 22 11 22H13C16.7712 22 18.6569 22 19.8284 20.8284C20.7715 19.8853 20.9554 18.4796 20.9913 16\" stroke=\"#1c809d\" stroke-width=\"1.5\" stroke-linecap=\"round\"><\/path><\/g><\/svg>\t\t\t\t\t\t<\/span>\n\t\t\t\t\t\t\t\t\t\t<span class=\"elementor-icon-list-text\">Application form for individual information on documentation regarding internment and deportations<\/span>\n\t\t\t\t\t\t\t\t\t\t\t<\/a>\n\t\t\t\t\t\t\t\t\t<\/li>\n\t\t\t\t\t\t\t\t<li class=\"elementor-icon-list-item\">\n\t\t\t\t\t\t\t\t\t\t\t<a href=\"\/en\/formular-aplikimi-per-informimin-e-kerkesave-nga-cdo-person\/\">\n\n\t\t\t\t\t\t\t\t\t\t\t\t<span class=\"elementor-icon-list-icon\">\n\t\t\t\t\t\t\t<svg xmlns=\"http:\/\/www.w3.org\/2000\/svg\" width=\"800px\" height=\"800px\" viewbox=\"0 0 24 24\" fill=\"none\"><g id=\"SVGRepo_bgCarrier\" stroke-width=\"0\"><\/g><g id=\"SVGRepo_tracerCarrier\" stroke-linecap=\"round\" stroke-linejoin=\"round\"><\/g><g id=\"SVGRepo_iconCarrier\"><path d=\"M18.18 8.03933L18.6435 7.57589C19.4113 6.80804 20.6563 6.80804 21.4241 7.57589C22.192 8.34374 22.192 9.58868 21.4241 10.3565L20.9607 10.82M18.18 8.03933C18.18 8.03933 18.238 9.02414 19.1069 9.89309C19.9759 10.762 20.9607 10.82 20.9607 10.82M18.18 8.03933L13.9194 12.2999C13.6308 12.5885 13.4865 12.7328 13.3624 12.8919C13.2161 13.0796 13.0906 13.2827 12.9882 13.4975C12.9014 13.6797 12.8368 13.8732 12.7078 14.2604L12.2946 15.5L12.1609 15.901M20.9607 10.82L16.7001 15.0806C16.4115 15.3692 16.2672 15.5135 16.1081 15.6376C15.9204 15.7839 15.7173 15.9094 15.5025 16.0118C15.3203 16.0986 15.1268 16.1632 14.7396 16.2922L13.5 16.7054L13.099 16.8391M13.099 16.8391L12.6979 16.9728C12.5074 17.0363 12.2973 16.9867 12.1553 16.8447C12.0133 16.7027 11.9637 16.4926 12.0272 16.3021L12.1609 15.901M13.099 16.8391L12.1609 15.901\" stroke=\"#1c809d\" stroke-width=\"1.5\"><\/path><path d=\"M8 13H10.5\" stroke=\"#1c809d\" stroke-width=\"1.5\" stroke-linecap=\"round\"><\/path><path d=\"M8 9H14.5\" stroke=\"#1c809d\" stroke-width=\"1.5\" stroke-linecap=\"round\"><\/path><path d=\"M8 17H9.5\" stroke=\"#1c809d\" stroke-width=\"1.5\" stroke-linecap=\"round\"><\/path><path d=\"M19.8284 3.17157C18.6569 2 16.7712 2 13 2H11C7.22876 2 5.34315 2 4.17157 3.17157C3 4.34315 3 6.22876 3 10V14C3 17.7712 3 19.6569 4.17157 20.8284C5.34315 22 7.22876 22 11 22H13C16.7712 22 18.6569 22 19.8284 20.8284C20.7715 19.8853 20.9554 18.4796 20.9913 16\" stroke=\"#1c809d\" stroke-width=\"1.5\" stroke-linecap=\"round\"><\/path><\/g><\/svg>\t\t\t\t\t\t<\/span>\n\t\t\t\t\t\t\t\t\t\t<span class=\"elementor-icon-list-text\">Application form for information requests by any person<\/span>\n\t\t\t\t\t\t\t\t\t\t\t<\/a>\n\t\t\t\t\t\t\t\t\t<\/li>\n\t\t\t\t\t\t\t\t<li class=\"elementor-icon-list-item\">\n\t\t\t\t\t\t\t\t\t\t\t<a href=\"\/en\/formular-aplikimi-per-kerkues-per-qellime-kerkimore-shkencore-institucion-media-studiues\/\">\n\n\t\t\t\t\t\t\t\t\t\t\t\t<span class=\"elementor-icon-list-icon\">\n\t\t\t\t\t\t\t<svg xmlns=\"http:\/\/www.w3.org\/2000\/svg\" width=\"800px\" height=\"800px\" viewbox=\"0 0 24 24\" fill=\"none\"><g id=\"SVGRepo_bgCarrier\" stroke-width=\"0\"><\/g><g id=\"SVGRepo_tracerCarrier\" stroke-linecap=\"round\" stroke-linejoin=\"round\"><\/g><g id=\"SVGRepo_iconCarrier\"><path d=\"M18.18 8.03933L18.6435 7.57589C19.4113 6.80804 20.6563 6.80804 21.4241 7.57589C22.192 8.34374 22.192 9.58868 21.4241 10.3565L20.9607 10.82M18.18 8.03933C18.18 8.03933 18.238 9.02414 19.1069 9.89309C19.9759 10.762 20.9607 10.82 20.9607 10.82M18.18 8.03933L13.9194 12.2999C13.6308 12.5885 13.4865 12.7328 13.3624 12.8919C13.2161 13.0796 13.0906 13.2827 12.9882 13.4975C12.9014 13.6797 12.8368 13.8732 12.7078 14.2604L12.2946 15.5L12.1609 15.901M20.9607 10.82L16.7001 15.0806C16.4115 15.3692 16.2672 15.5135 16.1081 15.6376C15.9204 15.7839 15.7173 15.9094 15.5025 16.0118C15.3203 16.0986 15.1268 16.1632 14.7396 16.2922L13.5 16.7054L13.099 16.8391M13.099 16.8391L12.6979 16.9728C12.5074 17.0363 12.2973 16.9867 12.1553 16.8447C12.0133 16.7027 11.9637 16.4926 12.0272 16.3021L12.1609 15.901M13.099 16.8391L12.1609 15.901\" stroke=\"#1c809d\" stroke-width=\"1.5\"><\/path><path d=\"M8 13H10.5\" stroke=\"#1c809d\" stroke-width=\"1.5\" stroke-linecap=\"round\"><\/path><path d=\"M8 9H14.5\" stroke=\"#1c809d\" stroke-width=\"1.5\" stroke-linecap=\"round\"><\/path><path d=\"M8 17H9.5\" stroke=\"#1c809d\" stroke-width=\"1.5\" stroke-linecap=\"round\"><\/path><path d=\"M19.8284 3.17157C18.6569 2 16.7712 2 13 2H11C7.22876 2 5.34315 2 4.17157 3.17157C3 4.34315 3 6.22876 3 10V14C3 17.7712 3 19.6569 4.17157 20.8284C5.34315 22 7.22876 22 11 22H13C16.7712 22 18.6569 22 19.8284 20.8284C20.7715 19.8853 20.9554 18.4796 20.9913 16\" stroke=\"#1c809d\" stroke-width=\"1.5\" stroke-linecap=\"round\"><\/path><\/g><\/svg>\t\t\t\t\t\t<\/span>\n\t\t\t\t\t\t\t\t\t\t<span class=\"elementor-icon-list-text\">Application form for researchers for scientific research purposes, institution\/media\/researcher<\/span>\n\t\t\t\t\t\t\t\t\t\t\t<\/a>\n\t\t\t\t\t\t\t\t\t<\/li>\n\t\t\t\t\t\t\t\t<li class=\"elementor-icon-list-item\">\n\t\t\t\t\t\t\t\t\t\t\t<a href=\"\/en\/formular-aplikimi-per-informim-per-zyrtaret-perpara-emerimit-ngritjes-ne-detyre-zgjedhjes-ne-poste-te-larta-procesin-e-vetingut\/\">\n\n\t\t\t\t\t\t\t\t\t\t\t\t<span class=\"elementor-icon-list-icon\">\n\t\t\t\t\t\t\t<svg xmlns=\"http:\/\/www.w3.org\/2000\/svg\" width=\"800px\" height=\"800px\" viewbox=\"0 0 24 24\" fill=\"none\"><g id=\"SVGRepo_bgCarrier\" stroke-width=\"0\"><\/g><g id=\"SVGRepo_tracerCarrier\" stroke-linecap=\"round\" stroke-linejoin=\"round\"><\/g><g id=\"SVGRepo_iconCarrier\"><path d=\"M18.18 8.03933L18.6435 7.57589C19.4113 6.80804 20.6563 6.80804 21.4241 7.57589C22.192 8.34374 22.192 9.58868 21.4241 10.3565L20.9607 10.82M18.18 8.03933C18.18 8.03933 18.238 9.02414 19.1069 9.89309C19.9759 10.762 20.9607 10.82 20.9607 10.82M18.18 8.03933L13.9194 12.2999C13.6308 12.5885 13.4865 12.7328 13.3624 12.8919C13.2161 13.0796 13.0906 13.2827 12.9882 13.4975C12.9014 13.6797 12.8368 13.8732 12.7078 14.2604L12.2946 15.5L12.1609 15.901M20.9607 10.82L16.7001 15.0806C16.4115 15.3692 16.2672 15.5135 16.1081 15.6376C15.9204 15.7839 15.7173 15.9094 15.5025 16.0118C15.3203 16.0986 15.1268 16.1632 14.7396 16.2922L13.5 16.7054L13.099 16.8391M13.099 16.8391L12.6979 16.9728C12.5074 17.0363 12.2973 16.9867 12.1553 16.8447C12.0133 16.7027 11.9637 16.4926 12.0272 16.3021L12.1609 15.901M13.099 16.8391L12.1609 15.901\" stroke=\"#1c809d\" stroke-width=\"1.5\"><\/path><path d=\"M8 13H10.5\" stroke=\"#1c809d\" stroke-width=\"1.5\" stroke-linecap=\"round\"><\/path><path d=\"M8 9H14.5\" stroke=\"#1c809d\" stroke-width=\"1.5\" stroke-linecap=\"round\"><\/path><path d=\"M8 17H9.5\" stroke=\"#1c809d\" stroke-width=\"1.5\" stroke-linecap=\"round\"><\/path><path d=\"M19.8284 3.17157C18.6569 2 16.7712 2 13 2H11C7.22876 2 5.34315 2 4.17157 3.17157C3 4.34315 3 6.22876 3 10V14C3 17.7712 3 19.6569 4.17157 20.8284C5.34315 22 7.22876 22 11 22H13C16.7712 22 18.6569 22 19.8284 20.8284C20.7715 19.8853 20.9554 18.4796 20.9913 16\" stroke=\"#1c809d\" stroke-width=\"1.5\" stroke-linecap=\"round\"><\/path><\/g><\/svg>\t\t\t\t\t\t<\/span>\n\t\t\t\t\t\t\t\t\t\t<span class=\"elementor-icon-list-text\">Application form for information on officials before appointment\/promotion\/election to high positions\/vetting process<\/span>\n\t\t\t\t\t\t\t\t\t\t\t<\/a>\n\t\t\t\t\t\t\t\t\t<\/li>\n\t\t\t\t\t\t\t\t<li class=\"elementor-icon-list-item\">\n\t\t\t\t\t\t\t\t\t\t\t<a href=\"\/en\/te-zhdukurit\/formular-aplikimi-per-informim-te-te-vdekurve-apo-te-te-zhdukurve\/\">\n\n\t\t\t\t\t\t\t\t\t\t\t\t<span class=\"elementor-icon-list-icon\">\n\t\t\t\t\t\t\t<svg xmlns=\"http:\/\/www.w3.org\/2000\/svg\" width=\"800px\" height=\"800px\" viewbox=\"0 0 24 24\" fill=\"none\"><g id=\"SVGRepo_bgCarrier\" stroke-width=\"0\"><\/g><g id=\"SVGRepo_tracerCarrier\" stroke-linecap=\"round\" stroke-linejoin=\"round\"><\/g><g id=\"SVGRepo_iconCarrier\"><path d=\"M18.18 8.03933L18.6435 7.57589C19.4113 6.80804 20.6563 6.80804 21.4241 7.57589C22.192 8.34374 22.192 9.58868 21.4241 10.3565L20.9607 10.82M18.18 8.03933C18.18 8.03933 18.238 9.02414 19.1069 9.89309C19.9759 10.762 20.9607 10.82 20.9607 10.82M18.18 8.03933L13.9194 12.2999C13.6308 12.5885 13.4865 12.7328 13.3624 12.8919C13.2161 13.0796 13.0906 13.2827 12.9882 13.4975C12.9014 13.6797 12.8368 13.8732 12.7078 14.2604L12.2946 15.5L12.1609 15.901M20.9607 10.82L16.7001 15.0806C16.4115 15.3692 16.2672 15.5135 16.1081 15.6376C15.9204 15.7839 15.7173 15.9094 15.5025 16.0118C15.3203 16.0986 15.1268 16.1632 14.7396 16.2922L13.5 16.7054L13.099 16.8391M13.099 16.8391L12.6979 16.9728C12.5074 17.0363 12.2973 16.9867 12.1553 16.8447C12.0133 16.7027 11.9637 16.4926 12.0272 16.3021L12.1609 15.901M13.099 16.8391L12.1609 15.901\" stroke=\"#1c809d\" stroke-width=\"1.5\"><\/path><path d=\"M8 13H10.5\" stroke=\"#1c809d\" stroke-width=\"1.5\" stroke-linecap=\"round\"><\/path><path d=\"M8 9H14.5\" stroke=\"#1c809d\" stroke-width=\"1.5\" stroke-linecap=\"round\"><\/path><path d=\"M8 17H9.5\" stroke=\"#1c809d\" stroke-width=\"1.5\" stroke-linecap=\"round\"><\/path><path d=\"M19.8284 3.17157C18.6569 2 16.7712 2 13 2H11C7.22876 2 5.34315 2 4.17157 3.17157C3 4.34315 3 6.22876 3 10V14C3 17.7712 3 19.6569 4.17157 20.8284C5.34315 22 7.22876 22 11 22H13C16.7712 22 18.6569 22 19.8284 20.8284C20.7715 19.8853 20.9554 18.4796 20.9913 16\" stroke=\"#1c809d\" stroke-width=\"1.5\" stroke-linecap=\"round\"><\/path><\/g><\/svg>\t\t\t\t\t\t<\/span>\n\t\t\t\t\t\t\t\t\t\t<span class=\"elementor-icon-list-text\">Application Form for Information on the Deceased or the Missing<\/span>\n\t\t\t\t\t\t\t\t\t\t\t<\/a>\n\t\t\t\t\t\t\t\t\t<\/li>\n\t\t\t\t\t\t<\/ul>\n\t\t\t\t\t\t<\/div>\n\t\t\t\t<\/div>\n\t\t\t\t\t<\/div>\n\t\t\t\t<\/div>\n\t\t\t\t<\/div>","protected":false},"excerpt":{"rendered":"<p>Formular aplikimi p\u00ebr informim t\u00eb individ\u00ebve Formular aplikimi p\u00ebr informim t\u00eb individ\u00ebve mbi dokumentacionin p\u00ebr internim d\u00ebbimet Formular aplikimi p\u00ebr informimin e kerkesave nga \u00e7do person Formular aplikimi p\u00ebr k\u00ebrkues p\u00ebr q\u00ebllime k\u00ebrkimore-shkencore, institucion\/media\/Studiues Formular aplikimi p\u00ebr informim p\u00ebr zyrtar\u00ebt p\u00ebrpara em\u00ebrimit\/ngritjes n\u00eb detyr\u00eb\/zgjedhjes n\u00eb poste t\u00eb larta\/procesin e vetingut Formular Aplikimi p\u00ebr Informim t\u00eb [&hellip;]<\/p>","protected":false},"author":1,"featured_media":6852,"parent":994,"menu_order":0,"comment_status":"closed","ping_status":"closed","template":"","meta":{"_acf_changed":false,"footnotes":""},"class_list":["post-553","page","type-page","status-publish","has-post-thumbnail","hentry"],"acf":[],"_links":{"self":[{"href":"https:\/\/aidssh.al\/en\/wp-json\/wp\/v2\/pages\/553","targetHints":{"allow":["GET"]}}],"collection":[{"href":"https:\/\/aidssh.al\/en\/wp-json\/wp\/v2\/pages"}],"about":[{"href":"https:\/\/aidssh.al\/en\/wp-json\/wp\/v2\/types\/page"}],"author":[{"embeddable":true,"href":"https:\/\/aidssh.al\/en\/wp-json\/wp\/v2\/users\/1"}],"replies":[{"embeddable":true,"href":"https:\/\/aidssh.al\/en\/wp-json\/wp\/v2\/comments?post=553"}],"version-history":[{"count":0,"href":"https:\/\/aidssh.al\/en\/wp-json\/wp\/v2\/pages\/553\/revisions"}],"up":[{"embeddable":true,"href":"https:\/\/aidssh.al\/en\/wp-json\/wp\/v2\/pages\/994"}],"wp:featuredmedia":[{"embeddable":true,"href":"https:\/\/aidssh.al\/en\/wp-json\/wp\/v2\/media\/6852"}],"wp:attachment":[{"href":"https:\/\/aidssh.al\/en\/wp-json\/wp\/v2\/media?parent=553"}],"curies":[{"name":"wp","href":"https:\/\/api.w.org\/{rel}","templated":true}]}}