{"id":567,"date":"2025-06-10T12:21:30","date_gmt":"2025-06-10T10:21:30","guid":{"rendered":"https:\/\/aidssh.instant.al\/?page_id=567"},"modified":"2025-07-30T14:42:00","modified_gmt":"2025-07-30T12:42:00","slug":"fonde-arkivore","status":"publish","type":"page","link":"https:\/\/aidssh.al\/en\/arkivi\/fonde-arkivore\/","title":{"rendered":"Archival Funds"},"content":{"rendered":"<div data-elementor-type=\"wp-page\" data-elementor-id=\"567\" class=\"elementor elementor-567\" data-elementor-post-type=\"page\">\n\t\t\t\t<div class=\"elementor-element elementor-element-8a7d218 e-con-full e-flex e-con e-parent\" data-id=\"8a7d218\" data-element_type=\"container\">\n\t\t\t\t<div class=\"elementor-element elementor-element-050e4a0 elementor-widget elementor-widget-template\" data-id=\"050e4a0\" data-element_type=\"widget\" data-widget_type=\"template.default\">\n\t\t\t\t<div class=\"elementor-widget-container\">\n\t\t\t\t\t\t\t<div class=\"elementor-template\">\n\t\t\t\t\t<div data-elementor-type=\"container\" data-elementor-id=\"866\" class=\"elementor elementor-866\" data-elementor-post-type=\"elementor_library\">\n\t\t\t\t<div class=\"elementor-element elementor-element-58c6923c e-flex e-con-boxed e-con e-parent\" data-id=\"58c6923c\" data-element_type=\"container\" data-settings=\"{&quot;background_background&quot;:&quot;classic&quot;}\">\n\t\t\t\t\t<div class=\"e-con-inner\">\n\t\t\t\t<div class=\"elementor-element elementor-element-3356bc54 elementor-widget elementor-widget-heading\" data-id=\"3356bc54\" data-element_type=\"widget\" data-widget_type=\"heading.default\">\n\t\t\t\t<div class=\"elementor-widget-container\">\n\t\t\t\t\t<h1 class=\"elementor-heading-title elementor-size-default\">Archival Funds<\/h1>\t\t\t\t<\/div>\n\t\t\t\t<\/div>\n\t\t\t\t\t<\/div>\n\t\t\t\t<\/div>\n\t\t\t\t<\/div>\n\t\t\t\t<\/div>\n\t\t\t\t\t\t<\/div>\n\t\t\t\t<\/div>\n\t\t\t\t<\/div>\n\t\t<div class=\"elementor-element elementor-element-1580830 e-flex e-con-boxed e-con e-parent\" data-id=\"1580830\" data-element_type=\"container\">\n\t\t\t\t\t<div class=\"e-con-inner\">\n\t\t\t\t<div class=\"elementor-element elementor-element-b5d5796 e-n-tabs-mobile elementor-widget elementor-widget-n-tabs\" data-id=\"b5d5796\" data-element_type=\"widget\" data-settings=\"{&quot;tabs_justify_horizontal&quot;:&quot;stretch&quot;,&quot;horizontal_scroll_mobile&quot;:&quot;disable&quot;,&quot;horizontal_scroll&quot;:&quot;disable&quot;}\" data-widget_type=\"nested-tabs.default\">\n\t\t\t\t<div class=\"elementor-widget-container\">\n\t\t\t\t\t\t\t<div class=\"e-n-tabs\" data-widget-number=\"190666646\" aria-label=\"Tabs. Open items with Enter or Space, close with Escape and navigate using the Arrow keys.\">\n\t\t\t<div class=\"e-n-tabs-heading\" role=\"tablist\">\n\t\t\t\t\t<button id=\"e-n-tab-title-1906666461\" class=\"e-n-tab-title\" aria-selected=\"true\" data-tab-index=\"1\" role=\"tab\" tabindex=\"0\" aria-controls=\"e-n-tab-content-1906666461\" style=\"--n-tabs-title-order: 1;\">\n\t\t\t\t\t\t<span class=\"e-n-tab-title-text\">\n\t\t\t\tArchival funds inherited from the Ministry of Interior\t\t\t<\/span>\n\t\t<\/button>\n\t\t\t\t<button id=\"e-n-tab-title-1906666462\" class=\"e-n-tab-title\" aria-selected=\"false\" data-tab-index=\"2\" role=\"tab\" tabindex=\"-1\" aria-controls=\"e-n-tab-content-1906666462\" style=\"--n-tabs-title-order: 2;\">\n\t\t\t\t\t\t<span class=\"e-n-tab-title-text\">\n\t\t\t\tArchival funds inherited from SHISH\t\t\t<\/span>\n\t\t<\/button>\n\t\t\t\t\t<\/div>\n\t\t\t<div class=\"e-n-tabs-content\">\n\t\t\t\t<div id=\"e-n-tab-content-1906666461\" role=\"tabpanel\" aria-labelledby=\"e-n-tab-title-1906666461\" data-tab-index=\"1\" style=\"--n-tabs-title-order: 1;\" class=\"e-active elementor-element elementor-element-fb5f274 e-con-full e-flex e-con e-child\" data-id=\"fb5f274\" data-element_type=\"container\">\n\t\t\t\t<div class=\"elementor-element elementor-element-4be5379 elementor-widget elementor-widget-heading\" data-id=\"4be5379\" data-element_type=\"widget\" data-widget_type=\"heading.default\">\n\t\t\t\t<div class=\"elementor-widget-container\">\n\t\t\t\t\t<h3 class=\"elementor-heading-title elementor-size-default\">FIRST DIRECTORY OF STATE SECURITY:<\/h3>\t\t\t\t<\/div>\n\t\t\t\t<\/div>\n\t\t\t\t<div class=\"elementor-element elementor-element-0f59937 elementor-widget elementor-widget-text-editor\" data-id=\"0f59937\" data-element_type=\"widget\" data-widget_type=\"text-editor.default\">\n\t\t\t\t<div class=\"elementor-widget-container\">\n\t\t\t\t\t\t\t\t\t<p>Fund Number: 4<br \/>Time Limits: 1944-1991<br \/>Number of Files: 8488<br \/>Media: Inventory of physical and electronic files<br \/>Method of storage: original documents, digitized and microfilm<br \/>Language: Albanian<br \/>Classification Level: Fully Declassified<\/p>\t\t\t\t\t\t\t\t<\/div>\n\t\t\t\t<\/div>\n\t\t\t\t<div class=\"elementor-element elementor-element-de86153 elementor-widget elementor-widget-heading\" data-id=\"de86153\" data-element_type=\"widget\" data-widget_type=\"heading.default\">\n\t\t\t\t<div class=\"elementor-widget-container\">\n\t\t\t\t\t<h3 class=\"elementor-heading-title elementor-size-default\">SECOND DIRECTORY OF STATE SECURITY:<\/h3>\t\t\t\t<\/div>\n\t\t\t\t<\/div>\n\t\t\t\t<div class=\"elementor-element elementor-element-80ffc0a elementor-widget elementor-widget-text-editor\" data-id=\"80ffc0a\" data-element_type=\"widget\" data-widget_type=\"text-editor.default\">\n\t\t\t\t<div class=\"elementor-widget-container\">\n\t\t\t\t\t\t\t\t\t<p>Fund Number: 134<br \/>Time Limits: 1955-1991<br \/>Number of Files: 859<br \/>Media: Inventory of physical and electronic files<br \/>Method of storage: original documents, digitized and microfilm<br \/>Language used: Albanian<br \/>Classification Level: Fully Declassified<\/p><p><em>This archive includes documents that reflect the activities of the former Second Directorate of State Security. This directorate was one of the three directorates of the former State Security. Until 1962, it was at the branch level within the State Security Directorate. In the years 1962 - 1966, it was known as the Third Directorate of State Security. In the years 1966 - 1991, it was the Second Directorate of State Security and finally, in the years 1991 - 1992, it was known as the Directorate of Personalities Protection.<\/em><\/p>\t\t\t\t\t\t\t\t<\/div>\n\t\t\t\t<\/div>\n\t\t\t\t<div class=\"elementor-element elementor-element-91e91d9 elementor-widget elementor-widget-heading\" data-id=\"91e91d9\" data-element_type=\"widget\" data-widget_type=\"heading.default\">\n\t\t\t\t<div class=\"elementor-widget-container\">\n\t\t\t\t\t<h3 class=\"elementor-heading-title elementor-size-default\">THIRD DIRECTORATE OF STATE SECURITY (political intelligence):<\/h3>\t\t\t\t<\/div>\n\t\t\t\t<\/div>\n\t\t\t\t<div class=\"elementor-element elementor-element-ddc6db9 elementor-widget elementor-widget-text-editor\" data-id=\"ddc6db9\" data-element_type=\"widget\" data-widget_type=\"text-editor.default\">\n\t\t\t\t<div class=\"elementor-widget-container\">\n\t\t\t\t\t\t\t\t\t<p>Fund Number: 6<br \/>Time Limits: 1945-1975<br \/>Number of Files: 997<br \/>Information Means: File Inventory<br \/>Method of Storage: Original Documents and Microfilm<br \/>Language used: Albanian<br \/>Classification Level: Secret, Top Secret<br \/>Declassification (Decision of the State Security Council, noted when the status changes)<\/p><p><em>This archival fund includes documents that reflect the activity of the former Third Directorate of State Security during the period 1945-1975. The fund contains administrative documents such as reports, relations, letters, radiograms, etc. on the agent activity that was carried out against our country abroad as well as other problems subject to intelligence.<\/em><\/p>\t\t\t\t\t\t\t\t<\/div>\n\t\t\t\t<\/div>\n\t\t\t\t<div class=\"elementor-element elementor-element-a9b89bc elementor-widget elementor-widget-heading\" data-id=\"a9b89bc\" data-element_type=\"widget\" data-widget_type=\"heading.default\">\n\t\t\t\t<div class=\"elementor-widget-container\">\n\t\t\t\t\t<h3 class=\"elementor-heading-title elementor-size-default\">INVESTIGATIVE-COURT FILES:<\/h3>\t\t\t\t<\/div>\n\t\t\t\t<\/div>\n\t\t\t\t<div class=\"elementor-element elementor-element-e3e04d2 elementor-widget elementor-widget-text-editor\" data-id=\"e3e04d2\" data-element_type=\"widget\" data-widget_type=\"text-editor.default\">\n\t\t\t\t<div class=\"elementor-widget-container\">\n\t\t\t\t\t\t\t\t\t<p>Fund Number: 1<br \/>Time Limits: 1945-1991<br \/>Number of files: 13968<br \/>Information Means: File Inventory<br \/>Method of Storage: Original Documents and Microfilm<br \/>Language used: Albanian<\/p><p><em>This archival fund contains investigation and trial files of various citizens who have been accused of the crimes of \u201cenemy of the people\u201d, \u201cagitation and propaganda\u201d, \u201ctreason against the homeland\u201d, \u201cespionage\u201d, etc.<\/em><\/p>\t\t\t\t\t\t\t\t<\/div>\n\t\t\t\t<\/div>\n\t\t\t\t<div class=\"elementor-element elementor-element-306b4af elementor-widget elementor-widget-heading\" data-id=\"306b4af\" data-element_type=\"widget\" data-widget_type=\"heading.default\">\n\t\t\t\t<div class=\"elementor-widget-container\">\n\t\t\t\t\t<h3 class=\"elementor-heading-title elementor-size-default\">FUND NO. 49, INVESTIGATION BRANCH:<\/h3>\t\t\t\t<\/div>\n\t\t\t\t<\/div>\n\t\t\t\t<div class=\"elementor-element elementor-element-1d644d9 elementor-widget elementor-widget-text-editor\" data-id=\"1d644d9\" data-element_type=\"widget\" data-widget_type=\"text-editor.default\">\n\t\t\t\t<div class=\"elementor-widget-container\">\n\t\t\t\t\t\t\t\t\t<p>Fund number: 49<br \/>Time limits: 1950-1973<br \/>Number of files: 172 archival units<br \/>Number of sheets: 3929 sheets<br \/>Information tools: Physical inventory and electronic inventory<br \/>Processing structure: Division according to chronology-activity criterion<br \/>Type of document used: Original and digitized<br \/>Status: Open archival fund<br \/>Classification level: Fully declassified archival fund<\/p>\t\t\t\t\t\t\t\t<\/div>\n\t\t\t\t<\/div>\n\t\t\t\t<div class=\"elementor-element elementor-element-6892b88 elementor-widget elementor-widget-heading\" data-id=\"6892b88\" data-element_type=\"widget\" data-widget_type=\"heading.default\">\n\t\t\t\t<div class=\"elementor-widget-container\">\n\t\t\t\t\t<h3 class=\"elementor-heading-title elementor-size-default\">FUND OF THE SECURITY BRANCH OF THE DEPARTMENT 8001 SHKOD\u00cbR (1969-1991):<\/h3>\t\t\t\t<\/div>\n\t\t\t\t<\/div>\n\t\t\t\t<div class=\"elementor-element elementor-element-84e3efe elementor-widget elementor-widget-text-editor\" data-id=\"84e3efe\" data-element_type=\"widget\" data-widget_type=\"text-editor.default\">\n\t\t\t\t<div class=\"elementor-widget-container\">\n\t\t\t\t\t\t\t\t\t<p>Fund number: 33<br \/>Time limits: 1969 \u2013 1991\u00a0<br \/>Number of files: 268 archival units<br \/>Number of sheets: 5,736 sheets\u00a0<br \/>Information tools: Fund inventory electronic and physical<br \/>Type of document used: original and digitized<br \/>Status: Open archive fund<br \/>Classification level: Fully declassified archival fund<\/p>\t\t\t\t\t\t\t\t<\/div>\n\t\t\t\t<\/div>\n\t\t\t\t<div class=\"elementor-element elementor-element-06cac9d elementor-widget elementor-widget-heading\" data-id=\"06cac9d\" data-element_type=\"widget\" data-widget_type=\"heading.default\">\n\t\t\t\t<div class=\"elementor-widget-container\">\n\t\t\t\t\t<h3 class=\"elementor-heading-title elementor-size-default\">FUND NO. 132, OIL INSURANCE BRANCH:<\/h3>\t\t\t\t<\/div>\n\t\t\t\t<\/div>\n\t\t\t\t<div class=\"elementor-element elementor-element-9de77e3 elementor-widget elementor-widget-text-editor\" data-id=\"9de77e3\" data-element_type=\"widget\" data-widget_type=\"text-editor.default\">\n\t\t\t\t<div class=\"elementor-widget-container\">\n\t\t\t\t\t\t\t\t\t<p>Fund number: 132<br \/>Time limits: 1950-1984<br \/>Number of files: 413 archive units<br \/>Number of sheets: 5685 sheets<br \/>Information tools: Physical inventory and electronic inventory<br \/>Processing structure: Division according to chronology-activity criterion<br \/>Type of document used: Original and digitized<br \/>Status: Open archive fund<br \/>Classification level: Fully declassified archive fund<\/p>\t\t\t\t\t\t\t\t<\/div>\n\t\t\t\t<\/div>\n\t\t\t\t<div class=\"elementor-element elementor-element-e486b2f elementor-widget elementor-widget-heading\" data-id=\"e486b2f\" data-element_type=\"widget\" data-widget_type=\"heading.default\">\n\t\t\t\t<div class=\"elementor-widget-container\">\n\t\t\t\t\t<h3 class=\"elementor-heading-title elementor-size-default\">FUND NO. 142, OPERATIVE COMMUNICATIONS (1949-1991):<\/h3>\t\t\t\t<\/div>\n\t\t\t\t<\/div>\n\t\t\t\t<div class=\"elementor-element elementor-element-8c84e5e elementor-widget elementor-widget-text-editor\" data-id=\"8c84e5e\" data-element_type=\"widget\" data-widget_type=\"text-editor.default\">\n\t\t\t\t<div class=\"elementor-widget-container\">\n\t\t\t\t\t\t\t\t\t<p>In this archive fund, official announcements are administered through the press, for events that occurred or actions performed, which were not published in the Internal Affairs Bodies as a rule. Such were the daily communiqu\u00e9s, i.e. extraordinary events that occurred within 24 hours.\u00a0<\/p><p>Time limits: 1949-1991<br \/>Number of files: 195 archival units<br \/>Number of sheets: 45,305 sheets<br \/>Information means: Electronic inventory<br \/>Processing structure: Division according to chronological criteria<br \/>Type of document used: Digitized<br \/>Status: Open archival fund<br \/>Classification level: Fully declassified archive fund by Decision No. 1 dated: 16.11.2012<\/p>\t\t\t\t\t\t\t\t<\/div>\n\t\t\t\t<\/div>\n\t\t\t\t<\/div>\n\t\t<div id=\"e-n-tab-content-1906666462\" role=\"tabpanel\" aria-labelledby=\"e-n-tab-title-1906666462\" data-tab-index=\"2\" style=\"--n-tabs-title-order: 2;\" class=\"elementor-element elementor-element-597a99f e-con-full e-flex e-con e-child\" data-id=\"597a99f\" data-element_type=\"container\">\n\t\t\t\t<div class=\"elementor-element elementor-element-f8fbfd4 elementor-widget elementor-widget-heading\" data-id=\"f8fbfd4\" data-element_type=\"widget\" data-widget_type=\"heading.default\">\n\t\t\t\t<div class=\"elementor-widget-container\">\n\t\t\t\t\t<h3 class=\"elementor-heading-title elementor-size-default\">1. First Directorate of State Security<\/h3>\t\t\t\t<\/div>\n\t\t\t\t<\/div>\n\t\t\t\t<div class=\"elementor-element elementor-element-b20676e elementor-widget elementor-widget-text-editor\" data-id=\"b20676e\" data-element_type=\"widget\" data-widget_type=\"text-editor.default\">\n\t\t\t\t<div class=\"elementor-widget-container\">\n\t\t\t\t\t\t\t\t\t<p>This archive includes the operational documents of the central card index and all former District Internal Affairs Branches:<\/p>\t\t\t\t\t\t\t\t<\/div>\n\t\t\t\t<\/div>\n\t\t\t\t<div class=\"elementor-element elementor-element-76c4900 elementor-widget elementor-widget-text-editor\" data-id=\"76c4900\" data-element_type=\"widget\" data-widget_type=\"text-editor.default\">\n\t\t\t\t<div class=\"elementor-widget-container\">\n\t\t\t\t\t\t\t\t\t<ol><li>IV Branch (Card Index)<\/li><li>XIII Branch (Diplomatic Representations)<\/li><li>X Branch (Central Apparatus Code)<\/li><li>Tirana Internal Affairs Branch<\/li><li>Shkoder Internal Affairs Branch<\/li><li>Vlora Internal Affairs Branch<\/li><li>Durres, Kavaje Internal Affairs Branch<\/li><li>Skrapar Internal Affairs Branch<\/li><li>Kuk\u00ebs Internal Affairs Branch<\/li><li>Dib\u00ebr Internal Affairs Branch<\/li><li>Berat Internal Affairs Branch<\/li><li>Saranda Internal Affairs Branch<\/li><li>Fier Internal Affairs Branch<\/li><li>Gjirokast\u00ebr Internal Affairs Branch<\/li><li>Lezh\u00eb Internal Affairs Branch<\/li><li>P\u00ebrmet Internal Affairs Branch<\/li><li>Kruj\u00eb Internal Affairs Branch<\/li><li>Mat Internal Affairs Branch<\/li><li>Gramsh Internal Affairs Branch<\/li><li>Mirdit\u00eb Internal Affairs Branch<\/li><li>Tropoj\u00eb Internal Affairs Branch<\/li><li>Librazhd Internal Affairs Branch<\/li><li>Tepelen\u00eb Internal Affairs Branch<\/li><li>Lushnj\u00eb Internal Affairs Branch<\/li><li>Ersek\u00eb Internal Affairs Branch<\/li><li>Kor\u00e7\u00eb Internal Affairs Branch<\/li><li>Pogradec Internal Affairs Branch<\/li><li>Elbasan Internal Affairs Branch<\/li><li>Puk\u00eb Internal Affairs Branch<\/li><li>Branch of Military Security<\/li><\/ol>\t\t\t\t\t\t\t\t<\/div>\n\t\t\t\t<\/div>\n\t\t\t\t<div class=\"elementor-element elementor-element-fbee6f6 elementor-widget elementor-widget-heading\" data-id=\"fbee6f6\" data-element_type=\"widget\" data-widget_type=\"heading.default\">\n\t\t\t\t<div class=\"elementor-widget-container\">\n\t\t\t\t\t<h3 class=\"elementor-heading-title elementor-size-default\">2. Second and Third Directorates of State Security<\/h3>\t\t\t\t<\/div>\n\t\t\t\t<\/div>\n\t\t\t\t<div class=\"elementor-element elementor-element-5ea2409 elementor-widget elementor-widget-text-editor\" data-id=\"5ea2409\" data-element_type=\"widget\" data-widget_type=\"text-editor.default\">\n\t\t\t\t<div class=\"elementor-widget-container\">\n\t\t\t\t\t\t\t\t\t<ol><li>The archival collection of the Second Directorate of State Security consists of 555 collaborator files, 274 processing files, 379 management files, object files, sub-object files, etc., 361 folders, 51 registers, analyses, plans, topics, normative acts, correspondence, records, and cards.<\/li><li>The Special Fund Branch consists of 2633 collaborator files, 6 processing files, 82 management files, 25 agent files, and 361 files and folders with various labels.<\/li><li>The Kosovo Fund Branch consists of 11,689 files and folders.<\/li><li>The Branch of the Fund for Escapees consists of 6,732 files and folders.<\/li><li>The Branch of Foreigners consists of approximately 12,392 files and folders.<\/li><li>The Branch of Economic Emigrants consists of 4,752 files and folders.<\/li><\/ol><p><em>The archival documents mentioned above are primarily classified at \"Secret\" and \"Top Secret\" levels.<\/em><\/p>\t\t\t\t\t\t\t\t<\/div>\n\t\t\t\t<\/div>\n\t\t\t\t<\/div>\n\t\t\t\t\t<\/div>\n\t\t<\/div>\n\t\t\t\t\t\t<\/div>\n\t\t\t\t<\/div>\n\t\t\t\t\t<\/div>\n\t\t\t\t<\/div>\n\t\t<div class=\"elementor-element elementor-element-50b22c2 e-flex e-con-boxed e-con e-parent\" data-id=\"50b22c2\" data-element_type=\"container\">\n\t\t\t\t\t<div class=\"e-con-inner\">\n\t\t<div class=\"elementor-element elementor-element-77f4799 e-con-full e-flex e-con e-child\" data-id=\"77f4799\" data-element_type=\"container\">\n\t\t\t\t<\/div>\n\t\t<div class=\"elementor-element elementor-element-a8e3f31 e-con-full e-flex e-con e-child\" data-id=\"a8e3f31\" data-element_type=\"container\">\n\t\t\t\t<\/div>\n\t\t\t\t\t<\/div>\n\t\t\t\t<\/div>\n\t\t\t\t<\/div>","protected":false},"excerpt":{"rendered":"<p>Fonde arkivore t\u00eb trash\u00ebguara nga Ministria e Brendshme Fonde arkivore t\u00eb trash\u00ebguara nga SHISH DREJTORIA E PAR\u00cb E SIGURIMIT T\u00cb SHTETIT: Numri i Fondit: 4Kufijt\u00eb kohor\u00eb: 1944-1991Sasia e dosjeve: 8488Mjetet e informimit: Inventari i dosjeve fizik dhe elektronikM\u00ebnyra e ruajtjes: dokumente origjinale, t\u00eb digjtalizuar dhe mikrofilmGjuha: shqipNiveli i klasifikimit: Deklasifikuar plot\u00ebsisht DREJTORIA E DYT\u00cb E [&hellip;]<\/p>","protected":false},"author":1,"featured_media":7299,"parent":14,"menu_order":0,"comment_status":"closed","ping_status":"closed","template":"","meta":{"_acf_changed":false,"footnotes":""},"class_list":["post-567","page","type-page","status-publish","has-post-thumbnail","hentry"],"acf":[],"_links":{"self":[{"href":"https:\/\/aidssh.al\/en\/wp-json\/wp\/v2\/pages\/567","targetHints":{"allow":["GET"]}}],"collection":[{"href":"https:\/\/aidssh.al\/en\/wp-json\/wp\/v2\/pages"}],"about":[{"href":"https:\/\/aidssh.al\/en\/wp-json\/wp\/v2\/types\/page"}],"author":[{"embeddable":true,"href":"https:\/\/aidssh.al\/en\/wp-json\/wp\/v2\/users\/1"}],"replies":[{"embeddable":true,"href":"https:\/\/aidssh.al\/en\/wp-json\/wp\/v2\/comments?post=567"}],"version-history":[{"count":0,"href":"https:\/\/aidssh.al\/en\/wp-json\/wp\/v2\/pages\/567\/revisions"}],"up":[{"embeddable":true,"href":"https:\/\/aidssh.al\/en\/wp-json\/wp\/v2\/pages\/14"}],"wp:featuredmedia":[{"embeddable":true,"href":"https:\/\/aidssh.al\/en\/wp-json\/wp\/v2\/media\/7299"}],"wp:attachment":[{"href":"https:\/\/aidssh.al\/en\/wp-json\/wp\/v2\/media?parent=567"}],"curies":[{"name":"wp","href":"https:\/\/api.w.org\/{rel}","templated":true}]}}