{"id":5722,"date":"2025-07-07T12:42:36","date_gmt":"2025-07-07T10:42:36","guid":{"rendered":"https:\/\/aidssh.instant.al\/?page_id=5722"},"modified":"2025-07-07T12:43:04","modified_gmt":"2025-07-07T10:43:04","slug":"autoriteti-vendime","status":"publish","type":"page","link":"https:\/\/aidssh.al\/en\/autoriteti\/rreth-nesh\/legjislacioni-autoriteti\/autoriteti-vendime\/","title":{"rendered":"Authority \u2013 Decisions"},"content":{"rendered":"<div data-elementor-type=\"wp-page\" data-elementor-id=\"5722\" class=\"elementor elementor-5722\" data-elementor-post-type=\"page\">\n\t\t\t\t<div class=\"elementor-element elementor-element-f0a12bd e-con-full e-flex e-con e-parent\" data-id=\"f0a12bd\" data-element_type=\"container\">\n\t\t\t\t<div class=\"elementor-element elementor-element-e5645da elementor-widget elementor-widget-template\" data-id=\"e5645da\" data-element_type=\"widget\" data-widget_type=\"template.default\">\n\t\t\t\t<div class=\"elementor-widget-container\">\n\t\t\t\t\t\t\t<div class=\"elementor-template\">\n\t\t\t\t\t<div data-elementor-type=\"container\" data-elementor-id=\"866\" class=\"elementor elementor-866\" data-elementor-post-type=\"elementor_library\">\n\t\t\t\t<div class=\"elementor-element elementor-element-58c6923c e-flex e-con-boxed e-con e-parent\" data-id=\"58c6923c\" data-element_type=\"container\" data-settings=\"{&quot;background_background&quot;:&quot;classic&quot;}\">\n\t\t\t\t\t<div class=\"e-con-inner\">\n\t\t\t\t<div class=\"elementor-element elementor-element-3356bc54 elementor-widget elementor-widget-heading\" data-id=\"3356bc54\" data-element_type=\"widget\" data-widget_type=\"heading.default\">\n\t\t\t\t<div class=\"elementor-widget-container\">\n\t\t\t\t\t<h1 class=\"elementor-heading-title elementor-size-default\">Authority \u2013 Decisions<\/h1>\t\t\t\t<\/div>\n\t\t\t\t<\/div>\n\t\t\t\t\t<\/div>\n\t\t\t\t<\/div>\n\t\t\t\t<\/div>\n\t\t\t\t<\/div>\n\t\t\t\t\t\t<\/div>\n\t\t\t\t<\/div>\n\t\t\t\t<\/div>\n\t\t<div class=\"elementor-element elementor-element-ce279d0 e-flex e-con-boxed e-con e-parent\" data-id=\"ce279d0\" data-element_type=\"container\">\n\t\t\t\t\t<div class=\"e-con-inner\">\n\t\t\t\t<div class=\"elementor-element elementor-element-cef8277 elementor-grid-2 elementor-grid-tablet-2 elementor-grid-mobile-1 elementor-widget elementor-widget-loop-grid\" data-id=\"cef8277\" data-element_type=\"widget\" data-settings=\"{&quot;template_id&quot;:&quot;2056&quot;,&quot;columns&quot;:2,&quot;pagination_type&quot;:&quot;numbers&quot;,&quot;_skin&quot;:&quot;post&quot;,&quot;columns_tablet&quot;:&quot;2&quot;,&quot;columns_mobile&quot;:&quot;1&quot;,&quot;edit_handle_selector&quot;:&quot;[data-elementor-type=\\&quot;loop-item\\&quot;]&quot;,&quot;pagination_load_type&quot;:&quot;page_reload&quot;,&quot;row_gap&quot;:{&quot;unit&quot;:&quot;px&quot;,&quot;size&quot;:&quot;&quot;,&quot;sizes&quot;:[]},&quot;row_gap_laptop&quot;:{&quot;unit&quot;:&quot;px&quot;,&quot;size&quot;:&quot;&quot;,&quot;sizes&quot;:[]},&quot;row_gap_tablet&quot;:{&quot;unit&quot;:&quot;px&quot;,&quot;size&quot;:&quot;&quot;,&quot;sizes&quot;:[]},&quot;row_gap_mobile&quot;:{&quot;unit&quot;:&quot;px&quot;,&quot;size&quot;:&quot;&quot;,&quot;sizes&quot;:[]}}\" data-widget_type=\"loop-grid.post\">\n\t\t\t\t<div class=\"elementor-widget-container\">\n\t\t\t\t\t\t\t<div class=\"elementor-loop-container elementor-grid\" role=\"list\">\n\t\t<style id=\"loop-2056\">.elementor-2056 .elementor-element.elementor-element-6e7b76d{--display:flex;border-style:solid;--border-style:solid;border-width:1px 1px 1px 1px;--border-top-width:1px;--border-right-width:1px;--border-bottom-width:1px;--border-left-width:1px;border-color:var( --e-global-color-da2803d );--border-color:var( --e-global-color-da2803d );}.elementor-2056 .elementor-element.elementor-element-6e7b76d:hover{border-style:solid;border-width:1px 1px 1px 1px;--border-top-width:1px;--border-right-width:1px;--border-bottom-width:1px;--border-left-width:1px;border-color:var( --e-global-color-primary );--border-color:var( --e-global-color-primary );}.elementor-2056 .elementor-element.elementor-element-6e7b76d, .elementor-2056 .elementor-element.elementor-element-6e7b76d::before{--border-transition:0.3s;}.elementor-widget-theme-post-title .elementor-heading-title{font-family:var( --e-global-typography-primary-font-family ), Sans-serif;font-weight:var( --e-global-typography-primary-font-weight );}.elementor-2056 .elementor-element.elementor-element-f0929f9{text-align:left;}.elementor-2056 .elementor-element.elementor-element-f0929f9 .elementor-heading-title{font-family:\"Proxima Nova Bold\", Sans-serif;font-size:16px;font-weight:400;line-height:17px;letter-spacing:0.2px;color:var( --e-global-color-primary );}.elementor-widget-button .elementor-button{font-family:var( --e-global-typography-accent-font-family ), Sans-serif;font-weight:var( --e-global-typography-accent-font-weight );}.elementor-2056 .elementor-element.elementor-element-d6301bd .elementor-button:hover, .elementor-2056 .elementor-element.elementor-element-d6301bd .elementor-button:focus{background-color:var( --e-global-color-accent );color:var( --e-global-color-9fca721 );}.elementor-2056 .elementor-element.elementor-element-d6301bd .elementor-button-content-wrapper{flex-direction:row-reverse;}.elementor-2056 .elementor-element.elementor-element-d6301bd .elementor-button .elementor-button-content-wrapper{gap:10px;}.elementor-2056 .elementor-element.elementor-element-d6301bd .elementor-button{font-family:\"Proxima Nova Regular\", Sans-serif;font-size:15px;font-weight:400;fill:#FFFFFF;color:#FFFFFF;border-radius:0px 0px 0px 0px;padding:5px 15px 5px 15px;}.elementor-2056 .elementor-element.elementor-element-d6301bd .elementor-button:hover svg, .elementor-2056 .elementor-element.elementor-element-d6301bd .elementor-button:focus svg{fill:var( --e-global-color-9fca721 );}@media(max-width:1366px){.elementor-2056 .elementor-element.elementor-element-f0929f9 .elementor-heading-title{font-size:17px;line-height:18px;}}@media(max-width:1024px){.elementor-2056 .elementor-element.elementor-element-f0929f9 .elementor-heading-title{font-size:15px;line-height:16px;}}@media(max-width:767px){.elementor-2056 .elementor-element.elementor-element-f0929f9 .elementor-heading-title{font-size:16px;line-height:18px;}}<\/style>\t\t<div data-elementor-type=\"loop-item\" data-elementor-id=\"2056\" class=\"elementor elementor-2056 e-loop-item e-loop-item-4770 post-4770 dokument-autoriteti type-dokument-autoriteti status-publish hentry category-vendime-autoriteti\" data-elementor-post-type=\"elementor_library\" data-custom-edit-handle=\"1\">\n\t\t\t<div class=\"elementor-element elementor-element-6e7b76d e-flex e-con-boxed e-con e-parent\" data-id=\"6e7b76d\" data-element_type=\"container\">\n\t\t\t\t\t<div class=\"e-con-inner\">\n\t\t\t\t<div class=\"elementor-element elementor-element-f0929f9 elementor-widget elementor-widget-theme-post-title elementor-page-title elementor-widget-heading\" data-id=\"f0929f9\" data-element_type=\"widget\" data-widget_type=\"theme-post-title.default\">\n\t\t\t\t<div class=\"elementor-widget-container\">\n\t\t\t\t\t<p class=\"elementor-heading-title elementor-size-default\">Vendim i K\u00ebshillit t\u00eb Ministrave Nr. 792, dat\u00eb 28.12.2023 P\u00ebr miratimin e rregullores \u201cP\u00ebr p\u00ebrcaktimin e rregullave dhe t\u00eb procedurave p\u00ebr sigurin\u00eb e informacionit t\u00eb klasifikuar, q\u00eb trajtohet n\u00eb sistemet e komunikimit dhe informacionit (SKI)\u201d<\/p>\t\t\t\t<\/div>\n\t\t\t\t<\/div>\n\t\t\t\t<div class=\"elementor-element elementor-element-d6301bd elementor-align-right elementor-widget elementor-widget-button\" data-id=\"d6301bd\" data-element_type=\"widget\" data-widget_type=\"button.default\">\n\t\t\t\t<div class=\"elementor-widget-container\">\n\t\t\t\t\t\t\t\t\t<div class=\"elementor-button-wrapper\">\n\t\t\t\t\t<a class=\"elementor-button elementor-button-link elementor-size-sm\" href=\"https:\/\/aidssh.al\/wp-content\/uploads\/2025\/07\/Vendim%20nr.792,%20date%2028.12.2023.pdf\" target=\"_blank\">\n\t\t\t\t\t\t<span class=\"elementor-button-content-wrapper\">\n\t\t\t\t\t\t<span class=\"elementor-button-icon\">\n\t\t\t\t<svg xmlns=\"http:\/\/www.w3.org\/2000\/svg\" width=\"800px\" height=\"800px\" viewbox=\"0 0 20 20\" fill=\"none\"><g id=\"SVGRepo_bgCarrier\" stroke-width=\"0\"><\/g><g id=\"SVGRepo_tracerCarrier\" stroke-linecap=\"round\" stroke-linejoin=\"round\"><\/g><g id=\"SVGRepo_iconCarrier\"><path fill=\"#ffffff\" fill-rule=\"evenodd\" d=\"M11 2a1 1 0 10-2 0v7.74L5.173 6.26a1 1 0 10-1.346 1.48l5.5 5a1 1 0 001.346 0l5.5-5a1 1 0 00-1.346-1.48L11 9.74V2zm-7.895 9.204A1 1 0 001.5 12v3.867a2.018 2.018 0 002.227 2.002c1.424-.147 3.96-.369 6.273-.369 2.386 0 5.248.236 6.795.383a2.013 2.013 0 002.205-2V12a1 1 0 10-2 0v3.884l-13.895-4.68zm0 0L2.5 11l.605.204zm0 0l13.892 4.683a.019.019 0 01-.007.005h-.006c-1.558-.148-4.499-.392-6.984-.392-2.416 0-5.034.23-6.478.38h-.009a.026.026 0 01-.013-.011V12a.998.998 0 00-.394-.796z\"><\/path><\/g><\/svg>\t\t\t<\/span>\n\t\t\t\t\t\t\t\t\t<span class=\"elementor-button-text\">Download<\/span>\n\t\t\t\t\t<\/span>\n\t\t\t\t\t<\/a>\n\t\t\t\t<\/div>\n\t\t\t\t\t\t\t\t<\/div>\n\t\t\t\t<\/div>\n\t\t\t\t\t<\/div>\n\t\t\t\t<\/div>\n\t\t\t\t<\/div>\n\t\t\t\t<div data-elementor-type=\"loop-item\" data-elementor-id=\"2056\" class=\"elementor elementor-2056 e-loop-item e-loop-item-4768 post-4768 dokument-autoriteti type-dokument-autoriteti status-publish hentry category-vendime-autoriteti\" data-elementor-post-type=\"elementor_library\" data-custom-edit-handle=\"1\">\n\t\t\t<div class=\"elementor-element elementor-element-6e7b76d e-flex e-con-boxed e-con e-parent\" data-id=\"6e7b76d\" data-element_type=\"container\">\n\t\t\t\t\t<div class=\"e-con-inner\">\n\t\t\t\t<div class=\"elementor-element elementor-element-f0929f9 elementor-widget elementor-widget-theme-post-title elementor-page-title elementor-widget-heading\" data-id=\"f0929f9\" data-element_type=\"widget\" data-widget_type=\"theme-post-title.default\">\n\t\t\t\t<div class=\"elementor-widget-container\">\n\t\t\t\t\t<p class=\"elementor-heading-title elementor-size-default\">Vendim i K\u00ebshillit t\u00eb Ministrave Nr.822, 26.12.2024 &#8220;P\u00ebr miratimin e rregullores \u201cP\u00ebr  klasifikimin, pun\u00ebn, transportimin fizik, deklasifikimin, zhvler\u00ebsimin, asgjesimin dhe shkat\u00ebrrimin e informacionit t\u00eb klasifikuar \u2018Sekret shtet\u00ebror\u2019 t\u00eb NATO-s, t\u00eb bashkimit europian, t\u00eb shteteve dhe organizatave t\u00eb tjera nd\u00ebrkombtare\u201d<\/p>\t\t\t\t<\/div>\n\t\t\t\t<\/div>\n\t\t\t\t<div class=\"elementor-element elementor-element-d6301bd elementor-align-right elementor-widget elementor-widget-button\" data-id=\"d6301bd\" data-element_type=\"widget\" data-widget_type=\"button.default\">\n\t\t\t\t<div class=\"elementor-widget-container\">\n\t\t\t\t\t\t\t\t\t<div class=\"elementor-button-wrapper\">\n\t\t\t\t\t<a class=\"elementor-button elementor-button-link elementor-size-sm\" href=\"https:\/\/aidssh.al\/wp-content\/uploads\/2025\/07\/VKM-Nr.-822-date-26.12.2024-2.pdf\" target=\"_blank\">\n\t\t\t\t\t\t<span class=\"elementor-button-content-wrapper\">\n\t\t\t\t\t\t<span class=\"elementor-button-icon\">\n\t\t\t\t<svg xmlns=\"http:\/\/www.w3.org\/2000\/svg\" width=\"800px\" height=\"800px\" viewbox=\"0 0 20 20\" fill=\"none\"><g id=\"SVGRepo_bgCarrier\" stroke-width=\"0\"><\/g><g id=\"SVGRepo_tracerCarrier\" stroke-linecap=\"round\" stroke-linejoin=\"round\"><\/g><g id=\"SVGRepo_iconCarrier\"><path fill=\"#ffffff\" fill-rule=\"evenodd\" d=\"M11 2a1 1 0 10-2 0v7.74L5.173 6.26a1 1 0 10-1.346 1.48l5.5 5a1 1 0 001.346 0l5.5-5a1 1 0 00-1.346-1.48L11 9.74V2zm-7.895 9.204A1 1 0 001.5 12v3.867a2.018 2.018 0 002.227 2.002c1.424-.147 3.96-.369 6.273-.369 2.386 0 5.248.236 6.795.383a2.013 2.013 0 002.205-2V12a1 1 0 10-2 0v3.884l-13.895-4.68zm0 0L2.5 11l.605.204zm0 0l13.892 4.683a.019.019 0 01-.007.005h-.006c-1.558-.148-4.499-.392-6.984-.392-2.416 0-5.034.23-6.478.38h-.009a.026.026 0 01-.013-.011V12a.998.998 0 00-.394-.796z\"><\/path><\/g><\/svg>\t\t\t<\/span>\n\t\t\t\t\t\t\t\t\t<span class=\"elementor-button-text\">Download<\/span>\n\t\t\t\t\t<\/span>\n\t\t\t\t\t<\/a>\n\t\t\t\t<\/div>\n\t\t\t\t\t\t\t\t<\/div>\n\t\t\t\t<\/div>\n\t\t\t\t\t<\/div>\n\t\t\t\t<\/div>\n\t\t\t\t<\/div>\n\t\t\t\t<div data-elementor-type=\"loop-item\" data-elementor-id=\"2056\" class=\"elementor elementor-2056 e-loop-item e-loop-item-4766 post-4766 dokument-autoriteti type-dokument-autoriteti status-publish hentry category-vendime-autoriteti\" data-elementor-post-type=\"elementor_library\" data-custom-edit-handle=\"1\">\n\t\t\t<div class=\"elementor-element elementor-element-6e7b76d e-flex e-con-boxed e-con e-parent\" data-id=\"6e7b76d\" data-element_type=\"container\">\n\t\t\t\t\t<div class=\"e-con-inner\">\n\t\t\t\t<div class=\"elementor-element elementor-element-f0929f9 elementor-widget elementor-widget-theme-post-title elementor-page-title elementor-widget-heading\" data-id=\"f0929f9\" data-element_type=\"widget\" data-widget_type=\"theme-post-title.default\">\n\t\t\t\t<div class=\"elementor-widget-container\">\n\t\t\t\t\t<p class=\"elementor-heading-title elementor-size-default\">Vendim i K\u00ebshillit t\u00eb Ministrave nr.823, 26.12.2024 &#8220;P\u00ebr miratimin e rregullores \u201cP\u00ebr sigurimin fizik t\u00eb informacionit t\u00eb klasifikuar \u2018Sekret shtet\u00ebror\u2019 t\u00eb NATO-s, t\u00eb bashkimit europian, t\u00eb shteteve dhe organizatave t\u00eb tjera nd\u00ebrkomb\u00ebtare\u201d<\/p>\t\t\t\t<\/div>\n\t\t\t\t<\/div>\n\t\t\t\t<div class=\"elementor-element elementor-element-d6301bd elementor-align-right elementor-widget elementor-widget-button\" data-id=\"d6301bd\" data-element_type=\"widget\" data-widget_type=\"button.default\">\n\t\t\t\t<div class=\"elementor-widget-container\">\n\t\t\t\t\t\t\t\t\t<div class=\"elementor-button-wrapper\">\n\t\t\t\t\t<a class=\"elementor-button elementor-button-link elementor-size-sm\" href=\"https:\/\/aidssh.al\/wp-content\/uploads\/2025\/07\/VKM-Nr.-823-date-26.12.2024-2.pdf\" target=\"_blank\">\n\t\t\t\t\t\t<span class=\"elementor-button-content-wrapper\">\n\t\t\t\t\t\t<span class=\"elementor-button-icon\">\n\t\t\t\t<svg xmlns=\"http:\/\/www.w3.org\/2000\/svg\" width=\"800px\" height=\"800px\" viewbox=\"0 0 20 20\" fill=\"none\"><g id=\"SVGRepo_bgCarrier\" stroke-width=\"0\"><\/g><g id=\"SVGRepo_tracerCarrier\" stroke-linecap=\"round\" stroke-linejoin=\"round\"><\/g><g id=\"SVGRepo_iconCarrier\"><path fill=\"#ffffff\" fill-rule=\"evenodd\" d=\"M11 2a1 1 0 10-2 0v7.74L5.173 6.26a1 1 0 10-1.346 1.48l5.5 5a1 1 0 001.346 0l5.5-5a1 1 0 00-1.346-1.48L11 9.74V2zm-7.895 9.204A1 1 0 001.5 12v3.867a2.018 2.018 0 002.227 2.002c1.424-.147 3.96-.369 6.273-.369 2.386 0 5.248.236 6.795.383a2.013 2.013 0 002.205-2V12a1 1 0 10-2 0v3.884l-13.895-4.68zm0 0L2.5 11l.605.204zm0 0l13.892 4.683a.019.019 0 01-.007.005h-.006c-1.558-.148-4.499-.392-6.984-.392-2.416 0-5.034.23-6.478.38h-.009a.026.026 0 01-.013-.011V12a.998.998 0 00-.394-.796z\"><\/path><\/g><\/svg>\t\t\t<\/span>\n\t\t\t\t\t\t\t\t\t<span class=\"elementor-button-text\">Download<\/span>\n\t\t\t\t\t<\/span>\n\t\t\t\t\t<\/a>\n\t\t\t\t<\/div>\n\t\t\t\t\t\t\t\t<\/div>\n\t\t\t\t<\/div>\n\t\t\t\t\t<\/div>\n\t\t\t\t<\/div>\n\t\t\t\t<\/div>\n\t\t\t\t<div data-elementor-type=\"loop-item\" data-elementor-id=\"2056\" class=\"elementor elementor-2056 e-loop-item e-loop-item-4764 post-4764 dokument-autoriteti type-dokument-autoriteti status-publish hentry category-vendime-autoriteti\" data-elementor-post-type=\"elementor_library\" data-custom-edit-handle=\"1\">\n\t\t\t<div class=\"elementor-element elementor-element-6e7b76d e-flex e-con-boxed e-con e-parent\" data-id=\"6e7b76d\" data-element_type=\"container\">\n\t\t\t\t\t<div class=\"e-con-inner\">\n\t\t\t\t<div class=\"elementor-element elementor-element-f0929f9 elementor-widget elementor-widget-theme-post-title elementor-page-title elementor-widget-heading\" data-id=\"f0929f9\" data-element_type=\"widget\" data-widget_type=\"theme-post-title.default\">\n\t\t\t\t<div class=\"elementor-widget-container\">\n\t\t\t\t\t<p class=\"elementor-heading-title elementor-size-default\">Vendim i K\u00ebshillit t\u00eb Ministrave Nr. 659 dat\u00eb 23.10.2024 p\u00ebr miratimin e rregullores &#8220;P\u00ebr sigurin\u00eb industriale, rregullat, procedurat dhe k\u00ebrkesat p\u00ebr mbrojtjen e informacionit t\u00eb klasifikuar gjat\u00eb prokurimit n\u00eb fush\u00ebn e mbrojtjes dhe siguris\u00eb&#8221;<\/p>\t\t\t\t<\/div>\n\t\t\t\t<\/div>\n\t\t\t\t<div class=\"elementor-element elementor-element-d6301bd elementor-align-right elementor-widget elementor-widget-button\" data-id=\"d6301bd\" data-element_type=\"widget\" data-widget_type=\"button.default\">\n\t\t\t\t<div class=\"elementor-widget-container\">\n\t\t\t\t\t\t\t\t\t<div class=\"elementor-button-wrapper\">\n\t\t\t\t\t<a class=\"elementor-button elementor-button-link elementor-size-sm\" href=\"https:\/\/aidssh.al\/wp-content\/uploads\/2025\/07\/VKM-659.pdf\" target=\"_blank\">\n\t\t\t\t\t\t<span class=\"elementor-button-content-wrapper\">\n\t\t\t\t\t\t<span class=\"elementor-button-icon\">\n\t\t\t\t<svg xmlns=\"http:\/\/www.w3.org\/2000\/svg\" width=\"800px\" height=\"800px\" viewbox=\"0 0 20 20\" fill=\"none\"><g id=\"SVGRepo_bgCarrier\" stroke-width=\"0\"><\/g><g id=\"SVGRepo_tracerCarrier\" stroke-linecap=\"round\" stroke-linejoin=\"round\"><\/g><g id=\"SVGRepo_iconCarrier\"><path fill=\"#ffffff\" fill-rule=\"evenodd\" d=\"M11 2a1 1 0 10-2 0v7.74L5.173 6.26a1 1 0 10-1.346 1.48l5.5 5a1 1 0 001.346 0l5.5-5a1 1 0 00-1.346-1.48L11 9.74V2zm-7.895 9.204A1 1 0 001.5 12v3.867a2.018 2.018 0 002.227 2.002c1.424-.147 3.96-.369 6.273-.369 2.386 0 5.248.236 6.795.383a2.013 2.013 0 002.205-2V12a1 1 0 10-2 0v3.884l-13.895-4.68zm0 0L2.5 11l.605.204zm0 0l13.892 4.683a.019.019 0 01-.007.005h-.006c-1.558-.148-4.499-.392-6.984-.392-2.416 0-5.034.23-6.478.38h-.009a.026.026 0 01-.013-.011V12a.998.998 0 00-.394-.796z\"><\/path><\/g><\/svg>\t\t\t<\/span>\n\t\t\t\t\t\t\t\t\t<span class=\"elementor-button-text\">Download<\/span>\n\t\t\t\t\t<\/span>\n\t\t\t\t\t<\/a>\n\t\t\t\t<\/div>\n\t\t\t\t\t\t\t\t<\/div>\n\t\t\t\t<\/div>\n\t\t\t\t\t<\/div>\n\t\t\t\t<\/div>\n\t\t\t\t<\/div>\n\t\t\t\t<div data-elementor-type=\"loop-item\" data-elementor-id=\"2056\" class=\"elementor elementor-2056 e-loop-item e-loop-item-4762 post-4762 dokument-autoriteti type-dokument-autoriteti status-publish hentry category-vendime-autoriteti\" data-elementor-post-type=\"elementor_library\" data-custom-edit-handle=\"1\">\n\t\t\t<div class=\"elementor-element elementor-element-6e7b76d e-flex e-con-boxed e-con e-parent\" data-id=\"6e7b76d\" data-element_type=\"container\">\n\t\t\t\t\t<div class=\"e-con-inner\">\n\t\t\t\t<div class=\"elementor-element elementor-element-f0929f9 elementor-widget elementor-widget-theme-post-title elementor-page-title elementor-widget-heading\" data-id=\"f0929f9\" data-element_type=\"widget\" data-widget_type=\"theme-post-title.default\">\n\t\t\t\t<div class=\"elementor-widget-container\">\n\t\t\t\t\t<p class=\"elementor-heading-title elementor-size-default\">Vendimi Nr.177, dat\u00eb 04.04.2024, p\u00ebr miratimin e udh\u00ebzuesit<\/p>\t\t\t\t<\/div>\n\t\t\t\t<\/div>\n\t\t\t\t<div class=\"elementor-element elementor-element-d6301bd elementor-align-right elementor-widget elementor-widget-button\" data-id=\"d6301bd\" data-element_type=\"widget\" data-widget_type=\"button.default\">\n\t\t\t\t<div class=\"elementor-widget-container\">\n\t\t\t\t\t\t\t\t\t<div class=\"elementor-button-wrapper\">\n\t\t\t\t\t<a class=\"elementor-button elementor-button-link elementor-size-sm\" href=\"https:\/\/aidssh.al\/wp-content\/uploads\/2025\/07\/Vendimi%20nr.177,%20date%2004.04.2024%20p\u00ebr%20miratimin%20e%20udh\u00ebzuesit.pdf\" target=\"_blank\">\n\t\t\t\t\t\t<span class=\"elementor-button-content-wrapper\">\n\t\t\t\t\t\t<span class=\"elementor-button-icon\">\n\t\t\t\t<svg xmlns=\"http:\/\/www.w3.org\/2000\/svg\" width=\"800px\" height=\"800px\" viewbox=\"0 0 20 20\" fill=\"none\"><g id=\"SVGRepo_bgCarrier\" stroke-width=\"0\"><\/g><g id=\"SVGRepo_tracerCarrier\" stroke-linecap=\"round\" stroke-linejoin=\"round\"><\/g><g id=\"SVGRepo_iconCarrier\"><path fill=\"#ffffff\" fill-rule=\"evenodd\" d=\"M11 2a1 1 0 10-2 0v7.74L5.173 6.26a1 1 0 10-1.346 1.48l5.5 5a1 1 0 001.346 0l5.5-5a1 1 0 00-1.346-1.48L11 9.74V2zm-7.895 9.204A1 1 0 001.5 12v3.867a2.018 2.018 0 002.227 2.002c1.424-.147 3.96-.369 6.273-.369 2.386 0 5.248.236 6.795.383a2.013 2.013 0 002.205-2V12a1 1 0 10-2 0v3.884l-13.895-4.68zm0 0L2.5 11l.605.204zm0 0l13.892 4.683a.019.019 0 01-.007.005h-.006c-1.558-.148-4.499-.392-6.984-.392-2.416 0-5.034.23-6.478.38h-.009a.026.026 0 01-.013-.011V12a.998.998 0 00-.394-.796z\"><\/path><\/g><\/svg>\t\t\t<\/span>\n\t\t\t\t\t\t\t\t\t<span class=\"elementor-button-text\">Download<\/span>\n\t\t\t\t\t<\/span>\n\t\t\t\t\t<\/a>\n\t\t\t\t<\/div>\n\t\t\t\t\t\t\t\t<\/div>\n\t\t\t\t<\/div>\n\t\t\t\t\t<\/div>\n\t\t\t\t<\/div>\n\t\t\t\t<\/div>\n\t\t\t\t<div data-elementor-type=\"loop-item\" data-elementor-id=\"2056\" class=\"elementor elementor-2056 e-loop-item e-loop-item-4748 post-4748 dokument-autoriteti type-dokument-autoriteti status-publish hentry category-vendime-autoriteti\" data-elementor-post-type=\"elementor_library\" data-custom-edit-handle=\"1\">\n\t\t\t<div class=\"elementor-element elementor-element-6e7b76d e-flex e-con-boxed e-con e-parent\" data-id=\"6e7b76d\" data-element_type=\"container\">\n\t\t\t\t\t<div class=\"e-con-inner\">\n\t\t\t\t<div class=\"elementor-element elementor-element-f0929f9 elementor-widget elementor-widget-theme-post-title elementor-page-title elementor-widget-heading\" data-id=\"f0929f9\" data-element_type=\"widget\" data-widget_type=\"theme-post-title.default\">\n\t\t\t\t<div class=\"elementor-widget-container\">\n\t\t\t\t\t<p class=\"elementor-heading-title elementor-size-default\">Vendim i Kuvendit nr. 95\/2016 \u201cP\u00ebr miratimin e struktur\u00ebs, organik\u00ebs dhe klasifikimin e pagave t\u00eb Autoritetit p\u00ebr Informimin mbi Dokumentet e ish-Sigurimit t\u00eb Shtetit (e ndryshuar me vendimin e kuvendit t\u00eb shqiperis\u00eb nr 26.17.03.2022)<\/p>\t\t\t\t<\/div>\n\t\t\t\t<\/div>\n\t\t\t\t<div class=\"elementor-element elementor-element-d6301bd elementor-align-right elementor-widget elementor-widget-button\" data-id=\"d6301bd\" data-element_type=\"widget\" data-widget_type=\"button.default\">\n\t\t\t\t<div class=\"elementor-widget-container\">\n\t\t\t\t\t\t\t\t\t<div class=\"elementor-button-wrapper\">\n\t\t\t\t\t<a class=\"elementor-button elementor-button-link elementor-size-sm\" href=\"https:\/\/aidssh.al\/wp-content\/uploads\/2025\/07\/Struktura%20e%20re%20Aidssh%20Vendim%20nr.%2026_2022.pdf\" target=\"_blank\">\n\t\t\t\t\t\t<span class=\"elementor-button-content-wrapper\">\n\t\t\t\t\t\t<span class=\"elementor-button-icon\">\n\t\t\t\t<svg xmlns=\"http:\/\/www.w3.org\/2000\/svg\" width=\"800px\" height=\"800px\" viewbox=\"0 0 20 20\" fill=\"none\"><g id=\"SVGRepo_bgCarrier\" stroke-width=\"0\"><\/g><g id=\"SVGRepo_tracerCarrier\" stroke-linecap=\"round\" stroke-linejoin=\"round\"><\/g><g id=\"SVGRepo_iconCarrier\"><path fill=\"#ffffff\" fill-rule=\"evenodd\" d=\"M11 2a1 1 0 10-2 0v7.74L5.173 6.26a1 1 0 10-1.346 1.48l5.5 5a1 1 0 001.346 0l5.5-5a1 1 0 00-1.346-1.48L11 9.74V2zm-7.895 9.204A1 1 0 001.5 12v3.867a2.018 2.018 0 002.227 2.002c1.424-.147 3.96-.369 6.273-.369 2.386 0 5.248.236 6.795.383a2.013 2.013 0 002.205-2V12a1 1 0 10-2 0v3.884l-13.895-4.68zm0 0L2.5 11l.605.204zm0 0l13.892 4.683a.019.019 0 01-.007.005h-.006c-1.558-.148-4.499-.392-6.984-.392-2.416 0-5.034.23-6.478.38h-.009a.026.026 0 01-.013-.011V12a.998.998 0 00-.394-.796z\"><\/path><\/g><\/svg>\t\t\t<\/span>\n\t\t\t\t\t\t\t\t\t<span class=\"elementor-button-text\">Download<\/span>\n\t\t\t\t\t<\/span>\n\t\t\t\t\t<\/a>\n\t\t\t\t<\/div>\n\t\t\t\t\t\t\t\t<\/div>\n\t\t\t\t<\/div>\n\t\t\t\t\t<\/div>\n\t\t\t\t<\/div>\n\t\t\t\t<\/div>\n\t\t\t\t<\/div>\n\t\t\n\t\t\t\t<div class=\"e-load-more-anchor\" data-page=\"1\" data-max-page=\"2\" data-next-page=\"https:\/\/aidssh.al\/en\/wp-json\/wp\/v2\/pages\/5722\/page\/2\/\"><\/div>\n\t\t\t\t<nav class=\"elementor-pagination\" aria-label=\"Pagination\">\n\t\t\t<span aria-current=\"page\" class=\"page-numbers current\"><span class=\"elementor-screen-only\">Page<\/span>1<\/span>\n<a class=\"page-numbers\" href=\"https:\/\/aidssh.al\/en\/wp-json\/wp\/v2\/pages\/5722\/page\/2\/\"><span class=\"elementor-screen-only\">Page<\/span>2<\/a>\t\t<\/nav>\n\t\t\t\t\t\t<\/div>\n\t\t\t\t<\/div>\n\t\t\t\t\t<\/div>\n\t\t\t\t<\/div>\n\t\t\t\t<\/div>","protected":false},"excerpt":{"rendered":"","protected":false},"author":1,"featured_media":533,"parent":2270,"menu_order":0,"comment_status":"closed","ping_status":"closed","template":"","meta":{"_acf_changed":false,"footnotes":""},"class_list":["post-5722","page","type-page","status-publish","has-post-thumbnail","hentry"],"acf":[],"_links":{"self":[{"href":"https:\/\/aidssh.al\/en\/wp-json\/wp\/v2\/pages\/5722","targetHints":{"allow":["GET"]}}],"collection":[{"href":"https:\/\/aidssh.al\/en\/wp-json\/wp\/v2\/pages"}],"about":[{"href":"https:\/\/aidssh.al\/en\/wp-json\/wp\/v2\/types\/page"}],"author":[{"embeddable":true,"href":"https:\/\/aidssh.al\/en\/wp-json\/wp\/v2\/users\/1"}],"replies":[{"embeddable":true,"href":"https:\/\/aidssh.al\/en\/wp-json\/wp\/v2\/comments?post=5722"}],"version-history":[{"count":0,"href":"https:\/\/aidssh.al\/en\/wp-json\/wp\/v2\/pages\/5722\/revisions"}],"up":[{"embeddable":true,"href":"https:\/\/aidssh.al\/en\/wp-json\/wp\/v2\/pages\/2270"}],"wp:featuredmedia":[{"embeddable":true,"href":"https:\/\/aidssh.al\/en\/wp-json\/wp\/v2\/media\/533"}],"wp:attachment":[{"href":"https:\/\/aidssh.al\/en\/wp-json\/wp\/v2\/media?parent=5722"}],"curies":[{"name":"wp","href":"https:\/\/api.w.org\/{rel}","templated":true}]}}