{"id":5766,"date":"2025-07-07T13:09:39","date_gmt":"2025-07-07T11:09:39","guid":{"rendered":"https:\/\/aidssh.instant.al\/?page_id=5766"},"modified":"2025-07-24T12:34:31","modified_gmt":"2025-07-24T10:34:31","slug":"vleresimi-i-figures-rregullore","status":"publish","type":"page","link":"https:\/\/aidssh.al\/en\/vleresimi-i-figures\/legjislacioni-vleresimi-i-figures\/vleresimi-i-figures-rregullore\/","title":{"rendered":"Figure assessment - Regulation"},"content":{"rendered":"<div data-elementor-type=\"wp-page\" data-elementor-id=\"5766\" class=\"elementor elementor-5766\" data-elementor-post-type=\"page\">\n\t\t\t\t<div class=\"elementor-element elementor-element-f0a12bd e-con-full e-flex e-con e-parent\" data-id=\"f0a12bd\" data-element_type=\"container\">\n\t\t\t\t<div class=\"elementor-element elementor-element-e5645da elementor-widget elementor-widget-template\" data-id=\"e5645da\" data-element_type=\"widget\" data-widget_type=\"template.default\">\n\t\t\t\t<div class=\"elementor-widget-container\">\n\t\t\t\t\t\t\t<div class=\"elementor-template\">\n\t\t\t\t\t<div data-elementor-type=\"container\" data-elementor-id=\"866\" class=\"elementor elementor-866\" data-elementor-post-type=\"elementor_library\">\n\t\t\t\t<div class=\"elementor-element elementor-element-58c6923c e-flex e-con-boxed e-con e-parent\" data-id=\"58c6923c\" data-element_type=\"container\" data-settings=\"{&quot;background_background&quot;:&quot;classic&quot;}\">\n\t\t\t\t\t<div class=\"e-con-inner\">\n\t\t\t\t<div class=\"elementor-element elementor-element-3356bc54 elementor-widget elementor-widget-heading\" data-id=\"3356bc54\" data-element_type=\"widget\" data-widget_type=\"heading.default\">\n\t\t\t\t<div class=\"elementor-widget-container\">\n\t\t\t\t\t<h1 class=\"elementor-heading-title elementor-size-default\">Figure assessment - Regulation<\/h1>\t\t\t\t<\/div>\n\t\t\t\t<\/div>\n\t\t\t\t\t<\/div>\n\t\t\t\t<\/div>\n\t\t\t\t<\/div>\n\t\t\t\t<\/div>\n\t\t\t\t\t\t<\/div>\n\t\t\t\t<\/div>\n\t\t\t\t<\/div>\n\t\t<div class=\"elementor-element elementor-element-ce279d0 e-flex e-con-boxed e-con e-parent\" data-id=\"ce279d0\" data-element_type=\"container\">\n\t\t\t\t\t<div class=\"e-con-inner\">\n\t\t\t\t<div class=\"elementor-element elementor-element-cef8277 elementor-grid-2 elementor-grid-tablet-2 elementor-grid-mobile-1 elementor-widget elementor-widget-loop-grid\" data-id=\"cef8277\" data-element_type=\"widget\" data-settings=\"{&quot;template_id&quot;:&quot;2056&quot;,&quot;columns&quot;:2,&quot;pagination_type&quot;:&quot;numbers&quot;,&quot;_skin&quot;:&quot;post&quot;,&quot;columns_tablet&quot;:&quot;2&quot;,&quot;columns_mobile&quot;:&quot;1&quot;,&quot;edit_handle_selector&quot;:&quot;[data-elementor-type=\\&quot;loop-item\\&quot;]&quot;,&quot;pagination_load_type&quot;:&quot;page_reload&quot;,&quot;row_gap&quot;:{&quot;unit&quot;:&quot;px&quot;,&quot;size&quot;:&quot;&quot;,&quot;sizes&quot;:[]},&quot;row_gap_laptop&quot;:{&quot;unit&quot;:&quot;px&quot;,&quot;size&quot;:&quot;&quot;,&quot;sizes&quot;:[]},&quot;row_gap_tablet&quot;:{&quot;unit&quot;:&quot;px&quot;,&quot;size&quot;:&quot;&quot;,&quot;sizes&quot;:[]},&quot;row_gap_mobile&quot;:{&quot;unit&quot;:&quot;px&quot;,&quot;size&quot;:&quot;&quot;,&quot;sizes&quot;:[]}}\" data-widget_type=\"loop-grid.post\">\n\t\t\t\t<div class=\"elementor-widget-container\">\n\t\t\t\t\t\t\t<div class=\"elementor-loop-container elementor-grid\" role=\"list\">\n\t\t<style id=\"loop-2056\">.elementor-2056 .elementor-element.elementor-element-6e7b76d{--display:flex;border-style:solid;--border-style:solid;border-width:1px 1px 1px 1px;--border-top-width:1px;--border-right-width:1px;--border-bottom-width:1px;--border-left-width:1px;border-color:var( --e-global-color-da2803d );--border-color:var( --e-global-color-da2803d );}.elementor-2056 .elementor-element.elementor-element-6e7b76d:hover{border-style:solid;border-width:1px 1px 1px 1px;--border-top-width:1px;--border-right-width:1px;--border-bottom-width:1px;--border-left-width:1px;border-color:var( --e-global-color-primary );--border-color:var( --e-global-color-primary );}.elementor-2056 .elementor-element.elementor-element-6e7b76d, .elementor-2056 .elementor-element.elementor-element-6e7b76d::before{--border-transition:0.3s;}.elementor-widget-theme-post-title .elementor-heading-title{font-family:var( --e-global-typography-primary-font-family ), Sans-serif;font-weight:var( --e-global-typography-primary-font-weight );}.elementor-2056 .elementor-element.elementor-element-f0929f9{text-align:left;}.elementor-2056 .elementor-element.elementor-element-f0929f9 .elementor-heading-title{font-family:\"Proxima Nova Bold\", Sans-serif;font-size:16px;font-weight:400;line-height:17px;letter-spacing:0.2px;color:var( --e-global-color-primary );}.elementor-widget-button .elementor-button{font-family:var( --e-global-typography-accent-font-family ), Sans-serif;font-weight:var( --e-global-typography-accent-font-weight );}.elementor-2056 .elementor-element.elementor-element-d6301bd .elementor-button:hover, .elementor-2056 .elementor-element.elementor-element-d6301bd .elementor-button:focus{background-color:var( --e-global-color-accent );color:var( --e-global-color-9fca721 );}.elementor-2056 .elementor-element.elementor-element-d6301bd .elementor-button-content-wrapper{flex-direction:row-reverse;}.elementor-2056 .elementor-element.elementor-element-d6301bd .elementor-button .elementor-button-content-wrapper{gap:10px;}.elementor-2056 .elementor-element.elementor-element-d6301bd .elementor-button{font-family:\"Proxima Nova Regular\", Sans-serif;font-size:15px;font-weight:400;fill:#FFFFFF;color:#FFFFFF;border-radius:0px 0px 0px 0px;padding:5px 15px 5px 15px;}.elementor-2056 .elementor-element.elementor-element-d6301bd .elementor-button:hover svg, .elementor-2056 .elementor-element.elementor-element-d6301bd .elementor-button:focus svg{fill:var( --e-global-color-9fca721 );}@media(max-width:1366px){.elementor-2056 .elementor-element.elementor-element-f0929f9 .elementor-heading-title{font-size:17px;line-height:18px;}}@media(max-width:1024px){.elementor-2056 .elementor-element.elementor-element-f0929f9 .elementor-heading-title{font-size:15px;line-height:16px;}}@media(max-width:767px){.elementor-2056 .elementor-element.elementor-element-f0929f9 .elementor-heading-title{font-size:16px;line-height:18px;}}<\/style>\t\t<div data-elementor-type=\"loop-item\" data-elementor-id=\"2056\" class=\"elementor elementor-2056 e-loop-item e-loop-item-9222 post-9222 vleresim-figure type-vleresim-figure status-publish hentry category-vkm-autoriteti category-vleresimi-i-figures-rregullore\" data-elementor-post-type=\"elementor_library\" data-custom-edit-handle=\"1\">\n\t\t\t<div class=\"elementor-element elementor-element-6e7b76d e-flex e-con-boxed e-con e-parent\" data-id=\"6e7b76d\" data-element_type=\"container\">\n\t\t\t\t\t<div class=\"e-con-inner\">\n\t\t\t\t<div class=\"elementor-element elementor-element-f0929f9 elementor-widget elementor-widget-theme-post-title elementor-page-title elementor-widget-heading\" data-id=\"f0929f9\" data-element_type=\"widget\" data-widget_type=\"theme-post-title.default\">\n\t\t\t\t<div class=\"elementor-widget-container\">\n\t\t\t\t\t<p class=\"elementor-heading-title elementor-size-default\">Rregullore e AIDSSH Miratuar me dat\u00eb 12.02.2024 , Vendim Nr.96 , dat\u00eb 01.03.2024 &#8220;P\u00ebr Organizimin Dhe Funksionimin e Autoritetit p\u00ebr Informimin mbi Dokumentet e Ish-Sigurimit T\u00eb Shtetit&#8221;<\/p>\t\t\t\t<\/div>\n\t\t\t\t<\/div>\n\t\t\t\t<div class=\"elementor-element elementor-element-d6301bd elementor-align-right elementor-widget elementor-widget-button\" data-id=\"d6301bd\" data-element_type=\"widget\" data-widget_type=\"button.default\">\n\t\t\t\t<div class=\"elementor-widget-container\">\n\t\t\t\t\t\t\t\t\t<div class=\"elementor-button-wrapper\">\n\t\t\t\t\t<a class=\"elementor-button elementor-button-link elementor-size-sm\" href=\"https:\/\/aidssh.al\/wp-content\/uploads\/2025\/07\/Rregullore-e-AIDSSH_version-final-miratuar-12.02.2024-me-vendim-nr.96-date-01.03.2024-1.pdf\" target=\"_blank\">\n\t\t\t\t\t\t<span class=\"elementor-button-content-wrapper\">\n\t\t\t\t\t\t<span class=\"elementor-button-icon\">\n\t\t\t\t<svg xmlns=\"http:\/\/www.w3.org\/2000\/svg\" width=\"800px\" height=\"800px\" viewbox=\"0 0 20 20\" fill=\"none\"><g id=\"SVGRepo_bgCarrier\" stroke-width=\"0\"><\/g><g id=\"SVGRepo_tracerCarrier\" stroke-linecap=\"round\" stroke-linejoin=\"round\"><\/g><g id=\"SVGRepo_iconCarrier\"><path fill=\"#ffffff\" fill-rule=\"evenodd\" d=\"M11 2a1 1 0 10-2 0v7.74L5.173 6.26a1 1 0 10-1.346 1.48l5.5 5a1 1 0 001.346 0l5.5-5a1 1 0 00-1.346-1.48L11 9.74V2zm-7.895 9.204A1 1 0 001.5 12v3.867a2.018 2.018 0 002.227 2.002c1.424-.147 3.96-.369 6.273-.369 2.386 0 5.248.236 6.795.383a2.013 2.013 0 002.205-2V12a1 1 0 10-2 0v3.884l-13.895-4.68zm0 0L2.5 11l.605.204zm0 0l13.892 4.683a.019.019 0 01-.007.005h-.006c-1.558-.148-4.499-.392-6.984-.392-2.416 0-5.034.23-6.478.38h-.009a.026.026 0 01-.013-.011V12a.998.998 0 00-.394-.796z\"><\/path><\/g><\/svg>\t\t\t<\/span>\n\t\t\t\t\t\t\t\t\t<span class=\"elementor-button-text\">Download<\/span>\n\t\t\t\t\t<\/span>\n\t\t\t\t\t<\/a>\n\t\t\t\t<\/div>\n\t\t\t\t\t\t\t\t<\/div>\n\t\t\t\t<\/div>\n\t\t\t\t\t<\/div>\n\t\t\t\t<\/div>\n\t\t\t\t<\/div>\n\t\t\t\t<\/div>\n\t\t\n\t\t\t\t\t\t<\/div>\n\t\t\t\t<\/div>\n\t\t\t\t\t<\/div>\n\t\t\t\t<\/div>\n\t\t\t\t<\/div>","protected":false},"excerpt":{"rendered":"","protected":false},"author":1,"featured_media":6852,"parent":1344,"menu_order":0,"comment_status":"closed","ping_status":"closed","template":"","meta":{"_acf_changed":false,"footnotes":""},"class_list":["post-5766","page","type-page","status-publish","has-post-thumbnail","hentry"],"acf":[],"_links":{"self":[{"href":"https:\/\/aidssh.al\/en\/wp-json\/wp\/v2\/pages\/5766","targetHints":{"allow":["GET"]}}],"collection":[{"href":"https:\/\/aidssh.al\/en\/wp-json\/wp\/v2\/pages"}],"about":[{"href":"https:\/\/aidssh.al\/en\/wp-json\/wp\/v2\/types\/page"}],"author":[{"embeddable":true,"href":"https:\/\/aidssh.al\/en\/wp-json\/wp\/v2\/users\/1"}],"replies":[{"embeddable":true,"href":"https:\/\/aidssh.al\/en\/wp-json\/wp\/v2\/comments?post=5766"}],"version-history":[{"count":0,"href":"https:\/\/aidssh.al\/en\/wp-json\/wp\/v2\/pages\/5766\/revisions"}],"up":[{"embeddable":true,"href":"https:\/\/aidssh.al\/en\/wp-json\/wp\/v2\/pages\/1344"}],"wp:featuredmedia":[{"embeddable":true,"href":"https:\/\/aidssh.al\/en\/wp-json\/wp\/v2\/media\/6852"}],"wp:attachment":[{"href":"https:\/\/aidssh.al\/en\/wp-json\/wp\/v2\/media?parent=5766"}],"curies":[{"name":"wp","href":"https:\/\/api.w.org\/{rel}","templated":true}]}}