{"id":5778,"date":"2025-07-07T13:15:24","date_gmt":"2025-07-07T11:15:24","guid":{"rendered":"https:\/\/aidssh.instant.al\/?page_id=5778"},"modified":"2026-03-05T14:35:00","modified_gmt":"2026-03-05T13:35:00","slug":"viti-2025","status":"publish","type":"page","link":"https:\/\/aidssh.al\/en\/programi-i-transparences\/viti-2025\/","title":{"rendered":"Viti 2025"},"content":{"rendered":"<div data-elementor-type=\"wp-page\" data-elementor-id=\"5778\" class=\"elementor elementor-5778\" data-elementor-post-type=\"page\">\n\t\t\t\t<div class=\"elementor-element elementor-element-3d19cfd e-con-full e-flex e-con e-parent\" data-id=\"3d19cfd\" data-element_type=\"container\">\n\t\t\t\t<div class=\"elementor-element elementor-element-f69b782 elementor-widget elementor-widget-template\" data-id=\"f69b782\" data-element_type=\"widget\" data-widget_type=\"template.default\">\n\t\t\t\t<div class=\"elementor-widget-container\">\n\t\t\t\t\t\t\t<div class=\"elementor-template\">\n\t\t\t\t\t<div data-elementor-type=\"container\" data-elementor-id=\"866\" class=\"elementor elementor-866\" data-elementor-post-type=\"elementor_library\">\n\t\t\t\t<div class=\"elementor-element elementor-element-58c6923c e-flex e-con-boxed e-con e-parent\" data-id=\"58c6923c\" data-element_type=\"container\" data-settings=\"{&quot;background_background&quot;:&quot;classic&quot;}\">\n\t\t\t\t\t<div class=\"e-con-inner\">\n\t\t\t\t<div class=\"elementor-element elementor-element-3356bc54 elementor-widget elementor-widget-heading\" data-id=\"3356bc54\" data-element_type=\"widget\" data-widget_type=\"heading.default\">\n\t\t\t\t<div class=\"elementor-widget-container\">\n\t\t\t\t\t<h1 class=\"elementor-heading-title elementor-size-default\">Viti 2025<\/h1>\t\t\t\t<\/div>\n\t\t\t\t<\/div>\n\t\t\t\t\t<\/div>\n\t\t\t\t<\/div>\n\t\t\t\t<\/div>\n\t\t\t\t<\/div>\n\t\t\t\t\t\t<\/div>\n\t\t\t\t<\/div>\n\t\t\t\t<\/div>\n\t\t<div class=\"elementor-element elementor-element-f78376a e-flex e-con-boxed e-con e-parent\" data-id=\"f78376a\" data-element_type=\"container\">\n\t\t\t\t\t<div class=\"e-con-inner\">\n\t\t\t\t<div class=\"elementor-element elementor-element-b781dfe elementor-widget elementor-widget-text-editor\" data-id=\"b781dfe\" data-element_type=\"widget\" data-widget_type=\"text-editor.default\">\n\t\t\t\t<div class=\"elementor-widget-container\">\n\t\t\t\t\t\t\t\t\t<ul><li data-start=\"90\" data-end=\"136\"><p data-start=\"92\" data-end=\"136\"><a href=\"https:\/\/aidssh.al\/wp-content\/uploads\/2025\/07\/Raporti-dhe-pasqyrat-e-monitorimit-per-4-mujorin-2025.pdf\">Raporti dhe pasqyrat e monitorimit 4 mujor<\/a><\/p><\/li><li data-start=\"137\" data-end=\"153\"><p data-start=\"139\" data-end=\"153\"><a href=\"https:\/\/aidssh.al\/en\/programi-i-transparences\/plani-i-buxhetit-per-2025\/\">Transparenca<\/a><\/p><\/li><li data-start=\"154\" data-end=\"211\"><p data-start=\"156\" data-end=\"211\"><a href=\"https:\/\/aidssh.al\/wp-content\/uploads\/2025\/07\/Raporti-dhe-pasqyrat-e-monitorimit-per-4-mujorin-2025-1.pdf\">Raporti dhe pasqyrat e monitorimit p\u00ebr 4 mujorin 2025<\/a><\/p><\/li><li id=\"\" data-start=\"154\" data-end=\"211\"><a href=\"https:\/\/aidssh.al\/wp-content\/uploads\/2025\/10\/Raporti-dhe-pasqyrat-e-monitorimit-per-8-mujorin-2025.pdf\" target=\"_blank\" rel=\"noopener\">Raporti dhe pasqyrat e monitorimit p\u00ebr 8 mujorin 2025<\/a><\/li><li><a href=\"https:\/\/aidssh.al\/wp-content\/uploads\/2026\/03\/Raporti-dhe-pasqyrat-e-monitorimit-12-mujor-2025-1.pdf\" target=\"_blank\" rel=\"noopener\">Raporti dhe pasqyrat e monitorimit p\u00ebr 12 mujorin 2025<\/a><\/li><li data-start=\"212\" data-end=\"255\"><p data-start=\"214\" data-end=\"255\"><a href=\"https:\/\/aidssh.al\/wp-content\/uploads\/2025\/07\/Pasqyrat-e-Buxhetit-PBA-2026-2028-Faza-I.pdf\">Pasqyra e Buxhetit PBA 2026-2028 Faza I<\/a><\/p><\/li><li id=\"\" data-start=\"212\" data-end=\"255\"><a href=\"https:\/\/aidssh.al\/wp-content\/uploads\/2025\/09\/Pasqyrat-e-buxhetit-PBA-2026-2028-faza-II.pdf\" target=\"_blank\" rel=\"noopener\">Pasqyrat e buxhetit PBA 2026-2028 Faza II<\/a><\/li><li><a href=\"https:\/\/aidssh.al\/wp-content\/uploads\/2025\/09\/Pasqyrat-e-buxhetit-PBA-2026-2028-faza-II.pdf\" target=\"_blank\" rel=\"noopener\">Pasqyrat e buxhetit PBA 2026-2028 Faza II<\/a><\/li><li><a href=\"https:\/\/aidssh.al\/wp-content\/uploads\/2026\/03\/Pasqyrat-e-Buxhetit-PBA-2026-2028-faza-III.pdf\" target=\"_blank\" rel=\"noopener\">Pasqyrat e buxhetit PBA 2026-2028 Faza II<\/a>I<\/li><li data-start=\"256\" data-end=\"327\"><p data-start=\"258\" data-end=\"327\"><a href=\"https:\/\/aidssh.al\/wp-content\/uploads\/2025\/07\/Pasqyrat-e-Buxhetit-PBA-2026-2028-Faza-I.pdf\">Formati 2 Standart i pergatitjes se kerkesave buxhetore PBA 2026-2028<\/a><\/p><\/li><li id=\"\" data-start=\"256\" data-end=\"327\"><a href=\"https:\/\/aidssh.al\/wp-content\/uploads\/2025\/09\/Formati-2-standart-i-pergatitjes-se-kerkesave-buxhetore-PBA-2026-2028-faza-II.pdf\" target=\"_blank\" rel=\"noopener\">Formati 2 standart i pergatitjes se kerkesave buxhetore PBA 2026-2028 faza II<\/a><\/li><\/ul>\t\t\t\t\t\t\t\t<\/div>\n\t\t\t\t<\/div>\n\t\t\t\t\t<\/div>\n\t\t\t\t<\/div>\n\t\t\t\t<\/div>","protected":false},"excerpt":{"rendered":"<p>Raporti dhe pasqyrat e monitorimit 4 mujor Transparenca Raporti dhe pasqyrat e monitorimit p\u00ebr 4 mujorin 2025 Raporti dhe pasqyrat e monitorimit p\u00ebr 8 mujorin 2025 Raporti dhe pasqyrat e monitorimit p\u00ebr 12 mujorin 2025 Pasqyra e Buxhetit PBA 2026-2028 Faza I Pasqyrat e buxhetit PBA 2026-2028 Faza II Pasqyrat e buxhetit PBA 2026-2028 Faza [&hellip;]<\/p>","protected":false},"author":1,"featured_media":533,"parent":671,"menu_order":0,"comment_status":"closed","ping_status":"closed","template":"","meta":{"_acf_changed":false,"footnotes":""},"class_list":["post-5778","page","type-page","status-publish","has-post-thumbnail","hentry"],"acf":[],"_links":{"self":[{"href":"https:\/\/aidssh.al\/en\/wp-json\/wp\/v2\/pages\/5778","targetHints":{"allow":["GET"]}}],"collection":[{"href":"https:\/\/aidssh.al\/en\/wp-json\/wp\/v2\/pages"}],"about":[{"href":"https:\/\/aidssh.al\/en\/wp-json\/wp\/v2\/types\/page"}],"author":[{"embeddable":true,"href":"https:\/\/aidssh.al\/en\/wp-json\/wp\/v2\/users\/1"}],"replies":[{"embeddable":true,"href":"https:\/\/aidssh.al\/en\/wp-json\/wp\/v2\/comments?post=5778"}],"version-history":[{"count":15,"href":"https:\/\/aidssh.al\/en\/wp-json\/wp\/v2\/pages\/5778\/revisions"}],"predecessor-version":[{"id":12372,"href":"https:\/\/aidssh.al\/en\/wp-json\/wp\/v2\/pages\/5778\/revisions\/12372"}],"up":[{"embeddable":true,"href":"https:\/\/aidssh.al\/en\/wp-json\/wp\/v2\/pages\/671"}],"wp:featuredmedia":[{"embeddable":true,"href":"https:\/\/aidssh.al\/en\/wp-json\/wp\/v2\/media\/533"}],"wp:attachment":[{"href":"https:\/\/aidssh.al\/en\/wp-json\/wp\/v2\/media?parent=5778"}],"curies":[{"name":"wp","href":"https:\/\/api.w.org\/{rel}","templated":true}]}}