{"id":5887,"date":"2025-07-07T14:06:21","date_gmt":"2025-07-07T12:06:21","guid":{"rendered":"https:\/\/aidssh.instant.al\/?page_id=5887"},"modified":"2025-07-07T14:17:51","modified_gmt":"2025-07-07T12:17:51","slug":"viti-2023","status":"publish","type":"page","link":"https:\/\/aidssh.al\/en\/programi-i-transparences\/viti-2023\/","title":{"rendered":"Viti 2023"},"content":{"rendered":"<div data-elementor-type=\"wp-page\" data-elementor-id=\"5887\" class=\"elementor elementor-5887\" data-elementor-post-type=\"page\">\n\t\t\t\t<div class=\"elementor-element elementor-element-3d19cfd e-con-full e-flex e-con e-parent\" data-id=\"3d19cfd\" data-element_type=\"container\">\n\t\t\t\t<div class=\"elementor-element elementor-element-f69b782 elementor-widget elementor-widget-template\" data-id=\"f69b782\" data-element_type=\"widget\" data-widget_type=\"template.default\">\n\t\t\t\t<div class=\"elementor-widget-container\">\n\t\t\t\t\t\t\t<div class=\"elementor-template\">\n\t\t\t\t\t<div data-elementor-type=\"container\" data-elementor-id=\"866\" class=\"elementor elementor-866\" data-elementor-post-type=\"elementor_library\">\n\t\t\t\t<div class=\"elementor-element elementor-element-58c6923c e-flex e-con-boxed e-con e-parent\" data-id=\"58c6923c\" data-element_type=\"container\" data-settings=\"{&quot;background_background&quot;:&quot;classic&quot;}\">\n\t\t\t\t\t<div class=\"e-con-inner\">\n\t\t\t\t<div class=\"elementor-element elementor-element-3356bc54 elementor-widget elementor-widget-heading\" data-id=\"3356bc54\" data-element_type=\"widget\" data-widget_type=\"heading.default\">\n\t\t\t\t<div class=\"elementor-widget-container\">\n\t\t\t\t\t<h1 class=\"elementor-heading-title elementor-size-default\">Viti 2023<\/h1>\t\t\t\t<\/div>\n\t\t\t\t<\/div>\n\t\t\t\t\t<\/div>\n\t\t\t\t<\/div>\n\t\t\t\t<\/div>\n\t\t\t\t<\/div>\n\t\t\t\t\t\t<\/div>\n\t\t\t\t<\/div>\n\t\t\t\t<\/div>\n\t\t<div class=\"elementor-element elementor-element-f78376a e-flex e-con-boxed e-con e-parent\" data-id=\"f78376a\" data-element_type=\"container\">\n\t\t\t\t\t<div class=\"e-con-inner\">\n\t\t\t\t<div class=\"elementor-element elementor-element-b781dfe elementor-widget elementor-widget-text-editor\" data-id=\"b781dfe\" data-element_type=\"widget\" data-widget_type=\"text-editor.default\">\n\t\t\t\t<div class=\"elementor-widget-container\">\n\t\t\t\t\t\t\t\t\t<ul><li data-start=\"77\" data-end=\"96\"><p data-start=\"79\" data-end=\"96\"><a href=\"https:\/\/aidssh.al\/en\/programi-i-transparences\/monitorimi-2023\/\">Monitorimi 2023<\/a><\/p><\/li><li data-start=\"97\" data-end=\"130\"><p data-start=\"99\" data-end=\"130\"><a href=\"https:\/\/aidssh.al\/wp-content\/uploads\/2025\/07\/Detajimi-i-buxhetit-2023-20253.xls\">Detajimi i buxhetit 2023-2025<\/a><\/p><\/li><li data-start=\"131\" data-end=\"180\"><p data-start=\"133\" data-end=\"180\"><a href=\"https:\/\/aidssh.al\/wp-content\/uploads\/2025\/07\/Pasqyrat-Shtese-per-Buxhetin-2024-2026-faza-I.xls\">Pasqyrat shtes\u00eb p\u00ebr buxhetin 2024-2026 Faza I<\/a><\/p><\/li><li data-start=\"181\" data-end=\"229\"><p data-start=\"183\" data-end=\"229\"><a href=\"https:\/\/aidssh.al\/wp-content\/uploads\/2025\/07\/Pasqyrat-Shtese-per-Buxhetin-2024-2026-faza-II.xls\">Pasqyrat shtes\u00eb p\u00ebr buxhetin 2024-2026 Faza II<\/a><\/p><\/li><\/ul>\t\t\t\t\t\t\t\t<\/div>\n\t\t\t\t<\/div>\n\t\t\t\t\t<\/div>\n\t\t\t\t<\/div>\n\t\t\t\t<\/div>","protected":false},"excerpt":{"rendered":"<p>Monitorimi 2023 Detajimi i buxhetit 2023-2025 Pasqyrat shtes\u00eb p\u00ebr buxhetin 2024-2026 Faza I Pasqyrat shtes\u00eb p\u00ebr buxhetin 2024-2026 Faza II<\/p>","protected":false},"author":1,"featured_media":533,"parent":671,"menu_order":0,"comment_status":"closed","ping_status":"closed","template":"","meta":{"_acf_changed":false,"footnotes":""},"class_list":["post-5887","page","type-page","status-publish","has-post-thumbnail","hentry"],"acf":[],"_links":{"self":[{"href":"https:\/\/aidssh.al\/en\/wp-json\/wp\/v2\/pages\/5887","targetHints":{"allow":["GET"]}}],"collection":[{"href":"https:\/\/aidssh.al\/en\/wp-json\/wp\/v2\/pages"}],"about":[{"href":"https:\/\/aidssh.al\/en\/wp-json\/wp\/v2\/types\/page"}],"author":[{"embeddable":true,"href":"https:\/\/aidssh.al\/en\/wp-json\/wp\/v2\/users\/1"}],"replies":[{"embeddable":true,"href":"https:\/\/aidssh.al\/en\/wp-json\/wp\/v2\/comments?post=5887"}],"version-history":[{"count":0,"href":"https:\/\/aidssh.al\/en\/wp-json\/wp\/v2\/pages\/5887\/revisions"}],"up":[{"embeddable":true,"href":"https:\/\/aidssh.al\/en\/wp-json\/wp\/v2\/pages\/671"}],"wp:featuredmedia":[{"embeddable":true,"href":"https:\/\/aidssh.al\/en\/wp-json\/wp\/v2\/media\/533"}],"wp:attachment":[{"href":"https:\/\/aidssh.al\/en\/wp-json\/wp\/v2\/media?parent=5887"}],"curies":[{"name":"wp","href":"https:\/\/api.w.org\/{rel}","templated":true}]}}