{"id":5973,"date":"2025-07-07T14:18:47","date_gmt":"2025-07-07T12:18:47","guid":{"rendered":"https:\/\/aidssh.instant.al\/?page_id=5973"},"modified":"2025-07-07T14:20:47","modified_gmt":"2025-07-07T12:20:47","slug":"viti-2022","status":"publish","type":"page","link":"https:\/\/aidssh.al\/en\/programi-i-transparences\/viti-2022\/","title":{"rendered":"Viti 2022"},"content":{"rendered":"<div data-elementor-type=\"wp-page\" data-elementor-id=\"5973\" class=\"elementor elementor-5973\" data-elementor-post-type=\"page\">\n\t\t\t\t<div class=\"elementor-element elementor-element-3d19cfd e-con-full e-flex e-con e-parent\" data-id=\"3d19cfd\" data-element_type=\"container\">\n\t\t\t\t<div class=\"elementor-element elementor-element-f69b782 elementor-widget elementor-widget-template\" data-id=\"f69b782\" data-element_type=\"widget\" data-widget_type=\"template.default\">\n\t\t\t\t<div class=\"elementor-widget-container\">\n\t\t\t\t\t\t\t<div class=\"elementor-template\">\n\t\t\t\t\t<div data-elementor-type=\"container\" data-elementor-id=\"866\" class=\"elementor elementor-866\" data-elementor-post-type=\"elementor_library\">\n\t\t\t\t<div class=\"elementor-element elementor-element-58c6923c e-flex e-con-boxed e-con e-parent\" data-id=\"58c6923c\" data-element_type=\"container\" data-settings=\"{&quot;background_background&quot;:&quot;classic&quot;}\">\n\t\t\t\t\t<div class=\"e-con-inner\">\n\t\t\t\t<div class=\"elementor-element elementor-element-3356bc54 elementor-widget elementor-widget-heading\" data-id=\"3356bc54\" data-element_type=\"widget\" data-widget_type=\"heading.default\">\n\t\t\t\t<div class=\"elementor-widget-container\">\n\t\t\t\t\t<h1 class=\"elementor-heading-title elementor-size-default\">Viti 2022<\/h1>\t\t\t\t<\/div>\n\t\t\t\t<\/div>\n\t\t\t\t\t<\/div>\n\t\t\t\t<\/div>\n\t\t\t\t<\/div>\n\t\t\t\t<\/div>\n\t\t\t\t\t\t<\/div>\n\t\t\t\t<\/div>\n\t\t\t\t<\/div>\n\t\t<div class=\"elementor-element elementor-element-f78376a e-flex e-con-boxed e-con e-parent\" data-id=\"f78376a\" data-element_type=\"container\">\n\t\t\t\t\t<div class=\"e-con-inner\">\n\t\t\t\t<div class=\"elementor-element elementor-element-b781dfe elementor-widget elementor-widget-text-editor\" data-id=\"b781dfe\" data-element_type=\"widget\" data-widget_type=\"text-editor.default\">\n\t\t\t\t<div class=\"elementor-widget-container\">\n\t\t\t\t\t\t\t\t\t<ul><li data-start=\"74\" data-end=\"113\"><p data-start=\"76\" data-end=\"113\"><a href=\"https:\/\/aidssh.al\/wp-content\/uploads\/2025\/07\/plani-i-buxhetit-dhe-realizimi-2022.xlsx\">Plani i buxhetit dhe realizimi 2022<\/a><\/p><\/li><li data-start=\"114\" data-end=\"147\"><p data-start=\"116\" data-end=\"147\"><a href=\"https:\/\/aidssh.al\/wp-content\/uploads\/2025\/07\/Detajimi-i-buxhetit-2022-20241.xls\">Detajimi i buxhetit 2022-2024<\/a><\/p><\/li><li data-start=\"148\" data-end=\"196\"><p data-start=\"150\" data-end=\"196\"><a href=\"https:\/\/aidssh.al\/wp-content\/uploads\/2025\/07\/Pasqyrat-Shtese-per-Buxhetin-2023-2025-faza-II-viti-20221.xls\">Pasqyra shtes\u00eb t\u00eb projekt buxhetit 2023-2025<\/a><\/p><\/li><li data-start=\"197\" data-end=\"268\"><p data-start=\"199\" data-end=\"268\"><a href=\"https:\/\/aidssh.al\/wp-content\/uploads\/2025\/07\/F2_politika_ekzistuese_viti-20221.xlsx\">Formati Standart i P\u00ebrgatitjes s\u00eb K\u00ebrkesave Buxhetore PBA 2023-2025<\/a><\/p><\/li><li data-start=\"269\" data-end=\"304\"><p data-start=\"271\" data-end=\"304\"><a href=\"https:\/\/aidssh.al\/wp-content\/uploads\/2025\/07\/Raporti-monitorimit-12-mujor-viti-2022.xlsx\">Raport monitorimi 12 mujor 2022<\/a><\/p><\/li><li data-start=\"305\" data-end=\"339\"><p data-start=\"307\" data-end=\"339\"><a href=\"https:\/\/aidssh.al\/wp-content\/uploads\/2025\/07\/Raporti-monitorimit-8-mujor-20221.xls\">Raport monitorimi 8 mujor 2022<\/a><\/p><\/li><li data-start=\"340\" data-end=\"372\"><p data-start=\"342\" data-end=\"372\"><a href=\"https:\/\/aidssh.al\/wp-content\/uploads\/2025\/07\/Raporti-monitorimit-4-mujor-20221.xls\">Raport monitorimi 4 mujor 2022<\/a><\/p><\/li><\/ul>\t\t\t\t\t\t\t\t<\/div>\n\t\t\t\t<\/div>\n\t\t\t\t\t<\/div>\n\t\t\t\t<\/div>\n\t\t\t\t<\/div>","protected":false},"excerpt":{"rendered":"<p>Plani i buxhetit dhe realizimi 2022 Detajimi i buxhetit 2022-2024 Pasqyra shtes\u00eb t\u00eb projekt buxhetit 2023-2025 Formati Standart i P\u00ebrgatitjes s\u00eb K\u00ebrkesave Buxhetore PBA 2023-2025 Raport monitorimi 12 mujor 2022 Raport monitorimi 8 mujor 2022 Raport monitorimi 4 mujor 2022<\/p>","protected":false},"author":1,"featured_media":533,"parent":671,"menu_order":0,"comment_status":"closed","ping_status":"closed","template":"","meta":{"_acf_changed":false,"footnotes":""},"class_list":["post-5973","page","type-page","status-publish","has-post-thumbnail","hentry"],"acf":[],"_links":{"self":[{"href":"https:\/\/aidssh.al\/en\/wp-json\/wp\/v2\/pages\/5973","targetHints":{"allow":["GET"]}}],"collection":[{"href":"https:\/\/aidssh.al\/en\/wp-json\/wp\/v2\/pages"}],"about":[{"href":"https:\/\/aidssh.al\/en\/wp-json\/wp\/v2\/types\/page"}],"author":[{"embeddable":true,"href":"https:\/\/aidssh.al\/en\/wp-json\/wp\/v2\/users\/1"}],"replies":[{"embeddable":true,"href":"https:\/\/aidssh.al\/en\/wp-json\/wp\/v2\/comments?post=5973"}],"version-history":[{"count":0,"href":"https:\/\/aidssh.al\/en\/wp-json\/wp\/v2\/pages\/5973\/revisions"}],"up":[{"embeddable":true,"href":"https:\/\/aidssh.al\/en\/wp-json\/wp\/v2\/pages\/671"}],"wp:featuredmedia":[{"embeddable":true,"href":"https:\/\/aidssh.al\/en\/wp-json\/wp\/v2\/media\/533"}],"wp:attachment":[{"href":"https:\/\/aidssh.al\/en\/wp-json\/wp\/v2\/media?parent=5973"}],"curies":[{"name":"wp","href":"https:\/\/api.w.org\/{rel}","templated":true}]}}