{"id":5989,"date":"2025-07-07T14:21:32","date_gmt":"2025-07-07T12:21:32","guid":{"rendered":"https:\/\/aidssh.instant.al\/?page_id=5989"},"modified":"2025-07-07T14:23:44","modified_gmt":"2025-07-07T12:23:44","slug":"viti-2021","status":"publish","type":"page","link":"https:\/\/aidssh.al\/en\/programi-i-transparences\/viti-2021\/","title":{"rendered":"Viti 2021"},"content":{"rendered":"<div data-elementor-type=\"wp-page\" data-elementor-id=\"5989\" class=\"elementor elementor-5989\" data-elementor-post-type=\"page\">\n\t\t\t\t<div class=\"elementor-element elementor-element-3d19cfd e-con-full e-flex e-con e-parent\" data-id=\"3d19cfd\" data-element_type=\"container\">\n\t\t\t\t<div class=\"elementor-element elementor-element-f69b782 elementor-widget elementor-widget-template\" data-id=\"f69b782\" data-element_type=\"widget\" data-widget_type=\"template.default\">\n\t\t\t\t<div class=\"elementor-widget-container\">\n\t\t\t\t\t\t\t<div class=\"elementor-template\">\n\t\t\t\t\t<div data-elementor-type=\"container\" data-elementor-id=\"866\" class=\"elementor elementor-866\" data-elementor-post-type=\"elementor_library\">\n\t\t\t\t<div class=\"elementor-element elementor-element-58c6923c e-flex e-con-boxed e-con e-parent\" data-id=\"58c6923c\" data-element_type=\"container\" data-settings=\"{&quot;background_background&quot;:&quot;classic&quot;}\">\n\t\t\t\t\t<div class=\"e-con-inner\">\n\t\t\t\t<div class=\"elementor-element elementor-element-3356bc54 elementor-widget elementor-widget-heading\" data-id=\"3356bc54\" data-element_type=\"widget\" data-widget_type=\"heading.default\">\n\t\t\t\t<div class=\"elementor-widget-container\">\n\t\t\t\t\t<h1 class=\"elementor-heading-title elementor-size-default\">Viti 2021<\/h1>\t\t\t\t<\/div>\n\t\t\t\t<\/div>\n\t\t\t\t\t<\/div>\n\t\t\t\t<\/div>\n\t\t\t\t<\/div>\n\t\t\t\t<\/div>\n\t\t\t\t\t\t<\/div>\n\t\t\t\t<\/div>\n\t\t\t\t<\/div>\n\t\t<div class=\"elementor-element elementor-element-f78376a e-flex e-con-boxed e-con e-parent\" data-id=\"f78376a\" data-element_type=\"container\">\n\t\t\t\t\t<div class=\"e-con-inner\">\n\t\t\t\t<div class=\"elementor-element elementor-element-b781dfe elementor-widget elementor-widget-text-editor\" data-id=\"b781dfe\" data-element_type=\"widget\" data-widget_type=\"text-editor.default\">\n\t\t\t\t<div class=\"elementor-widget-container\">\n\t\t\t\t\t\t\t\t\t<ul><li data-start=\"53\" data-end=\"124\"><p data-start=\"55\" data-end=\"124\"><a href=\"https:\/\/aidssh.al\/wp-content\/uploads\/2025\/07\/Formati-2-PBA-2022-2024-Faza-II-viti-2021-1.xlsx\">Formati Standart i P\u00ebrgatitjes s\u00eb K\u00ebrkesave Buxhetore PBA 2022-2024<\/a><\/p><\/li><li data-start=\"125\" data-end=\"171\"><p data-start=\"127\" data-end=\"171\"><a href=\"https:\/\/aidssh.al\/wp-content\/uploads\/2025\/07\/Pasqyrat-Shtese-per-Buxhetin-2022-2024-viti-2021.xls\">Buxheti i vitit 2022-2024, pasqyrat shtes\u00eb<\/a><\/p><\/li><li data-start=\"172\" data-end=\"207\"><p data-start=\"174\" data-end=\"207\"><a href=\"https:\/\/aidssh.al\/wp-content\/uploads\/2025\/07\/RAPORTI-I-MONITORIMIT-12-MUJOR-2021.xls\">Raport monitorimi 12 mujor 2021<\/a><\/p><\/li><li data-start=\"208\" data-end=\"242\"><p data-start=\"210\" data-end=\"242\"><a href=\"https:\/\/aidssh.al\/wp-content\/uploads\/2025\/07\/RAPORTI-I-MONITORIMIT-8-MUJORI-2021.xls\">Raport monitorimi 8 mujor 2021<\/a><\/p><\/li><li data-start=\"243\" data-end=\"275\"><p data-start=\"245\" data-end=\"275\"><a href=\"https:\/\/aidssh.al\/wp-content\/uploads\/2025\/07\/RAPORTI-I-MONITORIMIT-4-MUJORI-2021.xls\">Raport monitorimi 4 mujor 2021<\/a><\/p><\/li><\/ul>\t\t\t\t\t\t\t\t<\/div>\n\t\t\t\t<\/div>\n\t\t\t\t\t<\/div>\n\t\t\t\t<\/div>\n\t\t\t\t<\/div>","protected":false},"excerpt":{"rendered":"<p>Formati Standart i P\u00ebrgatitjes s\u00eb K\u00ebrkesave Buxhetore PBA 2022-2024 Buxheti i vitit 2022-2024, pasqyrat shtes\u00eb Raport monitorimi 12 mujor 2021 Raport monitorimi 8 mujor 2021 Raport monitorimi 4 mujor 2021<\/p>","protected":false},"author":1,"featured_media":533,"parent":671,"menu_order":0,"comment_status":"closed","ping_status":"closed","template":"","meta":{"_acf_changed":false,"footnotes":""},"class_list":["post-5989","page","type-page","status-publish","has-post-thumbnail","hentry"],"acf":[],"_links":{"self":[{"href":"https:\/\/aidssh.al\/en\/wp-json\/wp\/v2\/pages\/5989","targetHints":{"allow":["GET"]}}],"collection":[{"href":"https:\/\/aidssh.al\/en\/wp-json\/wp\/v2\/pages"}],"about":[{"href":"https:\/\/aidssh.al\/en\/wp-json\/wp\/v2\/types\/page"}],"author":[{"embeddable":true,"href":"https:\/\/aidssh.al\/en\/wp-json\/wp\/v2\/users\/1"}],"replies":[{"embeddable":true,"href":"https:\/\/aidssh.al\/en\/wp-json\/wp\/v2\/comments?post=5989"}],"version-history":[{"count":0,"href":"https:\/\/aidssh.al\/en\/wp-json\/wp\/v2\/pages\/5989\/revisions"}],"up":[{"embeddable":true,"href":"https:\/\/aidssh.al\/en\/wp-json\/wp\/v2\/pages\/671"}],"wp:featuredmedia":[{"embeddable":true,"href":"https:\/\/aidssh.al\/en\/wp-json\/wp\/v2\/media\/533"}],"wp:attachment":[{"href":"https:\/\/aidssh.al\/en\/wp-json\/wp\/v2\/media?parent=5989"}],"curies":[{"name":"wp","href":"https:\/\/api.w.org\/{rel}","templated":true}]}}